{"id":537,"date":"2021-08-23T19:51:39","date_gmt":"2021-08-23T23:51:39","guid":{"rendered":"http:\/\/vps1.facyt.uc.edu.ve\/web\/?page_id=537"},"modified":"2022-05-03T11:10:54","modified_gmt":"2022-05-03T15:10:54","slug":"seminarios","status":"publish","type":"page","link":"https:\/\/www.facyt.uc.edu.ve\/web\/seminarios\/","title":{"rendered":"Seminarios"},"content":{"rendered":"<div class=\"wpb-content-wrapper\"><p>[vc_row][vc_column][vc_column_text]<\/p>\n<p style=\"text-align: justify;\">Peri\u00f3dicamente los departamentos, a trav\u00e9s de su coordinaci\u00f3n de investigaci\u00f3n, organizan seminarios en los que se presentan los avances de tesis y proyectos de investigaci\u00f3n. Tambi\u00e9n se hacen presentaciones sobre temas de actualidad cient\u00edfica y tecnol\u00f3gica con profesores o invitados de otras universidades o instituciones.<\/p>\n<p>&nbsp;<\/p>\n<h3>Cartelera<\/h3>\n<p>[\/vc_column_text][vc_tta_tabs color=\u00bbsky\u00bb active_section=\u00bb1&#8243;][vc_tta_section title=\u00bbQu\u00edmica\u00bb tab_id=\u00bb1651587977974-f3d0f423-4d7e\u00bb][\/vc_tta_section][vc_tta_section title=\u00bbComputaci\u00f3n\u00bb tab_id=\u00bb1651587977974-259e0242-8546&#8243;][\/vc_tta_section][vc_tta_section title=\u00bbF\u00edsica\u00bb tab_id=\u00bb1651587994843-73a5a99e-4124&#8243;][vc_column_text]<\/p>\n<ul>\n<li>\n<div class=\"views-field views-field-title\"><span class=\"field-content\"><a href=\"https:\/\/www.facyt.uc.edu.ve\/web\/?page_id=2176\">Estudio de la Radiaci\u00f3n de Fuga en un Acelerador Lineal en Radioterapia<\/a><\/span><\/div>\n<\/li>\n<\/ul>\n<p>&nbsp;<\/p>\n<ul>\n<li>\n<div class=\"views-field views-field-title\"><span class=\"field-content\"><a href=\"https:\/\/www.facyt.uc.edu.ve\/web\/?page_id=2181\">Ruta: Software y Equipo M\u00e9dico<\/a><\/span><\/div>\n<\/li>\n<\/ul>\n<p>&nbsp;<\/p>\n<ul>\n<li>\n<div class=\"views-field views-field-title\"><span class=\"field-content\"><a href=\"https:\/\/www.facyt.uc.edu.ve\/web\/?page_id=2187\">Diversidad de Serpientes y estrategias para su prevenci\u00f3n y conservaci\u00f3n<\/a><\/span><\/div>\n<\/li>\n<\/ul>\n<p>&nbsp;<\/p>\n<ul>\n<li>\n<div class=\"views-field views-field-title\"><span class=\"field-content\"><a href=\"https:\/\/www.facyt.uc.edu.ve\/web\/?page_id=2192\">Ciencia Trans-Disciplinaria: Medici\u00f3n del Campo Magn\u00e9tico Cerebral<\/a><\/span><\/div>\n<\/li>\n<\/ul>\n<p>&nbsp;<\/p>\n<ul>\n<li>\n<div class=\"views-field views-field-title\"><span class=\"field-content\"><a href=\"https:\/\/www.facyt.uc.edu.ve\/web\/?page_id=2197\">Primer foro de Protecci\u00f3n Radiol\u00f3gica<\/a><\/span><\/div>\n<\/li>\n<\/ul>\n<p>&nbsp;<\/p>\n<ul>\n<li>\n<div class=\"views-field views-field-title\"><span class=\"field-content\"><a href=\"https:\/\/www.facyt.uc.edu.ve\/web\/?page_id=2203\">GW150914 Ondas Gravitacionales<\/a><\/span><\/div>\n<\/li>\n<\/ul>\n<p>&nbsp;<\/p>\n<ul>\n<li>\n<div class=\"views-field views-field-title\"><span class=\"field-content\"><a href=\"https:\/\/www.facyt.uc.edu.ve\/web\/?page_id=2208\">100 a\u00f1os de la Relatividad General<\/a><\/span><\/div>\n<\/li>\n<\/ul>\n<p>[\/vc_column_text][\/vc_tta_section][vc_tta_section title=\u00bbMatem\u00e1ticas\u00bb tab_id=\u00bb1651587996795-e78c0b44-3637&#8243;][vc_column_text]<\/p>\n<ul>\n<li>\n<div class=\"views-field views-field-title\"><span class=\"field-content\"><a href=\"https:\/\/www.facyt.uc.edu.ve\/web\/?page_id=2214\">El m\u00e9todo de Halley, el m\u00e9todo m\u00e1s redescubierto del mundo<\/a><\/span><\/div>\n<\/li>\n<\/ul>\n<p>&nbsp;<\/p>\n<ul>\n<li>\n<div class=\"views-field views-field-title\"><span class=\"field-content\"><a href=\"https:\/\/www.facyt.uc.edu.ve\/web\/?page_id=2218\">Notas hist\u00f3ricas sobre el m\u00e9todo de Chebyshev para resolver ecuaciones no lineales.<\/a><\/span><\/div>\n<\/li>\n<\/ul>\n<p>&nbsp;<\/p>\n<ul>\n<li>\n<div class=\"views-field views-field-title\"><span class=\"field-content\"><a href=\"https:\/\/www.facyt.uc.edu.ve\/web\/?page_id=2222\">Desarrollo hist\u00f3rico del m\u00e9todo de Newton<\/a><\/span><\/div>\n<\/li>\n<\/ul>\n<p>[\/vc_column_text][\/vc_tta_section][vc_tta_section title=\u00bbBiolog\u00eda\u00bb tab_id=\u00bb1651587998491-efc42859-3b49&#8243;][\/vc_tta_section][\/vc_tta_tabs][\/vc_column][\/vc_row]<\/p>\n<\/div>","protected":false},"excerpt":{"rendered":"<p>[vc_row][vc_column][vc_column_text] Peri\u00f3dicamente los departamentos, a trav\u00e9s de su coordinaci\u00f3n de investigaci\u00f3n, organizan seminarios en los que se presentan los avances de tesis y proyectos de investigaci\u00f3n. Tambi\u00e9n se hacen presentaciones sobre temas de actualidad cient\u00edfica y tecnol\u00f3gica con profesores o invitados de otras universidades o instituciones. &nbsp; Cartelera [\/vc_column_text][vc_tta_tabs color=\u00bbsky\u00bb active_section=\u00bb1&#8243;][vc_tta_section title=\u00bbQu\u00edmica\u00bb tab_id=\u00bb1651587977974-f3d0f423-4d7e\u00bb][\/vc_tta_section][vc_tta_section title=\u00bbComputaci\u00f3n\u00bb tab_id=\u00bb1651587977974-259e0242-8546&#8243;][\/vc_tta_section][vc_tta_section&hellip;<\/p>\n","protected":false},"author":5,"featured_media":0,"parent":0,"menu_order":0,"comment_status":"closed","ping_status":"closed","template":"","meta":{"footnotes":""},"class_list":["post-537","page","type-page","status-publish","hentry"],"yoast_head":"<!-- This site is optimized with the Yoast SEO plugin v27.1.1 - https:\/\/yoast.com\/product\/yoast-seo-wordpress\/ -->\n<title>Seminarios - Facultad Experimental de Ciencias y Tecnolog\u00eda<\/title>\n<meta name=\"robots\" content=\"index, follow, max-snippet:-1, max-image-preview:large, max-video-preview:-1\" \/>\n<link rel=\"canonical\" href=\"https:\/\/www.facyt.uc.edu.ve\/web\/seminarios\/\" \/>\n<meta property=\"og:locale\" content=\"es_ES\" \/>\n<meta property=\"og:type\" content=\"article\" \/>\n<meta property=\"og:title\" content=\"Seminarios - Facultad Experimental de Ciencias y Tecnolog\u00eda\" \/>\n<meta property=\"og:description\" content=\"[vc_row][vc_column][vc_column_text] Peri\u00f3dicamente los departamentos, a trav\u00e9s de su coordinaci\u00f3n de investigaci\u00f3n, organizan seminarios en los que se presentan los avances de tesis y proyectos de investigaci\u00f3n. Tambi\u00e9n se hacen presentaciones sobre temas de actualidad cient\u00edfica y tecnol\u00f3gica con profesores o invitados de otras universidades o instituciones. &nbsp; Cartelera [\/vc_column_text][vc_tta_tabs color=\u00bbsky\u00bb active_section=\u00bb1&#8243;][vc_tta_section title=\u00bbQu\u00edmica\u00bb tab_id=\u00bb1651587977974-f3d0f423-4d7e\u00bb][\/vc_tta_section][vc_tta_section title=\u00bbComputaci\u00f3n\u00bb tab_id=\u00bb1651587977974-259e0242-8546&#8243;][\/vc_tta_section][vc_tta_section&hellip;\" \/>\n<meta property=\"og:url\" content=\"https:\/\/www.facyt.uc.edu.ve\/web\/seminarios\/\" \/>\n<meta property=\"og:site_name\" content=\"Facultad Experimental de Ciencias y Tecnolog\u00eda\" \/>\n<meta property=\"article:modified_time\" content=\"2022-05-03T15:10:54+00:00\" \/>\n<meta name=\"twitter:card\" content=\"summary_large_image\" \/>\n<meta name=\"twitter:label1\" content=\"Tiempo estimado de lectura\" \/>\n\t<meta name=\"twitter:data1\" content=\"1 minuto\" \/>\n<script type=\"application\/ld+json\" class=\"yoast-schema-graph\">{\"@context\":\"https:\/\/schema.org\",\"@graph\":[{\"@type\":\"WebPage\",\"@id\":\"https:\/\/www.facyt.uc.edu.ve\/web\/seminarios\/\",\"url\":\"https:\/\/www.facyt.uc.edu.ve\/web\/seminarios\/\",\"name\":\"Seminarios - Facultad Experimental de Ciencias y Tecnolog\u00eda\",\"isPartOf\":{\"@id\":\"https:\/\/www.facyt.uc.edu.ve\/web\/#website\"},\"datePublished\":\"2021-08-23T23:51:39+00:00\",\"dateModified\":\"2022-05-03T15:10:54+00:00\",\"breadcrumb\":{\"@id\":\"https:\/\/www.facyt.uc.edu.ve\/web\/seminarios\/#breadcrumb\"},\"inLanguage\":\"es\",\"potentialAction\":[{\"@type\":\"ReadAction\",\"target\":[\"https:\/\/www.facyt.uc.edu.ve\/web\/seminarios\/\"]}]},{\"@type\":\"BreadcrumbList\",\"@id\":\"https:\/\/www.facyt.uc.edu.ve\/web\/seminarios\/#breadcrumb\",\"itemListElement\":[{\"@type\":\"ListItem\",\"position\":1,\"name\":\"Portada\",\"item\":\"https:\/\/www.facyt.uc.edu.ve\/web\/\"},{\"@type\":\"ListItem\",\"position\":2,\"name\":\"Seminarios\"}]},{\"@type\":\"WebSite\",\"@id\":\"https:\/\/www.facyt.uc.edu.ve\/web\/#website\",\"url\":\"https:\/\/www.facyt.uc.edu.ve\/web\/\",\"name\":\"Facultad Experimental de Ciencias y Tecnolog\u00eda\",\"description\":\"FaCyT UC\",\"publisher\":{\"@id\":\"https:\/\/www.facyt.uc.edu.ve\/web\/#organization\"},\"alternateName\":\"FaCyT\",\"potentialAction\":[{\"@type\":\"SearchAction\",\"target\":{\"@type\":\"EntryPoint\",\"urlTemplate\":\"https:\/\/www.facyt.uc.edu.ve\/web\/?s={search_term_string}\"},\"query-input\":{\"@type\":\"PropertyValueSpecification\",\"valueRequired\":true,\"valueName\":\"search_term_string\"}}],\"inLanguage\":\"es\"},{\"@type\":\"Organization\",\"@id\":\"https:\/\/www.facyt.uc.edu.ve\/web\/#organization\",\"name\":\"Facultad Experimental de Ciencias y Tecnolog\u00eda\",\"url\":\"https:\/\/www.facyt.uc.edu.ve\/web\/\",\"logo\":{\"@type\":\"ImageObject\",\"inLanguage\":\"es\",\"@id\":\"https:\/\/www.facyt.uc.edu.ve\/web\/#\/schema\/logo\/image\/\",\"url\":\"https:\/\/www.facyt.uc.edu.ve\/web\/wp-content\/uploads\/2025\/11\/Logo_de_la_Facultad_Experimental_de_Ciencia_y_Tecnologia-scaled.jpg\",\"contentUrl\":\"https:\/\/www.facyt.uc.edu.ve\/web\/wp-content\/uploads\/2025\/11\/Logo_de_la_Facultad_Experimental_de_Ciencia_y_Tecnologia-scaled.jpg\",\"width\":2560,\"height\":2560,\"caption\":\"Facultad Experimental de Ciencias y Tecnolog\u00eda\"},\"image\":{\"@id\":\"https:\/\/www.facyt.uc.edu.ve\/web\/#\/schema\/logo\/image\/\"},\"sameAs\":[\"https:\/\/instagram.com\/facytuc.oficial\/yoast\"]}]}<\/script>\n<!-- \/ Yoast SEO plugin. -->","yoast_head_json":{"title":"Seminarios - Facultad Experimental de Ciencias y Tecnolog\u00eda","robots":{"index":"index","follow":"follow","max-snippet":"max-snippet:-1","max-image-preview":"max-image-preview:large","max-video-preview":"max-video-preview:-1"},"canonical":"https:\/\/www.facyt.uc.edu.ve\/web\/seminarios\/","og_locale":"es_ES","og_type":"article","og_title":"Seminarios - Facultad Experimental de Ciencias y Tecnolog\u00eda","og_description":"[vc_row][vc_column][vc_column_text] Peri\u00f3dicamente los departamentos, a trav\u00e9s de su coordinaci\u00f3n de investigaci\u00f3n, organizan seminarios en los que se presentan los avances de tesis y proyectos de investigaci\u00f3n. Tambi\u00e9n se hacen presentaciones sobre temas de actualidad cient\u00edfica y tecnol\u00f3gica con profesores o invitados de otras universidades o instituciones. &nbsp; Cartelera [\/vc_column_text][vc_tta_tabs color=\u00bbsky\u00bb active_section=\u00bb1&#8243;][vc_tta_section title=\u00bbQu\u00edmica\u00bb tab_id=\u00bb1651587977974-f3d0f423-4d7e\u00bb][\/vc_tta_section][vc_tta_section title=\u00bbComputaci\u00f3n\u00bb tab_id=\u00bb1651587977974-259e0242-8546&#8243;][\/vc_tta_section][vc_tta_section&hellip;","og_url":"https:\/\/www.facyt.uc.edu.ve\/web\/seminarios\/","og_site_name":"Facultad Experimental de Ciencias y Tecnolog\u00eda","article_modified_time":"2022-05-03T15:10:54+00:00","twitter_card":"summary_large_image","twitter_misc":{"Tiempo estimado de lectura":"1 minuto"},"schema":{"@context":"https:\/\/schema.org","@graph":[{"@type":"WebPage","@id":"https:\/\/www.facyt.uc.edu.ve\/web\/seminarios\/","url":"https:\/\/www.facyt.uc.edu.ve\/web\/seminarios\/","name":"Seminarios - Facultad Experimental de Ciencias y Tecnolog\u00eda","isPartOf":{"@id":"https:\/\/www.facyt.uc.edu.ve\/web\/#website"},"datePublished":"2021-08-23T23:51:39+00:00","dateModified":"2022-05-03T15:10:54+00:00","breadcrumb":{"@id":"https:\/\/www.facyt.uc.edu.ve\/web\/seminarios\/#breadcrumb"},"inLanguage":"es","potentialAction":[{"@type":"ReadAction","target":["https:\/\/www.facyt.uc.edu.ve\/web\/seminarios\/"]}]},{"@type":"BreadcrumbList","@id":"https:\/\/www.facyt.uc.edu.ve\/web\/seminarios\/#breadcrumb","itemListElement":[{"@type":"ListItem","position":1,"name":"Portada","item":"https:\/\/www.facyt.uc.edu.ve\/web\/"},{"@type":"ListItem","position":2,"name":"Seminarios"}]},{"@type":"WebSite","@id":"https:\/\/www.facyt.uc.edu.ve\/web\/#website","url":"https:\/\/www.facyt.uc.edu.ve\/web\/","name":"Facultad Experimental de Ciencias y Tecnolog\u00eda","description":"FaCyT UC","publisher":{"@id":"https:\/\/www.facyt.uc.edu.ve\/web\/#organization"},"alternateName":"FaCyT","potentialAction":[{"@type":"SearchAction","target":{"@type":"EntryPoint","urlTemplate":"https:\/\/www.facyt.uc.edu.ve\/web\/?s={search_term_string}"},"query-input":{"@type":"PropertyValueSpecification","valueRequired":true,"valueName":"search_term_string"}}],"inLanguage":"es"},{"@type":"Organization","@id":"https:\/\/www.facyt.uc.edu.ve\/web\/#organization","name":"Facultad Experimental de Ciencias y Tecnolog\u00eda","url":"https:\/\/www.facyt.uc.edu.ve\/web\/","logo":{"@type":"ImageObject","inLanguage":"es","@id":"https:\/\/www.facyt.uc.edu.ve\/web\/#\/schema\/logo\/image\/","url":"https:\/\/www.facyt.uc.edu.ve\/web\/wp-content\/uploads\/2025\/11\/Logo_de_la_Facultad_Experimental_de_Ciencia_y_Tecnologia-scaled.jpg","contentUrl":"https:\/\/www.facyt.uc.edu.ve\/web\/wp-content\/uploads\/2025\/11\/Logo_de_la_Facultad_Experimental_de_Ciencia_y_Tecnologia-scaled.jpg","width":2560,"height":2560,"caption":"Facultad Experimental de Ciencias y Tecnolog\u00eda"},"image":{"@id":"https:\/\/www.facyt.uc.edu.ve\/web\/#\/schema\/logo\/image\/"},"sameAs":["https:\/\/instagram.com\/facytuc.oficial\/yoast"]}]}},"_links":{"self":[{"href":"https:\/\/www.facyt.uc.edu.ve\/web\/wp-json\/wp\/v2\/pages\/537","targetHints":{"allow":["GET"]}}],"collection":[{"href":"https:\/\/www.facyt.uc.edu.ve\/web\/wp-json\/wp\/v2\/pages"}],"about":[{"href":"https:\/\/www.facyt.uc.edu.ve\/web\/wp-json\/wp\/v2\/types\/page"}],"author":[{"embeddable":true,"href":"https:\/\/www.facyt.uc.edu.ve\/web\/wp-json\/wp\/v2\/users\/5"}],"replies":[{"embeddable":true,"href":"https:\/\/www.facyt.uc.edu.ve\/web\/wp-json\/wp\/v2\/comments?post=537"}],"version-history":[{"count":15,"href":"https:\/\/www.facyt.uc.edu.ve\/web\/wp-json\/wp\/v2\/pages\/537\/revisions"}],"predecessor-version":[{"id":2224,"href":"https:\/\/www.facyt.uc.edu.ve\/web\/wp-json\/wp\/v2\/pages\/537\/revisions\/2224"}],"wp:attachment":[{"href":"https:\/\/www.facyt.uc.edu.ve\/web\/wp-json\/wp\/v2\/media?parent=537"}],"curies":[{"name":"wp","href":"https:\/\/api.w.org\/{rel}","templated":true}]}}