{"id":522,"date":"2021-08-23T19:47:58","date_gmt":"2021-08-23T23:47:58","guid":{"rendered":"http:\/\/vps1.facyt.uc.edu.ve\/web\/?page_id=522"},"modified":"2021-12-14T14:16:46","modified_gmt":"2021-12-14T18:16:46","slug":"eventos","status":"publish","type":"page","link":"https:\/\/www.facyt.uc.edu.ve\/web\/eventos\/","title":{"rendered":"Eventos"},"content":{"rendered":"<div class=\"wpb-content-wrapper\"><p>[vc_row][vc_column][vc_column_text]<\/p>\n<div class=\"views-field views-field-title\"><span class=\"field-content\"><a href=\"https:\/\/www.facyt.uc.edu.ve\/web\/?page_id=1536\">Jornadas de Investigaci\u00f3n y Pasant\u00edas FACYT (Mayo 2016)<\/a><\/span><\/div>\n<p>&nbsp;<\/p>\n<div class=\"views-field views-field-title\"><span class=\"field-content\"><a href=\"https:\/\/www.facyt.uc.edu.ve\/web\/?page_id=1549\">ExpoCarreras y Ferias de Ciencias en Liceos de Valencia Mayo 2016<\/a><\/span><\/div>\n<p>&nbsp;<\/p>\n<div class=\"views-field views-field-title\"><span class=\"field-content\"><a href=\"https:\/\/www.facyt.uc.edu.ve\/web\/?page_id=1569\">ExpoCarreras y Ferias de Ciencias en Liceos de Valencia Marzo 2016<\/a><\/span><\/div>\n<p>&nbsp;<\/p>\n<div class=\"views-field views-field-title\"><span class=\"field-content\"><a href=\"https:\/\/www.facyt.uc.edu.ve\/web\/?page_id=1584\">1er Simposio de Bio\u00e9tica en la FACYT (Julio 2015)<\/a><\/span><\/div>\n<p>&nbsp;<\/p>\n<div class=\"views-field views-field-title\"><span class=\"field-content\"><a href=\"https:\/\/www.facyt.uc.edu.ve\/web\/?page_id=1593\">Foro \u00abCrisis H\u00eddrica en el Estado Carabobo\u00bb (Marzo 2016)<\/a><\/span><\/div>\n<p>&nbsp;<\/p>\n<div class=\"views-field views-field-title\"><span class=\"field-content\"><a href=\"https:\/\/www.facyt.uc.edu.ve\/web\/?page_id=1606\">Foro \u00abTestigos del cambio Climatico: Fosa de Cariaco\u00bb<\/a><\/span><\/div>\n<p>&nbsp;<\/p>\n<div class=\"views-field views-field-title\"><span class=\"field-content\"><a href=\"https:\/\/www.facyt.uc.edu.ve\/web\/?page_id=1615\">FACYT en el I Congreso Internacional de Promoci\u00f3n de la Salud en la UC Julio 2015<\/a><\/span><\/div>\n<p>&nbsp;<\/p>\n<div class=\"views-field views-field-title\"><span class=\"field-content\"><a href=\"https:\/\/www.facyt.uc.edu.ve\/web\/?page_id=1626\">XIII Jornadas de Investigaci\u00f3n y IX Jornadas de Pasant\u00edas de la FACYT<\/a><\/span><\/div>\n<p>&nbsp;<\/p>\n<div class=\"views-field views-field-title\"><span class=\"field-content\"><a href=\"https:\/\/www.facyt.uc.edu.ve\/web\/?page_id=1638\">Siembra del Jard\u00edn de Mariposas FACYT<\/a><\/span><\/div>\n<p>&nbsp;<\/p>\n<div class=\"views-field views-field-title\"><span class=\"field-content\"><a href=\"https:\/\/www.facyt.uc.edu.ve\/web\/?page_id=1646\">Taller de Baile y otras actividades Culturales<\/a><\/span><\/div>\n<p>[\/vc_column_text][\/vc_column][\/vc_row]<\/p>\n<\/div>","protected":false},"excerpt":{"rendered":"<p>[vc_row][vc_column][vc_column_text] Jornadas de Investigaci\u00f3n y Pasant\u00edas FACYT (Mayo 2016) &nbsp; ExpoCarreras y Ferias de Ciencias en Liceos de Valencia Mayo 2016 &nbsp; ExpoCarreras y Ferias de Ciencias en Liceos de Valencia Marzo 2016 &nbsp; 1er Simposio de Bio\u00e9tica en la FACYT (Julio 2015) &nbsp; Foro \u00abCrisis H\u00eddrica en el Estado Carabobo\u00bb (Marzo 2016) &nbsp; Foro&hellip;<\/p>\n","protected":false},"author":5,"featured_media":0,"parent":0,"menu_order":0,"comment_status":"closed","ping_status":"closed","template":"","meta":{"footnotes":""},"class_list":["post-522","page","type-page","status-publish","hentry"],"yoast_head":"<!-- This site is optimized with the Yoast SEO plugin v27.1.1 - https:\/\/yoast.com\/product\/yoast-seo-wordpress\/ -->\n<title>Eventos - Facultad Experimental de Ciencias y Tecnolog\u00eda<\/title>\n<meta name=\"robots\" content=\"index, follow, max-snippet:-1, max-image-preview:large, max-video-preview:-1\" \/>\n<link rel=\"canonical\" href=\"https:\/\/www.facyt.uc.edu.ve\/web\/eventos\/\" \/>\n<meta property=\"og:locale\" content=\"es_ES\" \/>\n<meta property=\"og:type\" content=\"article\" \/>\n<meta property=\"og:title\" content=\"Eventos - Facultad Experimental de Ciencias y Tecnolog\u00eda\" \/>\n<meta property=\"og:description\" content=\"[vc_row][vc_column][vc_column_text] Jornadas de Investigaci\u00f3n y Pasant\u00edas FACYT (Mayo 2016) &nbsp; ExpoCarreras y Ferias de Ciencias en Liceos de Valencia Mayo 2016 &nbsp; ExpoCarreras y Ferias de Ciencias en Liceos de Valencia Marzo 2016 &nbsp; 1er Simposio de Bio\u00e9tica en la FACYT (Julio 2015) &nbsp; Foro \u00abCrisis H\u00eddrica en el Estado Carabobo\u00bb (Marzo 2016) &nbsp; Foro&hellip;\" \/>\n<meta property=\"og:url\" content=\"https:\/\/www.facyt.uc.edu.ve\/web\/eventos\/\" \/>\n<meta property=\"og:site_name\" content=\"Facultad Experimental de Ciencias y Tecnolog\u00eda\" \/>\n<meta property=\"article:modified_time\" content=\"2021-12-14T18:16:46+00:00\" \/>\n<meta name=\"twitter:card\" content=\"summary_large_image\" \/>\n<meta name=\"twitter:label1\" content=\"Tiempo estimado de lectura\" \/>\n\t<meta name=\"twitter:data1\" content=\"1 minuto\" \/>\n<script type=\"application\/ld+json\" class=\"yoast-schema-graph\">{\"@context\":\"https:\/\/schema.org\",\"@graph\":[{\"@type\":\"WebPage\",\"@id\":\"https:\/\/www.facyt.uc.edu.ve\/web\/eventos\/\",\"url\":\"https:\/\/www.facyt.uc.edu.ve\/web\/eventos\/\",\"name\":\"Eventos - Facultad Experimental de Ciencias y Tecnolog\u00eda\",\"isPartOf\":{\"@id\":\"https:\/\/www.facyt.uc.edu.ve\/web\/#website\"},\"datePublished\":\"2021-08-23T23:47:58+00:00\",\"dateModified\":\"2021-12-14T18:16:46+00:00\",\"breadcrumb\":{\"@id\":\"https:\/\/www.facyt.uc.edu.ve\/web\/eventos\/#breadcrumb\"},\"inLanguage\":\"es\",\"potentialAction\":[{\"@type\":\"ReadAction\",\"target\":[\"https:\/\/www.facyt.uc.edu.ve\/web\/eventos\/\"]}]},{\"@type\":\"BreadcrumbList\",\"@id\":\"https:\/\/www.facyt.uc.edu.ve\/web\/eventos\/#breadcrumb\",\"itemListElement\":[{\"@type\":\"ListItem\",\"position\":1,\"name\":\"Portada\",\"item\":\"https:\/\/www.facyt.uc.edu.ve\/web\/\"},{\"@type\":\"ListItem\",\"position\":2,\"name\":\"Eventos\"}]},{\"@type\":\"WebSite\",\"@id\":\"https:\/\/www.facyt.uc.edu.ve\/web\/#website\",\"url\":\"https:\/\/www.facyt.uc.edu.ve\/web\/\",\"name\":\"Facultad Experimental de Ciencias y Tecnolog\u00eda\",\"description\":\"FaCyT UC\",\"publisher\":{\"@id\":\"https:\/\/www.facyt.uc.edu.ve\/web\/#organization\"},\"alternateName\":\"FaCyT\",\"potentialAction\":[{\"@type\":\"SearchAction\",\"target\":{\"@type\":\"EntryPoint\",\"urlTemplate\":\"https:\/\/www.facyt.uc.edu.ve\/web\/?s={search_term_string}\"},\"query-input\":{\"@type\":\"PropertyValueSpecification\",\"valueRequired\":true,\"valueName\":\"search_term_string\"}}],\"inLanguage\":\"es\"},{\"@type\":\"Organization\",\"@id\":\"https:\/\/www.facyt.uc.edu.ve\/web\/#organization\",\"name\":\"Facultad Experimental de Ciencias y Tecnolog\u00eda\",\"url\":\"https:\/\/www.facyt.uc.edu.ve\/web\/\",\"logo\":{\"@type\":\"ImageObject\",\"inLanguage\":\"es\",\"@id\":\"https:\/\/www.facyt.uc.edu.ve\/web\/#\/schema\/logo\/image\/\",\"url\":\"https:\/\/www.facyt.uc.edu.ve\/web\/wp-content\/uploads\/2025\/11\/Logo_de_la_Facultad_Experimental_de_Ciencia_y_Tecnologia-scaled.jpg\",\"contentUrl\":\"https:\/\/www.facyt.uc.edu.ve\/web\/wp-content\/uploads\/2025\/11\/Logo_de_la_Facultad_Experimental_de_Ciencia_y_Tecnologia-scaled.jpg\",\"width\":2560,\"height\":2560,\"caption\":\"Facultad Experimental de Ciencias y Tecnolog\u00eda\"},\"image\":{\"@id\":\"https:\/\/www.facyt.uc.edu.ve\/web\/#\/schema\/logo\/image\/\"},\"sameAs\":[\"https:\/\/instagram.com\/facytuc.oficial\/yoast\"]}]}<\/script>\n<!-- \/ Yoast SEO plugin. -->","yoast_head_json":{"title":"Eventos - Facultad Experimental de Ciencias y Tecnolog\u00eda","robots":{"index":"index","follow":"follow","max-snippet":"max-snippet:-1","max-image-preview":"max-image-preview:large","max-video-preview":"max-video-preview:-1"},"canonical":"https:\/\/www.facyt.uc.edu.ve\/web\/eventos\/","og_locale":"es_ES","og_type":"article","og_title":"Eventos - Facultad Experimental de Ciencias y Tecnolog\u00eda","og_description":"[vc_row][vc_column][vc_column_text] Jornadas de Investigaci\u00f3n y Pasant\u00edas FACYT (Mayo 2016) &nbsp; ExpoCarreras y Ferias de Ciencias en Liceos de Valencia Mayo 2016 &nbsp; ExpoCarreras y Ferias de Ciencias en Liceos de Valencia Marzo 2016 &nbsp; 1er Simposio de Bio\u00e9tica en la FACYT (Julio 2015) &nbsp; Foro \u00abCrisis H\u00eddrica en el Estado Carabobo\u00bb (Marzo 2016) &nbsp; Foro&hellip;","og_url":"https:\/\/www.facyt.uc.edu.ve\/web\/eventos\/","og_site_name":"Facultad Experimental de Ciencias y Tecnolog\u00eda","article_modified_time":"2021-12-14T18:16:46+00:00","twitter_card":"summary_large_image","twitter_misc":{"Tiempo estimado de lectura":"1 minuto"},"schema":{"@context":"https:\/\/schema.org","@graph":[{"@type":"WebPage","@id":"https:\/\/www.facyt.uc.edu.ve\/web\/eventos\/","url":"https:\/\/www.facyt.uc.edu.ve\/web\/eventos\/","name":"Eventos - Facultad Experimental de Ciencias y Tecnolog\u00eda","isPartOf":{"@id":"https:\/\/www.facyt.uc.edu.ve\/web\/#website"},"datePublished":"2021-08-23T23:47:58+00:00","dateModified":"2021-12-14T18:16:46+00:00","breadcrumb":{"@id":"https:\/\/www.facyt.uc.edu.ve\/web\/eventos\/#breadcrumb"},"inLanguage":"es","potentialAction":[{"@type":"ReadAction","target":["https:\/\/www.facyt.uc.edu.ve\/web\/eventos\/"]}]},{"@type":"BreadcrumbList","@id":"https:\/\/www.facyt.uc.edu.ve\/web\/eventos\/#breadcrumb","itemListElement":[{"@type":"ListItem","position":1,"name":"Portada","item":"https:\/\/www.facyt.uc.edu.ve\/web\/"},{"@type":"ListItem","position":2,"name":"Eventos"}]},{"@type":"WebSite","@id":"https:\/\/www.facyt.uc.edu.ve\/web\/#website","url":"https:\/\/www.facyt.uc.edu.ve\/web\/","name":"Facultad Experimental de Ciencias y Tecnolog\u00eda","description":"FaCyT UC","publisher":{"@id":"https:\/\/www.facyt.uc.edu.ve\/web\/#organization"},"alternateName":"FaCyT","potentialAction":[{"@type":"SearchAction","target":{"@type":"EntryPoint","urlTemplate":"https:\/\/www.facyt.uc.edu.ve\/web\/?s={search_term_string}"},"query-input":{"@type":"PropertyValueSpecification","valueRequired":true,"valueName":"search_term_string"}}],"inLanguage":"es"},{"@type":"Organization","@id":"https:\/\/www.facyt.uc.edu.ve\/web\/#organization","name":"Facultad Experimental de Ciencias y Tecnolog\u00eda","url":"https:\/\/www.facyt.uc.edu.ve\/web\/","logo":{"@type":"ImageObject","inLanguage":"es","@id":"https:\/\/www.facyt.uc.edu.ve\/web\/#\/schema\/logo\/image\/","url":"https:\/\/www.facyt.uc.edu.ve\/web\/wp-content\/uploads\/2025\/11\/Logo_de_la_Facultad_Experimental_de_Ciencia_y_Tecnologia-scaled.jpg","contentUrl":"https:\/\/www.facyt.uc.edu.ve\/web\/wp-content\/uploads\/2025\/11\/Logo_de_la_Facultad_Experimental_de_Ciencia_y_Tecnologia-scaled.jpg","width":2560,"height":2560,"caption":"Facultad Experimental de Ciencias y Tecnolog\u00eda"},"image":{"@id":"https:\/\/www.facyt.uc.edu.ve\/web\/#\/schema\/logo\/image\/"},"sameAs":["https:\/\/instagram.com\/facytuc.oficial\/yoast"]}]}},"_links":{"self":[{"href":"https:\/\/www.facyt.uc.edu.ve\/web\/wp-json\/wp\/v2\/pages\/522","targetHints":{"allow":["GET"]}}],"collection":[{"href":"https:\/\/www.facyt.uc.edu.ve\/web\/wp-json\/wp\/v2\/pages"}],"about":[{"href":"https:\/\/www.facyt.uc.edu.ve\/web\/wp-json\/wp\/v2\/types\/page"}],"author":[{"embeddable":true,"href":"https:\/\/www.facyt.uc.edu.ve\/web\/wp-json\/wp\/v2\/users\/5"}],"replies":[{"embeddable":true,"href":"https:\/\/www.facyt.uc.edu.ve\/web\/wp-json\/wp\/v2\/comments?post=522"}],"version-history":[{"count":11,"href":"https:\/\/www.facyt.uc.edu.ve\/web\/wp-json\/wp\/v2\/pages\/522\/revisions"}],"predecessor-version":[{"id":1648,"href":"https:\/\/www.facyt.uc.edu.ve\/web\/wp-json\/wp\/v2\/pages\/522\/revisions\/1648"}],"wp:attachment":[{"href":"https:\/\/www.facyt.uc.edu.ve\/web\/wp-json\/wp\/v2\/media?parent=522"}],"curies":[{"name":"wp","href":"https:\/\/api.w.org\/{rel}","templated":true}]}}