{"id":521,"date":"2021-08-23T19:47:58","date_gmt":"2021-08-23T23:47:58","guid":{"rendered":"http:\/\/vps1.facyt.uc.edu.ve\/web\/?page_id=521"},"modified":"2021-11-23T11:13:03","modified_gmt":"2021-11-23T15:13:03","slug":"proyectos-servicio-comunitario","status":"publish","type":"page","link":"https:\/\/www.facyt.uc.edu.ve\/web\/proyectos-servicio-comunitario\/","title":{"rendered":"Proyectos Servicio Comunitario"},"content":{"rendered":"<div class=\"wpb-content-wrapper\"><p>[vc_row][vc_column][vc_column_text]<a href=\"#\">Departamento de Computaci\u00f3n:<\/a><\/p>\n<ul>\n<li>Alfabetizaci\u00f3n tecnol\u00f3gica a las comunidades del estado Carabobo utilizando el sistema operativo salas Canaima y herramientas de oficina bajo software libre.<\/li>\n<li>Fortalecimiento del \u00e1rea de computaci\u00f3n en centros de ciencias estudiantiles en instituciones educativas de los Municipios Naguanagua y Valencia del estado Carabobo.<\/li>\n<\/ul>\n<p><a href=\"#\">Departamento de Matem\u00e1tica:<\/a><\/p>\n<ul>\n<li>Proceso de ense\u00f1anza aprendizaje hacia las matem\u00e1ticas en los estudiantes del s\u00e9ptimo grado de la U.E Campo Solo Municipio San Diego.<\/li>\n<li>Fortalecimiento del \u00e1rea de Matem\u00e1ticas en centros de ciencias en instituciones educativas de los Municipios Naguanagua del estado Carabobo.<\/li>\n<\/ul>\n<p><a href=\"#\">Departamento de Qu\u00edmica:<\/a><\/p>\n<ul>\n<li>Valoraci\u00f3n de los residuos s\u00f3lidos urbanos para el mejoramiento de la calidad de vida de los habitantes de la comunidad Las Brisas de la Parroquia Miguel pe\u00f1a, del Municipio Valencia del estado Carabobo.<\/li>\n<li>Consolidaci\u00f3n en el \u00e1rea de Qu\u00edmica de las redes socialistas de innovaci\u00f3n productiva en el estado Carabobo.<\/li>\n<\/ul>\n<p><a href=\"#\">Departamento de Biolog\u00eda:<\/a><\/p>\n<ul>\n<li>PROGRAMA de Centros de Ciencias Estudiantiles en Instituciones Educativas de los Municipios Naguanagua y Valencia del estado Caraobobo.<\/li>\n<li>Fortalecimiento del \u00e1rea de Biolog\u00eda en centros de ciencias instituciones educativas de los Municipios Valencia y Naguanagua del estado Carabobo.<\/li>\n<li>Consolidaci\u00f3n en el \u00e1rea de Biolog\u00eda de las redes socialistas de innovaci\u00f3n productiva en el estado Carabobo.<\/li>\n<\/ul>\n<p><a href=\"#\">Departamento de F\u00edsica:<\/a><\/p>\n<ul>\n<li>Fortalecimiento del \u00e1rea de f\u00edsica en centros de ciencias instituciones educativas de los Municipios Valencia y Naguanagua del estado Carabobo.<\/li>\n<\/ul>\n<p>[\/vc_column_text][\/vc_column][\/vc_row]<\/p>\n<\/div>","protected":false},"excerpt":{"rendered":"<p>[vc_row][vc_column][vc_column_text]Departamento de Computaci\u00f3n: Alfabetizaci\u00f3n tecnol\u00f3gica a las comunidades del estado Carabobo utilizando el sistema operativo salas Canaima y herramientas de oficina bajo software libre. Fortalecimiento del \u00e1rea de computaci\u00f3n en centros de ciencias estudiantiles en instituciones educativas de los Municipios Naguanagua y Valencia del estado Carabobo. Departamento de Matem\u00e1tica: Proceso de ense\u00f1anza aprendizaje hacia las&hellip;<\/p>\n","protected":false},"author":5,"featured_media":0,"parent":0,"menu_order":0,"comment_status":"closed","ping_status":"closed","template":"","meta":{"footnotes":""},"class_list":["post-521","page","type-page","status-publish","hentry"],"yoast_head":"<!-- This site is optimized with the Yoast SEO plugin v27.1.1 - https:\/\/yoast.com\/product\/yoast-seo-wordpress\/ -->\n<title>Proyectos Servicio Comunitario - Facultad Experimental de Ciencias y Tecnolog\u00eda<\/title>\n<meta name=\"robots\" content=\"index, follow, max-snippet:-1, max-image-preview:large, max-video-preview:-1\" \/>\n<link rel=\"canonical\" href=\"https:\/\/www.facyt.uc.edu.ve\/web\/proyectos-servicio-comunitario\/\" \/>\n<meta property=\"og:locale\" content=\"es_ES\" \/>\n<meta property=\"og:type\" content=\"article\" \/>\n<meta property=\"og:title\" content=\"Proyectos Servicio Comunitario - Facultad Experimental de Ciencias y Tecnolog\u00eda\" \/>\n<meta property=\"og:description\" content=\"[vc_row][vc_column][vc_column_text]Departamento de Computaci\u00f3n: Alfabetizaci\u00f3n tecnol\u00f3gica a las comunidades del estado Carabobo utilizando el sistema operativo salas Canaima y herramientas de oficina bajo software libre. Fortalecimiento del \u00e1rea de computaci\u00f3n en centros de ciencias estudiantiles en instituciones educativas de los Municipios Naguanagua y Valencia del estado Carabobo. Departamento de Matem\u00e1tica: Proceso de ense\u00f1anza aprendizaje hacia las&hellip;\" \/>\n<meta property=\"og:url\" content=\"https:\/\/www.facyt.uc.edu.ve\/web\/proyectos-servicio-comunitario\/\" \/>\n<meta property=\"og:site_name\" content=\"Facultad Experimental de Ciencias y Tecnolog\u00eda\" \/>\n<meta property=\"article:modified_time\" content=\"2021-11-23T15:13:03+00:00\" \/>\n<meta name=\"twitter:card\" content=\"summary_large_image\" \/>\n<meta name=\"twitter:label1\" content=\"Tiempo estimado de lectura\" \/>\n\t<meta name=\"twitter:data1\" content=\"1 minuto\" \/>\n<script type=\"application\/ld+json\" class=\"yoast-schema-graph\">{\"@context\":\"https:\/\/schema.org\",\"@graph\":[{\"@type\":\"WebPage\",\"@id\":\"https:\/\/www.facyt.uc.edu.ve\/web\/proyectos-servicio-comunitario\/\",\"url\":\"https:\/\/www.facyt.uc.edu.ve\/web\/proyectos-servicio-comunitario\/\",\"name\":\"Proyectos Servicio Comunitario - Facultad Experimental de Ciencias y Tecnolog\u00eda\",\"isPartOf\":{\"@id\":\"https:\/\/www.facyt.uc.edu.ve\/web\/#website\"},\"datePublished\":\"2021-08-23T23:47:58+00:00\",\"dateModified\":\"2021-11-23T15:13:03+00:00\",\"breadcrumb\":{\"@id\":\"https:\/\/www.facyt.uc.edu.ve\/web\/proyectos-servicio-comunitario\/#breadcrumb\"},\"inLanguage\":\"es\",\"potentialAction\":[{\"@type\":\"ReadAction\",\"target\":[\"https:\/\/www.facyt.uc.edu.ve\/web\/proyectos-servicio-comunitario\/\"]}]},{\"@type\":\"BreadcrumbList\",\"@id\":\"https:\/\/www.facyt.uc.edu.ve\/web\/proyectos-servicio-comunitario\/#breadcrumb\",\"itemListElement\":[{\"@type\":\"ListItem\",\"position\":1,\"name\":\"Portada\",\"item\":\"https:\/\/www.facyt.uc.edu.ve\/web\/\"},{\"@type\":\"ListItem\",\"position\":2,\"name\":\"Proyectos Servicio Comunitario\"}]},{\"@type\":\"WebSite\",\"@id\":\"https:\/\/www.facyt.uc.edu.ve\/web\/#website\",\"url\":\"https:\/\/www.facyt.uc.edu.ve\/web\/\",\"name\":\"Facultad Experimental de Ciencias y Tecnolog\u00eda\",\"description\":\"FaCyT UC\",\"publisher\":{\"@id\":\"https:\/\/www.facyt.uc.edu.ve\/web\/#organization\"},\"alternateName\":\"FaCyT\",\"potentialAction\":[{\"@type\":\"SearchAction\",\"target\":{\"@type\":\"EntryPoint\",\"urlTemplate\":\"https:\/\/www.facyt.uc.edu.ve\/web\/?s={search_term_string}\"},\"query-input\":{\"@type\":\"PropertyValueSpecification\",\"valueRequired\":true,\"valueName\":\"search_term_string\"}}],\"inLanguage\":\"es\"},{\"@type\":\"Organization\",\"@id\":\"https:\/\/www.facyt.uc.edu.ve\/web\/#organization\",\"name\":\"Facultad Experimental de Ciencias y Tecnolog\u00eda\",\"url\":\"https:\/\/www.facyt.uc.edu.ve\/web\/\",\"logo\":{\"@type\":\"ImageObject\",\"inLanguage\":\"es\",\"@id\":\"https:\/\/www.facyt.uc.edu.ve\/web\/#\/schema\/logo\/image\/\",\"url\":\"https:\/\/www.facyt.uc.edu.ve\/web\/wp-content\/uploads\/2025\/11\/Logo_de_la_Facultad_Experimental_de_Ciencia_y_Tecnologia-scaled.jpg\",\"contentUrl\":\"https:\/\/www.facyt.uc.edu.ve\/web\/wp-content\/uploads\/2025\/11\/Logo_de_la_Facultad_Experimental_de_Ciencia_y_Tecnologia-scaled.jpg\",\"width\":2560,\"height\":2560,\"caption\":\"Facultad Experimental de Ciencias y Tecnolog\u00eda\"},\"image\":{\"@id\":\"https:\/\/www.facyt.uc.edu.ve\/web\/#\/schema\/logo\/image\/\"},\"sameAs\":[\"https:\/\/instagram.com\/facytuc.oficial\/yoast\"]}]}<\/script>\n<!-- \/ Yoast SEO plugin. -->","yoast_head_json":{"title":"Proyectos Servicio Comunitario - Facultad Experimental de Ciencias y Tecnolog\u00eda","robots":{"index":"index","follow":"follow","max-snippet":"max-snippet:-1","max-image-preview":"max-image-preview:large","max-video-preview":"max-video-preview:-1"},"canonical":"https:\/\/www.facyt.uc.edu.ve\/web\/proyectos-servicio-comunitario\/","og_locale":"es_ES","og_type":"article","og_title":"Proyectos Servicio Comunitario - Facultad Experimental de Ciencias y Tecnolog\u00eda","og_description":"[vc_row][vc_column][vc_column_text]Departamento de Computaci\u00f3n: Alfabetizaci\u00f3n tecnol\u00f3gica a las comunidades del estado Carabobo utilizando el sistema operativo salas Canaima y herramientas de oficina bajo software libre. Fortalecimiento del \u00e1rea de computaci\u00f3n en centros de ciencias estudiantiles en instituciones educativas de los Municipios Naguanagua y Valencia del estado Carabobo. Departamento de Matem\u00e1tica: Proceso de ense\u00f1anza aprendizaje hacia las&hellip;","og_url":"https:\/\/www.facyt.uc.edu.ve\/web\/proyectos-servicio-comunitario\/","og_site_name":"Facultad Experimental de Ciencias y Tecnolog\u00eda","article_modified_time":"2021-11-23T15:13:03+00:00","twitter_card":"summary_large_image","twitter_misc":{"Tiempo estimado de lectura":"1 minuto"},"schema":{"@context":"https:\/\/schema.org","@graph":[{"@type":"WebPage","@id":"https:\/\/www.facyt.uc.edu.ve\/web\/proyectos-servicio-comunitario\/","url":"https:\/\/www.facyt.uc.edu.ve\/web\/proyectos-servicio-comunitario\/","name":"Proyectos Servicio Comunitario - Facultad Experimental de Ciencias y Tecnolog\u00eda","isPartOf":{"@id":"https:\/\/www.facyt.uc.edu.ve\/web\/#website"},"datePublished":"2021-08-23T23:47:58+00:00","dateModified":"2021-11-23T15:13:03+00:00","breadcrumb":{"@id":"https:\/\/www.facyt.uc.edu.ve\/web\/proyectos-servicio-comunitario\/#breadcrumb"},"inLanguage":"es","potentialAction":[{"@type":"ReadAction","target":["https:\/\/www.facyt.uc.edu.ve\/web\/proyectos-servicio-comunitario\/"]}]},{"@type":"BreadcrumbList","@id":"https:\/\/www.facyt.uc.edu.ve\/web\/proyectos-servicio-comunitario\/#breadcrumb","itemListElement":[{"@type":"ListItem","position":1,"name":"Portada","item":"https:\/\/www.facyt.uc.edu.ve\/web\/"},{"@type":"ListItem","position":2,"name":"Proyectos Servicio Comunitario"}]},{"@type":"WebSite","@id":"https:\/\/www.facyt.uc.edu.ve\/web\/#website","url":"https:\/\/www.facyt.uc.edu.ve\/web\/","name":"Facultad Experimental de Ciencias y Tecnolog\u00eda","description":"FaCyT UC","publisher":{"@id":"https:\/\/www.facyt.uc.edu.ve\/web\/#organization"},"alternateName":"FaCyT","potentialAction":[{"@type":"SearchAction","target":{"@type":"EntryPoint","urlTemplate":"https:\/\/www.facyt.uc.edu.ve\/web\/?s={search_term_string}"},"query-input":{"@type":"PropertyValueSpecification","valueRequired":true,"valueName":"search_term_string"}}],"inLanguage":"es"},{"@type":"Organization","@id":"https:\/\/www.facyt.uc.edu.ve\/web\/#organization","name":"Facultad Experimental de Ciencias y Tecnolog\u00eda","url":"https:\/\/www.facyt.uc.edu.ve\/web\/","logo":{"@type":"ImageObject","inLanguage":"es","@id":"https:\/\/www.facyt.uc.edu.ve\/web\/#\/schema\/logo\/image\/","url":"https:\/\/www.facyt.uc.edu.ve\/web\/wp-content\/uploads\/2025\/11\/Logo_de_la_Facultad_Experimental_de_Ciencia_y_Tecnologia-scaled.jpg","contentUrl":"https:\/\/www.facyt.uc.edu.ve\/web\/wp-content\/uploads\/2025\/11\/Logo_de_la_Facultad_Experimental_de_Ciencia_y_Tecnologia-scaled.jpg","width":2560,"height":2560,"caption":"Facultad Experimental de Ciencias y Tecnolog\u00eda"},"image":{"@id":"https:\/\/www.facyt.uc.edu.ve\/web\/#\/schema\/logo\/image\/"},"sameAs":["https:\/\/instagram.com\/facytuc.oficial\/yoast"]}]}},"_links":{"self":[{"href":"https:\/\/www.facyt.uc.edu.ve\/web\/wp-json\/wp\/v2\/pages\/521","targetHints":{"allow":["GET"]}}],"collection":[{"href":"https:\/\/www.facyt.uc.edu.ve\/web\/wp-json\/wp\/v2\/pages"}],"about":[{"href":"https:\/\/www.facyt.uc.edu.ve\/web\/wp-json\/wp\/v2\/types\/page"}],"author":[{"embeddable":true,"href":"https:\/\/www.facyt.uc.edu.ve\/web\/wp-json\/wp\/v2\/users\/5"}],"replies":[{"embeddable":true,"href":"https:\/\/www.facyt.uc.edu.ve\/web\/wp-json\/wp\/v2\/comments?post=521"}],"version-history":[{"count":3,"href":"https:\/\/www.facyt.uc.edu.ve\/web\/wp-json\/wp\/v2\/pages\/521\/revisions"}],"predecessor-version":[{"id":1531,"href":"https:\/\/www.facyt.uc.edu.ve\/web\/wp-json\/wp\/v2\/pages\/521\/revisions\/1531"}],"wp:attachment":[{"href":"https:\/\/www.facyt.uc.edu.ve\/web\/wp-json\/wp\/v2\/media?parent=521"}],"curies":[{"name":"wp","href":"https:\/\/api.w.org\/{rel}","templated":true}]}}