{"id":519,"date":"2021-08-23T19:47:58","date_gmt":"2021-08-23T23:47:58","guid":{"rendered":"http:\/\/vps1.facyt.uc.edu.ve\/web\/?page_id=519"},"modified":"2022-04-26T09:59:39","modified_gmt":"2022-04-26T13:59:39","slug":"proyectos-de-extension","status":"publish","type":"page","link":"https:\/\/www.facyt.uc.edu.ve\/web\/proyectos-de-extension\/","title":{"rendered":"Proyectos de Extensi\u00f3n"},"content":{"rendered":"<div class=\"wpb-content-wrapper\"><p>[vc_row][vc_column][vc_tta_tabs][vc_tta_section title=\u00bbBiolog\u00eda\u00bb tab_id=\u00bb1637676248649-0235cf8a-3431&#8243;][vc_row_inner][vc_column_inner][vc_column_text]<\/p>\n<h5><a href=\"#\">Fomentando la conservaci\u00f3n de la Biodiversidad mediante la promoci\u00f3n de un parque ornitol\u00f3gico para la \u201cobservaci\u00f3n de Aves\u201d en la laguna la Bocaina y sus alrededores, en el parque nacional San esteban, Parroquia Patanemo, Estado Carabobo.<\/a><\/h5>\n<h5><span style=\"color: #666666; font-size: 12px;\">Coordinadores:<\/span><\/h5>\n<div class=\"row\">\n<div class=\"col-md-8\"><a href=\"#\">Sabina A. Caula Q. (Biolog\u00eda)<\/a>,<\/div>\n<\/div>\n<h5><span style=\"color: #666666; font-size: 12px;\">Departamento:<\/span><\/h5>\n<div class=\"row\">\n<div class=\"col-md-8\"><a href=\"#\">Biolog\u00eda<\/a><\/div>\n<\/div>\n<div class=\"row\">\n<p class=\"col-md-3\"><\/div>\n<p>[\/vc_column_text][\/vc_column_inner][\/vc_row_inner][vc_separator][vc_row_inner][vc_column_inner][vc_column_text]<\/p>\n<h5><a href=\"#\">Plan de Educaci\u00f3n ambiental para la gesti\u00f3n integral de los residuos urbanos en la Facultad de Ciencias y tecnolog\u00eda de la Universidad de Carabobo.<\/a><\/h5>\n<h4><span style=\"color: #666666; font-size: 12px;\">Coordinadores:<\/span><\/h4>\n<div class=\"row\">\n<div class=\"col-md-8\"><a href=\"#\">Sabina A. Caula Q. (Biolog\u00eda)<\/a>,<\/div>\n<\/div>\n<h4><span style=\"color: #666666; font-size: 12px;\">Departamento:<\/span><\/h4>\n<div class=\"row\">\n<div class=\"col-md-8\"><a href=\"#\">Biolog\u00eda<\/a><\/div>\n<\/div>\n<div class=\"row\">\n<p class=\"col-md-3\"><\/div>\n<p>[\/vc_column_text][\/vc_column_inner][\/vc_row_inner][vc_separator][vc_row_inner][vc_column_inner][vc_column_text]<\/p>\n<h5><a href=\"#\">Divulgaci\u00f3n de actividades, proyectos y eventos cient\u00edficos y culturales para la Comunidad Universitaria.<\/a><\/h5>\n<p>Coordinadores:<\/p>\n<div class=\"row\">\n<div class=\"col-md-8\"><a href=\"#\">Domenico Pavone (Biolog\u00eda)<\/a>,<\/div>\n<\/div>\n<p>Departamento:<\/p>\n<div class=\"row\">\n<div class=\"col-md-8\"><a href=\"#\">Biolog\u00eda<\/a><\/div>\n<\/div>\n<p>[\/vc_column_text][\/vc_column_inner][\/vc_row_inner][vc_separator][vc_row_inner][vc_column_inner][vc_column_text]<\/p>\n<h5><a href=\"#\">Alfabetizaci\u00f3n en ciencias para la comunidad estudiantil de educaci\u00f3n b\u00e1sica y diversificada de los Municipios Naguanagua, Valencia y San Diego del Estado Carabobo.<\/a><\/h5>\n<p>Coordinadores:<\/p>\n<div class=\"row\">\n<div class=\"col-md-8\"><a href=\"#\">Eucandis Fuentes (Biolog\u00eda)<\/a>,<\/div>\n<\/div>\n<p>Departamento:<\/p>\n<div class=\"row\">\n<div class=\"col-md-8\"><a href=\"#\">Biolog\u00eda<\/a><\/div>\n<\/div>\n<p>[\/vc_column_text][\/vc_column_inner][\/vc_row_inner][\/vc_tta_section][vc_tta_section title=\u00bbComputaci\u00f3n\u00bb tab_id=\u00bb1637676248649-423f7ee8-31d2&#8243;][vc_row_inner][vc_column_inner][vc_column_text]<\/p>\n<h5><a href=\"#\">Educaci\u00f3n y concienciaci\u00f3n de las comunidades del Estado Carabobo, en la prevenci\u00f3n y manejo de riesgos ante desastres naturales, desde un entorno de aprendizaje mediado por las tecnolog\u00edas.<\/a><\/h5>\n<p>Coordinadores:<\/p>\n<div class=\"row\">\n<div class=\"col-md-8\"><a href=\"#\">Francisca Grimon (Computaci\u00f3n)<\/a>,\u00a0<a href=\"#\">Mirella Herrera (Computaci\u00f3n)<\/a>,<\/div>\n<\/div>\n<p>Departamento:<\/p>\n<div class=\"row\">\n<div class=\"col-md-8\"><a href=\"#\">Computaci\u00f3n<\/a><\/div>\n<\/div>\n<p>[\/vc_column_text][\/vc_column_inner][\/vc_row_inner][vc_separator][vc_row_inner][vc_column_inner][vc_column_text]<\/p>\n<h5><a href=\"#\">Adecuaci\u00f3n de la ense\u00f1anza en ciencias para la integraci\u00f3n y prosecuci\u00f3n de estudiantes con diversidad funcional.<\/a><\/h5>\n<p>Coordinadores:<\/p>\n<div class=\"row\">\n<div class=\"col-md-8\"><a href=\"#\">Johana Guerrero (Computaci\u00f3n)<\/a>,<\/div>\n<\/div>\n<p>Departamento:<\/p>\n<div class=\"row\">\n<div class=\"col-md-8\"><a href=\"#\">Computaci\u00f3n<\/a><\/div>\n<\/div>\n<p>[\/vc_column_text][\/vc_column_inner][\/vc_row_inner][\/vc_tta_section][vc_tta_section title=\u00bbF\u00edsica\u00bb tab_id=\u00bb1637676264830-1a1dc8c6-b805&#8243;][\/vc_tta_section][vc_tta_section title=\u00bbMatem\u00e1ticas\u00bb tab_id=\u00bb1637676268165-d0ffd362-43fd\u00bb][vc_row_inner][vc_column_inner][vc_column_text]<\/p>\n<h5><a href=\"#\">Entrenamiento de estudiantes de Educaci\u00f3n B\u00e1sica y Diversificada para participar en las Olimpiadas Matem\u00e1ticas.<\/a><\/h5>\n<div class=\"row\">\n<div class=\"col-md-3\">Coordinadores:<\/div>\n<div class=\"col-md-8\"><a href=\"#\">Carlos Cadenas (Matem\u00e1ticas)<\/a>,\u00a0<a href=\"#\">Mirba Romero (Matem\u00e1ticas)<\/a>,<\/div>\n<\/div>\n<div class=\"row\">\n<div class=\"col-md-3\">Departamento:<\/div>\n<div class=\"col-md-8\"><a href=\"#\">Matem\u00e1ticas<\/a><\/div>\n<\/div>\n<p>[\/vc_column_text][\/vc_column_inner][\/vc_row_inner][\/vc_tta_section][vc_tta_section title=\u00bbQu\u00edmica\u00bb tab_id=\u00bb1637676270598-00cee2b1-5606&#8243;][vc_row_inner][vc_column_inner][vc_column_text]<\/p>\n<h5><a href=\"#\">Laboratorio de Bioqu\u00edmica para estudiantes preuniversitarios.<\/a><\/h5>\n<p>Coordinadores:<\/p>\n<div class=\"row\">\n<div class=\"col-md-8\"><a href=\"#\">Jeff Wilkesman (Qu\u00edmica)<\/a>,<\/div>\n<\/div>\n<p>Departamento:<\/p>\n<div class=\"row\">\n<div class=\"col-md-8\"><a href=\"#\">Qu\u00edmica<\/a><\/div>\n<\/div>\n<p>[\/vc_column_text][\/vc_column_inner][\/vc_row_inner][\/vc_tta_section][vc_tta_section title=\u00bbSociohuman\u00edstica\u00bb tab_id=\u00bb1637676273430-b0c5a078-136c\u00bb][vc_row_inner][vc_column_inner][vc_column_text]<\/p>\n<h5><a href=\"#\">Edici\u00f3n de textos en ingles y asesor\u00eda ling\u00fc\u00edstica para la divulgaci\u00f3n cient\u00edfica.<\/a><\/h5>\n<p>Coordinadores:<\/p>\n<div class=\"row\">\n<div class=\"col-md-8\"><a href=\"#\">Sharon Basso (Sociohumanistica)<\/a>,<\/div>\n<\/div>\n<p>Departamento:<\/p>\n<div class=\"row\">\n<div class=\"col-md-8\"><a href=\"#\">Sociohumanistica<\/a><\/div>\n<\/div>\n<p>[\/vc_column_text][\/vc_column_inner][\/vc_row_inner][vc_separator][vc_row_inner][vc_column_inner][vc_column_text]<\/p>\n<h5><a href=\"#\">La alfabetizaci\u00f3n ecol\u00f3gica como proceso creativo de pensamiento organizado y sostenible.<\/a><\/h5>\n<p>Coordinadores:<\/p>\n<div class=\"row\">\n<div class=\"col-md-8\"><a href=\"#\">Rosa C. Morales de Mu\u00f1oz (Sociohumanistica)<\/a>,<\/div>\n<\/div>\n<p>Departamento:<\/p>\n<div class=\"row\">\n<div class=\"col-md-8\"><a href=\"#\">Sociohumanistica<\/a><\/div>\n<\/div>\n<p>[\/vc_column_text][\/vc_column_inner][\/vc_row_inner][\/vc_tta_section][\/vc_tta_tabs][\/vc_column][\/vc_row]<\/p>\n<\/div>","protected":false},"excerpt":{"rendered":"<p>[vc_row][vc_column][vc_tta_tabs][vc_tta_section title=\u00bbBiolog\u00eda\u00bb tab_id=\u00bb1637676248649-0235cf8a-3431&#8243;][vc_row_inner][vc_column_inner][vc_column_text] Fomentando la conservaci\u00f3n de la Biodiversidad mediante la promoci\u00f3n de un parque ornitol\u00f3gico para la \u201cobservaci\u00f3n de Aves\u201d en la laguna la Bocaina y sus alrededores, en el parque nacional San esteban, Parroquia Patanemo, Estado Carabobo. Coordinadores: Sabina A. Caula Q. (Biolog\u00eda), Departamento: Biolog\u00eda [\/vc_column_text][\/vc_column_inner][\/vc_row_inner][vc_separator][vc_row_inner][vc_column_inner][vc_column_text] Plan de Educaci\u00f3n ambiental para la gesti\u00f3n&hellip;<\/p>\n","protected":false},"author":5,"featured_media":0,"parent":0,"menu_order":0,"comment_status":"closed","ping_status":"closed","template":"","meta":{"footnotes":""},"class_list":["post-519","page","type-page","status-publish","hentry"],"yoast_head":"<!-- This site is optimized with the Yoast SEO plugin v27.1.1 - https:\/\/yoast.com\/product\/yoast-seo-wordpress\/ -->\n<title>Proyectos de Extensi\u00f3n - Facultad Experimental de Ciencias y Tecnolog\u00eda<\/title>\n<meta name=\"robots\" content=\"index, follow, max-snippet:-1, max-image-preview:large, max-video-preview:-1\" \/>\n<link rel=\"canonical\" href=\"https:\/\/www.facyt.uc.edu.ve\/web\/proyectos-de-extension\/\" \/>\n<meta property=\"og:locale\" content=\"es_ES\" \/>\n<meta property=\"og:type\" content=\"article\" \/>\n<meta property=\"og:title\" content=\"Proyectos de Extensi\u00f3n - Facultad Experimental de Ciencias y Tecnolog\u00eda\" \/>\n<meta property=\"og:description\" content=\"[vc_row][vc_column][vc_tta_tabs][vc_tta_section title=\u00bbBiolog\u00eda\u00bb tab_id=\u00bb1637676248649-0235cf8a-3431&#8243;][vc_row_inner][vc_column_inner][vc_column_text] Fomentando la conservaci\u00f3n de la Biodiversidad mediante la promoci\u00f3n de un parque ornitol\u00f3gico para la \u201cobservaci\u00f3n de Aves\u201d en la laguna la Bocaina y sus alrededores, en el parque nacional San esteban, Parroquia Patanemo, Estado Carabobo. Coordinadores: Sabina A. Caula Q. (Biolog\u00eda), Departamento: Biolog\u00eda [\/vc_column_text][\/vc_column_inner][\/vc_row_inner][vc_separator][vc_row_inner][vc_column_inner][vc_column_text] Plan de Educaci\u00f3n ambiental para la gesti\u00f3n&hellip;\" \/>\n<meta property=\"og:url\" content=\"https:\/\/www.facyt.uc.edu.ve\/web\/proyectos-de-extension\/\" \/>\n<meta property=\"og:site_name\" content=\"Facultad Experimental de Ciencias y Tecnolog\u00eda\" \/>\n<meta property=\"article:modified_time\" content=\"2022-04-26T13:59:39+00:00\" \/>\n<meta name=\"twitter:card\" content=\"summary_large_image\" \/>\n<meta name=\"twitter:label1\" content=\"Tiempo estimado de lectura\" \/>\n\t<meta name=\"twitter:data1\" content=\"3 minutos\" \/>\n<script type=\"application\/ld+json\" class=\"yoast-schema-graph\">{\"@context\":\"https:\/\/schema.org\",\"@graph\":[{\"@type\":\"WebPage\",\"@id\":\"https:\/\/www.facyt.uc.edu.ve\/web\/proyectos-de-extension\/\",\"url\":\"https:\/\/www.facyt.uc.edu.ve\/web\/proyectos-de-extension\/\",\"name\":\"Proyectos de Extensi\u00f3n - Facultad Experimental de Ciencias y Tecnolog\u00eda\",\"isPartOf\":{\"@id\":\"https:\/\/www.facyt.uc.edu.ve\/web\/#website\"},\"datePublished\":\"2021-08-23T23:47:58+00:00\",\"dateModified\":\"2022-04-26T13:59:39+00:00\",\"breadcrumb\":{\"@id\":\"https:\/\/www.facyt.uc.edu.ve\/web\/proyectos-de-extension\/#breadcrumb\"},\"inLanguage\":\"es\",\"potentialAction\":[{\"@type\":\"ReadAction\",\"target\":[\"https:\/\/www.facyt.uc.edu.ve\/web\/proyectos-de-extension\/\"]}]},{\"@type\":\"BreadcrumbList\",\"@id\":\"https:\/\/www.facyt.uc.edu.ve\/web\/proyectos-de-extension\/#breadcrumb\",\"itemListElement\":[{\"@type\":\"ListItem\",\"position\":1,\"name\":\"Portada\",\"item\":\"https:\/\/www.facyt.uc.edu.ve\/web\/\"},{\"@type\":\"ListItem\",\"position\":2,\"name\":\"Proyectos de Extensi\u00f3n\"}]},{\"@type\":\"WebSite\",\"@id\":\"https:\/\/www.facyt.uc.edu.ve\/web\/#website\",\"url\":\"https:\/\/www.facyt.uc.edu.ve\/web\/\",\"name\":\"Facultad Experimental de Ciencias y Tecnolog\u00eda\",\"description\":\"FaCyT UC\",\"publisher\":{\"@id\":\"https:\/\/www.facyt.uc.edu.ve\/web\/#organization\"},\"alternateName\":\"FaCyT\",\"potentialAction\":[{\"@type\":\"SearchAction\",\"target\":{\"@type\":\"EntryPoint\",\"urlTemplate\":\"https:\/\/www.facyt.uc.edu.ve\/web\/?s={search_term_string}\"},\"query-input\":{\"@type\":\"PropertyValueSpecification\",\"valueRequired\":true,\"valueName\":\"search_term_string\"}}],\"inLanguage\":\"es\"},{\"@type\":\"Organization\",\"@id\":\"https:\/\/www.facyt.uc.edu.ve\/web\/#organization\",\"name\":\"Facultad Experimental de Ciencias y Tecnolog\u00eda\",\"url\":\"https:\/\/www.facyt.uc.edu.ve\/web\/\",\"logo\":{\"@type\":\"ImageObject\",\"inLanguage\":\"es\",\"@id\":\"https:\/\/www.facyt.uc.edu.ve\/web\/#\/schema\/logo\/image\/\",\"url\":\"https:\/\/www.facyt.uc.edu.ve\/web\/wp-content\/uploads\/2025\/11\/Logo_de_la_Facultad_Experimental_de_Ciencia_y_Tecnologia-scaled.jpg\",\"contentUrl\":\"https:\/\/www.facyt.uc.edu.ve\/web\/wp-content\/uploads\/2025\/11\/Logo_de_la_Facultad_Experimental_de_Ciencia_y_Tecnologia-scaled.jpg\",\"width\":2560,\"height\":2560,\"caption\":\"Facultad Experimental de Ciencias y Tecnolog\u00eda\"},\"image\":{\"@id\":\"https:\/\/www.facyt.uc.edu.ve\/web\/#\/schema\/logo\/image\/\"},\"sameAs\":[\"https:\/\/instagram.com\/facytuc.oficial\/yoast\"]}]}<\/script>\n<!-- \/ Yoast SEO plugin. -->","yoast_head_json":{"title":"Proyectos de Extensi\u00f3n - Facultad Experimental de Ciencias y Tecnolog\u00eda","robots":{"index":"index","follow":"follow","max-snippet":"max-snippet:-1","max-image-preview":"max-image-preview:large","max-video-preview":"max-video-preview:-1"},"canonical":"https:\/\/www.facyt.uc.edu.ve\/web\/proyectos-de-extension\/","og_locale":"es_ES","og_type":"article","og_title":"Proyectos de Extensi\u00f3n - Facultad Experimental de Ciencias y Tecnolog\u00eda","og_description":"[vc_row][vc_column][vc_tta_tabs][vc_tta_section title=\u00bbBiolog\u00eda\u00bb tab_id=\u00bb1637676248649-0235cf8a-3431&#8243;][vc_row_inner][vc_column_inner][vc_column_text] Fomentando la conservaci\u00f3n de la Biodiversidad mediante la promoci\u00f3n de un parque ornitol\u00f3gico para la \u201cobservaci\u00f3n de Aves\u201d en la laguna la Bocaina y sus alrededores, en el parque nacional San esteban, Parroquia Patanemo, Estado Carabobo. Coordinadores: Sabina A. Caula Q. (Biolog\u00eda), Departamento: Biolog\u00eda [\/vc_column_text][\/vc_column_inner][\/vc_row_inner][vc_separator][vc_row_inner][vc_column_inner][vc_column_text] Plan de Educaci\u00f3n ambiental para la gesti\u00f3n&hellip;","og_url":"https:\/\/www.facyt.uc.edu.ve\/web\/proyectos-de-extension\/","og_site_name":"Facultad Experimental de Ciencias y Tecnolog\u00eda","article_modified_time":"2022-04-26T13:59:39+00:00","twitter_card":"summary_large_image","twitter_misc":{"Tiempo estimado de lectura":"3 minutos"},"schema":{"@context":"https:\/\/schema.org","@graph":[{"@type":"WebPage","@id":"https:\/\/www.facyt.uc.edu.ve\/web\/proyectos-de-extension\/","url":"https:\/\/www.facyt.uc.edu.ve\/web\/proyectos-de-extension\/","name":"Proyectos de Extensi\u00f3n - Facultad Experimental de Ciencias y Tecnolog\u00eda","isPartOf":{"@id":"https:\/\/www.facyt.uc.edu.ve\/web\/#website"},"datePublished":"2021-08-23T23:47:58+00:00","dateModified":"2022-04-26T13:59:39+00:00","breadcrumb":{"@id":"https:\/\/www.facyt.uc.edu.ve\/web\/proyectos-de-extension\/#breadcrumb"},"inLanguage":"es","potentialAction":[{"@type":"ReadAction","target":["https:\/\/www.facyt.uc.edu.ve\/web\/proyectos-de-extension\/"]}]},{"@type":"BreadcrumbList","@id":"https:\/\/www.facyt.uc.edu.ve\/web\/proyectos-de-extension\/#breadcrumb","itemListElement":[{"@type":"ListItem","position":1,"name":"Portada","item":"https:\/\/www.facyt.uc.edu.ve\/web\/"},{"@type":"ListItem","position":2,"name":"Proyectos de Extensi\u00f3n"}]},{"@type":"WebSite","@id":"https:\/\/www.facyt.uc.edu.ve\/web\/#website","url":"https:\/\/www.facyt.uc.edu.ve\/web\/","name":"Facultad Experimental de Ciencias y Tecnolog\u00eda","description":"FaCyT UC","publisher":{"@id":"https:\/\/www.facyt.uc.edu.ve\/web\/#organization"},"alternateName":"FaCyT","potentialAction":[{"@type":"SearchAction","target":{"@type":"EntryPoint","urlTemplate":"https:\/\/www.facyt.uc.edu.ve\/web\/?s={search_term_string}"},"query-input":{"@type":"PropertyValueSpecification","valueRequired":true,"valueName":"search_term_string"}}],"inLanguage":"es"},{"@type":"Organization","@id":"https:\/\/www.facyt.uc.edu.ve\/web\/#organization","name":"Facultad Experimental de Ciencias y Tecnolog\u00eda","url":"https:\/\/www.facyt.uc.edu.ve\/web\/","logo":{"@type":"ImageObject","inLanguage":"es","@id":"https:\/\/www.facyt.uc.edu.ve\/web\/#\/schema\/logo\/image\/","url":"https:\/\/www.facyt.uc.edu.ve\/web\/wp-content\/uploads\/2025\/11\/Logo_de_la_Facultad_Experimental_de_Ciencia_y_Tecnologia-scaled.jpg","contentUrl":"https:\/\/www.facyt.uc.edu.ve\/web\/wp-content\/uploads\/2025\/11\/Logo_de_la_Facultad_Experimental_de_Ciencia_y_Tecnologia-scaled.jpg","width":2560,"height":2560,"caption":"Facultad Experimental de Ciencias y Tecnolog\u00eda"},"image":{"@id":"https:\/\/www.facyt.uc.edu.ve\/web\/#\/schema\/logo\/image\/"},"sameAs":["https:\/\/instagram.com\/facytuc.oficial\/yoast"]}]}},"_links":{"self":[{"href":"https:\/\/www.facyt.uc.edu.ve\/web\/wp-json\/wp\/v2\/pages\/519","targetHints":{"allow":["GET"]}}],"collection":[{"href":"https:\/\/www.facyt.uc.edu.ve\/web\/wp-json\/wp\/v2\/pages"}],"about":[{"href":"https:\/\/www.facyt.uc.edu.ve\/web\/wp-json\/wp\/v2\/types\/page"}],"author":[{"embeddable":true,"href":"https:\/\/www.facyt.uc.edu.ve\/web\/wp-json\/wp\/v2\/users\/5"}],"replies":[{"embeddable":true,"href":"https:\/\/www.facyt.uc.edu.ve\/web\/wp-json\/wp\/v2\/comments?post=519"}],"version-history":[{"count":16,"href":"https:\/\/www.facyt.uc.edu.ve\/web\/wp-json\/wp\/v2\/pages\/519\/revisions"}],"predecessor-version":[{"id":2098,"href":"https:\/\/www.facyt.uc.edu.ve\/web\/wp-json\/wp\/v2\/pages\/519\/revisions\/2098"}],"wp:attachment":[{"href":"https:\/\/www.facyt.uc.edu.ve\/web\/wp-json\/wp\/v2\/media?parent=519"}],"curies":[{"name":"wp","href":"https:\/\/api.w.org\/{rel}","templated":true}]}}