{"id":464,"date":"2021-08-23T19:34:41","date_gmt":"2021-08-23T23:34:41","guid":{"rendered":"http:\/\/vps1.facyt.uc.edu.ve\/web\/?page_id=464"},"modified":"2023-08-03T09:38:30","modified_gmt":"2023-08-03T13:38:30","slug":"apreciacion-cultural","status":"publish","type":"page","link":"https:\/\/www.facyt.uc.edu.ve\/web\/apreciacion-cultural\/","title":{"rendered":"Apreciaci\u00f3n Cultural"},"content":{"rendered":"<div class=\"wpb-content-wrapper\"><p>[vc_row][vc_column][vc_column_text]<\/p>\n<p style=\"text-align: justify;\"><span style=\"color: #777777; font-family: 'Open Sans', Arial, sans-serif; font-size: 14px; text-align: justify;\">Es una actividad obligatoria que se realiza en el 3er \u00f3 4to semestre de las carreras ofertadas por la FACYT, orientado hacia la formaci\u00f3n integral de los estudiantes, organizado a trav\u00e9s de encuentros culturales y de talleres, donde el estudiante podr\u00e1 seleccionar un taller seg\u00fan su preferencia.<\/span><\/p>\n<p>[\/vc_column_text][vc_btn title=\u00bbEnlace para Inscripci\u00f3n al taller\u00bb size=\u00bbsm\u00bb align=\u00bbcenter\u00bb link=\u00bburl:http%3A%2F%2Fportal.facyt.uc.edu.ve%2Fcultura%2F|target:_blank|rel:nofollow\u00bb][vc_column_text]<\/p>\n<h3 style=\"text-align: left;\">DOCENTES<\/h3>\n<ul>\n<li style=\"text-align: left;\">Prof. Isabel Neus<\/li>\n<li style=\"text-align: left;\">Prof. Zharife Samara<\/li>\n<li style=\"text-align: left;\">Prof. Orlando Chirinos.<\/li>\n<li style=\"list-style-type: none;\"><\/li>\n<\/ul>\n<p>[\/vc_column_text][vc_media_grid element_width=\u00bb3&#8243; gap=\u00bb20&#8243; grid_id=\u00bbvc_gid:1637675132596-ea01bb85deb9c2bfae6f27765cef9c38-10&#8243; include=\u00bb1359,1360,1357,1356&#8243;][\/vc_column][\/vc_row][vc_row][vc_column][vc_column_text]<\/p>\n<h3>TALLERES<\/h3>\n<p>[\/vc_column_text][\/vc_column][\/vc_row][vc_row gap=\u00bb1&#8243; content_placement=\u00bbmiddle\u00bb css=\u00bb.vc_custom_1633985180410{margin-top: 0px !important;margin-right: 0px !important;margin-bottom: 0px !important;margin-left: 0px !important;padding-top: 0px !important;padding-right: 0px !important;padding-bottom: 0px !important;padding-left: 0px !important;}\u00bb][vc_column width=\u00bb1\/4&#8243; css=\u00bb.vc_custom_1633985276661{margin-top: 0px !important;margin-right: 0px !important;margin-bottom: 0px !important;margin-left: 0px !important;padding-top: 0px !important;padding-right: 0px !important;padding-bottom: 0px !important;padding-left: 0px !important;}\u00bb][vc_btn title=\u00bbFotograf\u00eda\u00bb color=\u00bbprimary\u00bb size=\u00bbsm\u00bb align=\u00bbcenter\u00bb button_block=\u00bbtrue\u00bb css=\u00bb.vc_custom_1633985846815{margin-top: 0px !important;margin-right: 0px !important;margin-bottom: 0px !important;margin-left: 0px !important;padding-top: 0px !important;padding-right: 0px !important;padding-bottom: 0px !important;padding-left: 0px !important;}\u00bb][\/vc_column][vc_column width=\u00bb1\/4&#8243; css=\u00bb.vc_custom_1633985635285{margin-top: 0px !important;margin-right: 0px !important;margin-bottom: 0px !important;margin-left: 0px !important;padding-top: 0px !important;padding-right: 0px !important;padding-bottom: 0px !important;padding-left: 0px !important;}\u00bb][vc_btn title=\u00bbDibujo y Pintura\u00bb color=\u00bbsuccess\u00bb size=\u00bbsm\u00bb align=\u00bbcenter\u00bb button_block=\u00bbtrue\u00bb css=\u00bb.vc_custom_1633985898670{margin-top: 0px !important;margin-right: 0px !important;margin-bottom: 0px !important;margin-left: 0px !important;padding-top: 0px !important;padding-right: 0px !important;padding-bottom: 0px !important;padding-left: 0px !important;}\u00bb][\/vc_column][vc_column width=\u00bb1\/4&#8243; css=\u00bb.vc_custom_1633985677238{margin-top: 0px !important;margin-right: 0px !important;margin-bottom: 0px !important;margin-left: 0px !important;padding-top: 0px !important;padding-right: 0px !important;padding-bottom: 0px !important;padding-left: 0px !important;}\u00bb][vc_btn title=\u00bbCine Club\u00bb color=\u00bbinfo\u00bb size=\u00bbsm\u00bb align=\u00bbcenter\u00bb button_block=\u00bbtrue\u00bb css=\u00bb.vc_custom_1633985960579{margin-top: 0px !important;margin-right: 0px !important;margin-bottom: 0px !important;margin-left: 0px !important;padding-top: 0px !important;padding-right: 0px !important;padding-bottom: 0px !important;padding-left: 0px !important;}\u00bb][\/vc_column][vc_column width=\u00bb1\/4&#8243; css=\u00bb.vc_custom_1633985713801{margin-top: 0px !important;margin-right: 0px !important;margin-bottom: 0px !important;margin-left: 0px !important;padding-top: 0px !important;padding-right: 0px !important;padding-bottom: 0px !important;padding-left: 0px !important;}\u00bb][vc_btn title=\u00bbOrganizaci\u00f3n de Eventos Cient\u00edficos\u00bb color=\u00bbwarning\u00bb size=\u00bbsm\u00bb align=\u00bbcenter\u00bb button_block=\u00bbtrue\u00bb css=\u00bb.vc_custom_1633986030339{margin-top: 0px !important;margin-right: 0px !important;margin-bottom: 0px !important;margin-left: 0px !important;padding-top: 0px !important;padding-right: 0px !important;padding-bottom: 0px !important;padding-left: 0px !important;}\u00bb][\/vc_column][\/vc_row][vc_row gap=\u00bb1&#8243; content_placement=\u00bbmiddle\u00bb css=\u00bb.vc_custom_1633985180410{margin-top: 0px !important;margin-right: 0px !important;margin-bottom: 0px !important;margin-left: 0px !important;padding-top: 0px !important;padding-right: 0px !important;padding-bottom: 0px !important;padding-left: 0px !important;}\u00bb][vc_column width=\u00bb1\/6&#8243; css=\u00bb.vc_custom_1633985276661{margin-top: 0px !important;margin-right: 0px !important;margin-bottom: 0px !important;margin-left: 0px !important;padding-top: 0px !important;padding-right: 0px !important;padding-bottom: 0px !important;padding-left: 0px !important;}\u00bb][vc_btn title=\u00bbGuitarra Cl\u00e1sica\u00bb color=\u00bbdanger\u00bb size=\u00bbsm\u00bb align=\u00bbcenter\u00bb button_block=\u00bbtrue\u00bb css=\u00bb.vc_custom_1633986174881{margin-top: 0px !important;margin-right: 0px !important;margin-bottom: 0px !important;margin-left: 0px !important;padding-top: 0px !important;padding-right: 0px !important;padding-bottom: 0px !important;padding-left: 0px !important;}\u00bb][\/vc_column][vc_column width=\u00bb1\/6&#8243; css=\u00bb.vc_custom_1633985635285{margin-top: 0px !important;margin-right: 0px !important;margin-bottom: 0px !important;margin-left: 0px !important;padding-top: 0px !important;padding-right: 0px !important;padding-bottom: 0px !important;padding-left: 0px !important;}\u00bb][vc_btn title=\u00bbArtes Gr\u00e1ficas\u00bb color=\u00bbinverse\u00bb size=\u00bbsm\u00bb align=\u00bbcenter\u00bb button_block=\u00bbtrue\u00bb css=\u00bb.vc_custom_1633986252032{margin-top: 0px !important;margin-right: 0px !important;margin-bottom: 0px !important;margin-left: 0px !important;padding-top: 0px !important;padding-right: 0px !important;padding-bottom: 0px !important;padding-left: 0px !important;}\u00bb][\/vc_column][vc_column width=\u00bb1\/6&#8243; css=\u00bb.vc_custom_1633985677238{margin-top: 0px !important;margin-right: 0px !important;margin-bottom: 0px !important;margin-left: 0px !important;padding-top: 0px !important;padding-right: 0px !important;padding-bottom: 0px !important;padding-left: 0px !important;}\u00bb][vc_btn title=\u00bbMedios Alternativos\u00bb color=\u00bbblue\u00bb size=\u00bbsm\u00bb align=\u00bbcenter\u00bb button_block=\u00bbtrue\u00bb css=\u00bb.vc_custom_1633986379581{margin-top: 0px !important;margin-right: 0px !important;margin-bottom: 0px !important;margin-left: 0px !important;padding-top: 0px !important;padding-right: 0px !important;padding-bottom: 0px !important;padding-left: 0px !important;}\u00bb][\/vc_column][vc_column width=\u00bb1\/6&#8243; css=\u00bb.vc_custom_1633985713801{margin-top: 0px !important;margin-right: 0px !important;margin-bottom: 0px !important;margin-left: 0px !important;padding-top: 0px !important;padding-right: 0px !important;padding-bottom: 0px !important;padding-left: 0px !important;}\u00bb][vc_btn title=\u00bbTallado\u00bb color=\u00bbturquoise\u00bb size=\u00bbsm\u00bb align=\u00bbcenter\u00bb button_block=\u00bbtrue\u00bb css=\u00bb.vc_custom_1633986426131{margin-top: 0px !important;margin-right: 0px !important;margin-bottom: 0px !important;margin-left: 0px !important;padding-top: 0px !important;padding-right: 0px !important;padding-bottom: 0px !important;padding-left: 0px !important;}\u00bb][\/vc_column][vc_column width=\u00bb1\/6&#8243; css=\u00bb.vc_custom_1633986604053{margin-top: 0px !important;margin-right: 0px !important;margin-bottom: 0px !important;margin-left: 0px !important;padding-top: 0px !important;padding-right: 0px !important;padding-bottom: 0px !important;padding-left: 0px !important;}\u00bb][vc_btn title=\u00bbTaller Literario\u00bb color=\u00bbpink\u00bb size=\u00bbsm\u00bb align=\u00bbcenter\u00bb button_block=\u00bbtrue\u00bb css=\u00bb.vc_custom_1633986519441{margin-top: 0px !important;margin-right: 0px !important;margin-bottom: 0px !important;margin-left: 0px !important;padding-top: 0px !important;padding-right: 0px !important;padding-bottom: 0px !important;padding-left: 0px !important;}\u00bb][\/vc_column][vc_column width=\u00bb1\/6&#8243; css=\u00bb.vc_custom_1633986630027{margin-top: 0px !important;margin-right: 0px !important;margin-bottom: 0px !important;margin-left: 0px !important;padding-top: 0px !important;padding-right: 0px !important;padding-bottom: 0px !important;padding-left: 0px !important;}\u00bb][vc_btn title=\u00bbPoes\u00eda\u00bb color=\u00bbviolet\u00bb size=\u00bbsm\u00bb align=\u00bbcenter\u00bb button_block=\u00bbtrue\u00bb css=\u00bb.vc_custom_1633986560519{margin-top: 0px !important;margin-right: 0px !important;margin-bottom: 0px !important;margin-left: 0px !important;padding-top: 0px !important;padding-right: 0px !important;padding-bottom: 0px !important;padding-left: 0px !important;}\u00bb][\/vc_column][\/vc_row][vc_row gap=\u00bb1&#8243; content_placement=\u00bbmiddle\u00bb css=\u00bb.vc_custom_1633985180410{margin-top: 0px !important;margin-right: 0px !important;margin-bottom: 0px !important;margin-left: 0px !important;padding-top: 0px !important;padding-right: 0px !important;padding-bottom: 0px !important;padding-left: 0px !important;}\u00bb][vc_column width=\u00bb1\/5&#8243; css=\u00bb.vc_custom_1633985276661{margin-top: 0px !important;margin-right: 0px !important;margin-bottom: 0px !important;margin-left: 0px !important;padding-top: 0px !important;padding-right: 0px !important;padding-bottom: 0px !important;padding-left: 0px !important;}\u00bb][vc_btn title=\u00bbApreciaci\u00f3n Musical\u00bb color=\u00bbpeacoc\u00bb size=\u00bbsm\u00bb align=\u00bbcenter\u00bb button_block=\u00bbtrue\u00bb css=\u00bb.vc_custom_1633987338674{margin-top: 0px !important;margin-right: 0px !important;margin-bottom: 0px !important;margin-left: 0px !important;padding-top: 0px !important;padding-right: 0px !important;padding-bottom: 0px !important;padding-left: 0px !important;}\u00bb][\/vc_column][vc_column width=\u00bb1\/5&#8243; css=\u00bb.vc_custom_1633985635285{margin-top: 0px !important;margin-right: 0px !important;margin-bottom: 0px !important;margin-left: 0px !important;padding-top: 0px !important;padding-right: 0px !important;padding-bottom: 0px !important;padding-left: 0px !important;}\u00bb][vc_btn title=\u00bbOrigami\u00bb color=\u00bbchino\u00bb size=\u00bbsm\u00bb align=\u00bbcenter\u00bb button_block=\u00bbtrue\u00bb css=\u00bb.vc_custom_1633987374305{margin-top: 0px !important;margin-right: 0px !important;margin-bottom: 0px !important;margin-left: 0px !important;padding-top: 0px !important;padding-right: 0px !important;padding-bottom: 0px !important;padding-left: 0px !important;}\u00bb][\/vc_column][vc_column width=\u00bb1\/5&#8243; css=\u00bb.vc_custom_1633985677238{margin-top: 0px !important;margin-right: 0px !important;margin-bottom: 0px !important;margin-left: 0px !important;padding-top: 0px !important;padding-right: 0px !important;padding-bottom: 0px !important;padding-left: 0px !important;}\u00bb][vc_btn title=\u00bbPeriodismo Estudiantil\u00bb color=\u00bbmulled-wine\u00bb size=\u00bbsm\u00bb align=\u00bbcenter\u00bb button_block=\u00bbtrue\u00bb css=\u00bb.vc_custom_1633987405644{margin-top: 0px !important;margin-right: 0px !important;margin-bottom: 0px !important;margin-left: 0px !important;padding-top: 0px !important;padding-right: 0px !important;padding-bottom: 0px !important;padding-left: 0px !important;}\u00bb][\/vc_column][vc_column width=\u00bb1\/5&#8243; css=\u00bb.vc_custom_1633985713801{margin-top: 0px !important;margin-right: 0px !important;margin-bottom: 0px !important;margin-left: 0px !important;padding-top: 0px !important;padding-right: 0px !important;padding-bottom: 0px !important;padding-left: 0px !important;}\u00bb][vc_btn title=\u00bbDanza\u00bb color=\u00bbvista-blue\u00bb size=\u00bbsm\u00bb align=\u00bbcenter\u00bb button_block=\u00bbtrue\u00bb css=\u00bb.vc_custom_1633987436450{margin-top: 0px !important;margin-right: 0px !important;margin-bottom: 0px !important;margin-left: 0px !important;padding-top: 0px !important;padding-right: 0px !important;padding-bottom: 0px !important;padding-left: 0px !important;}\u00bb][\/vc_column][vc_column width=\u00bb1\/5&#8243; css=\u00bb.vc_custom_1633987274301{margin-top: 0px !important;margin-right: 0px !important;margin-bottom: 0px !important;margin-left: 0px !important;padding-top: 0px !important;padding-right: 0px !important;padding-bottom: 0px !important;padding-left: 0px !important;}\u00bb][vc_btn title=\u00bbArtes Esc\u00e9nicas\u00bb color=\u00bbsandy-brown\u00bb size=\u00bbsm\u00bb align=\u00bbcenter\u00bb button_block=\u00bbtrue\u00bb css=\u00bb.vc_custom_1633987650985{margin-top: 0px !important;margin-right: 0px !important;margin-bottom: 0px !important;margin-left: 0px !important;padding-top: 0px !important;padding-right: 0px !important;padding-bottom: 0px !important;padding-left: 0px !important;}\u00bb][\/vc_column][\/vc_row][vc_row gap=\u00bb1&#8243; content_placement=\u00bbmiddle\u00bb css=\u00bb.vc_custom_1633985180410{margin-top: 0px !important;margin-right: 0px !important;margin-bottom: 0px !important;margin-left: 0px !important;padding-top: 0px !important;padding-right: 0px !important;padding-bottom: 0px !important;padding-left: 0px !important;}\u00bb][vc_column width=\u00bb1\/5&#8243; css=\u00bb.vc_custom_1633985276661{margin-top: 0px !important;margin-right: 0px !important;margin-bottom: 0px !important;margin-left: 0px !important;padding-top: 0px !important;padding-right: 0px !important;padding-bottom: 0px !important;padding-left: 0px !important;}\u00bb][vc_btn title=\u00bbProducci\u00f3n Visual\u00bb color=\u00bbpurple\u00bb size=\u00bbsm\u00bb align=\u00bbcenter\u00bb button_block=\u00bbtrue\u00bb css=\u00bb.vc_custom_1633987685194{margin-top: 0px !important;margin-right: 0px !important;margin-bottom: 0px !important;margin-left: 0px !important;padding-top: 0px !important;padding-right: 0px !important;padding-bottom: 0px !important;padding-left: 0px !important;}\u00bb][\/vc_column][vc_column width=\u00bb1\/5&#8243; css=\u00bb.vc_custom_1633985635285{margin-top: 0px !important;margin-right: 0px !important;margin-bottom: 0px !important;margin-left: 0px !important;padding-top: 0px !important;padding-right: 0px !important;padding-bottom: 0px !important;padding-left: 0px !important;}\u00bb][\/vc_column][vc_column width=\u00bb1\/5&#8243; css=\u00bb.vc_custom_1633985677238{margin-top: 0px !important;margin-right: 0px !important;margin-bottom: 0px !important;margin-left: 0px !important;padding-top: 0px !important;padding-right: 0px !important;padding-bottom: 0px !important;padding-left: 0px !important;}\u00bb][\/vc_column][vc_column width=\u00bb1\/5&#8243; css=\u00bb.vc_custom_1633985713801{margin-top: 0px !important;margin-right: 0px !important;margin-bottom: 0px !important;margin-left: 0px !important;padding-top: 0px !important;padding-right: 0px !important;padding-bottom: 0px !important;padding-left: 0px !important;}\u00bb][\/vc_column][vc_column width=\u00bb1\/5&#8243; css=\u00bb.vc_custom_1633987274301{margin-top: 0px !important;margin-right: 0px !important;margin-bottom: 0px !important;margin-left: 0px !important;padding-top: 0px !important;padding-right: 0px !important;padding-bottom: 0px !important;padding-left: 0px !important;}\u00bb][\/vc_column][\/vc_row]<\/p>\n<\/div>","protected":false},"excerpt":{"rendered":"<p>[vc_row][vc_column][vc_column_text] Es una actividad obligatoria que se realiza en el 3er \u00f3 4to semestre de las carreras ofertadas por la FACYT, orientado hacia la formaci\u00f3n integral de los estudiantes, organizado a trav\u00e9s de encuentros culturales y de talleres, donde el estudiante podr\u00e1 seleccionar un taller seg\u00fan su preferencia. [\/vc_column_text][vc_btn title=\u00bbEnlace para Inscripci\u00f3n al taller\u00bb size=\u00bbsm\u00bb&hellip;<\/p>\n","protected":false},"author":5,"featured_media":0,"parent":0,"menu_order":0,"comment_status":"closed","ping_status":"closed","template":"","meta":{"footnotes":""},"class_list":["post-464","page","type-page","status-publish","hentry"],"yoast_head":"<!-- This site is optimized with the Yoast SEO plugin v27.1.1 - https:\/\/yoast.com\/product\/yoast-seo-wordpress\/ -->\n<title>Apreciaci\u00f3n Cultural - Facultad Experimental de Ciencias y Tecnolog\u00eda<\/title>\n<meta name=\"robots\" content=\"index, follow, max-snippet:-1, max-image-preview:large, max-video-preview:-1\" \/>\n<link rel=\"canonical\" href=\"https:\/\/www.facyt.uc.edu.ve\/web\/apreciacion-cultural\/\" \/>\n<meta property=\"og:locale\" content=\"es_ES\" \/>\n<meta property=\"og:type\" content=\"article\" \/>\n<meta property=\"og:title\" content=\"Apreciaci\u00f3n Cultural - Facultad Experimental de Ciencias y Tecnolog\u00eda\" \/>\n<meta property=\"og:description\" content=\"[vc_row][vc_column][vc_column_text] Es una actividad obligatoria que se realiza en el 3er \u00f3 4to semestre de las carreras ofertadas por la FACYT, orientado hacia la formaci\u00f3n integral de los estudiantes, organizado a trav\u00e9s de encuentros culturales y de talleres, donde el estudiante podr\u00e1 seleccionar un taller seg\u00fan su preferencia. [\/vc_column_text][vc_btn title=\u00bbEnlace para Inscripci\u00f3n al taller\u00bb size=\u00bbsm\u00bb&hellip;\" \/>\n<meta property=\"og:url\" content=\"https:\/\/www.facyt.uc.edu.ve\/web\/apreciacion-cultural\/\" \/>\n<meta property=\"og:site_name\" content=\"Facultad Experimental de Ciencias y Tecnolog\u00eda\" \/>\n<meta property=\"article:modified_time\" content=\"2023-08-03T13:38:30+00:00\" \/>\n<meta name=\"twitter:card\" content=\"summary_large_image\" \/>\n<meta name=\"twitter:label1\" content=\"Tiempo estimado de lectura\" \/>\n\t<meta name=\"twitter:data1\" content=\"8 minutos\" \/>\n<script type=\"application\/ld+json\" class=\"yoast-schema-graph\">{\"@context\":\"https:\/\/schema.org\",\"@graph\":[{\"@type\":\"WebPage\",\"@id\":\"https:\/\/www.facyt.uc.edu.ve\/web\/apreciacion-cultural\/\",\"url\":\"https:\/\/www.facyt.uc.edu.ve\/web\/apreciacion-cultural\/\",\"name\":\"Apreciaci\u00f3n Cultural - Facultad Experimental de Ciencias y Tecnolog\u00eda\",\"isPartOf\":{\"@id\":\"https:\/\/www.facyt.uc.edu.ve\/web\/#website\"},\"datePublished\":\"2021-08-23T23:34:41+00:00\",\"dateModified\":\"2023-08-03T13:38:30+00:00\",\"breadcrumb\":{\"@id\":\"https:\/\/www.facyt.uc.edu.ve\/web\/apreciacion-cultural\/#breadcrumb\"},\"inLanguage\":\"es\",\"potentialAction\":[{\"@type\":\"ReadAction\",\"target\":[\"https:\/\/www.facyt.uc.edu.ve\/web\/apreciacion-cultural\/\"]}]},{\"@type\":\"BreadcrumbList\",\"@id\":\"https:\/\/www.facyt.uc.edu.ve\/web\/apreciacion-cultural\/#breadcrumb\",\"itemListElement\":[{\"@type\":\"ListItem\",\"position\":1,\"name\":\"Portada\",\"item\":\"https:\/\/www.facyt.uc.edu.ve\/web\/\"},{\"@type\":\"ListItem\",\"position\":2,\"name\":\"Apreciaci\u00f3n Cultural\"}]},{\"@type\":\"WebSite\",\"@id\":\"https:\/\/www.facyt.uc.edu.ve\/web\/#website\",\"url\":\"https:\/\/www.facyt.uc.edu.ve\/web\/\",\"name\":\"Facultad Experimental de Ciencias y Tecnolog\u00eda\",\"description\":\"FaCyT UC\",\"publisher\":{\"@id\":\"https:\/\/www.facyt.uc.edu.ve\/web\/#organization\"},\"alternateName\":\"FaCyT\",\"potentialAction\":[{\"@type\":\"SearchAction\",\"target\":{\"@type\":\"EntryPoint\",\"urlTemplate\":\"https:\/\/www.facyt.uc.edu.ve\/web\/?s={search_term_string}\"},\"query-input\":{\"@type\":\"PropertyValueSpecification\",\"valueRequired\":true,\"valueName\":\"search_term_string\"}}],\"inLanguage\":\"es\"},{\"@type\":\"Organization\",\"@id\":\"https:\/\/www.facyt.uc.edu.ve\/web\/#organization\",\"name\":\"Facultad Experimental de Ciencias y Tecnolog\u00eda\",\"url\":\"https:\/\/www.facyt.uc.edu.ve\/web\/\",\"logo\":{\"@type\":\"ImageObject\",\"inLanguage\":\"es\",\"@id\":\"https:\/\/www.facyt.uc.edu.ve\/web\/#\/schema\/logo\/image\/\",\"url\":\"https:\/\/www.facyt.uc.edu.ve\/web\/wp-content\/uploads\/2025\/11\/Logo_de_la_Facultad_Experimental_de_Ciencia_y_Tecnologia-scaled.jpg\",\"contentUrl\":\"https:\/\/www.facyt.uc.edu.ve\/web\/wp-content\/uploads\/2025\/11\/Logo_de_la_Facultad_Experimental_de_Ciencia_y_Tecnologia-scaled.jpg\",\"width\":2560,\"height\":2560,\"caption\":\"Facultad Experimental de Ciencias y Tecnolog\u00eda\"},\"image\":{\"@id\":\"https:\/\/www.facyt.uc.edu.ve\/web\/#\/schema\/logo\/image\/\"},\"sameAs\":[\"https:\/\/instagram.com\/facytuc.oficial\/yoast\"]}]}<\/script>\n<!-- \/ Yoast SEO plugin. -->","yoast_head_json":{"title":"Apreciaci\u00f3n Cultural - Facultad Experimental de Ciencias y Tecnolog\u00eda","robots":{"index":"index","follow":"follow","max-snippet":"max-snippet:-1","max-image-preview":"max-image-preview:large","max-video-preview":"max-video-preview:-1"},"canonical":"https:\/\/www.facyt.uc.edu.ve\/web\/apreciacion-cultural\/","og_locale":"es_ES","og_type":"article","og_title":"Apreciaci\u00f3n Cultural - Facultad Experimental de Ciencias y Tecnolog\u00eda","og_description":"[vc_row][vc_column][vc_column_text] Es una actividad obligatoria que se realiza en el 3er \u00f3 4to semestre de las carreras ofertadas por la FACYT, orientado hacia la formaci\u00f3n integral de los estudiantes, organizado a trav\u00e9s de encuentros culturales y de talleres, donde el estudiante podr\u00e1 seleccionar un taller seg\u00fan su preferencia. [\/vc_column_text][vc_btn title=\u00bbEnlace para Inscripci\u00f3n al taller\u00bb size=\u00bbsm\u00bb&hellip;","og_url":"https:\/\/www.facyt.uc.edu.ve\/web\/apreciacion-cultural\/","og_site_name":"Facultad Experimental de Ciencias y Tecnolog\u00eda","article_modified_time":"2023-08-03T13:38:30+00:00","twitter_card":"summary_large_image","twitter_misc":{"Tiempo estimado de lectura":"8 minutos"},"schema":{"@context":"https:\/\/schema.org","@graph":[{"@type":"WebPage","@id":"https:\/\/www.facyt.uc.edu.ve\/web\/apreciacion-cultural\/","url":"https:\/\/www.facyt.uc.edu.ve\/web\/apreciacion-cultural\/","name":"Apreciaci\u00f3n Cultural - Facultad Experimental de Ciencias y Tecnolog\u00eda","isPartOf":{"@id":"https:\/\/www.facyt.uc.edu.ve\/web\/#website"},"datePublished":"2021-08-23T23:34:41+00:00","dateModified":"2023-08-03T13:38:30+00:00","breadcrumb":{"@id":"https:\/\/www.facyt.uc.edu.ve\/web\/apreciacion-cultural\/#breadcrumb"},"inLanguage":"es","potentialAction":[{"@type":"ReadAction","target":["https:\/\/www.facyt.uc.edu.ve\/web\/apreciacion-cultural\/"]}]},{"@type":"BreadcrumbList","@id":"https:\/\/www.facyt.uc.edu.ve\/web\/apreciacion-cultural\/#breadcrumb","itemListElement":[{"@type":"ListItem","position":1,"name":"Portada","item":"https:\/\/www.facyt.uc.edu.ve\/web\/"},{"@type":"ListItem","position":2,"name":"Apreciaci\u00f3n Cultural"}]},{"@type":"WebSite","@id":"https:\/\/www.facyt.uc.edu.ve\/web\/#website","url":"https:\/\/www.facyt.uc.edu.ve\/web\/","name":"Facultad Experimental de Ciencias y Tecnolog\u00eda","description":"FaCyT UC","publisher":{"@id":"https:\/\/www.facyt.uc.edu.ve\/web\/#organization"},"alternateName":"FaCyT","potentialAction":[{"@type":"SearchAction","target":{"@type":"EntryPoint","urlTemplate":"https:\/\/www.facyt.uc.edu.ve\/web\/?s={search_term_string}"},"query-input":{"@type":"PropertyValueSpecification","valueRequired":true,"valueName":"search_term_string"}}],"inLanguage":"es"},{"@type":"Organization","@id":"https:\/\/www.facyt.uc.edu.ve\/web\/#organization","name":"Facultad Experimental de Ciencias y Tecnolog\u00eda","url":"https:\/\/www.facyt.uc.edu.ve\/web\/","logo":{"@type":"ImageObject","inLanguage":"es","@id":"https:\/\/www.facyt.uc.edu.ve\/web\/#\/schema\/logo\/image\/","url":"https:\/\/www.facyt.uc.edu.ve\/web\/wp-content\/uploads\/2025\/11\/Logo_de_la_Facultad_Experimental_de_Ciencia_y_Tecnologia-scaled.jpg","contentUrl":"https:\/\/www.facyt.uc.edu.ve\/web\/wp-content\/uploads\/2025\/11\/Logo_de_la_Facultad_Experimental_de_Ciencia_y_Tecnologia-scaled.jpg","width":2560,"height":2560,"caption":"Facultad Experimental de Ciencias y Tecnolog\u00eda"},"image":{"@id":"https:\/\/www.facyt.uc.edu.ve\/web\/#\/schema\/logo\/image\/"},"sameAs":["https:\/\/instagram.com\/facytuc.oficial\/yoast"]}]}},"_links":{"self":[{"href":"https:\/\/www.facyt.uc.edu.ve\/web\/wp-json\/wp\/v2\/pages\/464","targetHints":{"allow":["GET"]}}],"collection":[{"href":"https:\/\/www.facyt.uc.edu.ve\/web\/wp-json\/wp\/v2\/pages"}],"about":[{"href":"https:\/\/www.facyt.uc.edu.ve\/web\/wp-json\/wp\/v2\/types\/page"}],"author":[{"embeddable":true,"href":"https:\/\/www.facyt.uc.edu.ve\/web\/wp-json\/wp\/v2\/users\/5"}],"replies":[{"embeddable":true,"href":"https:\/\/www.facyt.uc.edu.ve\/web\/wp-json\/wp\/v2\/comments?post=464"}],"version-history":[{"count":22,"href":"https:\/\/www.facyt.uc.edu.ve\/web\/wp-json\/wp\/v2\/pages\/464\/revisions"}],"predecessor-version":[{"id":1518,"href":"https:\/\/www.facyt.uc.edu.ve\/web\/wp-json\/wp\/v2\/pages\/464\/revisions\/1518"}],"wp:attachment":[{"href":"https:\/\/www.facyt.uc.edu.ve\/web\/wp-json\/wp\/v2\/media?parent=464"}],"curies":[{"name":"wp","href":"https:\/\/api.w.org\/{rel}","templated":true}]}}