{"id":463,"date":"2021-08-23T19:34:41","date_gmt":"2021-08-23T23:34:41","guid":{"rendered":"http:\/\/vps1.facyt.uc.edu.ve\/web\/?page_id=463"},"modified":"2021-09-28T18:55:45","modified_gmt":"2021-09-28T22:55:45","slug":"servicio-comunitario","status":"publish","type":"page","link":"https:\/\/www.facyt.uc.edu.ve\/web\/servicio-comunitario\/","title":{"rendered":"Servicio Comunitario"},"content":{"rendered":"<div class=\"wpb-content-wrapper\"><p>[vc_row][vc_column width=\u00bb1\/2&#8243;][vc_btn title=\u00bbDepartamento de Computaci\u00f3n:\u00bb color=\u00bbsky\u00bb size=\u00bblg\u00bb align=\u00bbleft\u00bb el_class=\u00bbservicio_boton&#8211;computacion\u00bb css=\u00bb.vc_custom_1632867330923{margin-top: 0px !important;margin-right: 0px !important;margin-bottom: 0px !important;margin-left: 0px !important;border-top-width: 0px !important;border-right-width: 0px !important;border-bottom-width: 0px !important;border-left-width: 0px !important;padding-top: 0px !important;padding-right: 0px !important;padding-bottom: 0px !important;padding-left: 0px !important;}\u00bb][vc_column_text css=\u00bb.vc_custom_1632869704610{margin-left: 0px !important;}\u00bb]<\/p>\n<ul style=\"margin-left: 0;\">\n<li style=\"text-align: justify; margin-top:5px;\">Alfabetizaci\u00f3n tecnol\u00f3gica a las comunidades del estado Carabobo utilizando el sistema operativo salas Canaima y herramientas de oficina bajo software libre.<\/li>\n<li style=\"text-align: justify; margin-top:5px;\">Fortalecimiento del \u00e1rea de computaci\u00f3n en centros de ciencias estudiantiles en instituciones educativas de los Municipios Naguanagua y Valencia del estado Carabobo.<\/li>\n<\/ul>\n<p>[\/vc_column_text][\/vc_column][vc_column width=\u00bb1\/2&#8243;][vc_btn title=\u00bbDepartamento de Matem\u00e1tica:\u00bb color=\u00bbsky\u00bb size=\u00bblg\u00bb align=\u00bbleft\u00bb el_class=\u00bbservicio_boton&#8211;computacion\u00bb css=\u00bb.vc_custom_1632869170938{margin-top: 0px !important;margin-right: 0px !important;margin-bottom: 0px !important;margin-left: 0px !important;border-top-width: 0px !important;border-right-width: 0px !important;border-bottom-width: 0px !important;border-left-width: 0px !important;padding-top: 0px !important;padding-right: 0px !important;padding-bottom: 0px !important;padding-left: 0px !important;}\u00bb][vc_column_text css=\u00bb.vc_custom_1632869734472{margin-left: 0px !important;}\u00bb]<\/p>\n<ul style=\"margin-left: 0;\">\n<li style=\"text-align: justify; margin-top:5px;\">Proceso de ense\u00f1anza aprendizaje hacia las matem\u00e1ticas en los estudiantes del s\u00e9ptimo grado de la U.E Campo Solo Municipio San Diego.<\/li>\n<li style=\"text-align: justify; margin-top:5px;\">Fortalecimiento del \u00e1rea de Matem\u00e1ticas en centros de ciencias en instituciones educativas de los Municipios Naguanagua del estado Carabobo.<\/li>\n<\/ul>\n<p>[\/vc_column_text][\/vc_column][\/vc_row][vc_row][vc_column width=\u00bb1\/2&#8243;][vc_btn title=\u00bbDepartamento de Qu\u00edmica:\u00bb color=\u00bbsky\u00bb size=\u00bblg\u00bb align=\u00bbleft\u00bb el_class=\u00bbservicio_boton&#8211;computacion\u00bb css=\u00bb.vc_custom_1632869257461{margin-top: 0px !important;margin-right: 0px !important;margin-bottom: 0px !important;margin-left: 0px !important;border-top-width: 0px !important;border-right-width: 0px !important;border-bottom-width: 0px !important;border-left-width: 0px !important;padding-top: 0px !important;padding-right: 0px !important;padding-bottom: 0px !important;padding-left: 0px !important;}\u00bb][vc_column_text css=\u00bb.vc_custom_1632869664060{margin-left: 0px !important;}\u00bb]<\/p>\n<ul style=\"margin-left: 0;\">\n<li style=\"text-align: justify; margin-top:5px;\">Valoraci\u00f3n de los residuos s\u00f3lidos urbanos para el mejoramiento de la calidad de vida de los habitantes de la comunidad Las Brisas de la Parroquia Miguel pe\u00f1a, del Municipio Valencia del estado Carabobo.<\/li>\n<li style=\"text-align: justify; margin-top:5px;\">Consolidaci\u00f3n en el \u00e1rea de Qu\u00edmica de las redes socialistas de innovaci\u00f3n productiva en el estado Carabobo.<\/li>\n<\/ul>\n<p>[\/vc_column_text][\/vc_column][vc_column width=\u00bb1\/2&#8243;][vc_btn title=\u00bbDepartamento de Biolog\u00eda:\u00bb color=\u00bbsky\u00bb size=\u00bblg\u00bb align=\u00bbleft\u00bb el_class=\u00bbservicio_boton&#8211;computacion\u00bb css=\u00bb.vc_custom_1632869341114{margin-top: 0px !important;margin-right: 0px !important;margin-bottom: 0px !important;margin-left: 0px !important;border-top-width: 0px !important;border-right-width: 0px !important;border-bottom-width: 0px !important;border-left-width: 0px !important;padding-top: 0px !important;padding-right: 0px !important;padding-bottom: 0px !important;padding-left: 0px !important;}\u00bb][vc_column_text css=\u00bb.vc_custom_1632869640425{margin-left: 0px !important;}\u00bb]<\/p>\n<ul style=\"margin-left: 0;\">\n<li style=\"text-align: justify; margin-top:5px;\">PROGRAMA de Centros de Ciencias Estudiantiles en Instituciones Educativas de los Municipios Naguanagua y Valencia del estado Caraobobo.<\/li>\n<li style=\"text-align: justify; margin-top:5px;\">Fortalecimiento del \u00e1rea de Biolog\u00eda en centros de ciencias instituciones educativas de los Municipios Valencia y Naguanagua del estado Carabobo.<\/li>\n<li style=\"text-align: justify; margin-top:5px;\">Consolidaci\u00f3n en el \u00e1rea de Biolog\u00eda de las redes socialistas de innovaci\u00f3n productiva en el estado Carabobo.<\/li>\n<\/ul>\n<p>[\/vc_column_text][\/vc_column][\/vc_row][vc_row][vc_column width=\u00bb1\/2&#8243;][vc_btn title=\u00bbDepartamento de F\u00edsica:\u00bb color=\u00bbsky\u00bb size=\u00bblg\u00bb align=\u00bbleft\u00bb el_class=\u00bbservicio_boton&#8211;computacion\u00bb css=\u00bb.vc_custom_1632869484678{margin-top: 0px !important;margin-right: 0px !important;margin-bottom: 0px !important;margin-left: 0px !important;border-top-width: 0px !important;border-right-width: 0px !important;border-bottom-width: 0px !important;border-left-width: 0px !important;padding-top: 0px !important;padding-right: 0px !important;padding-bottom: 0px !important;padding-left: 0px !important;}\u00bb][vc_column_text css=\u00bb.vc_custom_1632869685214{margin-left: 0px !important;}\u00bb]<\/p>\n<ul style=\"margin-left: 0;\">\n<li style=\"text-align: justify; margin-top:5px;\">Fortalecimiento del \u00e1rea de f\u00edsica en centros de ciencias instituciones educativas de los Municipios Valencia y Naguanagua del estado Carabobo.<\/li>\n<\/ul>\n<p>[\/vc_column_text][\/vc_column][\/vc_row]<\/p>\n<\/div>","protected":false},"excerpt":{"rendered":"<p>[vc_row][vc_column width=\u00bb1\/2&#8243;][vc_btn title=\u00bbDepartamento de Computaci\u00f3n:\u00bb color=\u00bbsky\u00bb size=\u00bblg\u00bb align=\u00bbleft\u00bb el_class=\u00bbservicio_boton&#8211;computacion\u00bb css=\u00bb.vc_custom_1632867330923{margin-top: 0px !important;margin-right: 0px !important;margin-bottom: 0px !important;margin-left: 0px !important;border-top-width: 0px !important;border-right-width: 0px !important;border-bottom-width: 0px !important;border-left-width: 0px !important;padding-top: 0px !important;padding-right: 0px !important;padding-bottom: 0px !important;padding-left: 0px !important;}\u00bb][vc_column_text css=\u00bb.vc_custom_1632869704610{margin-left: 0px !important;}\u00bb] Alfabetizaci\u00f3n tecnol\u00f3gica a las comunidades del estado Carabobo utilizando el sistema operativo salas Canaima y herramientas de oficina&hellip;<\/p>\n","protected":false},"author":5,"featured_media":0,"parent":0,"menu_order":0,"comment_status":"closed","ping_status":"closed","template":"","meta":{"footnotes":""},"class_list":["post-463","page","type-page","status-publish","hentry"],"yoast_head":"<!-- This site is optimized with the Yoast SEO plugin v27.1.1 - https:\/\/yoast.com\/product\/yoast-seo-wordpress\/ -->\n<title>Servicio Comunitario - Facultad Experimental de Ciencias y Tecnolog\u00eda<\/title>\n<meta name=\"robots\" content=\"index, follow, max-snippet:-1, max-image-preview:large, max-video-preview:-1\" \/>\n<link rel=\"canonical\" href=\"https:\/\/www.facyt.uc.edu.ve\/web\/servicio-comunitario\/\" \/>\n<meta property=\"og:locale\" content=\"es_ES\" \/>\n<meta property=\"og:type\" content=\"article\" \/>\n<meta property=\"og:title\" content=\"Servicio Comunitario - Facultad Experimental de Ciencias y Tecnolog\u00eda\" \/>\n<meta property=\"og:description\" content=\"[vc_row][vc_column width=\u00bb1\/2&#8243;][vc_btn title=\u00bbDepartamento de Computaci\u00f3n:\u00bb color=\u00bbsky\u00bb size=\u00bblg\u00bb align=\u00bbleft\u00bb el_class=\u00bbservicio_boton&#8211;computacion\u00bb css=\u00bb.vc_custom_1632867330923{margin-top: 0px !important;margin-right: 0px !important;margin-bottom: 0px !important;margin-left: 0px !important;border-top-width: 0px !important;border-right-width: 0px !important;border-bottom-width: 0px !important;border-left-width: 0px !important;padding-top: 0px !important;padding-right: 0px !important;padding-bottom: 0px !important;padding-left: 0px !important;}\u00bb][vc_column_text css=\u00bb.vc_custom_1632869704610{margin-left: 0px !important;}\u00bb] Alfabetizaci\u00f3n tecnol\u00f3gica a las comunidades del estado Carabobo utilizando el sistema operativo salas Canaima y herramientas de oficina&hellip;\" \/>\n<meta property=\"og:url\" content=\"https:\/\/www.facyt.uc.edu.ve\/web\/servicio-comunitario\/\" \/>\n<meta property=\"og:site_name\" content=\"Facultad Experimental de Ciencias y Tecnolog\u00eda\" \/>\n<meta property=\"article:modified_time\" content=\"2021-09-28T22:55:45+00:00\" \/>\n<meta name=\"twitter:card\" content=\"summary_large_image\" \/>\n<meta name=\"twitter:label1\" content=\"Tiempo estimado de lectura\" \/>\n\t<meta name=\"twitter:data1\" content=\"3 minutos\" \/>\n<script type=\"application\/ld+json\" class=\"yoast-schema-graph\">{\"@context\":\"https:\/\/schema.org\",\"@graph\":[{\"@type\":\"WebPage\",\"@id\":\"https:\/\/www.facyt.uc.edu.ve\/web\/servicio-comunitario\/\",\"url\":\"https:\/\/www.facyt.uc.edu.ve\/web\/servicio-comunitario\/\",\"name\":\"Servicio Comunitario - Facultad Experimental de Ciencias y Tecnolog\u00eda\",\"isPartOf\":{\"@id\":\"https:\/\/www.facyt.uc.edu.ve\/web\/#website\"},\"datePublished\":\"2021-08-23T23:34:41+00:00\",\"dateModified\":\"2021-09-28T22:55:45+00:00\",\"breadcrumb\":{\"@id\":\"https:\/\/www.facyt.uc.edu.ve\/web\/servicio-comunitario\/#breadcrumb\"},\"inLanguage\":\"es\",\"potentialAction\":[{\"@type\":\"ReadAction\",\"target\":[\"https:\/\/www.facyt.uc.edu.ve\/web\/servicio-comunitario\/\"]}]},{\"@type\":\"BreadcrumbList\",\"@id\":\"https:\/\/www.facyt.uc.edu.ve\/web\/servicio-comunitario\/#breadcrumb\",\"itemListElement\":[{\"@type\":\"ListItem\",\"position\":1,\"name\":\"Portada\",\"item\":\"https:\/\/www.facyt.uc.edu.ve\/web\/\"},{\"@type\":\"ListItem\",\"position\":2,\"name\":\"Servicio Comunitario\"}]},{\"@type\":\"WebSite\",\"@id\":\"https:\/\/www.facyt.uc.edu.ve\/web\/#website\",\"url\":\"https:\/\/www.facyt.uc.edu.ve\/web\/\",\"name\":\"Facultad Experimental de Ciencias y Tecnolog\u00eda\",\"description\":\"FaCyT UC\",\"publisher\":{\"@id\":\"https:\/\/www.facyt.uc.edu.ve\/web\/#organization\"},\"alternateName\":\"FaCyT\",\"potentialAction\":[{\"@type\":\"SearchAction\",\"target\":{\"@type\":\"EntryPoint\",\"urlTemplate\":\"https:\/\/www.facyt.uc.edu.ve\/web\/?s={search_term_string}\"},\"query-input\":{\"@type\":\"PropertyValueSpecification\",\"valueRequired\":true,\"valueName\":\"search_term_string\"}}],\"inLanguage\":\"es\"},{\"@type\":\"Organization\",\"@id\":\"https:\/\/www.facyt.uc.edu.ve\/web\/#organization\",\"name\":\"Facultad Experimental de Ciencias y Tecnolog\u00eda\",\"url\":\"https:\/\/www.facyt.uc.edu.ve\/web\/\",\"logo\":{\"@type\":\"ImageObject\",\"inLanguage\":\"es\",\"@id\":\"https:\/\/www.facyt.uc.edu.ve\/web\/#\/schema\/logo\/image\/\",\"url\":\"https:\/\/www.facyt.uc.edu.ve\/web\/wp-content\/uploads\/2025\/11\/Logo_de_la_Facultad_Experimental_de_Ciencia_y_Tecnologia-scaled.jpg\",\"contentUrl\":\"https:\/\/www.facyt.uc.edu.ve\/web\/wp-content\/uploads\/2025\/11\/Logo_de_la_Facultad_Experimental_de_Ciencia_y_Tecnologia-scaled.jpg\",\"width\":2560,\"height\":2560,\"caption\":\"Facultad Experimental de Ciencias y Tecnolog\u00eda\"},\"image\":{\"@id\":\"https:\/\/www.facyt.uc.edu.ve\/web\/#\/schema\/logo\/image\/\"},\"sameAs\":[\"https:\/\/instagram.com\/facytuc.oficial\/yoast\"]}]}<\/script>\n<!-- \/ Yoast SEO plugin. -->","yoast_head_json":{"title":"Servicio Comunitario - Facultad Experimental de Ciencias y Tecnolog\u00eda","robots":{"index":"index","follow":"follow","max-snippet":"max-snippet:-1","max-image-preview":"max-image-preview:large","max-video-preview":"max-video-preview:-1"},"canonical":"https:\/\/www.facyt.uc.edu.ve\/web\/servicio-comunitario\/","og_locale":"es_ES","og_type":"article","og_title":"Servicio Comunitario - Facultad Experimental de Ciencias y Tecnolog\u00eda","og_description":"[vc_row][vc_column width=\u00bb1\/2&#8243;][vc_btn title=\u00bbDepartamento de Computaci\u00f3n:\u00bb color=\u00bbsky\u00bb size=\u00bblg\u00bb align=\u00bbleft\u00bb el_class=\u00bbservicio_boton&#8211;computacion\u00bb css=\u00bb.vc_custom_1632867330923{margin-top: 0px !important;margin-right: 0px !important;margin-bottom: 0px !important;margin-left: 0px !important;border-top-width: 0px !important;border-right-width: 0px !important;border-bottom-width: 0px !important;border-left-width: 0px !important;padding-top: 0px !important;padding-right: 0px !important;padding-bottom: 0px !important;padding-left: 0px !important;}\u00bb][vc_column_text css=\u00bb.vc_custom_1632869704610{margin-left: 0px !important;}\u00bb] Alfabetizaci\u00f3n tecnol\u00f3gica a las comunidades del estado Carabobo utilizando el sistema operativo salas Canaima y herramientas de oficina&hellip;","og_url":"https:\/\/www.facyt.uc.edu.ve\/web\/servicio-comunitario\/","og_site_name":"Facultad Experimental de Ciencias y Tecnolog\u00eda","article_modified_time":"2021-09-28T22:55:45+00:00","twitter_card":"summary_large_image","twitter_misc":{"Tiempo estimado de lectura":"3 minutos"},"schema":{"@context":"https:\/\/schema.org","@graph":[{"@type":"WebPage","@id":"https:\/\/www.facyt.uc.edu.ve\/web\/servicio-comunitario\/","url":"https:\/\/www.facyt.uc.edu.ve\/web\/servicio-comunitario\/","name":"Servicio Comunitario - Facultad Experimental de Ciencias y Tecnolog\u00eda","isPartOf":{"@id":"https:\/\/www.facyt.uc.edu.ve\/web\/#website"},"datePublished":"2021-08-23T23:34:41+00:00","dateModified":"2021-09-28T22:55:45+00:00","breadcrumb":{"@id":"https:\/\/www.facyt.uc.edu.ve\/web\/servicio-comunitario\/#breadcrumb"},"inLanguage":"es","potentialAction":[{"@type":"ReadAction","target":["https:\/\/www.facyt.uc.edu.ve\/web\/servicio-comunitario\/"]}]},{"@type":"BreadcrumbList","@id":"https:\/\/www.facyt.uc.edu.ve\/web\/servicio-comunitario\/#breadcrumb","itemListElement":[{"@type":"ListItem","position":1,"name":"Portada","item":"https:\/\/www.facyt.uc.edu.ve\/web\/"},{"@type":"ListItem","position":2,"name":"Servicio Comunitario"}]},{"@type":"WebSite","@id":"https:\/\/www.facyt.uc.edu.ve\/web\/#website","url":"https:\/\/www.facyt.uc.edu.ve\/web\/","name":"Facultad Experimental de Ciencias y Tecnolog\u00eda","description":"FaCyT UC","publisher":{"@id":"https:\/\/www.facyt.uc.edu.ve\/web\/#organization"},"alternateName":"FaCyT","potentialAction":[{"@type":"SearchAction","target":{"@type":"EntryPoint","urlTemplate":"https:\/\/www.facyt.uc.edu.ve\/web\/?s={search_term_string}"},"query-input":{"@type":"PropertyValueSpecification","valueRequired":true,"valueName":"search_term_string"}}],"inLanguage":"es"},{"@type":"Organization","@id":"https:\/\/www.facyt.uc.edu.ve\/web\/#organization","name":"Facultad Experimental de Ciencias y Tecnolog\u00eda","url":"https:\/\/www.facyt.uc.edu.ve\/web\/","logo":{"@type":"ImageObject","inLanguage":"es","@id":"https:\/\/www.facyt.uc.edu.ve\/web\/#\/schema\/logo\/image\/","url":"https:\/\/www.facyt.uc.edu.ve\/web\/wp-content\/uploads\/2025\/11\/Logo_de_la_Facultad_Experimental_de_Ciencia_y_Tecnologia-scaled.jpg","contentUrl":"https:\/\/www.facyt.uc.edu.ve\/web\/wp-content\/uploads\/2025\/11\/Logo_de_la_Facultad_Experimental_de_Ciencia_y_Tecnologia-scaled.jpg","width":2560,"height":2560,"caption":"Facultad Experimental de Ciencias y Tecnolog\u00eda"},"image":{"@id":"https:\/\/www.facyt.uc.edu.ve\/web\/#\/schema\/logo\/image\/"},"sameAs":["https:\/\/instagram.com\/facytuc.oficial\/yoast"]}]}},"_links":{"self":[{"href":"https:\/\/www.facyt.uc.edu.ve\/web\/wp-json\/wp\/v2\/pages\/463","targetHints":{"allow":["GET"]}}],"collection":[{"href":"https:\/\/www.facyt.uc.edu.ve\/web\/wp-json\/wp\/v2\/pages"}],"about":[{"href":"https:\/\/www.facyt.uc.edu.ve\/web\/wp-json\/wp\/v2\/types\/page"}],"author":[{"embeddable":true,"href":"https:\/\/www.facyt.uc.edu.ve\/web\/wp-json\/wp\/v2\/users\/5"}],"replies":[{"embeddable":true,"href":"https:\/\/www.facyt.uc.edu.ve\/web\/wp-json\/wp\/v2\/comments?post=463"}],"version-history":[{"count":14,"href":"https:\/\/www.facyt.uc.edu.ve\/web\/wp-json\/wp\/v2\/pages\/463\/revisions"}],"predecessor-version":[{"id":1353,"href":"https:\/\/www.facyt.uc.edu.ve\/web\/wp-json\/wp\/v2\/pages\/463\/revisions\/1353"}],"wp:attachment":[{"href":"https:\/\/www.facyt.uc.edu.ve\/web\/wp-json\/wp\/v2\/media?parent=463"}],"curies":[{"name":"wp","href":"https:\/\/api.w.org\/{rel}","templated":true}]}}