{"id":462,"date":"2021-08-23T19:34:41","date_gmt":"2021-08-23T23:34:41","guid":{"rendered":"http:\/\/vps1.facyt.uc.edu.ve\/web\/?page_id=462"},"modified":"2021-09-28T18:00:48","modified_gmt":"2021-09-28T22:00:48","slug":"pasantias","status":"publish","type":"page","link":"https:\/\/www.facyt.uc.edu.ve\/web\/pasantias\/","title":{"rendered":"Pasant\u00edas"},"content":{"rendered":"<div class=\"wpb-content-wrapper\"><p>[vc_row][vc_column][vc_column_text]<\/p>\n<h2><span style=\"color: #0092d0; text-transform:none;\">\u00bfQu\u00e9 es una pasant\u00eda?<\/span><\/h2>\n<p style=\"text-align: justify; \">El reglamento de la Universidad de Carabobo, en su art\u00edculo 2, define las pasant\u00edas como la actividad curricular de entrenamiento y capacitaci\u00f3n laboral, orientada a la aplicaci\u00f3n de los conocimientos, habilidades y destrezas obtenidos por el estudiante durante su formaci\u00f3n acad\u00e9mica, con el objeto de prepararlo para el desempe\u00f1o profesional. Estas pueden ser tiempo completo o tiempo parcial. Su duraci\u00f3n ser\u00e1 de 12 semanas si es tiempo completo es decir 6 horas por 5 d\u00edas a la semana y 24 semanas si es tiempo parcial, es decir 3 horas diarias por 5 d\u00edas, para un total de 360 horas m\u00ednimas en ambos casos.<\/p>\n<h2><span style=\"color: #0092d0; text-transform:none;\">Objetivos<\/span><\/h2>\n<p style=\"text-align: justify;\">Establecer v\u00ednculos directos con las empresas e instituciones p\u00fablicas y privadas, universidades o centros de investigaciones para obtener la informaci\u00f3n sobre posibles intercambios en el \u00e1rea de las ciencias b\u00e1sicas.<\/p>\n<p style=\"text-align: justify; \">Ofrecer y mantener una informaci\u00f3n clara, oportuna y precisa de las ofertas de pasant\u00edas existentes en las empresas e instituciones p\u00fablicas y privadas, universidades o centros de investigaciones.<\/p>\n<p>[\/vc_column_text][\/vc_column][\/vc_row][vc_row][vc_column][vc_tta_accordion active_section=\u00bb1&#8243; css=\u00bb.vc_custom_1632866422258{margin-right: 1px !important;border-right-width: 1px !important;border-left-width: 1px !important;border-left-color: #0092d0 !important;border-right-color: #0092d0 !important;}\u00bb][vc_tta_section title=\u00bb\u00bfD\u00f3nde inscribir las pasant\u00edas?\u00bb tab_id=\u00bb1632861510947-e456564a-f5bd\u00bb el_class=\u00bbpasantia__acordion&#8211;title\u00bb][vc_column_text]<\/p>\n<p style=\"text-align: justify;\">Los estudiantes deben de inscribir pasant\u00edas en la Direcci\u00f3n de Asuntos Estudiantiles (DAE), v\u00eda web a trav\u00e9s de\u00a0<a href=\"http:\/\/sice.facyt.uc.edu.ve\/\">sice.facyt.uc.edu.ve<\/a>, seg\u00fan su pensum de estudios.<\/p>\n<p style=\"text-align: left;\">Requisitos:<\/p>\n<ul style=\"text-align: justify;\">\n<li>Tener aprobado el 7mo semestre de la carrera.<\/li>\n<li style=\"text-align: left;\">Cumplir con las normas y los reglamentos vigentes.<\/li>\n<\/ul>\n<p>[\/vc_column_text][\/vc_tta_section][vc_tta_section title=\u00bb\u00bfD\u00f3nde realizar las pasant\u00edas?\u00bb tab_id=\u00bb1632861510947-3ea9dea7-5a05&#8243; el_class=\u00bbpasantia__acordion&#8211;title\u00bb][vc_column_text]<\/p>\n<p style=\"text-align: justify;\">Preferiblemente en empresas e instituciones p\u00fablicas y privadas, tambi\u00e9n en universidades o centros de investigaciones donde se pueda aplicar en un trabajo o proyecto espec\u00edfico los conocimientos, habilidades y destrezas obtenidos por el estudiante durante su formaci\u00f3n acad\u00e9mica. Lo ideal es que el estudiante salga de la universidad donde se est\u00e1 formando para que entre en contacto con otros \u00e1mbitos de desempe\u00f1os profesionales distintos al habitual.<\/p>\n<p>[\/vc_column_text][\/vc_tta_section][vc_tta_section title=\u00bb\u00bfC\u00f3mo conseguir pasant\u00edas?\u00bb tab_id=\u00bb1632861889803-a41d8d9f-3b52&#8243; el_class=\u00bbpasantia__acordion&#8211;title\u00bb][vc_column_text]<\/p>\n<ul>\n<li>Por iniciativa del estudiante.<\/li>\n<li>Por intermedio de FUNDEI.<\/li>\n<li>Por solicitud en la Coordinaci\u00f3n de Pasant\u00edas de la Direcci\u00f3n de Extensi\u00f3n de FACYT.<\/li>\n<\/ul>\n<p>[\/vc_column_text][\/vc_tta_section][vc_tta_section title=\u00bbRecomendaciones al Realizar tus Pasant\u00edas:\u00bb tab_id=\u00bb1632862035503-018744d8-7e92&#8243; el_class=\u00bbpasantia__acordion&#8211;title\u00bb][vc_column_text]<\/p>\n<ul>\n<li>Realizar actividades de tu carrera, poniendo en pr\u00e1ctica tus conocimientos adquiridos.<\/li>\n<li>Tener creatividad, iniciativa, motivaci\u00f3n a la hora de ejercer tus pasant\u00edas.<\/li>\n<li>Indagar, investigar, corregir fallas en la realizaci\u00f3n de tus pasant\u00edas.<\/li>\n<li>Capacidad de Auto-evaluaci\u00f3n.<\/li>\n<\/ul>\n<p>[\/vc_column_text][\/vc_tta_section][vc_tta_section title=\u00bbValores que Deben Formar Parte de un Pasante:\u00bb tab_id=\u00bb1632862088807-7e214a94-a2bb\u00bb el_class=\u00bbpasantia__acordion&#8211;title\u00bb][vc_column_text]<\/p>\n<ul>\n<li>Respetar el grupo de trabajo.<\/li>\n<li>Saber trabajar en equipo.<\/li>\n<li>Ganas de superaci\u00f3n y amor al trabajo.<\/li>\n<li>Generosidad, honestidad y cooperatividad.<\/li>\n<\/ul>\n<p>[\/vc_column_text][\/vc_tta_section][vc_tta_section title=\u00bbRequisitos para aprobar pasant\u00edas:\u00bb tab_id=\u00bb1632862104559-27e0a4bf-e64a\u00bb el_class=\u00bbpasantia__acordion&#8211;title\u00bb][vc_column_text]<\/p>\n<ul>\n<li>Tener inscrita la pasant\u00eda en control de estudio<\/li>\n<li>Realizar el Taller de Inducci\u00f3n de Pasant\u00edas, que oferta la coordinaci\u00f3n de pasant\u00edas de la direcci\u00f3n de extensi\u00f3n de la FACYT.<\/li>\n<li>Cumplir todos los pasos a seguir en el Sistema de Gesti\u00f3n de Pasant\u00edas<\/li>\n<li>Elaborar un informe digital en formato pdf de su pasant\u00eda bajo la supervisi\u00f3n del tutor acad\u00e9mico y tutor empresarial, los cuales evaluaran dicho informe.<\/li>\n<li>Defensa oral del informe de pasant\u00eda en las Jornadas de Presentaci\u00f3n Oral de Informes de Pasant\u00edas, las cuales se realizaran al finalizar cada semestre.<\/li>\n<\/ul>\n<p>[\/vc_column_text][\/vc_tta_section][\/vc_tta_accordion][\/vc_column][\/vc_row]<\/p>\n<\/div>","protected":false},"excerpt":{"rendered":"<p>[vc_row][vc_column][vc_column_text] \u00bfQu\u00e9 es una pasant\u00eda? El reglamento de la Universidad de Carabobo, en su art\u00edculo 2, define las pasant\u00edas como la actividad curricular de entrenamiento y capacitaci\u00f3n laboral, orientada a la aplicaci\u00f3n de los conocimientos, habilidades y destrezas obtenidos por el estudiante durante su formaci\u00f3n acad\u00e9mica, con el objeto de prepararlo para el desempe\u00f1o profesional.&hellip;<\/p>\n","protected":false},"author":5,"featured_media":0,"parent":0,"menu_order":0,"comment_status":"closed","ping_status":"closed","template":"","meta":{"footnotes":""},"class_list":["post-462","page","type-page","status-publish","hentry"],"yoast_head":"<!-- This site is optimized with the Yoast SEO plugin v27.1.1 - https:\/\/yoast.com\/product\/yoast-seo-wordpress\/ -->\n<title>Pasant\u00edas - Facultad Experimental de Ciencias y Tecnolog\u00eda<\/title>\n<meta name=\"robots\" content=\"index, follow, max-snippet:-1, max-image-preview:large, max-video-preview:-1\" \/>\n<link rel=\"canonical\" href=\"https:\/\/www.facyt.uc.edu.ve\/web\/pasantias\/\" \/>\n<meta property=\"og:locale\" content=\"es_ES\" \/>\n<meta property=\"og:type\" content=\"article\" \/>\n<meta property=\"og:title\" content=\"Pasant\u00edas - Facultad Experimental de Ciencias y Tecnolog\u00eda\" \/>\n<meta property=\"og:description\" content=\"[vc_row][vc_column][vc_column_text] \u00bfQu\u00e9 es una pasant\u00eda? El reglamento de la Universidad de Carabobo, en su art\u00edculo 2, define las pasant\u00edas como la actividad curricular de entrenamiento y capacitaci\u00f3n laboral, orientada a la aplicaci\u00f3n de los conocimientos, habilidades y destrezas obtenidos por el estudiante durante su formaci\u00f3n acad\u00e9mica, con el objeto de prepararlo para el desempe\u00f1o profesional.&hellip;\" \/>\n<meta property=\"og:url\" content=\"https:\/\/www.facyt.uc.edu.ve\/web\/pasantias\/\" \/>\n<meta property=\"og:site_name\" content=\"Facultad Experimental de Ciencias y Tecnolog\u00eda\" \/>\n<meta property=\"article:modified_time\" content=\"2021-09-28T22:00:48+00:00\" \/>\n<meta name=\"twitter:card\" content=\"summary_large_image\" \/>\n<meta name=\"twitter:label1\" content=\"Tiempo estimado de lectura\" \/>\n\t<meta name=\"twitter:data1\" content=\"4 minutos\" \/>\n<script type=\"application\/ld+json\" class=\"yoast-schema-graph\">{\"@context\":\"https:\/\/schema.org\",\"@graph\":[{\"@type\":\"WebPage\",\"@id\":\"https:\/\/www.facyt.uc.edu.ve\/web\/pasantias\/\",\"url\":\"https:\/\/www.facyt.uc.edu.ve\/web\/pasantias\/\",\"name\":\"Pasant\u00edas - Facultad Experimental de Ciencias y Tecnolog\u00eda\",\"isPartOf\":{\"@id\":\"https:\/\/www.facyt.uc.edu.ve\/web\/#website\"},\"datePublished\":\"2021-08-23T23:34:41+00:00\",\"dateModified\":\"2021-09-28T22:00:48+00:00\",\"breadcrumb\":{\"@id\":\"https:\/\/www.facyt.uc.edu.ve\/web\/pasantias\/#breadcrumb\"},\"inLanguage\":\"es\",\"potentialAction\":[{\"@type\":\"ReadAction\",\"target\":[\"https:\/\/www.facyt.uc.edu.ve\/web\/pasantias\/\"]}]},{\"@type\":\"BreadcrumbList\",\"@id\":\"https:\/\/www.facyt.uc.edu.ve\/web\/pasantias\/#breadcrumb\",\"itemListElement\":[{\"@type\":\"ListItem\",\"position\":1,\"name\":\"Portada\",\"item\":\"https:\/\/www.facyt.uc.edu.ve\/web\/\"},{\"@type\":\"ListItem\",\"position\":2,\"name\":\"Pasant\u00edas\"}]},{\"@type\":\"WebSite\",\"@id\":\"https:\/\/www.facyt.uc.edu.ve\/web\/#website\",\"url\":\"https:\/\/www.facyt.uc.edu.ve\/web\/\",\"name\":\"Facultad Experimental de Ciencias y Tecnolog\u00eda\",\"description\":\"FaCyT UC\",\"publisher\":{\"@id\":\"https:\/\/www.facyt.uc.edu.ve\/web\/#organization\"},\"alternateName\":\"FaCyT\",\"potentialAction\":[{\"@type\":\"SearchAction\",\"target\":{\"@type\":\"EntryPoint\",\"urlTemplate\":\"https:\/\/www.facyt.uc.edu.ve\/web\/?s={search_term_string}\"},\"query-input\":{\"@type\":\"PropertyValueSpecification\",\"valueRequired\":true,\"valueName\":\"search_term_string\"}}],\"inLanguage\":\"es\"},{\"@type\":\"Organization\",\"@id\":\"https:\/\/www.facyt.uc.edu.ve\/web\/#organization\",\"name\":\"Facultad Experimental de Ciencias y Tecnolog\u00eda\",\"url\":\"https:\/\/www.facyt.uc.edu.ve\/web\/\",\"logo\":{\"@type\":\"ImageObject\",\"inLanguage\":\"es\",\"@id\":\"https:\/\/www.facyt.uc.edu.ve\/web\/#\/schema\/logo\/image\/\",\"url\":\"https:\/\/www.facyt.uc.edu.ve\/web\/wp-content\/uploads\/2025\/11\/Logo_de_la_Facultad_Experimental_de_Ciencia_y_Tecnologia-scaled.jpg\",\"contentUrl\":\"https:\/\/www.facyt.uc.edu.ve\/web\/wp-content\/uploads\/2025\/11\/Logo_de_la_Facultad_Experimental_de_Ciencia_y_Tecnologia-scaled.jpg\",\"width\":2560,\"height\":2560,\"caption\":\"Facultad Experimental de Ciencias y Tecnolog\u00eda\"},\"image\":{\"@id\":\"https:\/\/www.facyt.uc.edu.ve\/web\/#\/schema\/logo\/image\/\"},\"sameAs\":[\"https:\/\/instagram.com\/facytuc.oficial\/yoast\"]}]}<\/script>\n<!-- \/ Yoast SEO plugin. -->","yoast_head_json":{"title":"Pasant\u00edas - Facultad Experimental de Ciencias y Tecnolog\u00eda","robots":{"index":"index","follow":"follow","max-snippet":"max-snippet:-1","max-image-preview":"max-image-preview:large","max-video-preview":"max-video-preview:-1"},"canonical":"https:\/\/www.facyt.uc.edu.ve\/web\/pasantias\/","og_locale":"es_ES","og_type":"article","og_title":"Pasant\u00edas - Facultad Experimental de Ciencias y Tecnolog\u00eda","og_description":"[vc_row][vc_column][vc_column_text] \u00bfQu\u00e9 es una pasant\u00eda? El reglamento de la Universidad de Carabobo, en su art\u00edculo 2, define las pasant\u00edas como la actividad curricular de entrenamiento y capacitaci\u00f3n laboral, orientada a la aplicaci\u00f3n de los conocimientos, habilidades y destrezas obtenidos por el estudiante durante su formaci\u00f3n acad\u00e9mica, con el objeto de prepararlo para el desempe\u00f1o profesional.&hellip;","og_url":"https:\/\/www.facyt.uc.edu.ve\/web\/pasantias\/","og_site_name":"Facultad Experimental de Ciencias y Tecnolog\u00eda","article_modified_time":"2021-09-28T22:00:48+00:00","twitter_card":"summary_large_image","twitter_misc":{"Tiempo estimado de lectura":"4 minutos"},"schema":{"@context":"https:\/\/schema.org","@graph":[{"@type":"WebPage","@id":"https:\/\/www.facyt.uc.edu.ve\/web\/pasantias\/","url":"https:\/\/www.facyt.uc.edu.ve\/web\/pasantias\/","name":"Pasant\u00edas - Facultad Experimental de Ciencias y Tecnolog\u00eda","isPartOf":{"@id":"https:\/\/www.facyt.uc.edu.ve\/web\/#website"},"datePublished":"2021-08-23T23:34:41+00:00","dateModified":"2021-09-28T22:00:48+00:00","breadcrumb":{"@id":"https:\/\/www.facyt.uc.edu.ve\/web\/pasantias\/#breadcrumb"},"inLanguage":"es","potentialAction":[{"@type":"ReadAction","target":["https:\/\/www.facyt.uc.edu.ve\/web\/pasantias\/"]}]},{"@type":"BreadcrumbList","@id":"https:\/\/www.facyt.uc.edu.ve\/web\/pasantias\/#breadcrumb","itemListElement":[{"@type":"ListItem","position":1,"name":"Portada","item":"https:\/\/www.facyt.uc.edu.ve\/web\/"},{"@type":"ListItem","position":2,"name":"Pasant\u00edas"}]},{"@type":"WebSite","@id":"https:\/\/www.facyt.uc.edu.ve\/web\/#website","url":"https:\/\/www.facyt.uc.edu.ve\/web\/","name":"Facultad Experimental de Ciencias y Tecnolog\u00eda","description":"FaCyT UC","publisher":{"@id":"https:\/\/www.facyt.uc.edu.ve\/web\/#organization"},"alternateName":"FaCyT","potentialAction":[{"@type":"SearchAction","target":{"@type":"EntryPoint","urlTemplate":"https:\/\/www.facyt.uc.edu.ve\/web\/?s={search_term_string}"},"query-input":{"@type":"PropertyValueSpecification","valueRequired":true,"valueName":"search_term_string"}}],"inLanguage":"es"},{"@type":"Organization","@id":"https:\/\/www.facyt.uc.edu.ve\/web\/#organization","name":"Facultad Experimental de Ciencias y Tecnolog\u00eda","url":"https:\/\/www.facyt.uc.edu.ve\/web\/","logo":{"@type":"ImageObject","inLanguage":"es","@id":"https:\/\/www.facyt.uc.edu.ve\/web\/#\/schema\/logo\/image\/","url":"https:\/\/www.facyt.uc.edu.ve\/web\/wp-content\/uploads\/2025\/11\/Logo_de_la_Facultad_Experimental_de_Ciencia_y_Tecnologia-scaled.jpg","contentUrl":"https:\/\/www.facyt.uc.edu.ve\/web\/wp-content\/uploads\/2025\/11\/Logo_de_la_Facultad_Experimental_de_Ciencia_y_Tecnologia-scaled.jpg","width":2560,"height":2560,"caption":"Facultad Experimental de Ciencias y Tecnolog\u00eda"},"image":{"@id":"https:\/\/www.facyt.uc.edu.ve\/web\/#\/schema\/logo\/image\/"},"sameAs":["https:\/\/instagram.com\/facytuc.oficial\/yoast"]}]}},"_links":{"self":[{"href":"https:\/\/www.facyt.uc.edu.ve\/web\/wp-json\/wp\/v2\/pages\/462","targetHints":{"allow":["GET"]}}],"collection":[{"href":"https:\/\/www.facyt.uc.edu.ve\/web\/wp-json\/wp\/v2\/pages"}],"about":[{"href":"https:\/\/www.facyt.uc.edu.ve\/web\/wp-json\/wp\/v2\/types\/page"}],"author":[{"embeddable":true,"href":"https:\/\/www.facyt.uc.edu.ve\/web\/wp-json\/wp\/v2\/users\/5"}],"replies":[{"embeddable":true,"href":"https:\/\/www.facyt.uc.edu.ve\/web\/wp-json\/wp\/v2\/comments?post=462"}],"version-history":[{"count":6,"href":"https:\/\/www.facyt.uc.edu.ve\/web\/wp-json\/wp\/v2\/pages\/462\/revisions"}],"predecessor-version":[{"id":1336,"href":"https:\/\/www.facyt.uc.edu.ve\/web\/wp-json\/wp\/v2\/pages\/462\/revisions\/1336"}],"wp:attachment":[{"href":"https:\/\/www.facyt.uc.edu.ve\/web\/wp-json\/wp\/v2\/media?parent=462"}],"curies":[{"name":"wp","href":"https:\/\/api.w.org\/{rel}","templated":true}]}}