{"id":461,"date":"2021-08-23T19:34:41","date_gmt":"2021-08-23T23:34:41","guid":{"rendered":"http:\/\/vps1.facyt.uc.edu.ve\/web\/?page_id=461"},"modified":"2021-09-28T17:10:36","modified_gmt":"2021-09-28T21:10:36","slug":"curso-introductorio","status":"publish","type":"page","link":"https:\/\/www.facyt.uc.edu.ve\/web\/curso-introductorio\/","title":{"rendered":"Curso Introductorio"},"content":{"rendered":"<div class=\"wpb-content-wrapper\"><p>[vc_row][vc_column][vc_column_text]<\/p>\n<h2 align=\"center\"><span style=\"color: #0092d0;\">PROCESO DE INSCRIPCI\u00d3N CURSO INTRODUCTORIO<\/span><br \/>\n<span style=\"color: #0092d0;\">II-2016<\/span><\/h2>\n<p>&nbsp;<\/p>\n<p>Se informa a los interesados que el proceso de inscripci\u00f3n del Curso Introductorio II-2016 para los estudiantes que aspiren ingresar en la Facultad de Ciencias y Tecnolog\u00eda (FACYT) se llevar\u00e1 a efecto como sigue:[\/vc_column_text][vc_tta_accordion][vc_tta_section title=\u00bbPaso 1: Dep\u00f3sito\u00bb tab_id=\u00bb1632851801781-1f04e9cc-cf82&#8243; el_class=\u00bbintroductorio__acordion&#8211;title\u00bb][vc_column_text]<\/p>\n<p style=\"text-align: justify;\">A partir del d\u00eda Ver instructivo en: www.facyt.uc.edu.ve\/pagina-estudiantil hasta el d\u00eda Viernes 18\/11\/2016. Deben depositar EN EFECTIVO O POR TRANSFERENCIA ELECTRONICA la cantidad de Bs 4.000,00; a nombre de: UNIVERSIDAD DE CARABOBO en el Banco del Caribe, cuenta corriente: 0114-0222-49-2220023187 y la cantidad de Bs 4.000,00 a nombre de Editorial Auna C. A en el Banco Mercantil, cuenta corriente: 0105-0191-11-1191033376. Este \u00faltimo dep\u00f3sito corresponde al pago del material (libros y gu\u00edas) que se utilizar\u00e1 en el Curso Introductorio.<\/p>\n<p><strong>Observaci\u00f3n:<\/strong>\u00a0Aquellos aspirantes que puedan conseguir de terceros el material did\u00e1ctico usado para el desarrollo del curso pueden usarlo, de tal forma que no requerir\u00edan efectuar el dep\u00f3sito del Banco Mercantil[\/vc_column_text][\/vc_tta_section][vc_tta_section title=\u00bbPaso 2: Registro en Web\u00bb tab_id=\u00bb1632851801782-aef5bf50-b167&#8243; el_class=\u00bbintroductorio__acordion&#8211;title\u00bb][vc_column_text]<\/p>\n<p align=\"justify\">Deben realizar el registro en la web a trav\u00e9s del enlace http:\/\/www.sice.facyt.uc.edu.ve\/&#8211;introductorio a partir del d\u00eda Ver instructivo en: www.facyt.uc.edu.ve\/pagina&#8212;-estudiantil hasta el d\u00eda Ver instructivo en: www.facyt.uc.edu.ve\/pagina-estudiantil. Este proceso lo realizar\u00e1n introduciendo el n\u00famero del dep\u00f3sito bancario, el cual encontrar\u00e1 en la parte superior derecha del mismo, para tal fin deber\u00e1 esperar 48 horas despu\u00e9s de efectuado el dep\u00f3sito o realizado la transferencia. Una vez finalizado el registro en la web, el sistema les asignar\u00e1 el horario de clases.<\/p>\n<div class=\"alert alert-warning\">\n<p><strong>IMPORTANTE:<\/strong><\/p>\n<ul>\n<li>Para el proceso de registro en la web, deben tener disponible una foto tipo carnet en fondo blanco o azul digitalizada con dimensiones 3 cm largo x 3 cm de ancho, a fin de elaborarles el carnet.<\/li>\n<li>Al finalizar el proceso de registro en la web, deben imprimir 2 Planillas del Registro.<\/li>\n<\/ul>\n<\/div>\n<p>[\/vc_column_text][\/vc_tta_section][vc_tta_section title=\u00bbPaso 3: Consignaci\u00f3n de Documentos\u00bb tab_id=\u00bb1632852346078-3729aa87-7578&#8243; el_class=\u00bbintroductorio__acordion&#8211;title\u00bb][vc_column_text]<\/p>\n<div class=\"toogle toogle-accordion\">\n<section class=\"toggle active\">\n<div class=\"toggle-content\">\n<p align=\"justify\">La consignaci\u00f3n de documentos y retiro del material did\u00e1ctico se efectuar\u00e1 por las taquillas de la Oficina Sectorial de Asuntos Estudiantiles de la Facultad, los d\u00edas Ver instructivo en: www.facyt.uc.edu.ve\/ en el horario comprendido entre las 8:30 am a 11:30 am. Para el retiro del material did\u00e1ctico debe traer el original del dep\u00f3sito bancario correspondiente a los Bs 4.000,00 <strong>El cual deber\u00e1 colocar al reverso del mismo los siguientes datos: nombres y apellidos, n\u00famero de c\u00e9dula de identidad, direcci\u00f3n de habitaci\u00f3n, n\u00famero de tel\u00e9fono y carrera.<\/strong>\u00a0La documentaci\u00f3n requerida la deben presentar en el mismo orden que se indica a continuaci\u00f3n:<\/p>\n<ol>\n<li>Dos (02) Planillas de Registro firmadas por el bachiller.<\/li>\n<li>Original y una (01) copia del comprobante (vaucher) del dep\u00f3sito bancario correspondiente a los Bs 4.000,00.<strong>\u00a0Al comprobante original, deber\u00e1 colocar al reverso del mismo los siguientes datos:<\/strong>\u00a0nombres y apellidos, n\u00famero de c\u00e9dula de identidad, direcci\u00f3n de habitaci\u00f3n, n\u00famero de tel\u00e9fono y carrera.<\/li>\n<li>Una (01) copia de la c\u00e9dula de identidad.<\/li>\n<li>Una (01) copia del t\u00edtulo de bachiller.<\/li>\n<li>Una (01) copia de las notas certificadas de primero a cuarto a\u00f1o.<\/li>\n<li>Una (01) copia del certificado de participaci\u00f3n en el Sistema Nacional de Ingreso (R.U.S.N.I.E.U)<\/li>\n<\/ol>\n<p>La documentaci\u00f3n antes descrita, deben graparla y entregarla dentro de un sobre manila debidamente identificado con la Planilla de Control de Documentaci\u00f3n, tal como se muestra en la figura. Esta planilla la deben bajar a trav\u00e9s del enlace:<a href=\"http:\/\/www.sice.facyt.uc.edu.ve\/introductorio\" target=\"_blank\" rel=\"noopener\">http:\/\/www.sice.facyt.uc.edu.ve\/introductorio.<\/a><\/p>\n<div align=\"center\"><img decoding=\"async\" class=\"img-responsive\" src=\"http:\/\/www.facyt.uc.edu.ve\/sites\/default\/files\/sobreInscripcion.png\" \/><\/div>\n<\/div>\n<\/section>\n<\/div>\n<p>&nbsp;<\/p>\n<hr \/>\n<p align=\"justify\">El Curso Introductorio iniciar\u00e1 el d\u00eda\u00a0<strong>Viernes 18 de noviembre de 2016<\/strong>\u00a0y tendr\u00e1 un tiempo de duraci\u00f3n de doce (10) semanas. Se dictar\u00e1 en los Espacios de la Facultad de Ciencias y Tecnolog\u00eda (detr\u00e1s del Decanato de la Facultad) , los d\u00edas Viernes (entre las 02:30 p. m. &#8211; 4:30 p. m.) y s\u00e1bado (entre las 8:00 a. m. y 12:00 m.).<\/p>\n<p align=\"justify\">El \u00edndice de Admisi\u00f3n (IA) se calcular\u00e1 de acuerdo con lo establecido en el Reglamento de Admisi\u00f3n de la Universidad de Carabobo, en su art\u00edculo 22.<\/p>\n<p align=\"center\">IA = %ICA + %IIA<\/p>\n<p align=\"justify\">Donde %ICA, es el porcentaje del \u00cdndice Complementario de Admisi\u00f3n y se calcula a partir del promedio de las notas hasta el cuarto a\u00f1o de bachillerato (PB) y el promedio de notas en el \u00e1rea de Matem\u00e1ticas obtenidas hasta el cuarto a\u00f1o de bachillerato (PE). ICA = Promedio (PB y PE)<\/p>\n<p align=\"center\">%ICA = 4(PB-10)%ICA<\/p>\n<p align=\"justify\">%IIA es el porcentaje del \u00cdndice Interno de Admisi\u00f3n. En el caso de la FACYT, este \u00edndice es la nota obtenida en el Curso Introductorio.<\/p>\n<p align=\"center\">%IIA = [100 \u2013 4(PB-10)]%IIA<\/p>\n<p>[\/vc_column_text][vc_separator css=\u00bb.vc_custom_1632852663950{border-bottom-width: 0px !important;border-bottom-color: #0092d0 !important;border-bottom-style: solid !important;}\u00bb][vc_btn title=\u00bbDescargar toda la informaci\u00f3n.pdf\u00bb align=\u00bbcenter\u00bb css=\u00bb.vc_custom_1632863419167{margin-top: 0px !important;border-top-width: 5px !important;border-right-width: 5px !important;border-bottom-width: 5px !important;border-left-width: 5px !important;}\u00bb el_class=\u00bbboton__descargar&#8211;informacion\u00bb link=\u00bburl:http%3A%2F%2Fwww.facyt.uc.edu.ve%2Fweb%2Fwp-content%2Fuploads%2F2021%2F09%2FInstructivo_Introductorio-II-2016_3.pdf|title:Descargar%20toda%20la%20informaci%C3%B3n.pdf|target:_blank|rel:nofollow\u00bb][\/vc_tta_section][\/vc_tta_accordion][\/vc_column][\/vc_row]<\/p>\n<\/div>","protected":false},"excerpt":{"rendered":"<p>[vc_row][vc_column][vc_column_text] PROCESO DE INSCRIPCI\u00d3N CURSO INTRODUCTORIO II-2016 &nbsp; Se informa a los interesados que el proceso de inscripci\u00f3n del Curso Introductorio II-2016 para los estudiantes que aspiren ingresar en la Facultad de Ciencias y Tecnolog\u00eda (FACYT) se llevar\u00e1 a efecto como sigue:[\/vc_column_text][vc_tta_accordion][vc_tta_section title=\u00bbPaso 1: Dep\u00f3sito\u00bb tab_id=\u00bb1632851801781-1f04e9cc-cf82&#8243; el_class=\u00bbintroductorio__acordion&#8211;title\u00bb][vc_column_text] A partir del d\u00eda Ver instructivo en: www.facyt.uc.edu.ve\/pagina-estudiantil&hellip;<\/p>\n","protected":false},"author":5,"featured_media":0,"parent":0,"menu_order":0,"comment_status":"closed","ping_status":"closed","template":"","meta":{"footnotes":""},"class_list":["post-461","page","type-page","status-publish","hentry"],"yoast_head":"<!-- This site is optimized with the Yoast SEO plugin v27.1.1 - https:\/\/yoast.com\/product\/yoast-seo-wordpress\/ -->\n<title>Curso Introductorio - Facultad Experimental de Ciencias y Tecnolog\u00eda<\/title>\n<meta name=\"robots\" content=\"index, follow, max-snippet:-1, max-image-preview:large, max-video-preview:-1\" \/>\n<link rel=\"canonical\" href=\"https:\/\/www.facyt.uc.edu.ve\/web\/curso-introductorio\/\" \/>\n<meta property=\"og:locale\" content=\"es_ES\" \/>\n<meta property=\"og:type\" content=\"article\" \/>\n<meta property=\"og:title\" content=\"Curso Introductorio - Facultad Experimental de Ciencias y Tecnolog\u00eda\" \/>\n<meta property=\"og:description\" content=\"[vc_row][vc_column][vc_column_text] PROCESO DE INSCRIPCI\u00d3N CURSO INTRODUCTORIO II-2016 &nbsp; Se informa a los interesados que el proceso de inscripci\u00f3n del Curso Introductorio II-2016 para los estudiantes que aspiren ingresar en la Facultad de Ciencias y Tecnolog\u00eda (FACYT) se llevar\u00e1 a efecto como sigue:[\/vc_column_text][vc_tta_accordion][vc_tta_section title=\u00bbPaso 1: Dep\u00f3sito\u00bb tab_id=\u00bb1632851801781-1f04e9cc-cf82&#8243; el_class=\u00bbintroductorio__acordion&#8211;title\u00bb][vc_column_text] A partir del d\u00eda Ver instructivo en: www.facyt.uc.edu.ve\/pagina-estudiantil&hellip;\" \/>\n<meta property=\"og:url\" content=\"https:\/\/www.facyt.uc.edu.ve\/web\/curso-introductorio\/\" \/>\n<meta property=\"og:site_name\" content=\"Facultad Experimental de Ciencias y Tecnolog\u00eda\" \/>\n<meta property=\"article:modified_time\" content=\"2021-09-28T21:10:36+00:00\" \/>\n<meta property=\"og:image\" content=\"http:\/\/www.facyt.uc.edu.ve\/sites\/default\/files\/sobreInscripcion.png\" \/>\n<meta name=\"twitter:card\" content=\"summary_large_image\" \/>\n<meta name=\"twitter:label1\" content=\"Tiempo estimado de lectura\" \/>\n\t<meta name=\"twitter:data1\" content=\"5 minutos\" \/>\n<script type=\"application\/ld+json\" class=\"yoast-schema-graph\">{\"@context\":\"https:\/\/schema.org\",\"@graph\":[{\"@type\":\"WebPage\",\"@id\":\"https:\/\/www.facyt.uc.edu.ve\/web\/curso-introductorio\/\",\"url\":\"https:\/\/www.facyt.uc.edu.ve\/web\/curso-introductorio\/\",\"name\":\"Curso Introductorio - Facultad Experimental de Ciencias y Tecnolog\u00eda\",\"isPartOf\":{\"@id\":\"https:\/\/www.facyt.uc.edu.ve\/web\/#website\"},\"primaryImageOfPage\":{\"@id\":\"https:\/\/www.facyt.uc.edu.ve\/web\/curso-introductorio\/#primaryimage\"},\"image\":{\"@id\":\"https:\/\/www.facyt.uc.edu.ve\/web\/curso-introductorio\/#primaryimage\"},\"thumbnailUrl\":\"http:\/\/www.facyt.uc.edu.ve\/sites\/default\/files\/sobreInscripcion.png\",\"datePublished\":\"2021-08-23T23:34:41+00:00\",\"dateModified\":\"2021-09-28T21:10:36+00:00\",\"breadcrumb\":{\"@id\":\"https:\/\/www.facyt.uc.edu.ve\/web\/curso-introductorio\/#breadcrumb\"},\"inLanguage\":\"es\",\"potentialAction\":[{\"@type\":\"ReadAction\",\"target\":[\"https:\/\/www.facyt.uc.edu.ve\/web\/curso-introductorio\/\"]}]},{\"@type\":\"ImageObject\",\"inLanguage\":\"es\",\"@id\":\"https:\/\/www.facyt.uc.edu.ve\/web\/curso-introductorio\/#primaryimage\",\"url\":\"http:\/\/www.facyt.uc.edu.ve\/sites\/default\/files\/sobreInscripcion.png\",\"contentUrl\":\"http:\/\/www.facyt.uc.edu.ve\/sites\/default\/files\/sobreInscripcion.png\"},{\"@type\":\"BreadcrumbList\",\"@id\":\"https:\/\/www.facyt.uc.edu.ve\/web\/curso-introductorio\/#breadcrumb\",\"itemListElement\":[{\"@type\":\"ListItem\",\"position\":1,\"name\":\"Portada\",\"item\":\"https:\/\/www.facyt.uc.edu.ve\/web\/\"},{\"@type\":\"ListItem\",\"position\":2,\"name\":\"Curso Introductorio\"}]},{\"@type\":\"WebSite\",\"@id\":\"https:\/\/www.facyt.uc.edu.ve\/web\/#website\",\"url\":\"https:\/\/www.facyt.uc.edu.ve\/web\/\",\"name\":\"Facultad Experimental de Ciencias y Tecnolog\u00eda\",\"description\":\"FaCyT UC\",\"publisher\":{\"@id\":\"https:\/\/www.facyt.uc.edu.ve\/web\/#organization\"},\"alternateName\":\"FaCyT\",\"potentialAction\":[{\"@type\":\"SearchAction\",\"target\":{\"@type\":\"EntryPoint\",\"urlTemplate\":\"https:\/\/www.facyt.uc.edu.ve\/web\/?s={search_term_string}\"},\"query-input\":{\"@type\":\"PropertyValueSpecification\",\"valueRequired\":true,\"valueName\":\"search_term_string\"}}],\"inLanguage\":\"es\"},{\"@type\":\"Organization\",\"@id\":\"https:\/\/www.facyt.uc.edu.ve\/web\/#organization\",\"name\":\"Facultad Experimental de Ciencias y Tecnolog\u00eda\",\"url\":\"https:\/\/www.facyt.uc.edu.ve\/web\/\",\"logo\":{\"@type\":\"ImageObject\",\"inLanguage\":\"es\",\"@id\":\"https:\/\/www.facyt.uc.edu.ve\/web\/#\/schema\/logo\/image\/\",\"url\":\"https:\/\/www.facyt.uc.edu.ve\/web\/wp-content\/uploads\/2025\/11\/Logo_de_la_Facultad_Experimental_de_Ciencia_y_Tecnologia-scaled.jpg\",\"contentUrl\":\"https:\/\/www.facyt.uc.edu.ve\/web\/wp-content\/uploads\/2025\/11\/Logo_de_la_Facultad_Experimental_de_Ciencia_y_Tecnologia-scaled.jpg\",\"width\":2560,\"height\":2560,\"caption\":\"Facultad Experimental de Ciencias y Tecnolog\u00eda\"},\"image\":{\"@id\":\"https:\/\/www.facyt.uc.edu.ve\/web\/#\/schema\/logo\/image\/\"},\"sameAs\":[\"https:\/\/instagram.com\/facytuc.oficial\/yoast\"]}]}<\/script>\n<!-- \/ Yoast SEO plugin. -->","yoast_head_json":{"title":"Curso Introductorio - Facultad Experimental de Ciencias y Tecnolog\u00eda","robots":{"index":"index","follow":"follow","max-snippet":"max-snippet:-1","max-image-preview":"max-image-preview:large","max-video-preview":"max-video-preview:-1"},"canonical":"https:\/\/www.facyt.uc.edu.ve\/web\/curso-introductorio\/","og_locale":"es_ES","og_type":"article","og_title":"Curso Introductorio - Facultad Experimental de Ciencias y Tecnolog\u00eda","og_description":"[vc_row][vc_column][vc_column_text] PROCESO DE INSCRIPCI\u00d3N CURSO INTRODUCTORIO II-2016 &nbsp; Se informa a los interesados que el proceso de inscripci\u00f3n del Curso Introductorio II-2016 para los estudiantes que aspiren ingresar en la Facultad de Ciencias y Tecnolog\u00eda (FACYT) se llevar\u00e1 a efecto como sigue:[\/vc_column_text][vc_tta_accordion][vc_tta_section title=\u00bbPaso 1: Dep\u00f3sito\u00bb tab_id=\u00bb1632851801781-1f04e9cc-cf82&#8243; el_class=\u00bbintroductorio__acordion&#8211;title\u00bb][vc_column_text] A partir del d\u00eda Ver instructivo en: www.facyt.uc.edu.ve\/pagina-estudiantil&hellip;","og_url":"https:\/\/www.facyt.uc.edu.ve\/web\/curso-introductorio\/","og_site_name":"Facultad Experimental de Ciencias y Tecnolog\u00eda","article_modified_time":"2021-09-28T21:10:36+00:00","og_image":[{"url":"http:\/\/www.facyt.uc.edu.ve\/sites\/default\/files\/sobreInscripcion.png","type":"","width":"","height":""}],"twitter_card":"summary_large_image","twitter_misc":{"Tiempo estimado de lectura":"5 minutos"},"schema":{"@context":"https:\/\/schema.org","@graph":[{"@type":"WebPage","@id":"https:\/\/www.facyt.uc.edu.ve\/web\/curso-introductorio\/","url":"https:\/\/www.facyt.uc.edu.ve\/web\/curso-introductorio\/","name":"Curso Introductorio - Facultad Experimental de Ciencias y Tecnolog\u00eda","isPartOf":{"@id":"https:\/\/www.facyt.uc.edu.ve\/web\/#website"},"primaryImageOfPage":{"@id":"https:\/\/www.facyt.uc.edu.ve\/web\/curso-introductorio\/#primaryimage"},"image":{"@id":"https:\/\/www.facyt.uc.edu.ve\/web\/curso-introductorio\/#primaryimage"},"thumbnailUrl":"http:\/\/www.facyt.uc.edu.ve\/sites\/default\/files\/sobreInscripcion.png","datePublished":"2021-08-23T23:34:41+00:00","dateModified":"2021-09-28T21:10:36+00:00","breadcrumb":{"@id":"https:\/\/www.facyt.uc.edu.ve\/web\/curso-introductorio\/#breadcrumb"},"inLanguage":"es","potentialAction":[{"@type":"ReadAction","target":["https:\/\/www.facyt.uc.edu.ve\/web\/curso-introductorio\/"]}]},{"@type":"ImageObject","inLanguage":"es","@id":"https:\/\/www.facyt.uc.edu.ve\/web\/curso-introductorio\/#primaryimage","url":"http:\/\/www.facyt.uc.edu.ve\/sites\/default\/files\/sobreInscripcion.png","contentUrl":"http:\/\/www.facyt.uc.edu.ve\/sites\/default\/files\/sobreInscripcion.png"},{"@type":"BreadcrumbList","@id":"https:\/\/www.facyt.uc.edu.ve\/web\/curso-introductorio\/#breadcrumb","itemListElement":[{"@type":"ListItem","position":1,"name":"Portada","item":"https:\/\/www.facyt.uc.edu.ve\/web\/"},{"@type":"ListItem","position":2,"name":"Curso Introductorio"}]},{"@type":"WebSite","@id":"https:\/\/www.facyt.uc.edu.ve\/web\/#website","url":"https:\/\/www.facyt.uc.edu.ve\/web\/","name":"Facultad Experimental de Ciencias y Tecnolog\u00eda","description":"FaCyT UC","publisher":{"@id":"https:\/\/www.facyt.uc.edu.ve\/web\/#organization"},"alternateName":"FaCyT","potentialAction":[{"@type":"SearchAction","target":{"@type":"EntryPoint","urlTemplate":"https:\/\/www.facyt.uc.edu.ve\/web\/?s={search_term_string}"},"query-input":{"@type":"PropertyValueSpecification","valueRequired":true,"valueName":"search_term_string"}}],"inLanguage":"es"},{"@type":"Organization","@id":"https:\/\/www.facyt.uc.edu.ve\/web\/#organization","name":"Facultad Experimental de Ciencias y Tecnolog\u00eda","url":"https:\/\/www.facyt.uc.edu.ve\/web\/","logo":{"@type":"ImageObject","inLanguage":"es","@id":"https:\/\/www.facyt.uc.edu.ve\/web\/#\/schema\/logo\/image\/","url":"https:\/\/www.facyt.uc.edu.ve\/web\/wp-content\/uploads\/2025\/11\/Logo_de_la_Facultad_Experimental_de_Ciencia_y_Tecnologia-scaled.jpg","contentUrl":"https:\/\/www.facyt.uc.edu.ve\/web\/wp-content\/uploads\/2025\/11\/Logo_de_la_Facultad_Experimental_de_Ciencia_y_Tecnologia-scaled.jpg","width":2560,"height":2560,"caption":"Facultad Experimental de Ciencias y Tecnolog\u00eda"},"image":{"@id":"https:\/\/www.facyt.uc.edu.ve\/web\/#\/schema\/logo\/image\/"},"sameAs":["https:\/\/instagram.com\/facytuc.oficial\/yoast"]}]}},"_links":{"self":[{"href":"https:\/\/www.facyt.uc.edu.ve\/web\/wp-json\/wp\/v2\/pages\/461","targetHints":{"allow":["GET"]}}],"collection":[{"href":"https:\/\/www.facyt.uc.edu.ve\/web\/wp-json\/wp\/v2\/pages"}],"about":[{"href":"https:\/\/www.facyt.uc.edu.ve\/web\/wp-json\/wp\/v2\/types\/page"}],"author":[{"embeddable":true,"href":"https:\/\/www.facyt.uc.edu.ve\/web\/wp-json\/wp\/v2\/users\/5"}],"replies":[{"embeddable":true,"href":"https:\/\/www.facyt.uc.edu.ve\/web\/wp-json\/wp\/v2\/comments?post=461"}],"version-history":[{"count":10,"href":"https:\/\/www.facyt.uc.edu.ve\/web\/wp-json\/wp\/v2\/pages\/461\/revisions"}],"predecessor-version":[{"id":1323,"href":"https:\/\/www.facyt.uc.edu.ve\/web\/wp-json\/wp\/v2\/pages\/461\/revisions\/1323"}],"wp:attachment":[{"href":"https:\/\/www.facyt.uc.edu.ve\/web\/wp-json\/wp\/v2\/media?parent=461"}],"curies":[{"name":"wp","href":"https:\/\/api.w.org\/{rel}","templated":true}]}}