{"id":443,"date":"2021-08-23T19:26:28","date_gmt":"2021-08-23T23:26:28","guid":{"rendered":"http:\/\/vps1.facyt.uc.edu.ve\/web\/?page_id=443"},"modified":"2021-09-14T20:43:52","modified_gmt":"2021-09-15T00:43:52","slug":"postgrado","status":"publish","type":"page","link":"https:\/\/www.facyt.uc.edu.ve\/web\/direcciones\/postgrado\/","title":{"rendered":"Postgrado"},"content":{"rendered":"<div class=\"wpb-content-wrapper\"><p>[vc_row][vc_column][vc_single_image image=\u00bb1181&#8243; img_size=\u00bbfull\u00bb alignment=\u00bbcenter\u00bb][\/vc_column][\/vc_row][vc_row][vc_column][vc_column_text]<\/p>\n<p style=\"text-align: justify;\">En nombre de la Direcci\u00f3n de Postgrado de la FaCyT y el personal que aqu\u00ed labora, queremos brindarles la m\u00e1s cordial bienvenida y al mismo tiempo ratificar nuestro compromiso permanente con el egresado en ciencias, en la b\u00fasqueda y afianzamiento del conocimiento, por lo que hoy ponemos a su disposici\u00f3n nuestros programas de postgrado para su crecimiento y\/o mejoramiento profesional.<\/p>\n<h2 style=\"text-align: left;\"><span style=\"color: #0088cc;\">Visi\u00f3n<\/span><\/h2>\n<p style=\"text-align: justify;\">Ser reconocidos por ofrecer estudios de postgrado de alta calidad con pertinencia social en la regi\u00f3n vinculada al entorno productivo del pa\u00eds, mediante la formaci\u00f3n de profesionales en la categor\u00eda de postgrado en las \u00e1reas correspondientes a la Facultad, que promuevan la creaci\u00f3n human\u00edstica, cient\u00edfica y tecnol\u00f3gica, en un marco de valores \u00e9ticos y morales atendiendo a los requerimientos del medio y la demanda proyectada.<\/p>\n<h2 style=\"text-align: left;\"><span style=\"color: #0088cc;\">Misi\u00f3n<\/span><\/h2>\n<p style=\"text-align: justify;\">Profundizar la formaci\u00f3n del talento humano profesional; generar y socializar el conocimiento y desarrollar relaciones con diversos sectores para contribuir al bienestar social, optimizando los recursos acad\u00e9micos y administrativos que faciliten el desempe\u00f1o profesional y la generaci\u00f3n de conocimientos pertinentes y adecuados.<\/p>\n<p>[\/vc_column_text][\/vc_column][\/vc_row]<\/p>\n<\/div>","protected":false},"excerpt":{"rendered":"<p>[vc_row][vc_column][vc_single_image image=\u00bb1181&#8243; img_size=\u00bbfull\u00bb alignment=\u00bbcenter\u00bb][\/vc_column][\/vc_row][vc_row][vc_column][vc_column_text] En nombre de la Direcci\u00f3n de Postgrado de la FaCyT y el personal que aqu\u00ed labora, queremos brindarles la m\u00e1s cordial bienvenida y al mismo tiempo ratificar nuestro compromiso permanente con el egresado en ciencias, en la b\u00fasqueda y afianzamiento del conocimiento, por lo que hoy ponemos a su disposici\u00f3n nuestros&hellip;<\/p>\n","protected":false},"author":5,"featured_media":0,"parent":404,"menu_order":0,"comment_status":"closed","ping_status":"closed","template":"","meta":{"footnotes":""},"class_list":["post-443","page","type-page","status-publish","hentry"],"yoast_head":"<!-- This site is optimized with the Yoast SEO plugin v27.1.1 - https:\/\/yoast.com\/product\/yoast-seo-wordpress\/ -->\n<title>Postgrado - Facultad Experimental de Ciencias y Tecnolog\u00eda<\/title>\n<meta name=\"robots\" content=\"index, follow, max-snippet:-1, max-image-preview:large, max-video-preview:-1\" \/>\n<link rel=\"canonical\" href=\"https:\/\/www.facyt.uc.edu.ve\/web\/direcciones\/postgrado\/\" \/>\n<meta property=\"og:locale\" content=\"es_ES\" \/>\n<meta property=\"og:type\" content=\"article\" \/>\n<meta property=\"og:title\" content=\"Postgrado - Facultad Experimental de Ciencias y Tecnolog\u00eda\" \/>\n<meta property=\"og:description\" content=\"[vc_row][vc_column][vc_single_image image=\u00bb1181&#8243; img_size=\u00bbfull\u00bb alignment=\u00bbcenter\u00bb][\/vc_column][\/vc_row][vc_row][vc_column][vc_column_text] En nombre de la Direcci\u00f3n de Postgrado de la FaCyT y el personal que aqu\u00ed labora, queremos brindarles la m\u00e1s cordial bienvenida y al mismo tiempo ratificar nuestro compromiso permanente con el egresado en ciencias, en la b\u00fasqueda y afianzamiento del conocimiento, por lo que hoy ponemos a su disposici\u00f3n nuestros&hellip;\" \/>\n<meta property=\"og:url\" content=\"https:\/\/www.facyt.uc.edu.ve\/web\/direcciones\/postgrado\/\" \/>\n<meta property=\"og:site_name\" content=\"Facultad Experimental de Ciencias y Tecnolog\u00eda\" \/>\n<meta property=\"article:modified_time\" content=\"2021-09-15T00:43:52+00:00\" \/>\n<meta name=\"twitter:card\" content=\"summary_large_image\" \/>\n<meta name=\"twitter:label1\" content=\"Tiempo estimado de lectura\" \/>\n\t<meta name=\"twitter:data1\" content=\"1 minuto\" \/>\n<script type=\"application\/ld+json\" class=\"yoast-schema-graph\">{\"@context\":\"https:\/\/schema.org\",\"@graph\":[{\"@type\":\"WebPage\",\"@id\":\"https:\/\/www.facyt.uc.edu.ve\/web\/direcciones\/postgrado\/\",\"url\":\"https:\/\/www.facyt.uc.edu.ve\/web\/direcciones\/postgrado\/\",\"name\":\"Postgrado - Facultad Experimental de Ciencias y Tecnolog\u00eda\",\"isPartOf\":{\"@id\":\"https:\/\/www.facyt.uc.edu.ve\/web\/#website\"},\"datePublished\":\"2021-08-23T23:26:28+00:00\",\"dateModified\":\"2021-09-15T00:43:52+00:00\",\"breadcrumb\":{\"@id\":\"https:\/\/www.facyt.uc.edu.ve\/web\/direcciones\/postgrado\/#breadcrumb\"},\"inLanguage\":\"es\",\"potentialAction\":[{\"@type\":\"ReadAction\",\"target\":[\"https:\/\/www.facyt.uc.edu.ve\/web\/direcciones\/postgrado\/\"]}]},{\"@type\":\"BreadcrumbList\",\"@id\":\"https:\/\/www.facyt.uc.edu.ve\/web\/direcciones\/postgrado\/#breadcrumb\",\"itemListElement\":[{\"@type\":\"ListItem\",\"position\":1,\"name\":\"Portada\",\"item\":\"https:\/\/www.facyt.uc.edu.ve\/web\/\"},{\"@type\":\"ListItem\",\"position\":2,\"name\":\"Direcciones\",\"item\":\"https:\/\/www.facyt.uc.edu.ve\/web\/direcciones\/\"},{\"@type\":\"ListItem\",\"position\":3,\"name\":\"Postgrado\"}]},{\"@type\":\"WebSite\",\"@id\":\"https:\/\/www.facyt.uc.edu.ve\/web\/#website\",\"url\":\"https:\/\/www.facyt.uc.edu.ve\/web\/\",\"name\":\"Facultad Experimental de Ciencias y Tecnolog\u00eda\",\"description\":\"FaCyT UC\",\"publisher\":{\"@id\":\"https:\/\/www.facyt.uc.edu.ve\/web\/#organization\"},\"alternateName\":\"FaCyT\",\"potentialAction\":[{\"@type\":\"SearchAction\",\"target\":{\"@type\":\"EntryPoint\",\"urlTemplate\":\"https:\/\/www.facyt.uc.edu.ve\/web\/?s={search_term_string}\"},\"query-input\":{\"@type\":\"PropertyValueSpecification\",\"valueRequired\":true,\"valueName\":\"search_term_string\"}}],\"inLanguage\":\"es\"},{\"@type\":\"Organization\",\"@id\":\"https:\/\/www.facyt.uc.edu.ve\/web\/#organization\",\"name\":\"Facultad Experimental de Ciencias y Tecnolog\u00eda\",\"url\":\"https:\/\/www.facyt.uc.edu.ve\/web\/\",\"logo\":{\"@type\":\"ImageObject\",\"inLanguage\":\"es\",\"@id\":\"https:\/\/www.facyt.uc.edu.ve\/web\/#\/schema\/logo\/image\/\",\"url\":\"https:\/\/www.facyt.uc.edu.ve\/web\/wp-content\/uploads\/2025\/11\/Logo_de_la_Facultad_Experimental_de_Ciencia_y_Tecnologia-scaled.jpg\",\"contentUrl\":\"https:\/\/www.facyt.uc.edu.ve\/web\/wp-content\/uploads\/2025\/11\/Logo_de_la_Facultad_Experimental_de_Ciencia_y_Tecnologia-scaled.jpg\",\"width\":2560,\"height\":2560,\"caption\":\"Facultad Experimental de Ciencias y Tecnolog\u00eda\"},\"image\":{\"@id\":\"https:\/\/www.facyt.uc.edu.ve\/web\/#\/schema\/logo\/image\/\"},\"sameAs\":[\"https:\/\/instagram.com\/facytuc.oficial\/yoast\"]}]}<\/script>\n<!-- \/ Yoast SEO plugin. -->","yoast_head_json":{"title":"Postgrado - Facultad Experimental de Ciencias y Tecnolog\u00eda","robots":{"index":"index","follow":"follow","max-snippet":"max-snippet:-1","max-image-preview":"max-image-preview:large","max-video-preview":"max-video-preview:-1"},"canonical":"https:\/\/www.facyt.uc.edu.ve\/web\/direcciones\/postgrado\/","og_locale":"es_ES","og_type":"article","og_title":"Postgrado - Facultad Experimental de Ciencias y Tecnolog\u00eda","og_description":"[vc_row][vc_column][vc_single_image image=\u00bb1181&#8243; img_size=\u00bbfull\u00bb alignment=\u00bbcenter\u00bb][\/vc_column][\/vc_row][vc_row][vc_column][vc_column_text] En nombre de la Direcci\u00f3n de Postgrado de la FaCyT y el personal que aqu\u00ed labora, queremos brindarles la m\u00e1s cordial bienvenida y al mismo tiempo ratificar nuestro compromiso permanente con el egresado en ciencias, en la b\u00fasqueda y afianzamiento del conocimiento, por lo que hoy ponemos a su disposici\u00f3n nuestros&hellip;","og_url":"https:\/\/www.facyt.uc.edu.ve\/web\/direcciones\/postgrado\/","og_site_name":"Facultad Experimental de Ciencias y Tecnolog\u00eda","article_modified_time":"2021-09-15T00:43:52+00:00","twitter_card":"summary_large_image","twitter_misc":{"Tiempo estimado de lectura":"1 minuto"},"schema":{"@context":"https:\/\/schema.org","@graph":[{"@type":"WebPage","@id":"https:\/\/www.facyt.uc.edu.ve\/web\/direcciones\/postgrado\/","url":"https:\/\/www.facyt.uc.edu.ve\/web\/direcciones\/postgrado\/","name":"Postgrado - Facultad Experimental de Ciencias y Tecnolog\u00eda","isPartOf":{"@id":"https:\/\/www.facyt.uc.edu.ve\/web\/#website"},"datePublished":"2021-08-23T23:26:28+00:00","dateModified":"2021-09-15T00:43:52+00:00","breadcrumb":{"@id":"https:\/\/www.facyt.uc.edu.ve\/web\/direcciones\/postgrado\/#breadcrumb"},"inLanguage":"es","potentialAction":[{"@type":"ReadAction","target":["https:\/\/www.facyt.uc.edu.ve\/web\/direcciones\/postgrado\/"]}]},{"@type":"BreadcrumbList","@id":"https:\/\/www.facyt.uc.edu.ve\/web\/direcciones\/postgrado\/#breadcrumb","itemListElement":[{"@type":"ListItem","position":1,"name":"Portada","item":"https:\/\/www.facyt.uc.edu.ve\/web\/"},{"@type":"ListItem","position":2,"name":"Direcciones","item":"https:\/\/www.facyt.uc.edu.ve\/web\/direcciones\/"},{"@type":"ListItem","position":3,"name":"Postgrado"}]},{"@type":"WebSite","@id":"https:\/\/www.facyt.uc.edu.ve\/web\/#website","url":"https:\/\/www.facyt.uc.edu.ve\/web\/","name":"Facultad Experimental de Ciencias y Tecnolog\u00eda","description":"FaCyT UC","publisher":{"@id":"https:\/\/www.facyt.uc.edu.ve\/web\/#organization"},"alternateName":"FaCyT","potentialAction":[{"@type":"SearchAction","target":{"@type":"EntryPoint","urlTemplate":"https:\/\/www.facyt.uc.edu.ve\/web\/?s={search_term_string}"},"query-input":{"@type":"PropertyValueSpecification","valueRequired":true,"valueName":"search_term_string"}}],"inLanguage":"es"},{"@type":"Organization","@id":"https:\/\/www.facyt.uc.edu.ve\/web\/#organization","name":"Facultad Experimental de Ciencias y Tecnolog\u00eda","url":"https:\/\/www.facyt.uc.edu.ve\/web\/","logo":{"@type":"ImageObject","inLanguage":"es","@id":"https:\/\/www.facyt.uc.edu.ve\/web\/#\/schema\/logo\/image\/","url":"https:\/\/www.facyt.uc.edu.ve\/web\/wp-content\/uploads\/2025\/11\/Logo_de_la_Facultad_Experimental_de_Ciencia_y_Tecnologia-scaled.jpg","contentUrl":"https:\/\/www.facyt.uc.edu.ve\/web\/wp-content\/uploads\/2025\/11\/Logo_de_la_Facultad_Experimental_de_Ciencia_y_Tecnologia-scaled.jpg","width":2560,"height":2560,"caption":"Facultad Experimental de Ciencias y Tecnolog\u00eda"},"image":{"@id":"https:\/\/www.facyt.uc.edu.ve\/web\/#\/schema\/logo\/image\/"},"sameAs":["https:\/\/instagram.com\/facytuc.oficial\/yoast"]}]}},"_links":{"self":[{"href":"https:\/\/www.facyt.uc.edu.ve\/web\/wp-json\/wp\/v2\/pages\/443","targetHints":{"allow":["GET"]}}],"collection":[{"href":"https:\/\/www.facyt.uc.edu.ve\/web\/wp-json\/wp\/v2\/pages"}],"about":[{"href":"https:\/\/www.facyt.uc.edu.ve\/web\/wp-json\/wp\/v2\/types\/page"}],"author":[{"embeddable":true,"href":"https:\/\/www.facyt.uc.edu.ve\/web\/wp-json\/wp\/v2\/users\/5"}],"replies":[{"embeddable":true,"href":"https:\/\/www.facyt.uc.edu.ve\/web\/wp-json\/wp\/v2\/comments?post=443"}],"version-history":[{"count":9,"href":"https:\/\/www.facyt.uc.edu.ve\/web\/wp-json\/wp\/v2\/pages\/443\/revisions"}],"predecessor-version":[{"id":1185,"href":"https:\/\/www.facyt.uc.edu.ve\/web\/wp-json\/wp\/v2\/pages\/443\/revisions\/1185"}],"up":[{"embeddable":true,"href":"https:\/\/www.facyt.uc.edu.ve\/web\/wp-json\/wp\/v2\/pages\/404"}],"wp:attachment":[{"href":"https:\/\/www.facyt.uc.edu.ve\/web\/wp-json\/wp\/v2\/media?parent=443"}],"curies":[{"name":"wp","href":"https:\/\/api.w.org\/{rel}","templated":true}]}}