{"id":441,"date":"2021-08-23T19:26:28","date_gmt":"2021-08-23T23:26:28","guid":{"rendered":"http:\/\/vps1.facyt.uc.edu.ve\/web\/?page_id=441"},"modified":"2021-11-16T10:48:50","modified_gmt":"2021-11-16T14:48:50","slug":"extencion","status":"publish","type":"page","link":"https:\/\/www.facyt.uc.edu.ve\/web\/direcciones\/extencion\/","title":{"rendered":"Extensi\u00f3n"},"content":{"rendered":"<div class=\"wpb-content-wrapper\"><p>[vc_row][vc_column][vc_single_image image=\u00bb1167&#8243; img_size=\u00bbfull\u00bb][\/vc_column][\/vc_row][vc_row][vc_column][vc_column_text]<\/p>\n<p style=\"text-align: justify;\">La Direcci\u00f3n de Extensi\u00f3n y Relaciones Interinstitucionales de la Facultad de Ciencias y Tecnolog\u00eda (FACYT), es la unidad acad\u00e9mica administrativa, adscrita al Decanato-Despacho de la Facultad. Ejecutar la pol\u00edtica de extensi\u00f3n en la Facultad y dise\u00f1ar planes, programas y proyectos en materia de extensi\u00f3n, para el desarrollo, difusi\u00f3n y promoci\u00f3n de actividades al servicio de la comunidad, asistencia t\u00e9cnica a los sectores industriales y empresariales orient\u00e1ndose hacia la creaci\u00f3n de alianzas estrat\u00e9gicas, y promoci\u00f3n de las \u00e1reas acad\u00e9micas, cient\u00edficas, recreativas, culturales y deportivas para la comunidad de la FACYT, a fin de vincular la Instituci\u00f3n con su entorno.<\/p>\n<h2 style=\"text-align: left;\"><span style=\"color: #0088cc;\">Visi\u00f3n<\/span><\/h2>\n<p style=\"text-align: justify;\">Ser una Direcci\u00f3n l\u00edder en la promoci\u00f3n, desarrollo y ejecuci\u00f3n de las pol\u00edticas de extensi\u00f3n y servicios a la comunidad en la Facultad Experimental de Ciencias y Tecnolog\u00eda, como expresi\u00f3n de pertinencia y compromiso social, integrando esfuerzos con la docencia y la investigaci\u00f3n, para contribuir en la soluci\u00f3n de problemas que se presentan en el entorno intra y extra universitario, para as\u00ed contribuir al desarrollo arm\u00f3nico y sustentable de la Facultad.<\/p>\n<h2 style=\"text-align: left;\"><span style=\"color: #0088cc;\">Misi\u00f3n<\/span><\/h2>\n<p style=\"text-align: justify;\">Desarrollar actividades que permitan la difusi\u00f3n, conocimiento y pr\u00e1ctica de la Ciencia y la Tecnolog\u00eda, relacionando a la Facultad con su entorno, para responder a las necesidades de las organizaciones gubernamentales, educativas, civiles y empresariales con los espacios e instalaciones necesarios para su desarrollo, con el fin de ofrecer soluciones a los problemas nacionales, regionales o locales.<\/p>\n<p>[\/vc_column_text][\/vc_column][\/vc_row]<\/p>\n<\/div>","protected":false},"excerpt":{"rendered":"<p>[vc_row][vc_column][vc_single_image image=\u00bb1167&#8243; img_size=\u00bbfull\u00bb][\/vc_column][\/vc_row][vc_row][vc_column][vc_column_text] La Direcci\u00f3n de Extensi\u00f3n y Relaciones Interinstitucionales de la Facultad de Ciencias y Tecnolog\u00eda (FACYT), es la unidad acad\u00e9mica administrativa, adscrita al Decanato-Despacho de la Facultad. Ejecutar la pol\u00edtica de extensi\u00f3n en la Facultad y dise\u00f1ar planes, programas y proyectos en materia de extensi\u00f3n, para el desarrollo, difusi\u00f3n y promoci\u00f3n de actividades&hellip;<\/p>\n","protected":false},"author":5,"featured_media":0,"parent":404,"menu_order":0,"comment_status":"closed","ping_status":"closed","template":"","meta":{"footnotes":""},"class_list":["post-441","page","type-page","status-publish","hentry"],"yoast_head":"<!-- This site is optimized with the Yoast SEO plugin v27.1.1 - https:\/\/yoast.com\/product\/yoast-seo-wordpress\/ -->\n<title>Extensi\u00f3n - Facultad Experimental de Ciencias y Tecnolog\u00eda<\/title>\n<meta name=\"robots\" content=\"index, follow, max-snippet:-1, max-image-preview:large, max-video-preview:-1\" \/>\n<link rel=\"canonical\" href=\"https:\/\/www.facyt.uc.edu.ve\/web\/direcciones\/extencion\/\" \/>\n<meta property=\"og:locale\" content=\"es_ES\" \/>\n<meta property=\"og:type\" content=\"article\" \/>\n<meta property=\"og:title\" content=\"Extensi\u00f3n - Facultad Experimental de Ciencias y Tecnolog\u00eda\" \/>\n<meta property=\"og:description\" content=\"[vc_row][vc_column][vc_single_image image=\u00bb1167&#8243; img_size=\u00bbfull\u00bb][\/vc_column][\/vc_row][vc_row][vc_column][vc_column_text] La Direcci\u00f3n de Extensi\u00f3n y Relaciones Interinstitucionales de la Facultad de Ciencias y Tecnolog\u00eda (FACYT), es la unidad acad\u00e9mica administrativa, adscrita al Decanato-Despacho de la Facultad. Ejecutar la pol\u00edtica de extensi\u00f3n en la Facultad y dise\u00f1ar planes, programas y proyectos en materia de extensi\u00f3n, para el desarrollo, difusi\u00f3n y promoci\u00f3n de actividades&hellip;\" \/>\n<meta property=\"og:url\" content=\"https:\/\/www.facyt.uc.edu.ve\/web\/direcciones\/extencion\/\" \/>\n<meta property=\"og:site_name\" content=\"Facultad Experimental de Ciencias y Tecnolog\u00eda\" \/>\n<meta property=\"article:modified_time\" content=\"2021-11-16T14:48:50+00:00\" \/>\n<meta name=\"twitter:card\" content=\"summary_large_image\" \/>\n<meta name=\"twitter:label1\" content=\"Tiempo estimado de lectura\" \/>\n\t<meta name=\"twitter:data1\" content=\"1 minuto\" \/>\n<script type=\"application\/ld+json\" class=\"yoast-schema-graph\">{\"@context\":\"https:\/\/schema.org\",\"@graph\":[{\"@type\":\"WebPage\",\"@id\":\"https:\/\/www.facyt.uc.edu.ve\/web\/direcciones\/extencion\/\",\"url\":\"https:\/\/www.facyt.uc.edu.ve\/web\/direcciones\/extencion\/\",\"name\":\"Extensi\u00f3n - Facultad Experimental de Ciencias y Tecnolog\u00eda\",\"isPartOf\":{\"@id\":\"https:\/\/www.facyt.uc.edu.ve\/web\/#website\"},\"datePublished\":\"2021-08-23T23:26:28+00:00\",\"dateModified\":\"2021-11-16T14:48:50+00:00\",\"breadcrumb\":{\"@id\":\"https:\/\/www.facyt.uc.edu.ve\/web\/direcciones\/extencion\/#breadcrumb\"},\"inLanguage\":\"es\",\"potentialAction\":[{\"@type\":\"ReadAction\",\"target\":[\"https:\/\/www.facyt.uc.edu.ve\/web\/direcciones\/extencion\/\"]}]},{\"@type\":\"BreadcrumbList\",\"@id\":\"https:\/\/www.facyt.uc.edu.ve\/web\/direcciones\/extencion\/#breadcrumb\",\"itemListElement\":[{\"@type\":\"ListItem\",\"position\":1,\"name\":\"Portada\",\"item\":\"https:\/\/www.facyt.uc.edu.ve\/web\/\"},{\"@type\":\"ListItem\",\"position\":2,\"name\":\"Direcciones\",\"item\":\"https:\/\/www.facyt.uc.edu.ve\/web\/direcciones\/\"},{\"@type\":\"ListItem\",\"position\":3,\"name\":\"Extensi\u00f3n\"}]},{\"@type\":\"WebSite\",\"@id\":\"https:\/\/www.facyt.uc.edu.ve\/web\/#website\",\"url\":\"https:\/\/www.facyt.uc.edu.ve\/web\/\",\"name\":\"Facultad Experimental de Ciencias y Tecnolog\u00eda\",\"description\":\"FaCyT UC\",\"publisher\":{\"@id\":\"https:\/\/www.facyt.uc.edu.ve\/web\/#organization\"},\"alternateName\":\"FaCyT\",\"potentialAction\":[{\"@type\":\"SearchAction\",\"target\":{\"@type\":\"EntryPoint\",\"urlTemplate\":\"https:\/\/www.facyt.uc.edu.ve\/web\/?s={search_term_string}\"},\"query-input\":{\"@type\":\"PropertyValueSpecification\",\"valueRequired\":true,\"valueName\":\"search_term_string\"}}],\"inLanguage\":\"es\"},{\"@type\":\"Organization\",\"@id\":\"https:\/\/www.facyt.uc.edu.ve\/web\/#organization\",\"name\":\"Facultad Experimental de Ciencias y Tecnolog\u00eda\",\"url\":\"https:\/\/www.facyt.uc.edu.ve\/web\/\",\"logo\":{\"@type\":\"ImageObject\",\"inLanguage\":\"es\",\"@id\":\"https:\/\/www.facyt.uc.edu.ve\/web\/#\/schema\/logo\/image\/\",\"url\":\"https:\/\/www.facyt.uc.edu.ve\/web\/wp-content\/uploads\/2025\/11\/Logo_de_la_Facultad_Experimental_de_Ciencia_y_Tecnologia-scaled.jpg\",\"contentUrl\":\"https:\/\/www.facyt.uc.edu.ve\/web\/wp-content\/uploads\/2025\/11\/Logo_de_la_Facultad_Experimental_de_Ciencia_y_Tecnologia-scaled.jpg\",\"width\":2560,\"height\":2560,\"caption\":\"Facultad Experimental de Ciencias y Tecnolog\u00eda\"},\"image\":{\"@id\":\"https:\/\/www.facyt.uc.edu.ve\/web\/#\/schema\/logo\/image\/\"},\"sameAs\":[\"https:\/\/instagram.com\/facytuc.oficial\/yoast\"]}]}<\/script>\n<!-- \/ Yoast SEO plugin. -->","yoast_head_json":{"title":"Extensi\u00f3n - Facultad Experimental de Ciencias y Tecnolog\u00eda","robots":{"index":"index","follow":"follow","max-snippet":"max-snippet:-1","max-image-preview":"max-image-preview:large","max-video-preview":"max-video-preview:-1"},"canonical":"https:\/\/www.facyt.uc.edu.ve\/web\/direcciones\/extencion\/","og_locale":"es_ES","og_type":"article","og_title":"Extensi\u00f3n - Facultad Experimental de Ciencias y Tecnolog\u00eda","og_description":"[vc_row][vc_column][vc_single_image image=\u00bb1167&#8243; img_size=\u00bbfull\u00bb][\/vc_column][\/vc_row][vc_row][vc_column][vc_column_text] La Direcci\u00f3n de Extensi\u00f3n y Relaciones Interinstitucionales de la Facultad de Ciencias y Tecnolog\u00eda (FACYT), es la unidad acad\u00e9mica administrativa, adscrita al Decanato-Despacho de la Facultad. Ejecutar la pol\u00edtica de extensi\u00f3n en la Facultad y dise\u00f1ar planes, programas y proyectos en materia de extensi\u00f3n, para el desarrollo, difusi\u00f3n y promoci\u00f3n de actividades&hellip;","og_url":"https:\/\/www.facyt.uc.edu.ve\/web\/direcciones\/extencion\/","og_site_name":"Facultad Experimental de Ciencias y Tecnolog\u00eda","article_modified_time":"2021-11-16T14:48:50+00:00","twitter_card":"summary_large_image","twitter_misc":{"Tiempo estimado de lectura":"1 minuto"},"schema":{"@context":"https:\/\/schema.org","@graph":[{"@type":"WebPage","@id":"https:\/\/www.facyt.uc.edu.ve\/web\/direcciones\/extencion\/","url":"https:\/\/www.facyt.uc.edu.ve\/web\/direcciones\/extencion\/","name":"Extensi\u00f3n - Facultad Experimental de Ciencias y Tecnolog\u00eda","isPartOf":{"@id":"https:\/\/www.facyt.uc.edu.ve\/web\/#website"},"datePublished":"2021-08-23T23:26:28+00:00","dateModified":"2021-11-16T14:48:50+00:00","breadcrumb":{"@id":"https:\/\/www.facyt.uc.edu.ve\/web\/direcciones\/extencion\/#breadcrumb"},"inLanguage":"es","potentialAction":[{"@type":"ReadAction","target":["https:\/\/www.facyt.uc.edu.ve\/web\/direcciones\/extencion\/"]}]},{"@type":"BreadcrumbList","@id":"https:\/\/www.facyt.uc.edu.ve\/web\/direcciones\/extencion\/#breadcrumb","itemListElement":[{"@type":"ListItem","position":1,"name":"Portada","item":"https:\/\/www.facyt.uc.edu.ve\/web\/"},{"@type":"ListItem","position":2,"name":"Direcciones","item":"https:\/\/www.facyt.uc.edu.ve\/web\/direcciones\/"},{"@type":"ListItem","position":3,"name":"Extensi\u00f3n"}]},{"@type":"WebSite","@id":"https:\/\/www.facyt.uc.edu.ve\/web\/#website","url":"https:\/\/www.facyt.uc.edu.ve\/web\/","name":"Facultad Experimental de Ciencias y Tecnolog\u00eda","description":"FaCyT UC","publisher":{"@id":"https:\/\/www.facyt.uc.edu.ve\/web\/#organization"},"alternateName":"FaCyT","potentialAction":[{"@type":"SearchAction","target":{"@type":"EntryPoint","urlTemplate":"https:\/\/www.facyt.uc.edu.ve\/web\/?s={search_term_string}"},"query-input":{"@type":"PropertyValueSpecification","valueRequired":true,"valueName":"search_term_string"}}],"inLanguage":"es"},{"@type":"Organization","@id":"https:\/\/www.facyt.uc.edu.ve\/web\/#organization","name":"Facultad Experimental de Ciencias y Tecnolog\u00eda","url":"https:\/\/www.facyt.uc.edu.ve\/web\/","logo":{"@type":"ImageObject","inLanguage":"es","@id":"https:\/\/www.facyt.uc.edu.ve\/web\/#\/schema\/logo\/image\/","url":"https:\/\/www.facyt.uc.edu.ve\/web\/wp-content\/uploads\/2025\/11\/Logo_de_la_Facultad_Experimental_de_Ciencia_y_Tecnologia-scaled.jpg","contentUrl":"https:\/\/www.facyt.uc.edu.ve\/web\/wp-content\/uploads\/2025\/11\/Logo_de_la_Facultad_Experimental_de_Ciencia_y_Tecnologia-scaled.jpg","width":2560,"height":2560,"caption":"Facultad Experimental de Ciencias y Tecnolog\u00eda"},"image":{"@id":"https:\/\/www.facyt.uc.edu.ve\/web\/#\/schema\/logo\/image\/"},"sameAs":["https:\/\/instagram.com\/facytuc.oficial\/yoast"]}]}},"_links":{"self":[{"href":"https:\/\/www.facyt.uc.edu.ve\/web\/wp-json\/wp\/v2\/pages\/441","targetHints":{"allow":["GET"]}}],"collection":[{"href":"https:\/\/www.facyt.uc.edu.ve\/web\/wp-json\/wp\/v2\/pages"}],"about":[{"href":"https:\/\/www.facyt.uc.edu.ve\/web\/wp-json\/wp\/v2\/types\/page"}],"author":[{"embeddable":true,"href":"https:\/\/www.facyt.uc.edu.ve\/web\/wp-json\/wp\/v2\/users\/5"}],"replies":[{"embeddable":true,"href":"https:\/\/www.facyt.uc.edu.ve\/web\/wp-json\/wp\/v2\/comments?post=441"}],"version-history":[{"count":3,"href":"https:\/\/www.facyt.uc.edu.ve\/web\/wp-json\/wp\/v2\/pages\/441\/revisions"}],"predecessor-version":[{"id":1472,"href":"https:\/\/www.facyt.uc.edu.ve\/web\/wp-json\/wp\/v2\/pages\/441\/revisions\/1472"}],"up":[{"embeddable":true,"href":"https:\/\/www.facyt.uc.edu.ve\/web\/wp-json\/wp\/v2\/pages\/404"}],"wp:attachment":[{"href":"https:\/\/www.facyt.uc.edu.ve\/web\/wp-json\/wp\/v2\/media?parent=441"}],"curies":[{"name":"wp","href":"https:\/\/api.w.org\/{rel}","templated":true}]}}