{"id":440,"date":"2021-08-23T19:26:28","date_gmt":"2021-08-23T23:26:28","guid":{"rendered":"http:\/\/vps1.facyt.uc.edu.ve\/web\/?page_id=440"},"modified":"2021-09-14T20:06:14","modified_gmt":"2021-09-15T00:06:14","slug":"docencia-y-desarrollo-curricular","status":"publish","type":"page","link":"https:\/\/www.facyt.uc.edu.ve\/web\/direcciones\/docencia-y-desarrollo-curricular\/","title":{"rendered":"Docencia y Desarrollo Curricular"},"content":{"rendered":"<div class=\"wpb-content-wrapper\"><p>[vc_row][vc_column][vc_single_image image=\u00bb1165&#8243; img_size=\u00bbfull\u00bb][\/vc_column][\/vc_row][vc_row][vc_column][vc_column_text]<\/p>\n<p style=\"text-align: left;\">La Direcci\u00f3n de Docencia y Desarrollo Curricular de la Facultad Experimental de Ciencias y Tecnolog\u00eda, es la unidad organizativa acad\u00e9mica-administrativa adscrita al Decanato-Despacho de la Facultad, la cual realiza funciones de naturaleza directiva-ejecutiva en relaci\u00f3n a las actividades de investigaci\u00f3n, dise\u00f1o, desarrollo, evaluaci\u00f3n curricular y desempe\u00f1o docente en los diversos niveles (pregrado y postgrado), en las modalidades (presencial, no presencial y mixta) y medios instruccionales utilizados (tecnol\u00f3gicos y no tecnol\u00f3gicos), conjuntamente con los programas y\/o proyectos que integran de la Facultad.<\/p>\n<h2 style=\"text-align: left;\"><span style=\"color: #0088cc;\">Visi\u00f3n<\/span><\/h2>\n<p style=\"text-align: justify;\">Ser una unidad acad\u00e9mica administrativa que genere un alto valor acad\u00e9mico a la Facultad, promoviendo y coordinando el desarrollo de actividades dirigidas al logro de un curr\u00edculo organizado, flexible, sistem\u00e1tico y pertinente, para la formaci\u00f3n de profesionales y t\u00e9cnicos en el \u00e1rea de la Ciencia y la Tecnolog\u00eda, con un perfil acad\u00e9mico que se corresponda con las necesidades actuales y futuras de la regi\u00f3n y del pa\u00eds, soportado fundamentalmente en la investigaci\u00f3n, desarrollo y evaluaci\u00f3n curricular, contribuyendo a la pertinencia, actualizaci\u00f3n y prospectiva de los dise\u00f1os de carreras de pregrado, programas y\/o proyectos de postgrado.<\/p>\n<h2 style=\"text-align: left;\"><span style=\"color: #0088cc;\">Misi\u00f3n<\/span><\/h2>\n<p style=\"text-align: justify;\">Crear, desarrollar y difundir conocimientos innovadores competitivos y socialmente pertinentes en la formaci\u00f3n de profesionales y t\u00e9cnicos en el \u00e1rea de la Ciencia y la Tecnolog\u00eda que apoyen el progreso de la regi\u00f3n y del pa\u00eds, para la consolidaci\u00f3n del bienestar personal y colectivo de la sociedad, dentro del contexto cient\u00edfico \u2013 t\u00e9cnico y human\u00edstico, relacionado con la investigaci\u00f3n y desarrollo del curr\u00edculo, evaluando permanentemente su evoluci\u00f3n como centro de la academia.<\/p>\n<h2 style=\"text-align: left;\"><span style=\"color: #0088cc;\">Objetivo General<\/span><\/h2>\n<p style=\"text-align: justify;\">Dirigir los procesos de investigaci\u00f3n, desarrollo y evaluaci\u00f3n curricular de todas las unidades acad\u00e9micas de la Facultad Experimental de Ciencias y Tecnolog\u00eda, aplicando estrategias que generen la optimizaci\u00f3n de los mismos, a nivel intra y extra institucional, a fin de adaptarlos al dise\u00f1o curricular y extracurricular, en concordancia con las exigencias sociales de la regi\u00f3n y el pa\u00eds, en la b\u00fasqueda de niveles de excelencia en el pregrado y el postgrado.<\/p>\n<p>[\/vc_column_text][\/vc_column][\/vc_row]<\/p>\n<\/div>","protected":false},"excerpt":{"rendered":"<p>[vc_row][vc_column][vc_single_image image=\u00bb1165&#8243; img_size=\u00bbfull\u00bb][\/vc_column][\/vc_row][vc_row][vc_column][vc_column_text] La Direcci\u00f3n de Docencia y Desarrollo Curricular de la Facultad Experimental de Ciencias y Tecnolog\u00eda, es la unidad organizativa acad\u00e9mica-administrativa adscrita al Decanato-Despacho de la Facultad, la cual realiza funciones de naturaleza directiva-ejecutiva en relaci\u00f3n a las actividades de investigaci\u00f3n, dise\u00f1o, desarrollo, evaluaci\u00f3n curricular y desempe\u00f1o docente en los diversos niveles (pregrado&hellip;<\/p>\n","protected":false},"author":5,"featured_media":0,"parent":404,"menu_order":0,"comment_status":"closed","ping_status":"closed","template":"","meta":{"footnotes":""},"class_list":["post-440","page","type-page","status-publish","hentry"],"yoast_head":"<!-- This site is optimized with the Yoast SEO plugin v27.1.1 - https:\/\/yoast.com\/product\/yoast-seo-wordpress\/ -->\n<title>Docencia y Desarrollo Curricular - Facultad Experimental de Ciencias y Tecnolog\u00eda<\/title>\n<meta name=\"robots\" content=\"index, follow, max-snippet:-1, max-image-preview:large, max-video-preview:-1\" \/>\n<link rel=\"canonical\" href=\"https:\/\/www.facyt.uc.edu.ve\/web\/direcciones\/docencia-y-desarrollo-curricular\/\" \/>\n<meta property=\"og:locale\" content=\"es_ES\" \/>\n<meta property=\"og:type\" content=\"article\" \/>\n<meta property=\"og:title\" content=\"Docencia y Desarrollo Curricular - Facultad Experimental de Ciencias y Tecnolog\u00eda\" \/>\n<meta property=\"og:description\" content=\"[vc_row][vc_column][vc_single_image image=\u00bb1165&#8243; img_size=\u00bbfull\u00bb][\/vc_column][\/vc_row][vc_row][vc_column][vc_column_text] La Direcci\u00f3n de Docencia y Desarrollo Curricular de la Facultad Experimental de Ciencias y Tecnolog\u00eda, es la unidad organizativa acad\u00e9mica-administrativa adscrita al Decanato-Despacho de la Facultad, la cual realiza funciones de naturaleza directiva-ejecutiva en relaci\u00f3n a las actividades de investigaci\u00f3n, dise\u00f1o, desarrollo, evaluaci\u00f3n curricular y desempe\u00f1o docente en los diversos niveles (pregrado&hellip;\" \/>\n<meta property=\"og:url\" content=\"https:\/\/www.facyt.uc.edu.ve\/web\/direcciones\/docencia-y-desarrollo-curricular\/\" \/>\n<meta property=\"og:site_name\" content=\"Facultad Experimental de Ciencias y Tecnolog\u00eda\" \/>\n<meta property=\"article:modified_time\" content=\"2021-09-15T00:06:14+00:00\" \/>\n<meta name=\"twitter:card\" content=\"summary_large_image\" \/>\n<meta name=\"twitter:label1\" content=\"Tiempo estimado de lectura\" \/>\n\t<meta name=\"twitter:data1\" content=\"2 minutos\" \/>\n<script type=\"application\/ld+json\" class=\"yoast-schema-graph\">{\"@context\":\"https:\/\/schema.org\",\"@graph\":[{\"@type\":\"WebPage\",\"@id\":\"https:\/\/www.facyt.uc.edu.ve\/web\/direcciones\/docencia-y-desarrollo-curricular\/\",\"url\":\"https:\/\/www.facyt.uc.edu.ve\/web\/direcciones\/docencia-y-desarrollo-curricular\/\",\"name\":\"Docencia y Desarrollo Curricular - Facultad Experimental de Ciencias y Tecnolog\u00eda\",\"isPartOf\":{\"@id\":\"https:\/\/www.facyt.uc.edu.ve\/web\/#website\"},\"datePublished\":\"2021-08-23T23:26:28+00:00\",\"dateModified\":\"2021-09-15T00:06:14+00:00\",\"breadcrumb\":{\"@id\":\"https:\/\/www.facyt.uc.edu.ve\/web\/direcciones\/docencia-y-desarrollo-curricular\/#breadcrumb\"},\"inLanguage\":\"es\",\"potentialAction\":[{\"@type\":\"ReadAction\",\"target\":[\"https:\/\/www.facyt.uc.edu.ve\/web\/direcciones\/docencia-y-desarrollo-curricular\/\"]}]},{\"@type\":\"BreadcrumbList\",\"@id\":\"https:\/\/www.facyt.uc.edu.ve\/web\/direcciones\/docencia-y-desarrollo-curricular\/#breadcrumb\",\"itemListElement\":[{\"@type\":\"ListItem\",\"position\":1,\"name\":\"Portada\",\"item\":\"https:\/\/www.facyt.uc.edu.ve\/web\/\"},{\"@type\":\"ListItem\",\"position\":2,\"name\":\"Direcciones\",\"item\":\"https:\/\/www.facyt.uc.edu.ve\/web\/direcciones\/\"},{\"@type\":\"ListItem\",\"position\":3,\"name\":\"Docencia y Desarrollo Curricular\"}]},{\"@type\":\"WebSite\",\"@id\":\"https:\/\/www.facyt.uc.edu.ve\/web\/#website\",\"url\":\"https:\/\/www.facyt.uc.edu.ve\/web\/\",\"name\":\"Facultad Experimental de Ciencias y Tecnolog\u00eda\",\"description\":\"FaCyT UC\",\"publisher\":{\"@id\":\"https:\/\/www.facyt.uc.edu.ve\/web\/#organization\"},\"alternateName\":\"FaCyT\",\"potentialAction\":[{\"@type\":\"SearchAction\",\"target\":{\"@type\":\"EntryPoint\",\"urlTemplate\":\"https:\/\/www.facyt.uc.edu.ve\/web\/?s={search_term_string}\"},\"query-input\":{\"@type\":\"PropertyValueSpecification\",\"valueRequired\":true,\"valueName\":\"search_term_string\"}}],\"inLanguage\":\"es\"},{\"@type\":\"Organization\",\"@id\":\"https:\/\/www.facyt.uc.edu.ve\/web\/#organization\",\"name\":\"Facultad Experimental de Ciencias y Tecnolog\u00eda\",\"url\":\"https:\/\/www.facyt.uc.edu.ve\/web\/\",\"logo\":{\"@type\":\"ImageObject\",\"inLanguage\":\"es\",\"@id\":\"https:\/\/www.facyt.uc.edu.ve\/web\/#\/schema\/logo\/image\/\",\"url\":\"https:\/\/www.facyt.uc.edu.ve\/web\/wp-content\/uploads\/2025\/11\/Logo_de_la_Facultad_Experimental_de_Ciencia_y_Tecnologia-scaled.jpg\",\"contentUrl\":\"https:\/\/www.facyt.uc.edu.ve\/web\/wp-content\/uploads\/2025\/11\/Logo_de_la_Facultad_Experimental_de_Ciencia_y_Tecnologia-scaled.jpg\",\"width\":2560,\"height\":2560,\"caption\":\"Facultad Experimental de Ciencias y Tecnolog\u00eda\"},\"image\":{\"@id\":\"https:\/\/www.facyt.uc.edu.ve\/web\/#\/schema\/logo\/image\/\"},\"sameAs\":[\"https:\/\/instagram.com\/facytuc.oficial\/yoast\"]}]}<\/script>\n<!-- \/ Yoast SEO plugin. -->","yoast_head_json":{"title":"Docencia y Desarrollo Curricular - Facultad Experimental de Ciencias y Tecnolog\u00eda","robots":{"index":"index","follow":"follow","max-snippet":"max-snippet:-1","max-image-preview":"max-image-preview:large","max-video-preview":"max-video-preview:-1"},"canonical":"https:\/\/www.facyt.uc.edu.ve\/web\/direcciones\/docencia-y-desarrollo-curricular\/","og_locale":"es_ES","og_type":"article","og_title":"Docencia y Desarrollo Curricular - Facultad Experimental de Ciencias y Tecnolog\u00eda","og_description":"[vc_row][vc_column][vc_single_image image=\u00bb1165&#8243; img_size=\u00bbfull\u00bb][\/vc_column][\/vc_row][vc_row][vc_column][vc_column_text] La Direcci\u00f3n de Docencia y Desarrollo Curricular de la Facultad Experimental de Ciencias y Tecnolog\u00eda, es la unidad organizativa acad\u00e9mica-administrativa adscrita al Decanato-Despacho de la Facultad, la cual realiza funciones de naturaleza directiva-ejecutiva en relaci\u00f3n a las actividades de investigaci\u00f3n, dise\u00f1o, desarrollo, evaluaci\u00f3n curricular y desempe\u00f1o docente en los diversos niveles (pregrado&hellip;","og_url":"https:\/\/www.facyt.uc.edu.ve\/web\/direcciones\/docencia-y-desarrollo-curricular\/","og_site_name":"Facultad Experimental de Ciencias y Tecnolog\u00eda","article_modified_time":"2021-09-15T00:06:14+00:00","twitter_card":"summary_large_image","twitter_misc":{"Tiempo estimado de lectura":"2 minutos"},"schema":{"@context":"https:\/\/schema.org","@graph":[{"@type":"WebPage","@id":"https:\/\/www.facyt.uc.edu.ve\/web\/direcciones\/docencia-y-desarrollo-curricular\/","url":"https:\/\/www.facyt.uc.edu.ve\/web\/direcciones\/docencia-y-desarrollo-curricular\/","name":"Docencia y Desarrollo Curricular - Facultad Experimental de Ciencias y Tecnolog\u00eda","isPartOf":{"@id":"https:\/\/www.facyt.uc.edu.ve\/web\/#website"},"datePublished":"2021-08-23T23:26:28+00:00","dateModified":"2021-09-15T00:06:14+00:00","breadcrumb":{"@id":"https:\/\/www.facyt.uc.edu.ve\/web\/direcciones\/docencia-y-desarrollo-curricular\/#breadcrumb"},"inLanguage":"es","potentialAction":[{"@type":"ReadAction","target":["https:\/\/www.facyt.uc.edu.ve\/web\/direcciones\/docencia-y-desarrollo-curricular\/"]}]},{"@type":"BreadcrumbList","@id":"https:\/\/www.facyt.uc.edu.ve\/web\/direcciones\/docencia-y-desarrollo-curricular\/#breadcrumb","itemListElement":[{"@type":"ListItem","position":1,"name":"Portada","item":"https:\/\/www.facyt.uc.edu.ve\/web\/"},{"@type":"ListItem","position":2,"name":"Direcciones","item":"https:\/\/www.facyt.uc.edu.ve\/web\/direcciones\/"},{"@type":"ListItem","position":3,"name":"Docencia y Desarrollo Curricular"}]},{"@type":"WebSite","@id":"https:\/\/www.facyt.uc.edu.ve\/web\/#website","url":"https:\/\/www.facyt.uc.edu.ve\/web\/","name":"Facultad Experimental de Ciencias y Tecnolog\u00eda","description":"FaCyT UC","publisher":{"@id":"https:\/\/www.facyt.uc.edu.ve\/web\/#organization"},"alternateName":"FaCyT","potentialAction":[{"@type":"SearchAction","target":{"@type":"EntryPoint","urlTemplate":"https:\/\/www.facyt.uc.edu.ve\/web\/?s={search_term_string}"},"query-input":{"@type":"PropertyValueSpecification","valueRequired":true,"valueName":"search_term_string"}}],"inLanguage":"es"},{"@type":"Organization","@id":"https:\/\/www.facyt.uc.edu.ve\/web\/#organization","name":"Facultad Experimental de Ciencias y Tecnolog\u00eda","url":"https:\/\/www.facyt.uc.edu.ve\/web\/","logo":{"@type":"ImageObject","inLanguage":"es","@id":"https:\/\/www.facyt.uc.edu.ve\/web\/#\/schema\/logo\/image\/","url":"https:\/\/www.facyt.uc.edu.ve\/web\/wp-content\/uploads\/2025\/11\/Logo_de_la_Facultad_Experimental_de_Ciencia_y_Tecnologia-scaled.jpg","contentUrl":"https:\/\/www.facyt.uc.edu.ve\/web\/wp-content\/uploads\/2025\/11\/Logo_de_la_Facultad_Experimental_de_Ciencia_y_Tecnologia-scaled.jpg","width":2560,"height":2560,"caption":"Facultad Experimental de Ciencias y Tecnolog\u00eda"},"image":{"@id":"https:\/\/www.facyt.uc.edu.ve\/web\/#\/schema\/logo\/image\/"},"sameAs":["https:\/\/instagram.com\/facytuc.oficial\/yoast"]}]}},"_links":{"self":[{"href":"https:\/\/www.facyt.uc.edu.ve\/web\/wp-json\/wp\/v2\/pages\/440","targetHints":{"allow":["GET"]}}],"collection":[{"href":"https:\/\/www.facyt.uc.edu.ve\/web\/wp-json\/wp\/v2\/pages"}],"about":[{"href":"https:\/\/www.facyt.uc.edu.ve\/web\/wp-json\/wp\/v2\/types\/page"}],"author":[{"embeddable":true,"href":"https:\/\/www.facyt.uc.edu.ve\/web\/wp-json\/wp\/v2\/users\/5"}],"replies":[{"embeddable":true,"href":"https:\/\/www.facyt.uc.edu.ve\/web\/wp-json\/wp\/v2\/comments?post=440"}],"version-history":[{"count":2,"href":"https:\/\/www.facyt.uc.edu.ve\/web\/wp-json\/wp\/v2\/pages\/440\/revisions"}],"predecessor-version":[{"id":1166,"href":"https:\/\/www.facyt.uc.edu.ve\/web\/wp-json\/wp\/v2\/pages\/440\/revisions\/1166"}],"up":[{"embeddable":true,"href":"https:\/\/www.facyt.uc.edu.ve\/web\/wp-json\/wp\/v2\/pages\/404"}],"wp:attachment":[{"href":"https:\/\/www.facyt.uc.edu.ve\/web\/wp-json\/wp\/v2\/media?parent=440"}],"curies":[{"name":"wp","href":"https:\/\/api.w.org\/{rel}","templated":true}]}}