{"id":438,"date":"2021-08-23T19:26:28","date_gmt":"2021-08-23T23:26:28","guid":{"rendered":"http:\/\/vps1.facyt.uc.edu.ve\/web\/?page_id=438"},"modified":"2021-09-14T19:47:35","modified_gmt":"2021-09-14T23:47:35","slug":"asuntos-estudiantiles","status":"publish","type":"page","link":"https:\/\/www.facyt.uc.edu.ve\/web\/direcciones\/asuntos-estudiantiles\/","title":{"rendered":"Asuntos Estudiantiles"},"content":{"rendered":"<div class=\"wpb-content-wrapper\"><p>[vc_row][vc_column][vc_single_image image=\u00bb1160&#8243; img_size=\u00bbfull\u00bb alignment=\u00bbcenter\u00bb][\/vc_column][\/vc_row][vc_row][vc_column][vc_column_text]<\/p>\n<h2 style=\"text-align: left;\"><span style=\"color: #0088cc;\">Visi\u00f3n<\/span><\/h2>\n<p style=\"text-align: justify;\">Ser una Direcci\u00f3n que desarrolle un sistema de admisi\u00f3n, informaci\u00f3n, registro y control acad\u00e9mico y permanencia estudiantil efectiva, basado en los principios y valores \u00e9ticos de la Facultad e Instituci\u00f3n, donde el egresado culmine exitosamente la carrera seleccionada, comprometido con una eficiente cultura de servicio y gran sentido de racionalidad en el uso de los recursos, con permanente disposici\u00f3n al cambio, a la superaci\u00f3n y al trabajo en equipo; conectada a las redes de informaci\u00f3n e interconexi\u00f3n interna y externa, facilitando el incremento continuo de los niveles de efectividad, competitividad y calidad.<\/p>\n<h2 style=\"text-align: left;\"><span style=\"color: #0088cc;\">Misi\u00f3n<\/span><\/h2>\n<p style=\"text-align: justify;\">Desarrollar los procesos relacionados con los asuntos estudiantiles de admisi\u00f3n, informaci\u00f3n, registro, control acad\u00e9mico y permanencia estudiantil, basado en conocimientos, m\u00e9ritos, competencias, habilidades, destrezas, esfuerzo y determinaci\u00f3n de los estudiantes, as\u00ed como tambi\u00e9n mecanismos de seguimiento de la vida estudiantil que estimulen y regulen la culminaci\u00f3n exitosa de la carrera seleccionada por el estudiante; as\u00ed mismo, sistemas de est\u00edmulo y reconocimiento al rendimiento estudiantil en lo acad\u00e9mico, cultural y deportivo; esto mediante la utilizaci\u00f3n de estrategias administrativas de avanzada, empleando tecnolog\u00eda de punta que facilite los procesos acad\u00e9micos y administrativos y mejoramiento continuo de su personal.<\/p>\n<h2 style=\"text-align: left;\"><span style=\"color: #0088cc;\">Objetivo General<\/span><\/h2>\n<p style=\"text-align: justify;\">Mantener el sistema automatizado de informaci\u00f3n, con los avances tecnol\u00f3gicos, cuyos datos y procesos est\u00e9n automatizados seg\u00fan la cronolog\u00eda de los eventos que generan el r\u00e9cord acad\u00e9mico de cada uno de los estudiantes de la Facultad de Ingenier\u00eda, logrando satisfacer los requerimientos en materia de informaci\u00f3n, registro y control acad\u00e9mico estudiantil, as\u00ed como la orientaci\u00f3n y apoyo al estudiante bajo las pol\u00edticas emanadas de las instancias superiores, a fin de ofrecer una organizaci\u00f3n y distribuci\u00f3n \u00f3ptima de los recursos y el cumplimiento de las metas establecidas.<\/p>\n<p>[\/vc_column_text][\/vc_column][\/vc_row]<\/p>\n<\/div>","protected":false},"excerpt":{"rendered":"<p>[vc_row][vc_column][vc_single_image image=\u00bb1160&#8243; img_size=\u00bbfull\u00bb alignment=\u00bbcenter\u00bb][\/vc_column][\/vc_row][vc_row][vc_column][vc_column_text] Visi\u00f3n Ser una Direcci\u00f3n que desarrolle un sistema de admisi\u00f3n, informaci\u00f3n, registro y control acad\u00e9mico y permanencia estudiantil efectiva, basado en los principios y valores \u00e9ticos de la Facultad e Instituci\u00f3n, donde el egresado culmine exitosamente la carrera seleccionada, comprometido con una eficiente cultura de servicio y gran sentido de racionalidad&hellip;<\/p>\n","protected":false},"author":5,"featured_media":0,"parent":404,"menu_order":0,"comment_status":"closed","ping_status":"closed","template":"","meta":{"footnotes":""},"class_list":["post-438","page","type-page","status-publish","hentry"],"yoast_head":"<!-- This site is optimized with the Yoast SEO plugin v27.1.1 - https:\/\/yoast.com\/product\/yoast-seo-wordpress\/ -->\n<title>Asuntos Estudiantiles - Facultad Experimental de Ciencias y Tecnolog\u00eda<\/title>\n<meta name=\"robots\" content=\"index, follow, max-snippet:-1, max-image-preview:large, max-video-preview:-1\" \/>\n<link rel=\"canonical\" href=\"https:\/\/www.facyt.uc.edu.ve\/web\/direcciones\/asuntos-estudiantiles\/\" \/>\n<meta property=\"og:locale\" content=\"es_ES\" \/>\n<meta property=\"og:type\" content=\"article\" \/>\n<meta property=\"og:title\" content=\"Asuntos Estudiantiles - Facultad Experimental de Ciencias y Tecnolog\u00eda\" \/>\n<meta property=\"og:description\" content=\"[vc_row][vc_column][vc_single_image image=\u00bb1160&#8243; img_size=\u00bbfull\u00bb alignment=\u00bbcenter\u00bb][\/vc_column][\/vc_row][vc_row][vc_column][vc_column_text] Visi\u00f3n Ser una Direcci\u00f3n que desarrolle un sistema de admisi\u00f3n, informaci\u00f3n, registro y control acad\u00e9mico y permanencia estudiantil efectiva, basado en los principios y valores \u00e9ticos de la Facultad e Instituci\u00f3n, donde el egresado culmine exitosamente la carrera seleccionada, comprometido con una eficiente cultura de servicio y gran sentido de racionalidad&hellip;\" \/>\n<meta property=\"og:url\" content=\"https:\/\/www.facyt.uc.edu.ve\/web\/direcciones\/asuntos-estudiantiles\/\" \/>\n<meta property=\"og:site_name\" content=\"Facultad Experimental de Ciencias y Tecnolog\u00eda\" \/>\n<meta property=\"article:modified_time\" content=\"2021-09-14T23:47:35+00:00\" \/>\n<meta name=\"twitter:card\" content=\"summary_large_image\" \/>\n<meta name=\"twitter:label1\" content=\"Tiempo estimado de lectura\" \/>\n\t<meta name=\"twitter:data1\" content=\"2 minutos\" \/>\n<script type=\"application\/ld+json\" class=\"yoast-schema-graph\">{\"@context\":\"https:\/\/schema.org\",\"@graph\":[{\"@type\":\"WebPage\",\"@id\":\"https:\/\/www.facyt.uc.edu.ve\/web\/direcciones\/asuntos-estudiantiles\/\",\"url\":\"https:\/\/www.facyt.uc.edu.ve\/web\/direcciones\/asuntos-estudiantiles\/\",\"name\":\"Asuntos Estudiantiles - Facultad Experimental de Ciencias y Tecnolog\u00eda\",\"isPartOf\":{\"@id\":\"https:\/\/www.facyt.uc.edu.ve\/web\/#website\"},\"datePublished\":\"2021-08-23T23:26:28+00:00\",\"dateModified\":\"2021-09-14T23:47:35+00:00\",\"breadcrumb\":{\"@id\":\"https:\/\/www.facyt.uc.edu.ve\/web\/direcciones\/asuntos-estudiantiles\/#breadcrumb\"},\"inLanguage\":\"es\",\"potentialAction\":[{\"@type\":\"ReadAction\",\"target\":[\"https:\/\/www.facyt.uc.edu.ve\/web\/direcciones\/asuntos-estudiantiles\/\"]}]},{\"@type\":\"BreadcrumbList\",\"@id\":\"https:\/\/www.facyt.uc.edu.ve\/web\/direcciones\/asuntos-estudiantiles\/#breadcrumb\",\"itemListElement\":[{\"@type\":\"ListItem\",\"position\":1,\"name\":\"Portada\",\"item\":\"https:\/\/www.facyt.uc.edu.ve\/web\/\"},{\"@type\":\"ListItem\",\"position\":2,\"name\":\"Direcciones\",\"item\":\"https:\/\/www.facyt.uc.edu.ve\/web\/direcciones\/\"},{\"@type\":\"ListItem\",\"position\":3,\"name\":\"Asuntos Estudiantiles\"}]},{\"@type\":\"WebSite\",\"@id\":\"https:\/\/www.facyt.uc.edu.ve\/web\/#website\",\"url\":\"https:\/\/www.facyt.uc.edu.ve\/web\/\",\"name\":\"Facultad Experimental de Ciencias y Tecnolog\u00eda\",\"description\":\"FaCyT UC\",\"publisher\":{\"@id\":\"https:\/\/www.facyt.uc.edu.ve\/web\/#organization\"},\"alternateName\":\"FaCyT\",\"potentialAction\":[{\"@type\":\"SearchAction\",\"target\":{\"@type\":\"EntryPoint\",\"urlTemplate\":\"https:\/\/www.facyt.uc.edu.ve\/web\/?s={search_term_string}\"},\"query-input\":{\"@type\":\"PropertyValueSpecification\",\"valueRequired\":true,\"valueName\":\"search_term_string\"}}],\"inLanguage\":\"es\"},{\"@type\":\"Organization\",\"@id\":\"https:\/\/www.facyt.uc.edu.ve\/web\/#organization\",\"name\":\"Facultad Experimental de Ciencias y Tecnolog\u00eda\",\"url\":\"https:\/\/www.facyt.uc.edu.ve\/web\/\",\"logo\":{\"@type\":\"ImageObject\",\"inLanguage\":\"es\",\"@id\":\"https:\/\/www.facyt.uc.edu.ve\/web\/#\/schema\/logo\/image\/\",\"url\":\"https:\/\/www.facyt.uc.edu.ve\/web\/wp-content\/uploads\/2025\/11\/Logo_de_la_Facultad_Experimental_de_Ciencia_y_Tecnologia-scaled.jpg\",\"contentUrl\":\"https:\/\/www.facyt.uc.edu.ve\/web\/wp-content\/uploads\/2025\/11\/Logo_de_la_Facultad_Experimental_de_Ciencia_y_Tecnologia-scaled.jpg\",\"width\":2560,\"height\":2560,\"caption\":\"Facultad Experimental de Ciencias y Tecnolog\u00eda\"},\"image\":{\"@id\":\"https:\/\/www.facyt.uc.edu.ve\/web\/#\/schema\/logo\/image\/\"},\"sameAs\":[\"https:\/\/instagram.com\/facytuc.oficial\/yoast\"]}]}<\/script>\n<!-- \/ Yoast SEO plugin. -->","yoast_head_json":{"title":"Asuntos Estudiantiles - Facultad Experimental de Ciencias y Tecnolog\u00eda","robots":{"index":"index","follow":"follow","max-snippet":"max-snippet:-1","max-image-preview":"max-image-preview:large","max-video-preview":"max-video-preview:-1"},"canonical":"https:\/\/www.facyt.uc.edu.ve\/web\/direcciones\/asuntos-estudiantiles\/","og_locale":"es_ES","og_type":"article","og_title":"Asuntos Estudiantiles - Facultad Experimental de Ciencias y Tecnolog\u00eda","og_description":"[vc_row][vc_column][vc_single_image image=\u00bb1160&#8243; img_size=\u00bbfull\u00bb alignment=\u00bbcenter\u00bb][\/vc_column][\/vc_row][vc_row][vc_column][vc_column_text] Visi\u00f3n Ser una Direcci\u00f3n que desarrolle un sistema de admisi\u00f3n, informaci\u00f3n, registro y control acad\u00e9mico y permanencia estudiantil efectiva, basado en los principios y valores \u00e9ticos de la Facultad e Instituci\u00f3n, donde el egresado culmine exitosamente la carrera seleccionada, comprometido con una eficiente cultura de servicio y gran sentido de racionalidad&hellip;","og_url":"https:\/\/www.facyt.uc.edu.ve\/web\/direcciones\/asuntos-estudiantiles\/","og_site_name":"Facultad Experimental de Ciencias y Tecnolog\u00eda","article_modified_time":"2021-09-14T23:47:35+00:00","twitter_card":"summary_large_image","twitter_misc":{"Tiempo estimado de lectura":"2 minutos"},"schema":{"@context":"https:\/\/schema.org","@graph":[{"@type":"WebPage","@id":"https:\/\/www.facyt.uc.edu.ve\/web\/direcciones\/asuntos-estudiantiles\/","url":"https:\/\/www.facyt.uc.edu.ve\/web\/direcciones\/asuntos-estudiantiles\/","name":"Asuntos Estudiantiles - Facultad Experimental de Ciencias y Tecnolog\u00eda","isPartOf":{"@id":"https:\/\/www.facyt.uc.edu.ve\/web\/#website"},"datePublished":"2021-08-23T23:26:28+00:00","dateModified":"2021-09-14T23:47:35+00:00","breadcrumb":{"@id":"https:\/\/www.facyt.uc.edu.ve\/web\/direcciones\/asuntos-estudiantiles\/#breadcrumb"},"inLanguage":"es","potentialAction":[{"@type":"ReadAction","target":["https:\/\/www.facyt.uc.edu.ve\/web\/direcciones\/asuntos-estudiantiles\/"]}]},{"@type":"BreadcrumbList","@id":"https:\/\/www.facyt.uc.edu.ve\/web\/direcciones\/asuntos-estudiantiles\/#breadcrumb","itemListElement":[{"@type":"ListItem","position":1,"name":"Portada","item":"https:\/\/www.facyt.uc.edu.ve\/web\/"},{"@type":"ListItem","position":2,"name":"Direcciones","item":"https:\/\/www.facyt.uc.edu.ve\/web\/direcciones\/"},{"@type":"ListItem","position":3,"name":"Asuntos Estudiantiles"}]},{"@type":"WebSite","@id":"https:\/\/www.facyt.uc.edu.ve\/web\/#website","url":"https:\/\/www.facyt.uc.edu.ve\/web\/","name":"Facultad Experimental de Ciencias y Tecnolog\u00eda","description":"FaCyT UC","publisher":{"@id":"https:\/\/www.facyt.uc.edu.ve\/web\/#organization"},"alternateName":"FaCyT","potentialAction":[{"@type":"SearchAction","target":{"@type":"EntryPoint","urlTemplate":"https:\/\/www.facyt.uc.edu.ve\/web\/?s={search_term_string}"},"query-input":{"@type":"PropertyValueSpecification","valueRequired":true,"valueName":"search_term_string"}}],"inLanguage":"es"},{"@type":"Organization","@id":"https:\/\/www.facyt.uc.edu.ve\/web\/#organization","name":"Facultad Experimental de Ciencias y Tecnolog\u00eda","url":"https:\/\/www.facyt.uc.edu.ve\/web\/","logo":{"@type":"ImageObject","inLanguage":"es","@id":"https:\/\/www.facyt.uc.edu.ve\/web\/#\/schema\/logo\/image\/","url":"https:\/\/www.facyt.uc.edu.ve\/web\/wp-content\/uploads\/2025\/11\/Logo_de_la_Facultad_Experimental_de_Ciencia_y_Tecnologia-scaled.jpg","contentUrl":"https:\/\/www.facyt.uc.edu.ve\/web\/wp-content\/uploads\/2025\/11\/Logo_de_la_Facultad_Experimental_de_Ciencia_y_Tecnologia-scaled.jpg","width":2560,"height":2560,"caption":"Facultad Experimental de Ciencias y Tecnolog\u00eda"},"image":{"@id":"https:\/\/www.facyt.uc.edu.ve\/web\/#\/schema\/logo\/image\/"},"sameAs":["https:\/\/instagram.com\/facytuc.oficial\/yoast"]}]}},"_links":{"self":[{"href":"https:\/\/www.facyt.uc.edu.ve\/web\/wp-json\/wp\/v2\/pages\/438","targetHints":{"allow":["GET"]}}],"collection":[{"href":"https:\/\/www.facyt.uc.edu.ve\/web\/wp-json\/wp\/v2\/pages"}],"about":[{"href":"https:\/\/www.facyt.uc.edu.ve\/web\/wp-json\/wp\/v2\/types\/page"}],"author":[{"embeddable":true,"href":"https:\/\/www.facyt.uc.edu.ve\/web\/wp-json\/wp\/v2\/users\/5"}],"replies":[{"embeddable":true,"href":"https:\/\/www.facyt.uc.edu.ve\/web\/wp-json\/wp\/v2\/comments?post=438"}],"version-history":[{"count":3,"href":"https:\/\/www.facyt.uc.edu.ve\/web\/wp-json\/wp\/v2\/pages\/438\/revisions"}],"predecessor-version":[{"id":1162,"href":"https:\/\/www.facyt.uc.edu.ve\/web\/wp-json\/wp\/v2\/pages\/438\/revisions\/1162"}],"up":[{"embeddable":true,"href":"https:\/\/www.facyt.uc.edu.ve\/web\/wp-json\/wp\/v2\/pages\/404"}],"wp:attachment":[{"href":"https:\/\/www.facyt.uc.edu.ve\/web\/wp-json\/wp\/v2\/media?parent=438"}],"curies":[{"name":"wp","href":"https:\/\/api.w.org\/{rel}","templated":true}]}}