{"id":408,"date":"2021-08-23T18:49:20","date_gmt":"2021-08-23T22:49:20","guid":{"rendered":"http:\/\/vps1.facyt.uc.edu.ve\/web\/?page_id=408"},"modified":"2021-11-16T11:22:10","modified_gmt":"2021-11-16T15:22:10","slug":"normas-y-reglamentos","status":"publish","type":"page","link":"https:\/\/www.facyt.uc.edu.ve\/web\/normas-y-reglamentos\/","title":{"rendered":"Normas y Reglamentos"},"content":{"rendered":"<div class=\"wpb-content-wrapper\"><p>[vc_row][vc_column][vc_single_image image=\u00bb1199&#8243; img_size=\u00bbfull\u00bb alignment=\u00bbcenter\u00bb][\/vc_column][\/vc_row][vc_row gap=\u00bb1&#8243; equal_height=\u00bbyes\u00bb el_class=\u00bbrules\u00bb][vc_column width=\u00bb1\/2&#8243;][vc_btn title=\u00bbReglamento de Preparadores.\u00bb style=\u00bbcustom\u00bb custom_text=\u00bb#0092d0&#8243; shape=\u00bbsquare\u00bb align=\u00bbleft\u00bb i_icon_fontawesome=\u00bbfas fa-book\u00bb button_block=\u00bbtrue\u00bb add_icon=\u00bbtrue\u00bb css=\u00bb.vc_custom_1637075950149{margin-top: 5px !important;margin-right: 5px !important;margin-bottom: 5px !important;margin-left: 5px !important;}\u00bb el_class=\u00bbrules\u00bb link=\u00bburl:http%3A%2F%2Fwww.facyt.uc.edu.ve%2Fweb%2Fwp-content%2Fuploads%2F2021%2F11%2Freg_prepa.pdf|target:_blank|rel:nofollow\u00bb][vc_btn title=\u00bbNormativo de Retiros para los Estudiantes.\u00bb style=\u00bbcustom\u00bb custom_text=\u00bb#0092d0&#8243; shape=\u00bbsquare\u00bb align=\u00bbleft\u00bb i_icon_fontawesome=\u00bbfas fa-book\u00bb button_block=\u00bbtrue\u00bb add_icon=\u00bbtrue\u00bb css=\u00bb.vc_custom_1637076000668{margin-top: 5px !important;margin-right: 5px !important;margin-bottom: 5px !important;margin-left: 5px !important;}\u00bb link=\u00bburl:http%3A%2F%2Fwww.facyt.uc.edu.ve%2Fweb%2Fwp-content%2Fuploads%2F2021%2F11%2Fnormas_retiro.pdf|target:_blank|rel:nofollow\u00bb][vc_btn title=\u00bbNormas que rigen el Funcionamiento del Servicio Comunitario en FACYT.\u00bb style=\u00bbcustom\u00bb custom_text=\u00bb#0092d0&#8243; shape=\u00bbsquare\u00bb align=\u00bbleft\u00bb i_icon_fontawesome=\u00bbfas fa-book\u00bb button_block=\u00bbtrue\u00bb add_icon=\u00bbtrue\u00bb css=\u00bb.vc_custom_1637076071507{margin-top: 5px !important;margin-right: 5px !important;margin-bottom: 5px !important;margin-left: 5px !important;}\u00bb link=\u00bburl:http%3A%2F%2Fwww.facyt.uc.edu.ve%2Fweb%2Fwp-content%2Fuploads%2F2021%2F11%2FNormativa_servicio_comunitario_FACYT.pdf|target:_blank|rel:nofollow\u00bb][vc_btn title=\u00bbPautas para la Exoneraci\u00f3n de los Requisitos Obligatorios Apreciaci\u00f3n Cultural y Deporte\u00bb style=\u00bbcustom\u00bb custom_text=\u00bb#0092d0&#8243; shape=\u00bbsquare\u00bb align=\u00bbleft\u00bb i_icon_fontawesome=\u00bbfas fa-book\u00bb button_block=\u00bbtrue\u00bb add_icon=\u00bbtrue\u00bb css=\u00bb.vc_custom_1637076128031{margin-top: 5px !important;margin-right: 5px !important;margin-bottom: 5px !important;margin-left: 5px !important;}\u00bb link=\u00bburl:http%3A%2F%2Fwww.facyt.uc.edu.ve%2Fweb%2Fwp-content%2Fuploads%2F2021%2F11%2Fpautas_exoneracion_cult_dep.pdf|target:_blank|rel:nofollow\u00bb][\/vc_column][vc_column width=\u00bb1\/2&#8243;][vc_btn title=\u00bbNormas de Permanencia de la Facultad.\u00bb style=\u00bbcustom\u00bb custom_text=\u00bb#0092d0&#8243; shape=\u00bbsquare\u00bb align=\u00bbleft\u00bb i_icon_fontawesome=\u00bbfas fa-book\u00bb button_block=\u00bbtrue\u00bb add_icon=\u00bbtrue\u00bb css=\u00bb.vc_custom_1637075583004{margin-top: 5px !important;margin-right: 5px !important;margin-bottom: 5px !important;margin-left: 5px !important;}\u00bb link=\u00bburl:http%3A%2F%2Fwww.facyt.uc.edu.ve%2Fweb%2Fwp-content%2Fuploads%2F2021%2F11%2Fpermanencia.pdf|target:_blank|rel:nofollow\u00bb][vc_btn title=\u00bbNormativas para la Administraci\u00f3n de las Asignaturas Electivas.\u00bb style=\u00bbcustom\u00bb custom_text=\u00bb#0092d0&#8243; shape=\u00bbsquare\u00bb align=\u00bbleft\u00bb i_icon_fontawesome=\u00bbfas fa-book\u00bb button_block=\u00bbtrue\u00bb add_icon=\u00bbtrue\u00bb css=\u00bb.vc_custom_1637075830121{margin-top: 5px !important;margin-right: 5px !important;margin-bottom: 5px !important;margin-left: 5px !important;}\u00bb link=\u00bburl:http%3A%2F%2Fwww.facyt.uc.edu.ve%2Fweb%2Fwp-content%2Fuploads%2F2021%2F11%2Fnormas_electiva_25_10_2012.pdf|target:_blank|rel:nofollow\u00bb][vc_btn title=\u00bbNormativa de Evaluaci\u00f3n de los aprendizajes para los Estudiantes de FACYT.\u00bb style=\u00bbcustom\u00bb custom_text=\u00bb#0092d0&#8243; shape=\u00bbsquare\u00bb align=\u00bbleft\u00bb i_icon_fontawesome=\u00bbfas fa-book\u00bb button_block=\u00bbtrue\u00bb add_icon=\u00bbtrue\u00bb css=\u00bb.vc_custom_1637075754589{margin-top: 5px !important;margin-right: 5px !important;margin-bottom: 5px !important;margin-left: 5px !important;}\u00bb link=\u00bburl:http%3A%2F%2Fwww.facyt.uc.edu.ve%2Fweb%2Fwp-content%2Fuploads%2F2021%2F11%2FNEAprendizajes_aprobado_20-10-11.pdf|target:_blank|rel:nofollow\u00bb][vc_btn title=\u00bbNormas para la Elaboraci\u00f3n, Presentaci\u00f3n y Evaluaci\u00f3n del Trabajo Especial de Grado (FACYT).\u00bb style=\u00bbcustom\u00bb custom_text=\u00bb#0092d0&#8243; shape=\u00bbsquare\u00bb align=\u00bbleft\u00bb i_icon_fontawesome=\u00bbfas fa-book\u00bb button_block=\u00bbtrue\u00bb add_icon=\u00bbtrue\u00bb css=\u00bb.vc_custom_1637075898263{margin-top: 5px !important;margin-right: 5px !important;margin-bottom: 5px !important;margin-left: 5px !important;}\u00bb link=\u00bburl:http%3A%2F%2Fwww.facyt.uc.edu.ve%2Fweb%2Fwp-content%2Fuploads%2F2021%2F11%2Fnormas_TEG_formatos_-12_07_2012.pdf|target:_blank|rel:nofollow\u00bb][\/vc_column][\/vc_row]<\/p>\n<\/div>","protected":false},"excerpt":{"rendered":"<p>[vc_row][vc_column][vc_single_image image=\u00bb1199&#8243; img_size=\u00bbfull\u00bb alignment=\u00bbcenter\u00bb][\/vc_column][\/vc_row][vc_row gap=\u00bb1&#8243; equal_height=\u00bbyes\u00bb el_class=\u00bbrules\u00bb][vc_column width=\u00bb1\/2&#8243;][vc_btn title=\u00bbReglamento de Preparadores.\u00bb style=\u00bbcustom\u00bb custom_text=\u00bb#0092d0&#8243; shape=\u00bbsquare\u00bb align=\u00bbleft\u00bb i_icon_fontawesome=\u00bbfas fa-book\u00bb button_block=\u00bbtrue\u00bb add_icon=\u00bbtrue\u00bb css=\u00bb.vc_custom_1637075950149{margin-top: 5px !important;margin-right: 5px !important;margin-bottom: 5px !important;margin-left: 5px !important;}\u00bb el_class=\u00bbrules\u00bb link=\u00bburl:http%3A%2F%2Fwww.facyt.uc.edu.ve%2Fweb%2Fwp-content%2Fuploads%2F2021%2F11%2Freg_prepa.pdf|target:_blank|rel:nofollow\u00bb][vc_btn title=\u00bbNormativo de Retiros para los Estudiantes.\u00bb style=\u00bbcustom\u00bb custom_text=\u00bb#0092d0&#8243; shape=\u00bbsquare\u00bb align=\u00bbleft\u00bb i_icon_fontawesome=\u00bbfas fa-book\u00bb button_block=\u00bbtrue\u00bb add_icon=\u00bbtrue\u00bb css=\u00bb.vc_custom_1637076000668{margin-top: 5px !important;margin-right: 5px !important;margin-bottom: 5px !important;margin-left: 5px !important;}\u00bb link=\u00bburl:http%3A%2F%2Fwww.facyt.uc.edu.ve%2Fweb%2Fwp-content%2Fuploads%2F2021%2F11%2Fnormas_retiro.pdf|target:_blank|rel:nofollow\u00bb][vc_btn title=\u00bbNormas&hellip;<\/p>\n","protected":false},"author":5,"featured_media":0,"parent":0,"menu_order":0,"comment_status":"closed","ping_status":"closed","template":"","meta":{"footnotes":""},"class_list":["post-408","page","type-page","status-publish","hentry"],"yoast_head":"<!-- This site is optimized with the Yoast SEO plugin v27.1.1 - https:\/\/yoast.com\/product\/yoast-seo-wordpress\/ -->\n<title>Normas y Reglamentos - Facultad Experimental de Ciencias y Tecnolog\u00eda<\/title>\n<meta name=\"robots\" content=\"index, follow, max-snippet:-1, max-image-preview:large, max-video-preview:-1\" \/>\n<link rel=\"canonical\" href=\"https:\/\/www.facyt.uc.edu.ve\/web\/normas-y-reglamentos\/\" \/>\n<meta property=\"og:locale\" content=\"es_ES\" \/>\n<meta property=\"og:type\" content=\"article\" \/>\n<meta property=\"og:title\" content=\"Normas y Reglamentos - Facultad Experimental de Ciencias y Tecnolog\u00eda\" \/>\n<meta property=\"og:description\" content=\"[vc_row][vc_column][vc_single_image image=\u00bb1199&#8243; img_size=\u00bbfull\u00bb alignment=\u00bbcenter\u00bb][\/vc_column][\/vc_row][vc_row gap=\u00bb1&#8243; equal_height=\u00bbyes\u00bb el_class=\u00bbrules\u00bb][vc_column width=\u00bb1\/2&#8243;][vc_btn title=\u00bbReglamento de Preparadores.\u00bb style=\u00bbcustom\u00bb custom_text=\u00bb#0092d0&#8243; shape=\u00bbsquare\u00bb align=\u00bbleft\u00bb i_icon_fontawesome=\u00bbfas fa-book\u00bb button_block=\u00bbtrue\u00bb add_icon=\u00bbtrue\u00bb css=\u00bb.vc_custom_1637075950149{margin-top: 5px !important;margin-right: 5px !important;margin-bottom: 5px !important;margin-left: 5px !important;}\u00bb el_class=\u00bbrules\u00bb link=\u00bburl:http%3A%2F%2Fwww.facyt.uc.edu.ve%2Fweb%2Fwp-content%2Fuploads%2F2021%2F11%2Freg_prepa.pdf|target:_blank|rel:nofollow\u00bb][vc_btn title=\u00bbNormativo de Retiros para los Estudiantes.\u00bb style=\u00bbcustom\u00bb custom_text=\u00bb#0092d0&#8243; shape=\u00bbsquare\u00bb align=\u00bbleft\u00bb i_icon_fontawesome=\u00bbfas fa-book\u00bb button_block=\u00bbtrue\u00bb add_icon=\u00bbtrue\u00bb css=\u00bb.vc_custom_1637076000668{margin-top: 5px !important;margin-right: 5px !important;margin-bottom: 5px !important;margin-left: 5px !important;}\u00bb link=\u00bburl:http%3A%2F%2Fwww.facyt.uc.edu.ve%2Fweb%2Fwp-content%2Fuploads%2F2021%2F11%2Fnormas_retiro.pdf|target:_blank|rel:nofollow\u00bb][vc_btn title=\u00bbNormas&hellip;\" \/>\n<meta property=\"og:url\" content=\"https:\/\/www.facyt.uc.edu.ve\/web\/normas-y-reglamentos\/\" \/>\n<meta property=\"og:site_name\" content=\"Facultad Experimental de Ciencias y Tecnolog\u00eda\" \/>\n<meta property=\"article:modified_time\" content=\"2021-11-16T15:22:10+00:00\" \/>\n<meta name=\"twitter:card\" content=\"summary_large_image\" \/>\n<meta name=\"twitter:label1\" content=\"Tiempo estimado de lectura\" \/>\n\t<meta name=\"twitter:data1\" content=\"3 minutos\" \/>\n<script type=\"application\/ld+json\" class=\"yoast-schema-graph\">{\"@context\":\"https:\/\/schema.org\",\"@graph\":[{\"@type\":\"WebPage\",\"@id\":\"https:\/\/www.facyt.uc.edu.ve\/web\/normas-y-reglamentos\/\",\"url\":\"https:\/\/www.facyt.uc.edu.ve\/web\/normas-y-reglamentos\/\",\"name\":\"Normas y Reglamentos - Facultad Experimental de Ciencias y Tecnolog\u00eda\",\"isPartOf\":{\"@id\":\"https:\/\/www.facyt.uc.edu.ve\/web\/#website\"},\"datePublished\":\"2021-08-23T22:49:20+00:00\",\"dateModified\":\"2021-11-16T15:22:10+00:00\",\"breadcrumb\":{\"@id\":\"https:\/\/www.facyt.uc.edu.ve\/web\/normas-y-reglamentos\/#breadcrumb\"},\"inLanguage\":\"es\",\"potentialAction\":[{\"@type\":\"ReadAction\",\"target\":[\"https:\/\/www.facyt.uc.edu.ve\/web\/normas-y-reglamentos\/\"]}]},{\"@type\":\"BreadcrumbList\",\"@id\":\"https:\/\/www.facyt.uc.edu.ve\/web\/normas-y-reglamentos\/#breadcrumb\",\"itemListElement\":[{\"@type\":\"ListItem\",\"position\":1,\"name\":\"Portada\",\"item\":\"https:\/\/www.facyt.uc.edu.ve\/web\/\"},{\"@type\":\"ListItem\",\"position\":2,\"name\":\"Normas y Reglamentos\"}]},{\"@type\":\"WebSite\",\"@id\":\"https:\/\/www.facyt.uc.edu.ve\/web\/#website\",\"url\":\"https:\/\/www.facyt.uc.edu.ve\/web\/\",\"name\":\"Facultad Experimental de Ciencias y Tecnolog\u00eda\",\"description\":\"FaCyT UC\",\"publisher\":{\"@id\":\"https:\/\/www.facyt.uc.edu.ve\/web\/#organization\"},\"alternateName\":\"FaCyT\",\"potentialAction\":[{\"@type\":\"SearchAction\",\"target\":{\"@type\":\"EntryPoint\",\"urlTemplate\":\"https:\/\/www.facyt.uc.edu.ve\/web\/?s={search_term_string}\"},\"query-input\":{\"@type\":\"PropertyValueSpecification\",\"valueRequired\":true,\"valueName\":\"search_term_string\"}}],\"inLanguage\":\"es\"},{\"@type\":\"Organization\",\"@id\":\"https:\/\/www.facyt.uc.edu.ve\/web\/#organization\",\"name\":\"Facultad Experimental de Ciencias y Tecnolog\u00eda\",\"url\":\"https:\/\/www.facyt.uc.edu.ve\/web\/\",\"logo\":{\"@type\":\"ImageObject\",\"inLanguage\":\"es\",\"@id\":\"https:\/\/www.facyt.uc.edu.ve\/web\/#\/schema\/logo\/image\/\",\"url\":\"https:\/\/www.facyt.uc.edu.ve\/web\/wp-content\/uploads\/2025\/11\/Logo_de_la_Facultad_Experimental_de_Ciencia_y_Tecnologia-scaled.jpg\",\"contentUrl\":\"https:\/\/www.facyt.uc.edu.ve\/web\/wp-content\/uploads\/2025\/11\/Logo_de_la_Facultad_Experimental_de_Ciencia_y_Tecnologia-scaled.jpg\",\"width\":2560,\"height\":2560,\"caption\":\"Facultad Experimental de Ciencias y Tecnolog\u00eda\"},\"image\":{\"@id\":\"https:\/\/www.facyt.uc.edu.ve\/web\/#\/schema\/logo\/image\/\"},\"sameAs\":[\"https:\/\/instagram.com\/facytuc.oficial\/yoast\"]}]}<\/script>\n<!-- \/ Yoast SEO plugin. -->","yoast_head_json":{"title":"Normas y Reglamentos - Facultad Experimental de Ciencias y Tecnolog\u00eda","robots":{"index":"index","follow":"follow","max-snippet":"max-snippet:-1","max-image-preview":"max-image-preview:large","max-video-preview":"max-video-preview:-1"},"canonical":"https:\/\/www.facyt.uc.edu.ve\/web\/normas-y-reglamentos\/","og_locale":"es_ES","og_type":"article","og_title":"Normas y Reglamentos - Facultad Experimental de Ciencias y Tecnolog\u00eda","og_description":"[vc_row][vc_column][vc_single_image image=\u00bb1199&#8243; img_size=\u00bbfull\u00bb alignment=\u00bbcenter\u00bb][\/vc_column][\/vc_row][vc_row gap=\u00bb1&#8243; equal_height=\u00bbyes\u00bb el_class=\u00bbrules\u00bb][vc_column width=\u00bb1\/2&#8243;][vc_btn title=\u00bbReglamento de Preparadores.\u00bb style=\u00bbcustom\u00bb custom_text=\u00bb#0092d0&#8243; shape=\u00bbsquare\u00bb align=\u00bbleft\u00bb i_icon_fontawesome=\u00bbfas fa-book\u00bb button_block=\u00bbtrue\u00bb add_icon=\u00bbtrue\u00bb css=\u00bb.vc_custom_1637075950149{margin-top: 5px !important;margin-right: 5px !important;margin-bottom: 5px !important;margin-left: 5px !important;}\u00bb el_class=\u00bbrules\u00bb link=\u00bburl:http%3A%2F%2Fwww.facyt.uc.edu.ve%2Fweb%2Fwp-content%2Fuploads%2F2021%2F11%2Freg_prepa.pdf|target:_blank|rel:nofollow\u00bb][vc_btn title=\u00bbNormativo de Retiros para los Estudiantes.\u00bb style=\u00bbcustom\u00bb custom_text=\u00bb#0092d0&#8243; shape=\u00bbsquare\u00bb align=\u00bbleft\u00bb i_icon_fontawesome=\u00bbfas fa-book\u00bb button_block=\u00bbtrue\u00bb add_icon=\u00bbtrue\u00bb css=\u00bb.vc_custom_1637076000668{margin-top: 5px !important;margin-right: 5px !important;margin-bottom: 5px !important;margin-left: 5px !important;}\u00bb link=\u00bburl:http%3A%2F%2Fwww.facyt.uc.edu.ve%2Fweb%2Fwp-content%2Fuploads%2F2021%2F11%2Fnormas_retiro.pdf|target:_blank|rel:nofollow\u00bb][vc_btn title=\u00bbNormas&hellip;","og_url":"https:\/\/www.facyt.uc.edu.ve\/web\/normas-y-reglamentos\/","og_site_name":"Facultad Experimental de Ciencias y Tecnolog\u00eda","article_modified_time":"2021-11-16T15:22:10+00:00","twitter_card":"summary_large_image","twitter_misc":{"Tiempo estimado de lectura":"3 minutos"},"schema":{"@context":"https:\/\/schema.org","@graph":[{"@type":"WebPage","@id":"https:\/\/www.facyt.uc.edu.ve\/web\/normas-y-reglamentos\/","url":"https:\/\/www.facyt.uc.edu.ve\/web\/normas-y-reglamentos\/","name":"Normas y Reglamentos - Facultad Experimental de Ciencias y Tecnolog\u00eda","isPartOf":{"@id":"https:\/\/www.facyt.uc.edu.ve\/web\/#website"},"datePublished":"2021-08-23T22:49:20+00:00","dateModified":"2021-11-16T15:22:10+00:00","breadcrumb":{"@id":"https:\/\/www.facyt.uc.edu.ve\/web\/normas-y-reglamentos\/#breadcrumb"},"inLanguage":"es","potentialAction":[{"@type":"ReadAction","target":["https:\/\/www.facyt.uc.edu.ve\/web\/normas-y-reglamentos\/"]}]},{"@type":"BreadcrumbList","@id":"https:\/\/www.facyt.uc.edu.ve\/web\/normas-y-reglamentos\/#breadcrumb","itemListElement":[{"@type":"ListItem","position":1,"name":"Portada","item":"https:\/\/www.facyt.uc.edu.ve\/web\/"},{"@type":"ListItem","position":2,"name":"Normas y Reglamentos"}]},{"@type":"WebSite","@id":"https:\/\/www.facyt.uc.edu.ve\/web\/#website","url":"https:\/\/www.facyt.uc.edu.ve\/web\/","name":"Facultad Experimental de Ciencias y Tecnolog\u00eda","description":"FaCyT UC","publisher":{"@id":"https:\/\/www.facyt.uc.edu.ve\/web\/#organization"},"alternateName":"FaCyT","potentialAction":[{"@type":"SearchAction","target":{"@type":"EntryPoint","urlTemplate":"https:\/\/www.facyt.uc.edu.ve\/web\/?s={search_term_string}"},"query-input":{"@type":"PropertyValueSpecification","valueRequired":true,"valueName":"search_term_string"}}],"inLanguage":"es"},{"@type":"Organization","@id":"https:\/\/www.facyt.uc.edu.ve\/web\/#organization","name":"Facultad Experimental de Ciencias y Tecnolog\u00eda","url":"https:\/\/www.facyt.uc.edu.ve\/web\/","logo":{"@type":"ImageObject","inLanguage":"es","@id":"https:\/\/www.facyt.uc.edu.ve\/web\/#\/schema\/logo\/image\/","url":"https:\/\/www.facyt.uc.edu.ve\/web\/wp-content\/uploads\/2025\/11\/Logo_de_la_Facultad_Experimental_de_Ciencia_y_Tecnologia-scaled.jpg","contentUrl":"https:\/\/www.facyt.uc.edu.ve\/web\/wp-content\/uploads\/2025\/11\/Logo_de_la_Facultad_Experimental_de_Ciencia_y_Tecnologia-scaled.jpg","width":2560,"height":2560,"caption":"Facultad Experimental de Ciencias y Tecnolog\u00eda"},"image":{"@id":"https:\/\/www.facyt.uc.edu.ve\/web\/#\/schema\/logo\/image\/"},"sameAs":["https:\/\/instagram.com\/facytuc.oficial\/yoast"]}]}},"_links":{"self":[{"href":"https:\/\/www.facyt.uc.edu.ve\/web\/wp-json\/wp\/v2\/pages\/408","targetHints":{"allow":["GET"]}}],"collection":[{"href":"https:\/\/www.facyt.uc.edu.ve\/web\/wp-json\/wp\/v2\/pages"}],"about":[{"href":"https:\/\/www.facyt.uc.edu.ve\/web\/wp-json\/wp\/v2\/types\/page"}],"author":[{"embeddable":true,"href":"https:\/\/www.facyt.uc.edu.ve\/web\/wp-json\/wp\/v2\/users\/5"}],"replies":[{"embeddable":true,"href":"https:\/\/www.facyt.uc.edu.ve\/web\/wp-json\/wp\/v2\/comments?post=408"}],"version-history":[{"count":13,"href":"https:\/\/www.facyt.uc.edu.ve\/web\/wp-json\/wp\/v2\/pages\/408\/revisions"}],"predecessor-version":[{"id":1497,"href":"https:\/\/www.facyt.uc.edu.ve\/web\/wp-json\/wp\/v2\/pages\/408\/revisions\/1497"}],"wp:attachment":[{"href":"https:\/\/www.facyt.uc.edu.ve\/web\/wp-json\/wp\/v2\/media?parent=408"}],"curies":[{"name":"wp","href":"https:\/\/api.w.org\/{rel}","templated":true}]}}