{"id":406,"date":"2021-08-23T18:48:28","date_gmt":"2021-08-23T22:48:28","guid":{"rendered":"http:\/\/vps1.facyt.uc.edu.ve\/web\/?page_id=406"},"modified":"2021-09-14T21:22:05","modified_gmt":"2021-09-15T01:22:05","slug":"unidad-de-sociohumanistica","status":"publish","type":"page","link":"https:\/\/www.facyt.uc.edu.ve\/web\/unidad-de-sociohumanistica\/","title":{"rendered":"Unidad de Sociohuman\u00edstica"},"content":{"rendered":"<div class=\"wpb-content-wrapper\"><p>[vc_row][vc_column][vc_column_text]<\/p>\n<h2 style=\"text-align: left;\"><span style=\"color: #0088cc;\">Visi\u00f3n<\/span><\/h2>\n<p style=\"text-align: justify;\">La Unidad de Formaci\u00f3n Socio Human\u00edstica ser\u00e1 en todo momento una instancia educativa dentro de la Facyt orientada a contribuir son la formaci\u00f3n de profesionales integrales, capaces de satisfacer las m\u00e1s altas exigencias de calidad en el \u00e1mbito cient\u00edfico y tecnol\u00f3gico, con un amplio sentido social y humano que conlleve a una constante b\u00fasqueda de la excelencia.<\/p>\n<h2 style=\"text-align: left;\"><span style=\"color: #0088cc;\">Misi\u00f3n<\/span><\/h2>\n<p style=\"text-align: justify;\">Contribuir con la formaci\u00f3n integral de profesionales en ciencias, fomentando el conocimiento, la valoraci\u00f3n y el disfrute de actividades de globalizaci\u00f3n acad\u00e9mica, crecimiento personal y mejoramiento profesional que faciliten la construcci\u00f3n de una filosof\u00eda de vida que ampl\u00ede sus horizontes intelectuales y les permita interactuar con pensamiento cr\u00edtico dentro de una sociedad en constante cambio y avance tecnol\u00f3gico.<\/p>\n<h2 style=\"text-align: left;\"><span style=\"color: #0088cc;\">Objetivo General<\/span><\/h2>\n<p style=\"text-align: justify;\">Crear conciencia en el estudiante en relaci\u00f3n al car\u00e1cter interdisciplinario del conocimiento cient\u00edfico y human\u00edstico, desarrollando en \u00e9l una actitud positiva hacia la adquisici\u00f3n de una personalidad integral, que lo convierta en l\u00edder de la transformaci\u00f3n que requiere el pa\u00eds.<\/p>\n<p style=\"text-align: justify;\">Trascender la simple profesionalizaci\u00f3n del estudiante, brind\u00e1ndole una formaci\u00f3n integral que lo capacite para el abordaje de problemas sociales. Ofrecer al estudiante un conjunto de experiencias orientadas a favorecer el desarrollo de la autogesti\u00f3n y la auto-realizaci\u00f3n.<\/p>\n<p>[\/vc_column_text][\/vc_column][\/vc_row]<\/p>\n<\/div>","protected":false},"excerpt":{"rendered":"<p>[vc_row][vc_column][vc_column_text] Visi\u00f3n La Unidad de Formaci\u00f3n Socio Human\u00edstica ser\u00e1 en todo momento una instancia educativa dentro de la Facyt orientada a contribuir son la formaci\u00f3n de profesionales integrales, capaces de satisfacer las m\u00e1s altas exigencias de calidad en el \u00e1mbito cient\u00edfico y tecnol\u00f3gico, con un amplio sentido social y humano que conlleve a una constante&hellip;<\/p>\n","protected":false},"author":5,"featured_media":0,"parent":0,"menu_order":0,"comment_status":"closed","ping_status":"closed","template":"","meta":{"footnotes":""},"class_list":["post-406","page","type-page","status-publish","hentry"],"yoast_head":"<!-- This site is optimized with the Yoast SEO plugin v27.1.1 - https:\/\/yoast.com\/product\/yoast-seo-wordpress\/ -->\n<title>Unidad de Sociohuman\u00edstica - Facultad Experimental de Ciencias y Tecnolog\u00eda<\/title>\n<meta name=\"robots\" content=\"index, follow, max-snippet:-1, max-image-preview:large, max-video-preview:-1\" \/>\n<link rel=\"canonical\" href=\"https:\/\/www.facyt.uc.edu.ve\/web\/unidad-de-sociohumanistica\/\" \/>\n<meta property=\"og:locale\" content=\"es_ES\" \/>\n<meta property=\"og:type\" content=\"article\" \/>\n<meta property=\"og:title\" content=\"Unidad de Sociohuman\u00edstica - Facultad Experimental de Ciencias y Tecnolog\u00eda\" \/>\n<meta property=\"og:description\" content=\"[vc_row][vc_column][vc_column_text] Visi\u00f3n La Unidad de Formaci\u00f3n Socio Human\u00edstica ser\u00e1 en todo momento una instancia educativa dentro de la Facyt orientada a contribuir son la formaci\u00f3n de profesionales integrales, capaces de satisfacer las m\u00e1s altas exigencias de calidad en el \u00e1mbito cient\u00edfico y tecnol\u00f3gico, con un amplio sentido social y humano que conlleve a una constante&hellip;\" \/>\n<meta property=\"og:url\" content=\"https:\/\/www.facyt.uc.edu.ve\/web\/unidad-de-sociohumanistica\/\" \/>\n<meta property=\"og:site_name\" content=\"Facultad Experimental de Ciencias y Tecnolog\u00eda\" \/>\n<meta property=\"article:modified_time\" content=\"2021-09-15T01:22:05+00:00\" \/>\n<meta name=\"twitter:card\" content=\"summary_large_image\" \/>\n<meta name=\"twitter:label1\" content=\"Tiempo estimado de lectura\" \/>\n\t<meta name=\"twitter:data1\" content=\"1 minuto\" \/>\n<script type=\"application\/ld+json\" class=\"yoast-schema-graph\">{\"@context\":\"https:\/\/schema.org\",\"@graph\":[{\"@type\":\"WebPage\",\"@id\":\"https:\/\/www.facyt.uc.edu.ve\/web\/unidad-de-sociohumanistica\/\",\"url\":\"https:\/\/www.facyt.uc.edu.ve\/web\/unidad-de-sociohumanistica\/\",\"name\":\"Unidad de Sociohuman\u00edstica - Facultad Experimental de Ciencias y Tecnolog\u00eda\",\"isPartOf\":{\"@id\":\"https:\/\/www.facyt.uc.edu.ve\/web\/#website\"},\"datePublished\":\"2021-08-23T22:48:28+00:00\",\"dateModified\":\"2021-09-15T01:22:05+00:00\",\"breadcrumb\":{\"@id\":\"https:\/\/www.facyt.uc.edu.ve\/web\/unidad-de-sociohumanistica\/#breadcrumb\"},\"inLanguage\":\"es\",\"potentialAction\":[{\"@type\":\"ReadAction\",\"target\":[\"https:\/\/www.facyt.uc.edu.ve\/web\/unidad-de-sociohumanistica\/\"]}]},{\"@type\":\"BreadcrumbList\",\"@id\":\"https:\/\/www.facyt.uc.edu.ve\/web\/unidad-de-sociohumanistica\/#breadcrumb\",\"itemListElement\":[{\"@type\":\"ListItem\",\"position\":1,\"name\":\"Portada\",\"item\":\"https:\/\/www.facyt.uc.edu.ve\/web\/\"},{\"@type\":\"ListItem\",\"position\":2,\"name\":\"Unidad de Sociohuman\u00edstica\"}]},{\"@type\":\"WebSite\",\"@id\":\"https:\/\/www.facyt.uc.edu.ve\/web\/#website\",\"url\":\"https:\/\/www.facyt.uc.edu.ve\/web\/\",\"name\":\"Facultad Experimental de Ciencias y Tecnolog\u00eda\",\"description\":\"FaCyT UC\",\"publisher\":{\"@id\":\"https:\/\/www.facyt.uc.edu.ve\/web\/#organization\"},\"alternateName\":\"FaCyT\",\"potentialAction\":[{\"@type\":\"SearchAction\",\"target\":{\"@type\":\"EntryPoint\",\"urlTemplate\":\"https:\/\/www.facyt.uc.edu.ve\/web\/?s={search_term_string}\"},\"query-input\":{\"@type\":\"PropertyValueSpecification\",\"valueRequired\":true,\"valueName\":\"search_term_string\"}}],\"inLanguage\":\"es\"},{\"@type\":\"Organization\",\"@id\":\"https:\/\/www.facyt.uc.edu.ve\/web\/#organization\",\"name\":\"Facultad Experimental de Ciencias y Tecnolog\u00eda\",\"url\":\"https:\/\/www.facyt.uc.edu.ve\/web\/\",\"logo\":{\"@type\":\"ImageObject\",\"inLanguage\":\"es\",\"@id\":\"https:\/\/www.facyt.uc.edu.ve\/web\/#\/schema\/logo\/image\/\",\"url\":\"https:\/\/www.facyt.uc.edu.ve\/web\/wp-content\/uploads\/2025\/11\/Logo_de_la_Facultad_Experimental_de_Ciencia_y_Tecnologia-scaled.jpg\",\"contentUrl\":\"https:\/\/www.facyt.uc.edu.ve\/web\/wp-content\/uploads\/2025\/11\/Logo_de_la_Facultad_Experimental_de_Ciencia_y_Tecnologia-scaled.jpg\",\"width\":2560,\"height\":2560,\"caption\":\"Facultad Experimental de Ciencias y Tecnolog\u00eda\"},\"image\":{\"@id\":\"https:\/\/www.facyt.uc.edu.ve\/web\/#\/schema\/logo\/image\/\"},\"sameAs\":[\"https:\/\/instagram.com\/facytuc.oficial\/yoast\"]}]}<\/script>\n<!-- \/ Yoast SEO plugin. -->","yoast_head_json":{"title":"Unidad de Sociohuman\u00edstica - Facultad Experimental de Ciencias y Tecnolog\u00eda","robots":{"index":"index","follow":"follow","max-snippet":"max-snippet:-1","max-image-preview":"max-image-preview:large","max-video-preview":"max-video-preview:-1"},"canonical":"https:\/\/www.facyt.uc.edu.ve\/web\/unidad-de-sociohumanistica\/","og_locale":"es_ES","og_type":"article","og_title":"Unidad de Sociohuman\u00edstica - Facultad Experimental de Ciencias y Tecnolog\u00eda","og_description":"[vc_row][vc_column][vc_column_text] Visi\u00f3n La Unidad de Formaci\u00f3n Socio Human\u00edstica ser\u00e1 en todo momento una instancia educativa dentro de la Facyt orientada a contribuir son la formaci\u00f3n de profesionales integrales, capaces de satisfacer las m\u00e1s altas exigencias de calidad en el \u00e1mbito cient\u00edfico y tecnol\u00f3gico, con un amplio sentido social y humano que conlleve a una constante&hellip;","og_url":"https:\/\/www.facyt.uc.edu.ve\/web\/unidad-de-sociohumanistica\/","og_site_name":"Facultad Experimental de Ciencias y Tecnolog\u00eda","article_modified_time":"2021-09-15T01:22:05+00:00","twitter_card":"summary_large_image","twitter_misc":{"Tiempo estimado de lectura":"1 minuto"},"schema":{"@context":"https:\/\/schema.org","@graph":[{"@type":"WebPage","@id":"https:\/\/www.facyt.uc.edu.ve\/web\/unidad-de-sociohumanistica\/","url":"https:\/\/www.facyt.uc.edu.ve\/web\/unidad-de-sociohumanistica\/","name":"Unidad de Sociohuman\u00edstica - Facultad Experimental de Ciencias y Tecnolog\u00eda","isPartOf":{"@id":"https:\/\/www.facyt.uc.edu.ve\/web\/#website"},"datePublished":"2021-08-23T22:48:28+00:00","dateModified":"2021-09-15T01:22:05+00:00","breadcrumb":{"@id":"https:\/\/www.facyt.uc.edu.ve\/web\/unidad-de-sociohumanistica\/#breadcrumb"},"inLanguage":"es","potentialAction":[{"@type":"ReadAction","target":["https:\/\/www.facyt.uc.edu.ve\/web\/unidad-de-sociohumanistica\/"]}]},{"@type":"BreadcrumbList","@id":"https:\/\/www.facyt.uc.edu.ve\/web\/unidad-de-sociohumanistica\/#breadcrumb","itemListElement":[{"@type":"ListItem","position":1,"name":"Portada","item":"https:\/\/www.facyt.uc.edu.ve\/web\/"},{"@type":"ListItem","position":2,"name":"Unidad de Sociohuman\u00edstica"}]},{"@type":"WebSite","@id":"https:\/\/www.facyt.uc.edu.ve\/web\/#website","url":"https:\/\/www.facyt.uc.edu.ve\/web\/","name":"Facultad Experimental de Ciencias y Tecnolog\u00eda","description":"FaCyT UC","publisher":{"@id":"https:\/\/www.facyt.uc.edu.ve\/web\/#organization"},"alternateName":"FaCyT","potentialAction":[{"@type":"SearchAction","target":{"@type":"EntryPoint","urlTemplate":"https:\/\/www.facyt.uc.edu.ve\/web\/?s={search_term_string}"},"query-input":{"@type":"PropertyValueSpecification","valueRequired":true,"valueName":"search_term_string"}}],"inLanguage":"es"},{"@type":"Organization","@id":"https:\/\/www.facyt.uc.edu.ve\/web\/#organization","name":"Facultad Experimental de Ciencias y Tecnolog\u00eda","url":"https:\/\/www.facyt.uc.edu.ve\/web\/","logo":{"@type":"ImageObject","inLanguage":"es","@id":"https:\/\/www.facyt.uc.edu.ve\/web\/#\/schema\/logo\/image\/","url":"https:\/\/www.facyt.uc.edu.ve\/web\/wp-content\/uploads\/2025\/11\/Logo_de_la_Facultad_Experimental_de_Ciencia_y_Tecnologia-scaled.jpg","contentUrl":"https:\/\/www.facyt.uc.edu.ve\/web\/wp-content\/uploads\/2025\/11\/Logo_de_la_Facultad_Experimental_de_Ciencia_y_Tecnologia-scaled.jpg","width":2560,"height":2560,"caption":"Facultad Experimental de Ciencias y Tecnolog\u00eda"},"image":{"@id":"https:\/\/www.facyt.uc.edu.ve\/web\/#\/schema\/logo\/image\/"},"sameAs":["https:\/\/instagram.com\/facytuc.oficial\/yoast"]}]}},"_links":{"self":[{"href":"https:\/\/www.facyt.uc.edu.ve\/web\/wp-json\/wp\/v2\/pages\/406","targetHints":{"allow":["GET"]}}],"collection":[{"href":"https:\/\/www.facyt.uc.edu.ve\/web\/wp-json\/wp\/v2\/pages"}],"about":[{"href":"https:\/\/www.facyt.uc.edu.ve\/web\/wp-json\/wp\/v2\/types\/page"}],"author":[{"embeddable":true,"href":"https:\/\/www.facyt.uc.edu.ve\/web\/wp-json\/wp\/v2\/users\/5"}],"replies":[{"embeddable":true,"href":"https:\/\/www.facyt.uc.edu.ve\/web\/wp-json\/wp\/v2\/comments?post=406"}],"version-history":[{"count":2,"href":"https:\/\/www.facyt.uc.edu.ve\/web\/wp-json\/wp\/v2\/pages\/406\/revisions"}],"predecessor-version":[{"id":1192,"href":"https:\/\/www.facyt.uc.edu.ve\/web\/wp-json\/wp\/v2\/pages\/406\/revisions\/1192"}],"wp:attachment":[{"href":"https:\/\/www.facyt.uc.edu.ve\/web\/wp-json\/wp\/v2\/media?parent=406"}],"curies":[{"name":"wp","href":"https:\/\/api.w.org\/{rel}","templated":true}]}}