{"id":402,"date":"2021-08-23T18:47:27","date_gmt":"2021-08-23T22:47:27","guid":{"rendered":"http:\/\/vps1.facyt.uc.edu.ve\/web\/?page_id=402"},"modified":"2021-09-14T18:07:41","modified_gmt":"2021-09-14T22:07:41","slug":"consejo-de-facultad","status":"publish","type":"page","link":"https:\/\/www.facyt.uc.edu.ve\/web\/consejo-de-facultad\/","title":{"rendered":"Consejo de Facultad"},"content":{"rendered":"<div class=\"wpb-content-wrapper\"><p>[vc_row][vc_column][vc_column_text]<\/p>\n<h3><span style=\"color: #0088cc;\"><strong>La Ley de Universidades establece lo siguiente:<\/strong><\/span><\/h3>\n<p style=\"text-align: justify;\"><strong>Art\u00edculo 50.<\/strong> El gobierno de las Facultades ser\u00e1 ejercido por la Asamblea de la Facultad, por el Consejo de la Facultad y por el Decano, seg\u00fan las disposiciones de la presente Ley.<\/p>\n<p style=\"text-align: justify;\"><strong>Art\u00edculo 58.<\/strong> El Consejo de la Facultad est\u00e1 integrado por el Decano, quien lo presidir\u00e1, siete representantes de los Profesores, un representante de los egresados elegido por el Colegio o Asociaci\u00f3n Profesional correspondiente y dos representantes de los estudiantes elegidos por los alumnos regulares de la Facultad entre los alumnos regulares del \u00faltimo bienio de la carrera.<\/p>\n<p style=\"text-align: justify;\"><strong>Art\u00edculo 59. <\/strong>Los Directores de las Escuelas y de los Institutos asistir\u00e1n a las sesiones del Consejo y de la Facultad y s\u00f3lo tendr\u00e1n derecho a voz.<\/p>\n<p style=\"text-align: justify;\"><strong>Art\u00edculo 60. <\/strong>Los representantes de los Profesores al Consejo de la Facultad ser\u00e1n elegidos mediante voto directo y secreto de los Profesores Honorarios, Titulares, Asociados, Agregados y Asistentes de la respectiva Facultad. Par\u00e1grafo \u00danico: A los efectos del qu\u00f3rum de integraci\u00f3n no se tomar\u00e1 en cuenta el n\u00famero de profesores honorarios, ni de aquellos que se encuentren en disfrute de permiso o de a\u00f1o sab\u00e1tico.<\/p>\n<p style=\"text-align: justify;\"><strong>Art\u00edculo 61. <\/strong>Los representantes de los Profesores, el representante de los egresados, y sus respectivos suplentes, durar\u00e1n dos a\u00f1os en el ejercicio de sus funciones y podr\u00e1n ser reelegidos. Los representantes estudiantiles durar\u00e1n un a\u00f1o en sus funciones.<\/p>\n<p style=\"text-align: justify;\"><strong>Art\u00edculo 63.<\/strong> El Consejo de la Facultad se reunir\u00e1 ordinariamente una vez por semana y extraordinariamente cuando lo convoque el Decano, a iniciativa propia, o a petici\u00f3n de 3 o m\u00e1s de sus miembros.<\/p>\n<p>[\/vc_column_text][\/vc_column][\/vc_row][vc_row][vc_column][vc_tta_accordion color=\u00bbsky\u00bb c_align=\u00bbcenter\u00bb active_section=\u00bb1&#8243; title=\u00bbMiembros del Consejo\u00bb][vc_tta_section title=\u00bbMiembros del Consejo de Facultad\u00bb tab_id=\u00bb1631222340626-71756ea3-4ea3&#8243;][vc_column_text]<\/p>\n<table class=\"table table-hover\">\n<thead>\n<tr>\n<th>Principales<\/th>\n<th>Suplentes<\/th>\n<\/tr>\n<\/thead>\n<tbody>\n<tr>\n<td>Jesus Augusto Tellez Isaac<\/td>\n<td>Renny de Jesus Pacheco<\/td>\n<\/tr>\n<tr>\n<td>Roberto Giovanni Ruggiero P.<\/td>\n<td>Orestes Montilla Montilla<\/td>\n<\/tr>\n<tr>\n<td>David E. Vega Mendez<\/td>\n<td>Arnaldo J. Armado Matute<\/td>\n<\/tr>\n<tr>\n<td>Juan Mateu Petit<\/td>\n<td>Pimali M. Felibertt Sanabria<\/td>\n<\/tr>\n<tr>\n<td>Pedro Antonio Linares Herrera<\/td>\n<td>Jorge E. Rodriguez Rojas<\/td>\n<\/tr>\n<tr>\n<td>Mario Ernesto Palacios Caceres<\/td>\n<td>Luis G. Ramirez M.<\/td>\n<\/tr>\n<tr>\n<td>Hector Oswaldo Inojosa Vitriago<\/td>\n<td>Johanna M. Figueroa C.<\/td>\n<\/tr>\n<\/tbody>\n<\/table>\n<p>[\/vc_column_text][\/vc_tta_section][vc_tta_section title=\u00bbMiembros del Consejo de Departamento de Biolog\u00eda\u00bb tab_id=\u00bb1631222340626-c064051e-4222&#8243;][vc_column_text]<\/p>\n<table class=\"table table-hover\">\n<thead>\n<tr>\n<th>Principales<\/th>\n<th>Suplentes<\/th>\n<\/tr>\n<\/thead>\n<tbody>\n<tr>\n<td>Carlos Varela<\/td>\n<td>Domenico Pavone<\/td>\n<\/tr>\n<tr>\n<td>Mariela Forti<\/td>\n<td>JoseGregorio Rodriguez Quintal<\/td>\n<\/tr>\n<tr>\n<td>Belkys Yubiry Perez Garcia<\/td>\n<td>Pimali Margarita Felibertt Sanabria<\/td>\n<\/tr>\n<tr>\n<td>Jonathan Liria Salazar<\/td>\n<td>Carmen Andara<\/td>\n<\/tr>\n<tr>\n<td>Mariela Lellys Contreras Moyeja<\/td>\n<td>Sonia Ardito M.<\/td>\n<\/tr>\n<\/tbody>\n<\/table>\n<p>[\/vc_column_text][\/vc_tta_section][vc_tta_section title=\u00bbMiembros del Consejo de Departamento de Computac\u00f3n\u00bb tab_id=\u00bb1631222632628-d4d2e5a6-eae6&#8243;][vc_column_text]<\/p>\n<table class=\"table table-hover\">\n<thead>\n<tr>\n<th>Principales<\/th>\n<th>Suplentes<\/th>\n<\/tr>\n<\/thead>\n<tbody>\n<tr>\n<td>Francisca de Jesus Grimonde Coronel<\/td>\n<td>Elsa Tovar, Elluz Uzcategui<\/td>\n<\/tr>\n<tr>\n<td>Aldo Ernesto Reyes Cortez<\/td>\n<td>Jorge Castellanos<\/td>\n<\/tr>\n<tr>\n<td>Joel Jesus Rivas<\/td>\n<td>Dinarle Milagros Ortega<\/td>\n<\/tr>\n<tr>\n<td>Marylin Felicia Giugni Ortega<\/td>\n<td>Maria M. Guevara Matheus<\/td>\n<\/tr>\n<tr>\n<td>Harold Vasquez<\/td>\n<td>Johana Guerrero<\/td>\n<\/tr>\n<\/tbody>\n<\/table>\n<p>[\/vc_column_text][\/vc_tta_section][vc_tta_section title=\u00bbMiembros del Consejo de Departamento de F\u00edsica\u00bb tab_id=\u00bb1631222759798-1c74a49f-3220&#8243;][vc_column_text]<\/p>\n<table class=\"table table-hover\">\n<thead>\n<tr>\n<th>Principales<\/th>\n<th>Suplentes<\/th>\n<\/tr>\n<\/thead>\n<tbody>\n<tr>\n<td>Miguel Angel Suarez Ledo<\/td>\n<td>Angel Enrique Rivas Mendoza<\/td>\n<\/tr>\n<tr>\n<td>Eber Orozco<\/td>\n<td>Richard Alfredo Barrios<\/td>\n<\/tr>\n<tr>\n<td>Damarys Coromoto Serrano Velasquez<\/td>\n<td>Juan Mateu Petit<\/td>\n<\/tr>\n<tr>\n<td>Miguel Rodriguez<\/td>\n<td>Rolando Gaitan Deveras<\/td>\n<\/tr>\n<tr>\n<td>Reimer Agustin Romero Hernandez<\/td>\n<td>Otto Gregorio Rendon Rodriguez<\/td>\n<\/tr>\n<\/tbody>\n<\/table>\n<p>[\/vc_column_text][\/vc_tta_section][vc_tta_section title=\u00bbMiembros del Consejo de Departamento de Matem\u00e1ticas\u00bb tab_id=\u00bb1631222779554-7658b054-d59a\u00bb][vc_column_text]<\/p>\n<table class=\"table table-hover\">\n<thead>\n<tr>\n<th>Principales<\/th>\n<th>Suplentes<\/th>\n<\/tr>\n<\/thead>\n<tbody>\n<tr>\n<td>Carlos Cadenas<\/td>\n<td>Saba Infante<\/td>\n<\/tr>\n<tr>\n<td>Maria A. Alvarado Pe\u00f1a<\/td>\n<td>Nelson Hernandez<\/td>\n<\/tr>\n<tr>\n<td>JoseLuis Ramirez B.<\/td>\n<td>Rafael Subero<\/td>\n<\/tr>\n<tr>\n<td>Johana Figueroa<\/td>\n<td>Esteban Flores<\/td>\n<\/tr>\n<tr>\n<td>Aracelis Hernandez<\/td>\n<\/tr>\n<\/tbody>\n<\/table>\n<p>[\/vc_column_text][\/vc_tta_section][vc_tta_section title=\u00bbMiembros del Consejo de Departamento de Qu\u00edmica\u00bb tab_id=\u00bb1631222461576-6714bffa-802a\u00bb][vc_column_text]<\/p>\n<table class=\"table table-hover\">\n<thead>\n<tr>\n<th>Principales<\/th>\n<th>Suplentes<\/th>\n<\/tr>\n<\/thead>\n<tbody>\n<tr>\n<td>Maria Carolina Corao Marcano<\/td>\n<td>Julissa Del Valle Brizuela Veloz<\/td>\n<\/tr>\n<tr>\n<td>Carlos Felipe Linares Aponte<\/td>\n<td>Nancy Coromoto Salinas Trejo<\/td>\n<\/tr>\n<tr>\n<td>Ygmar Cecilia Jimenez Barrios<\/td>\n<td>Freddy William Ocanto Uzcategui<\/td>\n<\/tr>\n<tr>\n<td>Henry Jos\u00e9 Labrador Sanchez<\/td>\n<td>Elizabeth del Carmen Perozo Rondon<\/td>\n<\/tr>\n<tr>\n<td>Xiomara del Rosario Cardozo Roa<\/td>\n<td>Daniel Arias Toro<\/td>\n<\/tr>\n<\/tbody>\n<\/table>\n<p>[\/vc_column_text][\/vc_tta_section][\/vc_tta_accordion][\/vc_column][\/vc_row]<\/p>\n<\/div>","protected":false},"excerpt":{"rendered":"<p>[vc_row][vc_column][vc_column_text] La Ley de Universidades establece lo siguiente: Art\u00edculo 50. El gobierno de las Facultades ser\u00e1 ejercido por la Asamblea de la Facultad, por el Consejo de la Facultad y por el Decano, seg\u00fan las disposiciones de la presente Ley. Art\u00edculo 58. El Consejo de la Facultad est\u00e1 integrado por el Decano, quien lo presidir\u00e1,&hellip;<\/p>\n","protected":false},"author":5,"featured_media":0,"parent":0,"menu_order":0,"comment_status":"closed","ping_status":"closed","template":"","meta":{"footnotes":""},"class_list":["post-402","page","type-page","status-publish","hentry"],"yoast_head":"<!-- This site is optimized with the Yoast SEO plugin v27.1.1 - https:\/\/yoast.com\/product\/yoast-seo-wordpress\/ -->\n<title>Consejo de Facultad - Facultad Experimental de Ciencias y Tecnolog\u00eda<\/title>\n<meta name=\"robots\" content=\"index, follow, max-snippet:-1, max-image-preview:large, max-video-preview:-1\" \/>\n<link rel=\"canonical\" href=\"https:\/\/www.facyt.uc.edu.ve\/web\/consejo-de-facultad\/\" \/>\n<meta property=\"og:locale\" content=\"es_ES\" \/>\n<meta property=\"og:type\" content=\"article\" \/>\n<meta property=\"og:title\" content=\"Consejo de Facultad - Facultad Experimental de Ciencias y Tecnolog\u00eda\" \/>\n<meta property=\"og:description\" content=\"[vc_row][vc_column][vc_column_text] La Ley de Universidades establece lo siguiente: Art\u00edculo 50. El gobierno de las Facultades ser\u00e1 ejercido por la Asamblea de la Facultad, por el Consejo de la Facultad y por el Decano, seg\u00fan las disposiciones de la presente Ley. Art\u00edculo 58. El Consejo de la Facultad est\u00e1 integrado por el Decano, quien lo presidir\u00e1,&hellip;\" \/>\n<meta property=\"og:url\" content=\"https:\/\/www.facyt.uc.edu.ve\/web\/consejo-de-facultad\/\" \/>\n<meta property=\"og:site_name\" content=\"Facultad Experimental de Ciencias y Tecnolog\u00eda\" \/>\n<meta property=\"article:modified_time\" content=\"2021-09-14T22:07:41+00:00\" \/>\n<meta name=\"twitter:card\" content=\"summary_large_image\" \/>\n<meta name=\"twitter:label1\" content=\"Tiempo estimado de lectura\" \/>\n\t<meta name=\"twitter:data1\" content=\"3 minutos\" \/>\n<script type=\"application\/ld+json\" class=\"yoast-schema-graph\">{\"@context\":\"https:\/\/schema.org\",\"@graph\":[{\"@type\":\"WebPage\",\"@id\":\"https:\/\/www.facyt.uc.edu.ve\/web\/consejo-de-facultad\/\",\"url\":\"https:\/\/www.facyt.uc.edu.ve\/web\/consejo-de-facultad\/\",\"name\":\"Consejo de Facultad - Facultad Experimental de Ciencias y Tecnolog\u00eda\",\"isPartOf\":{\"@id\":\"https:\/\/www.facyt.uc.edu.ve\/web\/#website\"},\"datePublished\":\"2021-08-23T22:47:27+00:00\",\"dateModified\":\"2021-09-14T22:07:41+00:00\",\"breadcrumb\":{\"@id\":\"https:\/\/www.facyt.uc.edu.ve\/web\/consejo-de-facultad\/#breadcrumb\"},\"inLanguage\":\"es\",\"potentialAction\":[{\"@type\":\"ReadAction\",\"target\":[\"https:\/\/www.facyt.uc.edu.ve\/web\/consejo-de-facultad\/\"]}]},{\"@type\":\"BreadcrumbList\",\"@id\":\"https:\/\/www.facyt.uc.edu.ve\/web\/consejo-de-facultad\/#breadcrumb\",\"itemListElement\":[{\"@type\":\"ListItem\",\"position\":1,\"name\":\"Portada\",\"item\":\"https:\/\/www.facyt.uc.edu.ve\/web\/\"},{\"@type\":\"ListItem\",\"position\":2,\"name\":\"Consejo de Facultad\"}]},{\"@type\":\"WebSite\",\"@id\":\"https:\/\/www.facyt.uc.edu.ve\/web\/#website\",\"url\":\"https:\/\/www.facyt.uc.edu.ve\/web\/\",\"name\":\"Facultad Experimental de Ciencias y Tecnolog\u00eda\",\"description\":\"FaCyT UC\",\"publisher\":{\"@id\":\"https:\/\/www.facyt.uc.edu.ve\/web\/#organization\"},\"alternateName\":\"FaCyT\",\"potentialAction\":[{\"@type\":\"SearchAction\",\"target\":{\"@type\":\"EntryPoint\",\"urlTemplate\":\"https:\/\/www.facyt.uc.edu.ve\/web\/?s={search_term_string}\"},\"query-input\":{\"@type\":\"PropertyValueSpecification\",\"valueRequired\":true,\"valueName\":\"search_term_string\"}}],\"inLanguage\":\"es\"},{\"@type\":\"Organization\",\"@id\":\"https:\/\/www.facyt.uc.edu.ve\/web\/#organization\",\"name\":\"Facultad Experimental de Ciencias y Tecnolog\u00eda\",\"url\":\"https:\/\/www.facyt.uc.edu.ve\/web\/\",\"logo\":{\"@type\":\"ImageObject\",\"inLanguage\":\"es\",\"@id\":\"https:\/\/www.facyt.uc.edu.ve\/web\/#\/schema\/logo\/image\/\",\"url\":\"https:\/\/www.facyt.uc.edu.ve\/web\/wp-content\/uploads\/2025\/11\/Logo_de_la_Facultad_Experimental_de_Ciencia_y_Tecnologia-scaled.jpg\",\"contentUrl\":\"https:\/\/www.facyt.uc.edu.ve\/web\/wp-content\/uploads\/2025\/11\/Logo_de_la_Facultad_Experimental_de_Ciencia_y_Tecnologia-scaled.jpg\",\"width\":2560,\"height\":2560,\"caption\":\"Facultad Experimental de Ciencias y Tecnolog\u00eda\"},\"image\":{\"@id\":\"https:\/\/www.facyt.uc.edu.ve\/web\/#\/schema\/logo\/image\/\"},\"sameAs\":[\"https:\/\/instagram.com\/facytuc.oficial\/yoast\"]}]}<\/script>\n<!-- \/ Yoast SEO plugin. -->","yoast_head_json":{"title":"Consejo de Facultad - Facultad Experimental de Ciencias y Tecnolog\u00eda","robots":{"index":"index","follow":"follow","max-snippet":"max-snippet:-1","max-image-preview":"max-image-preview:large","max-video-preview":"max-video-preview:-1"},"canonical":"https:\/\/www.facyt.uc.edu.ve\/web\/consejo-de-facultad\/","og_locale":"es_ES","og_type":"article","og_title":"Consejo de Facultad - Facultad Experimental de Ciencias y Tecnolog\u00eda","og_description":"[vc_row][vc_column][vc_column_text] La Ley de Universidades establece lo siguiente: Art\u00edculo 50. El gobierno de las Facultades ser\u00e1 ejercido por la Asamblea de la Facultad, por el Consejo de la Facultad y por el Decano, seg\u00fan las disposiciones de la presente Ley. Art\u00edculo 58. El Consejo de la Facultad est\u00e1 integrado por el Decano, quien lo presidir\u00e1,&hellip;","og_url":"https:\/\/www.facyt.uc.edu.ve\/web\/consejo-de-facultad\/","og_site_name":"Facultad Experimental de Ciencias y Tecnolog\u00eda","article_modified_time":"2021-09-14T22:07:41+00:00","twitter_card":"summary_large_image","twitter_misc":{"Tiempo estimado de lectura":"3 minutos"},"schema":{"@context":"https:\/\/schema.org","@graph":[{"@type":"WebPage","@id":"https:\/\/www.facyt.uc.edu.ve\/web\/consejo-de-facultad\/","url":"https:\/\/www.facyt.uc.edu.ve\/web\/consejo-de-facultad\/","name":"Consejo de Facultad - Facultad Experimental de Ciencias y Tecnolog\u00eda","isPartOf":{"@id":"https:\/\/www.facyt.uc.edu.ve\/web\/#website"},"datePublished":"2021-08-23T22:47:27+00:00","dateModified":"2021-09-14T22:07:41+00:00","breadcrumb":{"@id":"https:\/\/www.facyt.uc.edu.ve\/web\/consejo-de-facultad\/#breadcrumb"},"inLanguage":"es","potentialAction":[{"@type":"ReadAction","target":["https:\/\/www.facyt.uc.edu.ve\/web\/consejo-de-facultad\/"]}]},{"@type":"BreadcrumbList","@id":"https:\/\/www.facyt.uc.edu.ve\/web\/consejo-de-facultad\/#breadcrumb","itemListElement":[{"@type":"ListItem","position":1,"name":"Portada","item":"https:\/\/www.facyt.uc.edu.ve\/web\/"},{"@type":"ListItem","position":2,"name":"Consejo de Facultad"}]},{"@type":"WebSite","@id":"https:\/\/www.facyt.uc.edu.ve\/web\/#website","url":"https:\/\/www.facyt.uc.edu.ve\/web\/","name":"Facultad Experimental de Ciencias y Tecnolog\u00eda","description":"FaCyT UC","publisher":{"@id":"https:\/\/www.facyt.uc.edu.ve\/web\/#organization"},"alternateName":"FaCyT","potentialAction":[{"@type":"SearchAction","target":{"@type":"EntryPoint","urlTemplate":"https:\/\/www.facyt.uc.edu.ve\/web\/?s={search_term_string}"},"query-input":{"@type":"PropertyValueSpecification","valueRequired":true,"valueName":"search_term_string"}}],"inLanguage":"es"},{"@type":"Organization","@id":"https:\/\/www.facyt.uc.edu.ve\/web\/#organization","name":"Facultad Experimental de Ciencias y Tecnolog\u00eda","url":"https:\/\/www.facyt.uc.edu.ve\/web\/","logo":{"@type":"ImageObject","inLanguage":"es","@id":"https:\/\/www.facyt.uc.edu.ve\/web\/#\/schema\/logo\/image\/","url":"https:\/\/www.facyt.uc.edu.ve\/web\/wp-content\/uploads\/2025\/11\/Logo_de_la_Facultad_Experimental_de_Ciencia_y_Tecnologia-scaled.jpg","contentUrl":"https:\/\/www.facyt.uc.edu.ve\/web\/wp-content\/uploads\/2025\/11\/Logo_de_la_Facultad_Experimental_de_Ciencia_y_Tecnologia-scaled.jpg","width":2560,"height":2560,"caption":"Facultad Experimental de Ciencias y Tecnolog\u00eda"},"image":{"@id":"https:\/\/www.facyt.uc.edu.ve\/web\/#\/schema\/logo\/image\/"},"sameAs":["https:\/\/instagram.com\/facytuc.oficial\/yoast"]}]}},"_links":{"self":[{"href":"https:\/\/www.facyt.uc.edu.ve\/web\/wp-json\/wp\/v2\/pages\/402","targetHints":{"allow":["GET"]}}],"collection":[{"href":"https:\/\/www.facyt.uc.edu.ve\/web\/wp-json\/wp\/v2\/pages"}],"about":[{"href":"https:\/\/www.facyt.uc.edu.ve\/web\/wp-json\/wp\/v2\/types\/page"}],"author":[{"embeddable":true,"href":"https:\/\/www.facyt.uc.edu.ve\/web\/wp-json\/wp\/v2\/users\/5"}],"replies":[{"embeddable":true,"href":"https:\/\/www.facyt.uc.edu.ve\/web\/wp-json\/wp\/v2\/comments?post=402"}],"version-history":[{"count":12,"href":"https:\/\/www.facyt.uc.edu.ve\/web\/wp-json\/wp\/v2\/pages\/402\/revisions"}],"predecessor-version":[{"id":1131,"href":"https:\/\/www.facyt.uc.edu.ve\/web\/wp-json\/wp\/v2\/pages\/402\/revisions\/1131"}],"wp:attachment":[{"href":"https:\/\/www.facyt.uc.edu.ve\/web\/wp-json\/wp\/v2\/media?parent=402"}],"curies":[{"name":"wp","href":"https:\/\/api.w.org\/{rel}","templated":true}]}}