{"id":331,"date":"2021-05-31T19:06:56","date_gmt":"2021-05-31T23:06:56","guid":{"rendered":"http:\/\/vps1.facyt.uc.edu.ve\/web\/?page_id=331"},"modified":"2021-05-31T19:08:47","modified_gmt":"2021-05-31T23:08:47","slug":"becas-y-beneficios","status":"publish","type":"page","link":"https:\/\/www.facyt.uc.edu.ve\/web\/courses\/becas-y-beneficios\/","title":{"rendered":"Becas y Beneficios"},"content":{"rendered":"<h2>Misi\u00f3n<\/h2>\n<p>Proporcionar a la poblaci\u00f3n estudiantil, a trav\u00e9s de distintos programas de apoyo econ\u00f3mico, social, jur\u00eddico, de orientaci\u00f3n y promoci\u00f3n de la salud integral, tendientes a crear condiciones de vida favorables para el bienestar del estudiante durante su proceso de formaci\u00f3n profesional, logrando el mejor aprovechamiento de las oportunidades educacionales y promoviendo el desarrollo integral de su personalidad.<\/p>\n<h2>Visi\u00f3n<\/h2>\n<p>La Direcci\u00f3n de Desarrollo Estudiantil a la cual aspiramos es una dependencia reconocida como l\u00edder en sus procesos gerenciales, proveedora de atenciones de alta calidad, un personal y tecnolog\u00eda excelentes; reconocida en la comunidad universitaria, facilitadora de sus procesos gerenciales y participativa en el proceso de formaci\u00f3n de los estudiantes universitarios para el logro de un profesional universitario integralmente formado, comprometido con el desarrollo de la sociedad venezolana.<\/p>\n<h2>Enlaces<\/h2>\n<ul>\n<li>Beca Acad\u00e9mica<\/li>\n<li>Beca Servicio<\/li>\n<li>Intranet Estudiantil<\/li>\n<\/ul>\n","protected":false},"excerpt":{"rendered":"<p>Misi\u00f3n Proporcionar a la poblaci\u00f3n estudiantil, a trav\u00e9s de distintos programas de apoyo econ\u00f3mico, social, jur\u00eddico, de orientaci\u00f3n y promoci\u00f3n de la salud integral, tendientes a crear condiciones de vida favorables para el bienestar del estudiante durante su proceso de formaci\u00f3n profesional, logrando el mejor aprovechamiento de las oportunidades educacionales y promoviendo el desarrollo integral&hellip;<\/p>\n","protected":false},"author":1,"featured_media":0,"parent":130,"menu_order":0,"comment_status":"closed","ping_status":"closed","template":"","meta":{"footnotes":""},"class_list":["post-331","page","type-page","status-publish","hentry"],"yoast_head":"<!-- This site is optimized with the Yoast SEO plugin v27.1.1 - https:\/\/yoast.com\/product\/yoast-seo-wordpress\/ -->\n<title>Becas y Beneficios - Facultad Experimental de Ciencias y Tecnolog\u00eda<\/title>\n<meta name=\"robots\" content=\"index, follow, max-snippet:-1, max-image-preview:large, max-video-preview:-1\" \/>\n<link rel=\"canonical\" href=\"https:\/\/www.facyt.uc.edu.ve\/web\/courses\/becas-y-beneficios\/\" \/>\n<meta property=\"og:locale\" content=\"es_ES\" \/>\n<meta property=\"og:type\" content=\"article\" \/>\n<meta property=\"og:title\" content=\"Becas y Beneficios - Facultad Experimental de Ciencias y Tecnolog\u00eda\" \/>\n<meta property=\"og:description\" content=\"Misi\u00f3n Proporcionar a la poblaci\u00f3n estudiantil, a trav\u00e9s de distintos programas de apoyo econ\u00f3mico, social, jur\u00eddico, de orientaci\u00f3n y promoci\u00f3n de la salud integral, tendientes a crear condiciones de vida favorables para el bienestar del estudiante durante su proceso de formaci\u00f3n profesional, logrando el mejor aprovechamiento de las oportunidades educacionales y promoviendo el desarrollo integral&hellip;\" \/>\n<meta property=\"og:url\" content=\"https:\/\/www.facyt.uc.edu.ve\/web\/courses\/becas-y-beneficios\/\" \/>\n<meta property=\"og:site_name\" content=\"Facultad Experimental de Ciencias y Tecnolog\u00eda\" \/>\n<meta property=\"article:modified_time\" content=\"2021-05-31T23:08:47+00:00\" \/>\n<meta name=\"twitter:card\" content=\"summary_large_image\" \/>\n<meta name=\"twitter:label1\" content=\"Tiempo estimado de lectura\" \/>\n\t<meta name=\"twitter:data1\" content=\"1 minuto\" \/>\n<script type=\"application\/ld+json\" class=\"yoast-schema-graph\">{\"@context\":\"https:\/\/schema.org\",\"@graph\":[{\"@type\":\"WebPage\",\"@id\":\"https:\/\/www.facyt.uc.edu.ve\/web\/courses\/becas-y-beneficios\/\",\"url\":\"https:\/\/www.facyt.uc.edu.ve\/web\/courses\/becas-y-beneficios\/\",\"name\":\"Becas y Beneficios - Facultad Experimental de Ciencias y Tecnolog\u00eda\",\"isPartOf\":{\"@id\":\"https:\/\/www.facyt.uc.edu.ve\/web\/#website\"},\"datePublished\":\"2021-05-31T23:06:56+00:00\",\"dateModified\":\"2021-05-31T23:08:47+00:00\",\"breadcrumb\":{\"@id\":\"https:\/\/www.facyt.uc.edu.ve\/web\/courses\/becas-y-beneficios\/#breadcrumb\"},\"inLanguage\":\"es\",\"potentialAction\":[{\"@type\":\"ReadAction\",\"target\":[\"https:\/\/www.facyt.uc.edu.ve\/web\/courses\/becas-y-beneficios\/\"]}]},{\"@type\":\"BreadcrumbList\",\"@id\":\"https:\/\/www.facyt.uc.edu.ve\/web\/courses\/becas-y-beneficios\/#breadcrumb\",\"itemListElement\":[{\"@type\":\"ListItem\",\"position\":1,\"name\":\"Portada\",\"item\":\"https:\/\/www.facyt.uc.edu.ve\/web\/\"},{\"@type\":\"ListItem\",\"position\":2,\"name\":\"Servicios\",\"item\":\"https:\/\/www.facyt.uc.edu.ve\/web\/courses\/\"},{\"@type\":\"ListItem\",\"position\":3,\"name\":\"Becas y Beneficios\"}]},{\"@type\":\"WebSite\",\"@id\":\"https:\/\/www.facyt.uc.edu.ve\/web\/#website\",\"url\":\"https:\/\/www.facyt.uc.edu.ve\/web\/\",\"name\":\"Facultad Experimental de Ciencias y Tecnolog\u00eda\",\"description\":\"FaCyT UC\",\"publisher\":{\"@id\":\"https:\/\/www.facyt.uc.edu.ve\/web\/#organization\"},\"alternateName\":\"FaCyT\",\"potentialAction\":[{\"@type\":\"SearchAction\",\"target\":{\"@type\":\"EntryPoint\",\"urlTemplate\":\"https:\/\/www.facyt.uc.edu.ve\/web\/?s={search_term_string}\"},\"query-input\":{\"@type\":\"PropertyValueSpecification\",\"valueRequired\":true,\"valueName\":\"search_term_string\"}}],\"inLanguage\":\"es\"},{\"@type\":\"Organization\",\"@id\":\"https:\/\/www.facyt.uc.edu.ve\/web\/#organization\",\"name\":\"Facultad Experimental de Ciencias y Tecnolog\u00eda\",\"url\":\"https:\/\/www.facyt.uc.edu.ve\/web\/\",\"logo\":{\"@type\":\"ImageObject\",\"inLanguage\":\"es\",\"@id\":\"https:\/\/www.facyt.uc.edu.ve\/web\/#\/schema\/logo\/image\/\",\"url\":\"https:\/\/www.facyt.uc.edu.ve\/web\/wp-content\/uploads\/2025\/11\/Logo_de_la_Facultad_Experimental_de_Ciencia_y_Tecnologia-scaled.jpg\",\"contentUrl\":\"https:\/\/www.facyt.uc.edu.ve\/web\/wp-content\/uploads\/2025\/11\/Logo_de_la_Facultad_Experimental_de_Ciencia_y_Tecnologia-scaled.jpg\",\"width\":2560,\"height\":2560,\"caption\":\"Facultad Experimental de Ciencias y Tecnolog\u00eda\"},\"image\":{\"@id\":\"https:\/\/www.facyt.uc.edu.ve\/web\/#\/schema\/logo\/image\/\"},\"sameAs\":[\"https:\/\/instagram.com\/facytuc.oficial\/yoast\"]}]}<\/script>\n<!-- \/ Yoast SEO plugin. -->","yoast_head_json":{"title":"Becas y Beneficios - Facultad Experimental de Ciencias y Tecnolog\u00eda","robots":{"index":"index","follow":"follow","max-snippet":"max-snippet:-1","max-image-preview":"max-image-preview:large","max-video-preview":"max-video-preview:-1"},"canonical":"https:\/\/www.facyt.uc.edu.ve\/web\/courses\/becas-y-beneficios\/","og_locale":"es_ES","og_type":"article","og_title":"Becas y Beneficios - Facultad Experimental de Ciencias y Tecnolog\u00eda","og_description":"Misi\u00f3n Proporcionar a la poblaci\u00f3n estudiantil, a trav\u00e9s de distintos programas de apoyo econ\u00f3mico, social, jur\u00eddico, de orientaci\u00f3n y promoci\u00f3n de la salud integral, tendientes a crear condiciones de vida favorables para el bienestar del estudiante durante su proceso de formaci\u00f3n profesional, logrando el mejor aprovechamiento de las oportunidades educacionales y promoviendo el desarrollo integral&hellip;","og_url":"https:\/\/www.facyt.uc.edu.ve\/web\/courses\/becas-y-beneficios\/","og_site_name":"Facultad Experimental de Ciencias y Tecnolog\u00eda","article_modified_time":"2021-05-31T23:08:47+00:00","twitter_card":"summary_large_image","twitter_misc":{"Tiempo estimado de lectura":"1 minuto"},"schema":{"@context":"https:\/\/schema.org","@graph":[{"@type":"WebPage","@id":"https:\/\/www.facyt.uc.edu.ve\/web\/courses\/becas-y-beneficios\/","url":"https:\/\/www.facyt.uc.edu.ve\/web\/courses\/becas-y-beneficios\/","name":"Becas y Beneficios - Facultad Experimental de Ciencias y Tecnolog\u00eda","isPartOf":{"@id":"https:\/\/www.facyt.uc.edu.ve\/web\/#website"},"datePublished":"2021-05-31T23:06:56+00:00","dateModified":"2021-05-31T23:08:47+00:00","breadcrumb":{"@id":"https:\/\/www.facyt.uc.edu.ve\/web\/courses\/becas-y-beneficios\/#breadcrumb"},"inLanguage":"es","potentialAction":[{"@type":"ReadAction","target":["https:\/\/www.facyt.uc.edu.ve\/web\/courses\/becas-y-beneficios\/"]}]},{"@type":"BreadcrumbList","@id":"https:\/\/www.facyt.uc.edu.ve\/web\/courses\/becas-y-beneficios\/#breadcrumb","itemListElement":[{"@type":"ListItem","position":1,"name":"Portada","item":"https:\/\/www.facyt.uc.edu.ve\/web\/"},{"@type":"ListItem","position":2,"name":"Servicios","item":"https:\/\/www.facyt.uc.edu.ve\/web\/courses\/"},{"@type":"ListItem","position":3,"name":"Becas y Beneficios"}]},{"@type":"WebSite","@id":"https:\/\/www.facyt.uc.edu.ve\/web\/#website","url":"https:\/\/www.facyt.uc.edu.ve\/web\/","name":"Facultad Experimental de Ciencias y Tecnolog\u00eda","description":"FaCyT UC","publisher":{"@id":"https:\/\/www.facyt.uc.edu.ve\/web\/#organization"},"alternateName":"FaCyT","potentialAction":[{"@type":"SearchAction","target":{"@type":"EntryPoint","urlTemplate":"https:\/\/www.facyt.uc.edu.ve\/web\/?s={search_term_string}"},"query-input":{"@type":"PropertyValueSpecification","valueRequired":true,"valueName":"search_term_string"}}],"inLanguage":"es"},{"@type":"Organization","@id":"https:\/\/www.facyt.uc.edu.ve\/web\/#organization","name":"Facultad Experimental de Ciencias y Tecnolog\u00eda","url":"https:\/\/www.facyt.uc.edu.ve\/web\/","logo":{"@type":"ImageObject","inLanguage":"es","@id":"https:\/\/www.facyt.uc.edu.ve\/web\/#\/schema\/logo\/image\/","url":"https:\/\/www.facyt.uc.edu.ve\/web\/wp-content\/uploads\/2025\/11\/Logo_de_la_Facultad_Experimental_de_Ciencia_y_Tecnologia-scaled.jpg","contentUrl":"https:\/\/www.facyt.uc.edu.ve\/web\/wp-content\/uploads\/2025\/11\/Logo_de_la_Facultad_Experimental_de_Ciencia_y_Tecnologia-scaled.jpg","width":2560,"height":2560,"caption":"Facultad Experimental de Ciencias y Tecnolog\u00eda"},"image":{"@id":"https:\/\/www.facyt.uc.edu.ve\/web\/#\/schema\/logo\/image\/"},"sameAs":["https:\/\/instagram.com\/facytuc.oficial\/yoast"]}]}},"_links":{"self":[{"href":"https:\/\/www.facyt.uc.edu.ve\/web\/wp-json\/wp\/v2\/pages\/331","targetHints":{"allow":["GET"]}}],"collection":[{"href":"https:\/\/www.facyt.uc.edu.ve\/web\/wp-json\/wp\/v2\/pages"}],"about":[{"href":"https:\/\/www.facyt.uc.edu.ve\/web\/wp-json\/wp\/v2\/types\/page"}],"author":[{"embeddable":true,"href":"https:\/\/www.facyt.uc.edu.ve\/web\/wp-json\/wp\/v2\/users\/1"}],"replies":[{"embeddable":true,"href":"https:\/\/www.facyt.uc.edu.ve\/web\/wp-json\/wp\/v2\/comments?post=331"}],"version-history":[{"count":1,"href":"https:\/\/www.facyt.uc.edu.ve\/web\/wp-json\/wp\/v2\/pages\/331\/revisions"}],"predecessor-version":[{"id":332,"href":"https:\/\/www.facyt.uc.edu.ve\/web\/wp-json\/wp\/v2\/pages\/331\/revisions\/332"}],"up":[{"embeddable":true,"href":"https:\/\/www.facyt.uc.edu.ve\/web\/wp-json\/wp\/v2\/pages\/130"}],"wp:attachment":[{"href":"https:\/\/www.facyt.uc.edu.ve\/web\/wp-json\/wp\/v2\/media?parent=331"}],"curies":[{"name":"wp","href":"https:\/\/api.w.org\/{rel}","templated":true}]}}