{"id":321,"date":"2021-05-31T18:57:03","date_gmt":"2021-05-31T22:57:03","guid":{"rendered":"http:\/\/vps1.facyt.uc.edu.ve\/web\/?page_id=321"},"modified":"2021-05-31T18:57:03","modified_gmt":"2021-05-31T22:57:03","slug":"biblioteca","status":"publish","type":"page","link":"https:\/\/www.facyt.uc.edu.ve\/web\/courses\/biblioteca\/","title":{"rendered":"Biblioteca"},"content":{"rendered":"<h3>PR\u00c9STAMOS<\/h3>\n<blockquote>\n<div>\n<h5>PR\u00c9STAMOS DE LIBROS<\/h5>\n<p>De sala para consultarlos en los espacios de la Biblioteca<br \/>\nDe circulante para llevarlos fuera de la universidad por una semana (solo para la poblaci\u00f3n de la FaCyT)<\/p>\n<h5>PR\u00c9STAMO DE OBRAS DE REFERENCIA EN SALA:<\/h5>\n<p>Diccionarios, Enciclopedias, Hand Book, Manuales.<\/p>\n<h5>PR\u00c9STAMO DE REVISTAS Y PUBLICACIONES CIENT\u00cdFICAS<\/h5>\n<p>En los espacios de la biblioteca.<\/p>\n<h5>PR\u00c9STAMO DE TRABAJOS DE GRADO Y TRABAJOS DE ASCENSO<\/h5>\n<p>En los espacios de la Biblioteca.<\/p>\n<h5>PR\u00c9STAMO INTERBIBLIOTECARIO:<\/h5>\n<p>Convenio con Bibliotecas de otras facultades<\/p>\n<h5>SERVICIO DE B\u00daSQUEDA DE INFORMACI\u00d3N:<\/h5>\n<p>En la Web a trav\u00e9s de las Bases de Datos: Ebsco, Proquest, Science Direct entre otras. Enlace a ISTEC: Consorcio Iberoamericano para la Educaci\u00f3n en Ciencia y Tecnolog\u00eda, en su enlace de Lib Blink.<\/p>\n<h5>SERVICIO DE CONMUTACI\u00d3N BIBLIOGR\u00c1FICA<\/h5>\n<p>Con Bibliotecas de la Red cient\u00edfica<\/p>\n<h5>SERVICIO EN L\u00cdNEA:<\/h5>\n<p>Pr\u00e9stamo de equipos para consulta en bases de datos, trascripci\u00f3n de documentos y revisi\u00f3n de correos institucionales y red Inal\u00e1mbrica.<\/p>\n<h5>SERVICIO DE FICHERO AUTOMATIZADO:<\/h5>\n<p>SABI Servicio<\/p>\n<h5>INFORMACI\u00d3N CIENT\u00cdFICA:<\/h5>\n<p>Instituto Venezolano I Cient\u00edfico (IVIC)<br \/>\nContamos con WIFI servicio inal\u00e1mbrico de internet para los estudiantes de la facultad.<br \/>\nMantenimiento y reparaci\u00f3n de libros y para la biblioteca<\/p>\n<\/div>\n<\/blockquote>\n<h3><\/h3>\n<h3>AUDIOVISUALES<\/h3>\n<blockquote>\n<div>\n<p>Contamos con Laptops para uso de los profesores y video-beam<\/p>\n<h5>OTROS SERVICIOS:<\/h5>\n<p>Quemado de Cd`s<br \/>\nScanner<br \/>\nServicio de reproducci\u00f3n de documentos<br \/>\nServicio de impresiones, Negro y Color<\/p>\n<h5>BANCO DE LIBRO:<\/h5>\n<p>Alquiler de libros de texto es por tres meses, dependiendo de libro varia el costo del mismo.<\/p>\n<\/div>\n<\/blockquote>\n","protected":false},"excerpt":{"rendered":"<p>PR\u00c9STAMOS PR\u00c9STAMOS DE LIBROS De sala para consultarlos en los espacios de la Biblioteca De circulante para llevarlos fuera de la universidad por una semana (solo para la poblaci\u00f3n de la FaCyT) PR\u00c9STAMO DE OBRAS DE REFERENCIA EN SALA: Diccionarios, Enciclopedias, Hand Book, Manuales. PR\u00c9STAMO DE REVISTAS Y PUBLICACIONES CIENT\u00cdFICAS En los espacios de la&hellip;<\/p>\n","protected":false},"author":1,"featured_media":0,"parent":130,"menu_order":0,"comment_status":"closed","ping_status":"closed","template":"","meta":{"footnotes":""},"class_list":["post-321","page","type-page","status-publish","hentry"],"yoast_head":"<!-- This site is optimized with the Yoast SEO plugin v27.1.1 - https:\/\/yoast.com\/product\/yoast-seo-wordpress\/ -->\n<title>Biblioteca - Facultad Experimental de Ciencias y Tecnolog\u00eda<\/title>\n<meta name=\"robots\" content=\"index, follow, max-snippet:-1, max-image-preview:large, max-video-preview:-1\" \/>\n<link rel=\"canonical\" href=\"https:\/\/www.facyt.uc.edu.ve\/web\/courses\/biblioteca\/\" \/>\n<meta property=\"og:locale\" content=\"es_ES\" \/>\n<meta property=\"og:type\" content=\"article\" \/>\n<meta property=\"og:title\" content=\"Biblioteca - Facultad Experimental de Ciencias y Tecnolog\u00eda\" \/>\n<meta property=\"og:description\" content=\"PR\u00c9STAMOS PR\u00c9STAMOS DE LIBROS De sala para consultarlos en los espacios de la Biblioteca De circulante para llevarlos fuera de la universidad por una semana (solo para la poblaci\u00f3n de la FaCyT) PR\u00c9STAMO DE OBRAS DE REFERENCIA EN SALA: Diccionarios, Enciclopedias, Hand Book, Manuales. PR\u00c9STAMO DE REVISTAS Y PUBLICACIONES CIENT\u00cdFICAS En los espacios de la&hellip;\" \/>\n<meta property=\"og:url\" content=\"https:\/\/www.facyt.uc.edu.ve\/web\/courses\/biblioteca\/\" \/>\n<meta property=\"og:site_name\" content=\"Facultad Experimental de Ciencias y Tecnolog\u00eda\" \/>\n<meta name=\"twitter:card\" content=\"summary_large_image\" \/>\n<meta name=\"twitter:label1\" content=\"Tiempo estimado de lectura\" \/>\n\t<meta name=\"twitter:data1\" content=\"1 minuto\" \/>\n<script type=\"application\/ld+json\" class=\"yoast-schema-graph\">{\"@context\":\"https:\/\/schema.org\",\"@graph\":[{\"@type\":\"WebPage\",\"@id\":\"https:\/\/www.facyt.uc.edu.ve\/web\/courses\/biblioteca\/\",\"url\":\"https:\/\/www.facyt.uc.edu.ve\/web\/courses\/biblioteca\/\",\"name\":\"Biblioteca - Facultad Experimental de Ciencias y Tecnolog\u00eda\",\"isPartOf\":{\"@id\":\"https:\/\/www.facyt.uc.edu.ve\/web\/#website\"},\"datePublished\":\"2021-05-31T22:57:03+00:00\",\"breadcrumb\":{\"@id\":\"https:\/\/www.facyt.uc.edu.ve\/web\/courses\/biblioteca\/#breadcrumb\"},\"inLanguage\":\"es\",\"potentialAction\":[{\"@type\":\"ReadAction\",\"target\":[\"https:\/\/www.facyt.uc.edu.ve\/web\/courses\/biblioteca\/\"]}]},{\"@type\":\"BreadcrumbList\",\"@id\":\"https:\/\/www.facyt.uc.edu.ve\/web\/courses\/biblioteca\/#breadcrumb\",\"itemListElement\":[{\"@type\":\"ListItem\",\"position\":1,\"name\":\"Portada\",\"item\":\"https:\/\/www.facyt.uc.edu.ve\/web\/\"},{\"@type\":\"ListItem\",\"position\":2,\"name\":\"Servicios\",\"item\":\"https:\/\/www.facyt.uc.edu.ve\/web\/courses\/\"},{\"@type\":\"ListItem\",\"position\":3,\"name\":\"Biblioteca\"}]},{\"@type\":\"WebSite\",\"@id\":\"https:\/\/www.facyt.uc.edu.ve\/web\/#website\",\"url\":\"https:\/\/www.facyt.uc.edu.ve\/web\/\",\"name\":\"Facultad Experimental de Ciencias y Tecnolog\u00eda\",\"description\":\"FaCyT UC\",\"publisher\":{\"@id\":\"https:\/\/www.facyt.uc.edu.ve\/web\/#organization\"},\"alternateName\":\"FaCyT\",\"potentialAction\":[{\"@type\":\"SearchAction\",\"target\":{\"@type\":\"EntryPoint\",\"urlTemplate\":\"https:\/\/www.facyt.uc.edu.ve\/web\/?s={search_term_string}\"},\"query-input\":{\"@type\":\"PropertyValueSpecification\",\"valueRequired\":true,\"valueName\":\"search_term_string\"}}],\"inLanguage\":\"es\"},{\"@type\":\"Organization\",\"@id\":\"https:\/\/www.facyt.uc.edu.ve\/web\/#organization\",\"name\":\"Facultad Experimental de Ciencias y Tecnolog\u00eda\",\"url\":\"https:\/\/www.facyt.uc.edu.ve\/web\/\",\"logo\":{\"@type\":\"ImageObject\",\"inLanguage\":\"es\",\"@id\":\"https:\/\/www.facyt.uc.edu.ve\/web\/#\/schema\/logo\/image\/\",\"url\":\"https:\/\/www.facyt.uc.edu.ve\/web\/wp-content\/uploads\/2025\/11\/Logo_de_la_Facultad_Experimental_de_Ciencia_y_Tecnologia-scaled.jpg\",\"contentUrl\":\"https:\/\/www.facyt.uc.edu.ve\/web\/wp-content\/uploads\/2025\/11\/Logo_de_la_Facultad_Experimental_de_Ciencia_y_Tecnologia-scaled.jpg\",\"width\":2560,\"height\":2560,\"caption\":\"Facultad Experimental de Ciencias y Tecnolog\u00eda\"},\"image\":{\"@id\":\"https:\/\/www.facyt.uc.edu.ve\/web\/#\/schema\/logo\/image\/\"},\"sameAs\":[\"https:\/\/instagram.com\/facytuc.oficial\/yoast\"]}]}<\/script>\n<!-- \/ Yoast SEO plugin. -->","yoast_head_json":{"title":"Biblioteca - Facultad Experimental de Ciencias y Tecnolog\u00eda","robots":{"index":"index","follow":"follow","max-snippet":"max-snippet:-1","max-image-preview":"max-image-preview:large","max-video-preview":"max-video-preview:-1"},"canonical":"https:\/\/www.facyt.uc.edu.ve\/web\/courses\/biblioteca\/","og_locale":"es_ES","og_type":"article","og_title":"Biblioteca - Facultad Experimental de Ciencias y Tecnolog\u00eda","og_description":"PR\u00c9STAMOS PR\u00c9STAMOS DE LIBROS De sala para consultarlos en los espacios de la Biblioteca De circulante para llevarlos fuera de la universidad por una semana (solo para la poblaci\u00f3n de la FaCyT) PR\u00c9STAMO DE OBRAS DE REFERENCIA EN SALA: Diccionarios, Enciclopedias, Hand Book, Manuales. PR\u00c9STAMO DE REVISTAS Y PUBLICACIONES CIENT\u00cdFICAS En los espacios de la&hellip;","og_url":"https:\/\/www.facyt.uc.edu.ve\/web\/courses\/biblioteca\/","og_site_name":"Facultad Experimental de Ciencias y Tecnolog\u00eda","twitter_card":"summary_large_image","twitter_misc":{"Tiempo estimado de lectura":"1 minuto"},"schema":{"@context":"https:\/\/schema.org","@graph":[{"@type":"WebPage","@id":"https:\/\/www.facyt.uc.edu.ve\/web\/courses\/biblioteca\/","url":"https:\/\/www.facyt.uc.edu.ve\/web\/courses\/biblioteca\/","name":"Biblioteca - Facultad Experimental de Ciencias y Tecnolog\u00eda","isPartOf":{"@id":"https:\/\/www.facyt.uc.edu.ve\/web\/#website"},"datePublished":"2021-05-31T22:57:03+00:00","breadcrumb":{"@id":"https:\/\/www.facyt.uc.edu.ve\/web\/courses\/biblioteca\/#breadcrumb"},"inLanguage":"es","potentialAction":[{"@type":"ReadAction","target":["https:\/\/www.facyt.uc.edu.ve\/web\/courses\/biblioteca\/"]}]},{"@type":"BreadcrumbList","@id":"https:\/\/www.facyt.uc.edu.ve\/web\/courses\/biblioteca\/#breadcrumb","itemListElement":[{"@type":"ListItem","position":1,"name":"Portada","item":"https:\/\/www.facyt.uc.edu.ve\/web\/"},{"@type":"ListItem","position":2,"name":"Servicios","item":"https:\/\/www.facyt.uc.edu.ve\/web\/courses\/"},{"@type":"ListItem","position":3,"name":"Biblioteca"}]},{"@type":"WebSite","@id":"https:\/\/www.facyt.uc.edu.ve\/web\/#website","url":"https:\/\/www.facyt.uc.edu.ve\/web\/","name":"Facultad Experimental de Ciencias y Tecnolog\u00eda","description":"FaCyT UC","publisher":{"@id":"https:\/\/www.facyt.uc.edu.ve\/web\/#organization"},"alternateName":"FaCyT","potentialAction":[{"@type":"SearchAction","target":{"@type":"EntryPoint","urlTemplate":"https:\/\/www.facyt.uc.edu.ve\/web\/?s={search_term_string}"},"query-input":{"@type":"PropertyValueSpecification","valueRequired":true,"valueName":"search_term_string"}}],"inLanguage":"es"},{"@type":"Organization","@id":"https:\/\/www.facyt.uc.edu.ve\/web\/#organization","name":"Facultad Experimental de Ciencias y Tecnolog\u00eda","url":"https:\/\/www.facyt.uc.edu.ve\/web\/","logo":{"@type":"ImageObject","inLanguage":"es","@id":"https:\/\/www.facyt.uc.edu.ve\/web\/#\/schema\/logo\/image\/","url":"https:\/\/www.facyt.uc.edu.ve\/web\/wp-content\/uploads\/2025\/11\/Logo_de_la_Facultad_Experimental_de_Ciencia_y_Tecnologia-scaled.jpg","contentUrl":"https:\/\/www.facyt.uc.edu.ve\/web\/wp-content\/uploads\/2025\/11\/Logo_de_la_Facultad_Experimental_de_Ciencia_y_Tecnologia-scaled.jpg","width":2560,"height":2560,"caption":"Facultad Experimental de Ciencias y Tecnolog\u00eda"},"image":{"@id":"https:\/\/www.facyt.uc.edu.ve\/web\/#\/schema\/logo\/image\/"},"sameAs":["https:\/\/instagram.com\/facytuc.oficial\/yoast"]}]}},"_links":{"self":[{"href":"https:\/\/www.facyt.uc.edu.ve\/web\/wp-json\/wp\/v2\/pages\/321","targetHints":{"allow":["GET"]}}],"collection":[{"href":"https:\/\/www.facyt.uc.edu.ve\/web\/wp-json\/wp\/v2\/pages"}],"about":[{"href":"https:\/\/www.facyt.uc.edu.ve\/web\/wp-json\/wp\/v2\/types\/page"}],"author":[{"embeddable":true,"href":"https:\/\/www.facyt.uc.edu.ve\/web\/wp-json\/wp\/v2\/users\/1"}],"replies":[{"embeddable":true,"href":"https:\/\/www.facyt.uc.edu.ve\/web\/wp-json\/wp\/v2\/comments?post=321"}],"version-history":[{"count":1,"href":"https:\/\/www.facyt.uc.edu.ve\/web\/wp-json\/wp\/v2\/pages\/321\/revisions"}],"predecessor-version":[{"id":322,"href":"https:\/\/www.facyt.uc.edu.ve\/web\/wp-json\/wp\/v2\/pages\/321\/revisions\/322"}],"up":[{"embeddable":true,"href":"https:\/\/www.facyt.uc.edu.ve\/web\/wp-json\/wp\/v2\/pages\/130"}],"wp:attachment":[{"href":"https:\/\/www.facyt.uc.edu.ve\/web\/wp-json\/wp\/v2\/media?parent=321"}],"curies":[{"name":"wp","href":"https:\/\/api.w.org\/{rel}","templated":true}]}}