{"id":2837,"date":"2024-05-30T11:34:26","date_gmt":"2024-05-30T15:34:26","guid":{"rendered":"http:\/\/vps1.facyt.uc.edu.ve\/web\/?page_id=2837"},"modified":"2024-05-30T12:06:09","modified_gmt":"2024-05-30T16:06:09","slug":"direccion-de-postgrado","status":"publish","type":"page","link":"https:\/\/www.facyt.uc.edu.ve\/web\/direcciones\/direccion-de-postgrado\/","title":{"rendered":"Direcci\u00f3n de Postgrado"},"content":{"rendered":"<div class=\"wpb-content-wrapper\"><p>[vc_row][vc_column][vc_single_image image=\u00bb1181&#8243; img_size=\u00bbfull\u00bb alignment=\u00bbcenter\u00bb][\/vc_column][\/vc_row][vc_row][vc_column][vc_column_text css=\u00bb\u00bb]<\/p>\n<h4 style=\"text-align: left;\"><strong>Direcci\u00f3n de Postgrado <\/strong><\/h4>\n<h4 style=\"text-align: left;\"><strong>Facultad Experimental de Ciencias y Tecnolog\u00eda:<\/strong><\/h4>\n<h4 style=\"text-align: left;\"><strong>\u00a1Impulsando tu futuro profesional!<\/strong><\/h4>\n<p style=\"text-align: justify;\">La Direcci\u00f3n de Postgrado de la Facultad Experimental de Ciencias y Tecnolog\u00eda de la Universidad de Carabobo, te ofrece programas dise\u00f1ados para que alcances tus metas profesionales.<\/p>\n<p style=\"text-align: justify;\">Est\u00e1 adscrita al Decanato de la Facultad, la cual realiza funciones de naturaleza directiva-ejecutiva, en relaci\u00f3n al asesoramiento y apoyo t\u00e9cnico al desarrollo de las actividades de los estudios de postgrado en el \u00e1rea de ciencias y tecnolog\u00eda, dentro de las directrices emanadas de la Direcci\u00f3n Central de Estudios de Postgrado.<\/p>\n<h2 style=\"text-align: left;\"><span style=\"color: #0088cc;\">Visi\u00f3n<\/span><\/h2>\n<p style=\"text-align: justify;\">Ser reconocidos por ofrecer estudios de postgrado de alta calidad y con pertinencia social, donde est\u00e9 inserta la creaci\u00f3n human\u00edstica, cient\u00edfica y tecnol\u00f3gica en un marco de valores \u00e9ticos, est\u00e9ticos y morales.<\/p>\n<h2 style=\"text-align: left;\"><span style=\"color: #0088cc;\">Misi\u00f3n<\/span><\/h2>\n<p style=\"text-align: justify;\">Capacitar y formar profesionales altamente calificados, comprometidos con el desarrollo social y la generaci\u00f3n de conocimiento, que contribuyan al bienestar de la Naci\u00f3n.<\/p>\n<p><strong>Te ofrecemos <\/strong><\/p>\n<ul>\n<li style=\"text-align: justify;\"><strong>Programas acad\u00e9micos de excelencia:<\/strong> Contamos con un equipo de profesores altamente calificados y con experiencia en investigaci\u00f3n, quienes te brindar\u00e1n las herramientas y el conocimiento necesarios para convertirte en un profesional altamente competitivo.<\/li>\n<li style=\"text-align: justify;\"><strong>Investigaci\u00f3n de vanguardia:<\/strong> que te permitir\u00e1n participar en proyectos de investigaci\u00f3n innovadores y de gran impacto y mantener v\u00ednculos con el sector productivo<\/li>\n<li style=\"text-align: justify;\"><strong>Ambiente acad\u00e9mico estimulante:<\/strong> Te invitamos a formar parte de una comunidad acad\u00e9mica diversa y vibrante donde podr\u00e1s intercambiar ideas y experiencias con otros estudiantes y profesores.<\/li>\n<\/ul>\n<p><strong>Te brindamos programas de: <\/strong><\/p>\n<ul>\n<li>Especializaci\u00f3n en Desarrollo de Software<\/li>\n<li>Maestr\u00eda en Maestr\u00edas Aplicadas<\/li>\n<li>Doctorado en Qu\u00edmica Tecnol\u00f3gica<\/li>\n<\/ul>\n<p><strong>Informaci\u00f3n de contacto:<\/strong><\/p>\n<ul>\n<li><strong>Sitio web:<\/strong> <a href=\"https:\/\/www.facyt.uc.edu.ve\/web\">www.facytuc.com\/web<\/a><\/li>\n<li><strong>Correo electr\u00f3nico:<\/strong> <a href=\"mailto:postgrado.facyt@uc.edu.ve\">postgrado.facyt@uc.edu.ve<\/a><\/li>\n<li><strong>Tel\u00e9fono:<\/strong> +58 421639953<\/li>\n<\/ul>\n<p><strong>Redes sociales:<\/strong><\/p>\n<ul>\n<li><strong>Facebook:<\/strong> Postgrado Facyt UC<\/li>\n<li><strong>Twitter:<\/strong> @PostgradoFacyt<\/li>\n<li><strong>Instagram:<\/strong> postgradofacyt<\/li>\n<\/ul>\n<p style=\"text-align: justify;\"><strong>Director de Postgrado FaCyT<\/strong>: Dr. Juan Carlos Pereira A.<\/p>\n<p>[\/vc_column_text][\/vc_column][\/vc_row][vc_row][vc_column width=\u00bb1\/4&#8243;][vc_btn title=\u00bbEspecializacion\u00bb color=\u00bbsky\u00bb size=\u00bblg\u00bb align=\u00bbcenter\u00bb css=\u00bb\u00bb link=\u00bburl:http%3A%2F%2Fwww.facyt.uc.edu.ve%2Fweb%2Fespecializacion-desarrollo-de-software%2F\u00bb][\/vc_column][vc_column width=\u00bb1\/4&#8243;][vc_btn title=\u00bbMaestr\u00eda\u00bb color=\u00bbsky\u00bb size=\u00bblg\u00bb align=\u00bbcenter\u00bb css=\u00bb\u00bb link=\u00bburl:http%3A%2F%2Fwww.facyt.uc.edu.ve%2Fweb%2Fmaestria-en-matematicas-aplicadas%2F\u00bb][\/vc_column][vc_column width=\u00bb1\/4&#8243;][vc_btn title=\u00bbDoctorado\u00bb color=\u00bbsky\u00bb size=\u00bblg\u00bb align=\u00bbcenter\u00bb css=\u00bb\u00bb link=\u00bburl:http%3A%2F%2Fwww.facyt.uc.edu.ve%2Fweb%2Fdoctorado-en-quimica-tecnologica%2F\u00bb][\/vc_column][vc_column width=\u00bb1\/4&#8243;][vc_btn title=\u00bbPlanilla de Consignaci\u00f3n\u00bb color=\u00bbsky\u00bb size=\u00bbsm\u00bb align=\u00bbcenter\u00bb css=\u00bb\u00bb link=\u00bburl:http%3A%2F%2Fwww.facyt.uc.edu.ve%2Fweb%2Fpostgrado-2%2F\u00bb][\/vc_column][\/vc_row]<\/p>\n<\/div>","protected":false},"excerpt":{"rendered":"<p>[vc_row][vc_column][vc_single_image image=\u00bb1181&#8243; img_size=\u00bbfull\u00bb alignment=\u00bbcenter\u00bb][\/vc_column][\/vc_row][vc_row][vc_column][vc_column_text css=\u00bb\u00bb] Direcci\u00f3n de Postgrado Facultad Experimental de Ciencias y Tecnolog\u00eda: \u00a1Impulsando tu futuro profesional! La Direcci\u00f3n de Postgrado de la Facultad Experimental de Ciencias y Tecnolog\u00eda de la Universidad de Carabobo, te ofrece programas dise\u00f1ados para que alcances tus metas profesionales. Est\u00e1 adscrita al Decanato de la Facultad, la cual realiza&hellip;<\/p>\n","protected":false},"author":5,"featured_media":0,"parent":404,"menu_order":0,"comment_status":"closed","ping_status":"closed","template":"","meta":{"footnotes":""},"class_list":["post-2837","page","type-page","status-publish","hentry"],"yoast_head":"<!-- This site is optimized with the Yoast SEO plugin v27.1.1 - https:\/\/yoast.com\/product\/yoast-seo-wordpress\/ -->\n<title>Direcci\u00f3n de Postgrado - Facultad Experimental de Ciencias y Tecnolog\u00eda<\/title>\n<meta name=\"robots\" content=\"index, follow, max-snippet:-1, max-image-preview:large, max-video-preview:-1\" \/>\n<link rel=\"canonical\" href=\"https:\/\/www.facyt.uc.edu.ve\/web\/direcciones\/direccion-de-postgrado\/\" \/>\n<meta property=\"og:locale\" content=\"es_ES\" \/>\n<meta property=\"og:type\" content=\"article\" \/>\n<meta property=\"og:title\" content=\"Direcci\u00f3n de Postgrado - Facultad Experimental de Ciencias y Tecnolog\u00eda\" \/>\n<meta property=\"og:description\" content=\"[vc_row][vc_column][vc_single_image image=\u00bb1181&#8243; img_size=\u00bbfull\u00bb alignment=\u00bbcenter\u00bb][\/vc_column][\/vc_row][vc_row][vc_column][vc_column_text css=\u00bb\u00bb] Direcci\u00f3n de Postgrado Facultad Experimental de Ciencias y Tecnolog\u00eda: \u00a1Impulsando tu futuro profesional! La Direcci\u00f3n de Postgrado de la Facultad Experimental de Ciencias y Tecnolog\u00eda de la Universidad de Carabobo, te ofrece programas dise\u00f1ados para que alcances tus metas profesionales. Est\u00e1 adscrita al Decanato de la Facultad, la cual realiza&hellip;\" \/>\n<meta property=\"og:url\" content=\"https:\/\/www.facyt.uc.edu.ve\/web\/direcciones\/direccion-de-postgrado\/\" \/>\n<meta property=\"og:site_name\" content=\"Facultad Experimental de Ciencias y Tecnolog\u00eda\" \/>\n<meta property=\"article:modified_time\" content=\"2024-05-30T16:06:09+00:00\" \/>\n<meta name=\"twitter:card\" content=\"summary_large_image\" \/>\n<meta name=\"twitter:label1\" content=\"Tiempo estimado de lectura\" \/>\n\t<meta name=\"twitter:data1\" content=\"2 minutos\" \/>\n<script type=\"application\/ld+json\" class=\"yoast-schema-graph\">{\"@context\":\"https:\/\/schema.org\",\"@graph\":[{\"@type\":\"WebPage\",\"@id\":\"https:\/\/www.facyt.uc.edu.ve\/web\/direcciones\/direccion-de-postgrado\/\",\"url\":\"https:\/\/www.facyt.uc.edu.ve\/web\/direcciones\/direccion-de-postgrado\/\",\"name\":\"Direcci\u00f3n de Postgrado - Facultad Experimental de Ciencias y Tecnolog\u00eda\",\"isPartOf\":{\"@id\":\"https:\/\/www.facyt.uc.edu.ve\/web\/#website\"},\"datePublished\":\"2024-05-30T15:34:26+00:00\",\"dateModified\":\"2024-05-30T16:06:09+00:00\",\"breadcrumb\":{\"@id\":\"https:\/\/www.facyt.uc.edu.ve\/web\/direcciones\/direccion-de-postgrado\/#breadcrumb\"},\"inLanguage\":\"es\",\"potentialAction\":[{\"@type\":\"ReadAction\",\"target\":[\"https:\/\/www.facyt.uc.edu.ve\/web\/direcciones\/direccion-de-postgrado\/\"]}]},{\"@type\":\"BreadcrumbList\",\"@id\":\"https:\/\/www.facyt.uc.edu.ve\/web\/direcciones\/direccion-de-postgrado\/#breadcrumb\",\"itemListElement\":[{\"@type\":\"ListItem\",\"position\":1,\"name\":\"Portada\",\"item\":\"https:\/\/www.facyt.uc.edu.ve\/web\/\"},{\"@type\":\"ListItem\",\"position\":2,\"name\":\"Direcciones\",\"item\":\"https:\/\/www.facyt.uc.edu.ve\/web\/direcciones\/\"},{\"@type\":\"ListItem\",\"position\":3,\"name\":\"Direcci\u00f3n de Postgrado\"}]},{\"@type\":\"WebSite\",\"@id\":\"https:\/\/www.facyt.uc.edu.ve\/web\/#website\",\"url\":\"https:\/\/www.facyt.uc.edu.ve\/web\/\",\"name\":\"Facultad Experimental de Ciencias y Tecnolog\u00eda\",\"description\":\"FaCyT UC\",\"publisher\":{\"@id\":\"https:\/\/www.facyt.uc.edu.ve\/web\/#organization\"},\"alternateName\":\"FaCyT\",\"potentialAction\":[{\"@type\":\"SearchAction\",\"target\":{\"@type\":\"EntryPoint\",\"urlTemplate\":\"https:\/\/www.facyt.uc.edu.ve\/web\/?s={search_term_string}\"},\"query-input\":{\"@type\":\"PropertyValueSpecification\",\"valueRequired\":true,\"valueName\":\"search_term_string\"}}],\"inLanguage\":\"es\"},{\"@type\":\"Organization\",\"@id\":\"https:\/\/www.facyt.uc.edu.ve\/web\/#organization\",\"name\":\"Facultad Experimental de Ciencias y Tecnolog\u00eda\",\"url\":\"https:\/\/www.facyt.uc.edu.ve\/web\/\",\"logo\":{\"@type\":\"ImageObject\",\"inLanguage\":\"es\",\"@id\":\"https:\/\/www.facyt.uc.edu.ve\/web\/#\/schema\/logo\/image\/\",\"url\":\"https:\/\/www.facyt.uc.edu.ve\/web\/wp-content\/uploads\/2025\/11\/Logo_de_la_Facultad_Experimental_de_Ciencia_y_Tecnologia-scaled.jpg\",\"contentUrl\":\"https:\/\/www.facyt.uc.edu.ve\/web\/wp-content\/uploads\/2025\/11\/Logo_de_la_Facultad_Experimental_de_Ciencia_y_Tecnologia-scaled.jpg\",\"width\":2560,\"height\":2560,\"caption\":\"Facultad Experimental de Ciencias y Tecnolog\u00eda\"},\"image\":{\"@id\":\"https:\/\/www.facyt.uc.edu.ve\/web\/#\/schema\/logo\/image\/\"},\"sameAs\":[\"https:\/\/instagram.com\/facytuc.oficial\/yoast\"]}]}<\/script>\n<!-- \/ Yoast SEO plugin. -->","yoast_head_json":{"title":"Direcci\u00f3n de Postgrado - Facultad Experimental de Ciencias y Tecnolog\u00eda","robots":{"index":"index","follow":"follow","max-snippet":"max-snippet:-1","max-image-preview":"max-image-preview:large","max-video-preview":"max-video-preview:-1"},"canonical":"https:\/\/www.facyt.uc.edu.ve\/web\/direcciones\/direccion-de-postgrado\/","og_locale":"es_ES","og_type":"article","og_title":"Direcci\u00f3n de Postgrado - Facultad Experimental de Ciencias y Tecnolog\u00eda","og_description":"[vc_row][vc_column][vc_single_image image=\u00bb1181&#8243; img_size=\u00bbfull\u00bb alignment=\u00bbcenter\u00bb][\/vc_column][\/vc_row][vc_row][vc_column][vc_column_text css=\u00bb\u00bb] Direcci\u00f3n de Postgrado Facultad Experimental de Ciencias y Tecnolog\u00eda: \u00a1Impulsando tu futuro profesional! La Direcci\u00f3n de Postgrado de la Facultad Experimental de Ciencias y Tecnolog\u00eda de la Universidad de Carabobo, te ofrece programas dise\u00f1ados para que alcances tus metas profesionales. Est\u00e1 adscrita al Decanato de la Facultad, la cual realiza&hellip;","og_url":"https:\/\/www.facyt.uc.edu.ve\/web\/direcciones\/direccion-de-postgrado\/","og_site_name":"Facultad Experimental de Ciencias y Tecnolog\u00eda","article_modified_time":"2024-05-30T16:06:09+00:00","twitter_card":"summary_large_image","twitter_misc":{"Tiempo estimado de lectura":"2 minutos"},"schema":{"@context":"https:\/\/schema.org","@graph":[{"@type":"WebPage","@id":"https:\/\/www.facyt.uc.edu.ve\/web\/direcciones\/direccion-de-postgrado\/","url":"https:\/\/www.facyt.uc.edu.ve\/web\/direcciones\/direccion-de-postgrado\/","name":"Direcci\u00f3n de Postgrado - Facultad Experimental de Ciencias y Tecnolog\u00eda","isPartOf":{"@id":"https:\/\/www.facyt.uc.edu.ve\/web\/#website"},"datePublished":"2024-05-30T15:34:26+00:00","dateModified":"2024-05-30T16:06:09+00:00","breadcrumb":{"@id":"https:\/\/www.facyt.uc.edu.ve\/web\/direcciones\/direccion-de-postgrado\/#breadcrumb"},"inLanguage":"es","potentialAction":[{"@type":"ReadAction","target":["https:\/\/www.facyt.uc.edu.ve\/web\/direcciones\/direccion-de-postgrado\/"]}]},{"@type":"BreadcrumbList","@id":"https:\/\/www.facyt.uc.edu.ve\/web\/direcciones\/direccion-de-postgrado\/#breadcrumb","itemListElement":[{"@type":"ListItem","position":1,"name":"Portada","item":"https:\/\/www.facyt.uc.edu.ve\/web\/"},{"@type":"ListItem","position":2,"name":"Direcciones","item":"https:\/\/www.facyt.uc.edu.ve\/web\/direcciones\/"},{"@type":"ListItem","position":3,"name":"Direcci\u00f3n de Postgrado"}]},{"@type":"WebSite","@id":"https:\/\/www.facyt.uc.edu.ve\/web\/#website","url":"https:\/\/www.facyt.uc.edu.ve\/web\/","name":"Facultad Experimental de Ciencias y Tecnolog\u00eda","description":"FaCyT UC","publisher":{"@id":"https:\/\/www.facyt.uc.edu.ve\/web\/#organization"},"alternateName":"FaCyT","potentialAction":[{"@type":"SearchAction","target":{"@type":"EntryPoint","urlTemplate":"https:\/\/www.facyt.uc.edu.ve\/web\/?s={search_term_string}"},"query-input":{"@type":"PropertyValueSpecification","valueRequired":true,"valueName":"search_term_string"}}],"inLanguage":"es"},{"@type":"Organization","@id":"https:\/\/www.facyt.uc.edu.ve\/web\/#organization","name":"Facultad Experimental de Ciencias y Tecnolog\u00eda","url":"https:\/\/www.facyt.uc.edu.ve\/web\/","logo":{"@type":"ImageObject","inLanguage":"es","@id":"https:\/\/www.facyt.uc.edu.ve\/web\/#\/schema\/logo\/image\/","url":"https:\/\/www.facyt.uc.edu.ve\/web\/wp-content\/uploads\/2025\/11\/Logo_de_la_Facultad_Experimental_de_Ciencia_y_Tecnologia-scaled.jpg","contentUrl":"https:\/\/www.facyt.uc.edu.ve\/web\/wp-content\/uploads\/2025\/11\/Logo_de_la_Facultad_Experimental_de_Ciencia_y_Tecnologia-scaled.jpg","width":2560,"height":2560,"caption":"Facultad Experimental de Ciencias y Tecnolog\u00eda"},"image":{"@id":"https:\/\/www.facyt.uc.edu.ve\/web\/#\/schema\/logo\/image\/"},"sameAs":["https:\/\/instagram.com\/facytuc.oficial\/yoast"]}]}},"_links":{"self":[{"href":"https:\/\/www.facyt.uc.edu.ve\/web\/wp-json\/wp\/v2\/pages\/2837","targetHints":{"allow":["GET"]}}],"collection":[{"href":"https:\/\/www.facyt.uc.edu.ve\/web\/wp-json\/wp\/v2\/pages"}],"about":[{"href":"https:\/\/www.facyt.uc.edu.ve\/web\/wp-json\/wp\/v2\/types\/page"}],"author":[{"embeddable":true,"href":"https:\/\/www.facyt.uc.edu.ve\/web\/wp-json\/wp\/v2\/users\/5"}],"replies":[{"embeddable":true,"href":"https:\/\/www.facyt.uc.edu.ve\/web\/wp-json\/wp\/v2\/comments?post=2837"}],"version-history":[{"count":5,"href":"https:\/\/www.facyt.uc.edu.ve\/web\/wp-json\/wp\/v2\/pages\/2837\/revisions"}],"predecessor-version":[{"id":2845,"href":"https:\/\/www.facyt.uc.edu.ve\/web\/wp-json\/wp\/v2\/pages\/2837\/revisions\/2845"}],"up":[{"embeddable":true,"href":"https:\/\/www.facyt.uc.edu.ve\/web\/wp-json\/wp\/v2\/pages\/404"}],"wp:attachment":[{"href":"https:\/\/www.facyt.uc.edu.ve\/web\/wp-json\/wp\/v2\/media?parent=2837"}],"curies":[{"name":"wp","href":"https:\/\/api.w.org\/{rel}","templated":true}]}}