{"id":2825,"date":"2024-05-24T18:08:28","date_gmt":"2024-05-24T22:08:28","guid":{"rendered":"http:\/\/vps1.facyt.uc.edu.ve\/web\/?page_id=2825"},"modified":"2024-06-01T12:38:01","modified_gmt":"2024-06-01T16:38:01","slug":"maestria-en-matematicas-aplicadas","status":"publish","type":"page","link":"https:\/\/www.facyt.uc.edu.ve\/web\/maestria-en-matematicas-aplicadas\/","title":{"rendered":"Maestr\u00eda En Matem\u00e1ticas Aplicadas"},"content":{"rendered":"<div class=\"wpb-content-wrapper\"><p>[vc_row][vc_column][vc_column_text css=\u00bb\u00bb]<\/p>\n<h3 style=\"text-align: center;\"><span style=\"color: #0088cc;\"><strong>PROGRAMA MAESTRIA EN MATEMATICAS APLICADAS<\/strong><\/span><\/h3>\n<p style=\"text-align: justify;\">Contribuir con la capacidad de operar con lenguaje matem\u00e1tico y fortalecer las capacidades de pensar ordenadamente, razonar, argumentar, comunicarse con otros c\u00f3digos, modelar situaciones problem\u00e1ticas, interpretar el lenguaje formal y simb\u00f3lico y resolver problemas.<\/p>\n<h3><strong>MISI\u00d3N<\/strong><\/h3>\n<p style=\"text-align: justify;\">La Maestr\u00eda en Matem\u00e1ticas Aplicadas, formar profesionales altamente calificados para resolver problemas en diversos contextos utilizando t\u00e9cnicas matem\u00e1ticas, fomentando la investigaci\u00f3n y contribuyendo con la sociedad.<\/p>\n<h3><strong>VISI\u00d3N<\/strong><\/h3>\n<p style=\"text-align: justify;\">La Maestr\u00eda en Matem\u00e1ticas Aplicadas de la Universidad de Carabobo, preparar profesionales para aplicar las matem\u00e1ticas a la resoluci\u00f3n de problemas en diversos sectores, con un enfoque en la actualizaci\u00f3n constante, la excelencia acad\u00e9mica y la aplicaci\u00f3n pr\u00e1ctica.<\/p>\n<p>[\/vc_column_text][\/vc_column][\/vc_row][vc_row][vc_column][vc_tta_accordion color=\u00bbsky\u00bb c_align=\u00bbcenter\u00bb active_section=\u00bb1&#8243; title=\u00bbPrograma Maestr\u00eda en Matem\u00e1ticas Aplicadas\u00bb][vc_tta_section title=\u00bbMaestr\u00eda en Matem\u00e1ticas Aplicadas\u00bb tab_id=\u00bb1631222340626-71756ea3-4ea3&#8243;][vc_column_text css=\u00bb\u00bb]<strong>Grado acad\u00e9mico: <\/strong>Magister en Matem\u00e1ticas Aplicadas<\/p>\n<p><strong>L\u00edneas de Investigaci\u00f3n<\/strong>: Estad\u00edstica Computacional e Investigaci\u00f3n Operativa C\u00f3mputo y Visualizaci\u00f3n Cient\u00edfica<\/p>\n<p><strong>Publicado en <\/strong>Gaceta Oficial No. 40.460 de fecha 23-07-2014<\/p>\n<p><strong>Coordinador: <\/strong>Dr. Luis A. RODR\u00cdGUEZ.\u00a0 <a href=\"mailto:larodri@uc.edu.ve\">larodri@uc.edu.ve<\/a><\/p>\n<p><strong>Contacto: <\/strong>Direcci\u00f3n de Postgrado FaCyT-UC<\/p>\n<p><strong>Direcci\u00f3n<\/strong><strong>: <\/strong>Universidad de Carabobo, Facultad Experimental de Ciencias y Tecnolog\u00eda, Ciudad Universitaria- Campus B\u00e1rbula, Adyacente al Arco de B\u00e1rbula, Apartado Postal 2005<\/p>\n<p><strong>Tel\u00e9fono<\/strong><strong>: <\/strong>+58 0412-1639953<\/p>\n<p><strong><em>e-<\/em><\/strong><strong>mail: <\/strong><a href=\"mailto:postgrado.facyt@uc.edu.ve\"><strong>postgrado<\/strong><strong>.facyt@uc.edu.ve<\/strong><\/a><\/p>\n<p><strong>Pa\u00eds<\/strong><strong>: <\/strong>Venezuela &#8211;\u00a0 Valencia, Estado Carabobo[\/vc_column_text][\/vc_tta_section][vc_tta_section title=\u00bbPensum de Estudios\u00bb tab_id=\u00bb1631222340626-c064051e-4222&#8243;][vc_column_text css=\u00bb\u00bb]<\/p>\n<table width=\"599\">\n<tbody>\n<tr>\n<td width=\"92\"><strong>C\u00f3digo<\/strong><\/td>\n<td width=\"190\"><strong>Asignatura<\/strong><\/td>\n<td width=\"39\"><strong>UC<\/strong><\/td>\n<td width=\"39\"><strong>HT<\/strong><\/td>\n<td width=\"38\"><strong>HP<\/strong><\/td>\n<td width=\"62\"><strong>TIPO<\/strong><\/td>\n<td width=\"138\"><strong>Observaci\u00f3n<\/strong><\/td>\n<\/tr>\n<tr>\n<td colspan=\"7\" width=\"599\"><strong>Primer Trimestre<\/strong><\/td>\n<\/tr>\n<tr>\n<td width=\"92\">MMA-101<\/td>\n<td width=\"190\">\u00c1lgebra Lineal y Aplicaciones<\/td>\n<td width=\"39\">4<\/td>\n<td width=\"39\">4<\/td>\n<td width=\"38\">&nbsp;<\/td>\n<td width=\"62\">Te\u00f3rica<\/td>\n<td width=\"138\">Obligatoria<\/td>\n<\/tr>\n<tr>\n<td width=\"92\">MMA-102<\/td>\n<td width=\"190\"><em>Probabilidades y Estad\u00edstica<\/em><\/td>\n<td width=\"39\"><em>4<\/em><\/td>\n<td width=\"39\"><em>4<\/em><\/td>\n<td width=\"38\"><em>\u00a0<\/em><\/td>\n<td width=\"62\"><em>Te\u00f3rica<\/em><\/td>\n<td rowspan=\"3\" width=\"138\"><strong>Debe inscribir\u00a0 una seg\u00fan el \u00e1rea de conocimiento. <\/strong><\/td>\n<\/tr>\n<tr>\n<td width=\"92\">MMA-103<\/td>\n<td width=\"190\"><em>M\u00e9todos Num\u00e9ricos<\/em><\/td>\n<td width=\"39\"><em>4<\/em><\/td>\n<td width=\"39\"><em>4<\/em><\/td>\n<td width=\"38\"><em>\u00a0<\/em><\/td>\n<td width=\"62\"><em>Te\u00f3rica<\/em><\/td>\n<\/tr>\n<tr>\n<td width=\"92\"><em>MMA-104<\/em><\/td>\n<td width=\"190\"><em>Programaci\u00f3n Lineal<\/em><\/td>\n<td width=\"39\"><em>4<\/em><\/td>\n<td width=\"39\"><em>4<\/em><\/td>\n<td width=\"38\"><em>\u00a0<\/em><\/td>\n<td width=\"62\"><em>Te\u00f3rica<\/em><\/td>\n<\/tr>\n<tr>\n<td width=\"92\"><strong>Subtotal UC<\/strong><\/td>\n<td colspan=\"6\" width=\"507\">El trimestre suma un total de <strong>ocho (08)<\/strong> unidades cr\u00e9dito<\/td>\n<\/tr>\n<tr>\n<td colspan=\"7\" width=\"599\"><strong>Segundo Trimestre<\/strong><\/td>\n<\/tr>\n<tr>\n<td width=\"92\">Ver Obs.<\/td>\n<td width=\"190\">Electiva I<\/td>\n<td width=\"39\">4<\/td>\n<td width=\"39\">4<\/td>\n<td width=\"38\">&nbsp;<\/td>\n<td width=\"62\">Te\u00f3rica<\/td>\n<td width=\"138\">Ver Obs.<\/td>\n<\/tr>\n<tr>\n<td width=\"92\">Ver Obs.<\/td>\n<td width=\"190\">Electiva II<\/td>\n<td width=\"39\">4<\/td>\n<td width=\"39\">4<\/td>\n<td width=\"38\">&nbsp;<\/td>\n<td width=\"62\">Te\u00f3rica<\/td>\n<td width=\"138\">Ver Obs.<\/td>\n<\/tr>\n<tr>\n<td width=\"92\"><strong>Subtotal UC<\/strong><\/td>\n<td colspan=\"6\" width=\"507\">El trimestre suma un total de <strong>ocho (08)<\/strong> unidades cr\u00e9dito<\/td>\n<\/tr>\n<tr>\n<td colspan=\"7\" width=\"599\"><strong>Tercer Trimestre<\/strong><\/td>\n<\/tr>\n<tr>\n<td width=\"92\">MMA-301<\/td>\n<td width=\"190\">Seminario de Modelado Matem\u00e1tico<\/td>\n<td width=\"39\">3<\/td>\n<td width=\"39\">4<\/td>\n<td width=\"38\">&nbsp;<\/td>\n<td width=\"62\">Te\u00f3rica<\/td>\n<td width=\"138\">&nbsp;<\/td>\n<\/tr>\n<tr>\n<td width=\"92\">MMA-302<\/td>\n<td width=\"190\">Seminario I<\/td>\n<td width=\"39\">2<\/td>\n<td width=\"39\">2<\/td>\n<td width=\"38\">&nbsp;<\/td>\n<td width=\"62\">Te\u00f3rica<\/td>\n<td width=\"138\">No posee<\/td>\n<\/tr>\n<tr>\n<td width=\"92\"><strong>Subtotal UC<\/strong><\/td>\n<td colspan=\"6\" width=\"507\">El trimestre suma un total de <strong>cinco (05)<\/strong> unidades cr\u00e9dito<\/td>\n<\/tr>\n<tr>\n<td colspan=\"7\" width=\"599\"><strong>Cuarto Trimestre<\/strong><\/td>\n<\/tr>\n<tr>\n<td width=\"92\">MMA-401<\/td>\n<td width=\"190\">Seminario II<\/td>\n<td width=\"39\">2<\/td>\n<td width=\"39\">2<\/td>\n<td width=\"38\">&nbsp;<\/td>\n<td width=\"62\">Te\u00f3rica<\/td>\n<td width=\"138\">MMA-302<\/td>\n<\/tr>\n<tr>\n<td width=\"92\">MMA-402<\/td>\n<td width=\"190\">Modelos Gerenciales<\/td>\n<td width=\"39\">3<\/td>\n<td width=\"39\">3<\/td>\n<td width=\"38\">&nbsp;<\/td>\n<td width=\"62\">Te\u00f3rica<\/td>\n<td width=\"138\">No posee<\/td>\n<\/tr>\n<tr>\n<td width=\"92\"><strong>Subtotal UC<\/strong><\/td>\n<td colspan=\"6\" width=\"507\">El trimestre suma un total de <strong>cinco (05)<\/strong> unidades cr\u00e9dito<\/td>\n<\/tr>\n<tr>\n<td colspan=\"7\" width=\"599\"><strong>Quinto Trimestre <\/strong><\/td>\n<\/tr>\n<tr>\n<td width=\"92\">MMA-501<\/td>\n<td width=\"190\">Trabajo de Grado I<\/td>\n<td width=\"39\">3<\/td>\n<td width=\"39\">&#8211;<\/td>\n<td width=\"38\">&nbsp;<\/td>\n<td width=\"62\">&#8211;<\/td>\n<td width=\"138\">MMA-401<\/td>\n<\/tr>\n<tr>\n<td width=\"92\"><strong>Subtotal UC<\/strong><\/td>\n<td colspan=\"6\" width=\"507\">El trimestre suma un total de <strong>tres (03)<\/strong> unidades cr\u00e9dito<\/td>\n<\/tr>\n<tr>\n<td width=\"92\">&nbsp;<\/td>\n<td width=\"190\">&nbsp;<\/td>\n<td width=\"39\">&nbsp;<\/td>\n<td width=\"39\">&nbsp;<\/td>\n<td width=\"38\">&nbsp;<\/td>\n<td width=\"62\">&nbsp;<\/td>\n<td width=\"138\">&nbsp;<\/td>\n<\/tr>\n<tr>\n<td width=\"92\"><strong>\u00a0<\/strong><\/td>\n<td colspan=\"6\" width=\"507\"><strong>\u00a0\u00a0\u00a0\u00a0\u00a0\u00a0\u00a0\u00a0\u00a0\u00a0\u00a0\u00a0\u00a0\u00a0\u00a0\u00a0\u00a0\u00a0\u00a0\u00a0\u00a0\u00a0\u00a0\u00a0\u00a0\u00a0\u00a0\u00a0\u00a0\u00a0\u00a0\u00a0\u00a0\u00a0\u00a0\u00a0\u00a0\u00a0\u00a0\u00a0\u00a0\u00a0\u00a0\u00a0\u00a0\u00a0\u00a0\u00a0\u00a0\u00a0\u00a0\u00a0 Sexto Trimestre<\/strong><\/td>\n<\/tr>\n<tr>\n<td width=\"92\">MMA-601<\/td>\n<td colspan=\"6\" width=\"507\">Trabajo de Grado II<\/td>\n<\/tr>\n<tr>\n<td width=\"92\"><strong>\u00a0<\/strong><\/td>\n<td colspan=\"6\" width=\"507\">El trimestre suma un total de <strong>tres (03)<\/strong> unidades cr\u00e9dito<\/td>\n<\/tr>\n<tr>\n<td width=\"92\"><strong>Total de UC<\/strong><\/td>\n<td colspan=\"6\" width=\"507\">El programa tendr\u00e1 un total de <strong>treinta y dos (32)<\/strong> unidades cr\u00e9dito<\/td>\n<\/tr>\n<\/tbody>\n<\/table>\n<p>[\/vc_column_text][\/vc_tta_section][vc_tta_section title=\u00bbAsignaturas Electivas Propuestas\u00bb tab_id=\u00bb1631222632628-d4d2e5a6-eae6&#8243;][vc_column_text css=\u00bb\u00bb]<\/p>\n<table>\n<tbody>\n<tr>\n<td colspan=\"3\" width=\"576\"><strong>ASIGNATURAS ELECTIVAS PROPUESTAS<\/strong><\/td>\n<\/tr>\n<tr>\n<td rowspan=\"27\" width=\"51\">\n<p>&nbsp;<\/p>\n<p><strong>\u00a0<\/strong><\/p>\n<p><strong>\u00a0<\/strong><\/p>\n<p><strong>\u00a0<\/strong><\/p>\n<p><strong>\u00a0<\/strong><\/p>\n<p><strong>\u00a0<\/strong><\/p>\n<p><strong>\u00a0<\/strong><\/p>\n<p><strong>\u00a0<\/strong><\/p>\n<p><strong>E<\/strong><\/p>\n<p><strong>L<\/strong><\/p>\n<p><strong>E<\/strong><\/p>\n<p><strong>C<\/strong><\/p>\n<p><strong>T<\/strong><\/p>\n<p><strong>I<\/strong><\/p>\n<p><strong>V<\/strong><\/p>\n<p><strong>A<\/strong><\/p>\n<p><strong>S<\/strong><\/p>\n<p>&nbsp;<\/td>\n<td width=\"450\">Ecuaciones Diferenciales Estoc\u00e1sticas Aplicadas<\/td>\n<td width=\"76\">MMAE01<\/td>\n<\/tr>\n<tr>\n<td width=\"450\">Series Temporales<\/td>\n<td width=\"76\">MMAE02<\/td>\n<\/tr>\n<tr>\n<td width=\"450\">Simulaci\u00f3n Num\u00e9rica de Variable Aleatorias y Procesos Estoc\u00e1sticos<\/td>\n<td width=\"76\">MMAE03<\/td>\n<\/tr>\n<tr>\n<td width=\"450\">Soluci\u00f3n num\u00e9rica de ecuaciones no-lineales<\/td>\n<td width=\"76\">MMAE04<\/td>\n<\/tr>\n<tr>\n<td width=\"450\">T\u00f3picos especiales en teor\u00eda de conjuntos<\/td>\n<td width=\"76\">MMAE05<\/td>\n<\/tr>\n<tr>\n<td width=\"450\">Ultrafiltros y sus aplicaciones<\/td>\n<td width=\"76\">MMAE06<\/td>\n<\/tr>\n<tr>\n<td width=\"450\">Algebra lineal num\u00e9rica<\/td>\n<td width=\"76\">MMAE07<\/td>\n<\/tr>\n<tr>\n<td width=\"450\">Metaheur\u00edsticos<\/td>\n<td width=\"76\">MMAE08<\/td>\n<\/tr>\n<tr>\n<td width=\"450\">Aprendizaje Estad\u00edstico<\/td>\n<td width=\"76\">MMAE09<\/td>\n<\/tr>\n<tr>\n<td width=\"450\">T\u00f3picos de An\u00e1lisis Num\u00e9rico<\/td>\n<td width=\"76\">MMAE10<\/td>\n<\/tr>\n<tr>\n<td width=\"450\">Ecuaciones Diferenciales Estoc\u00e1sticas<\/td>\n<td width=\"76\">MMAE11<\/td>\n<\/tr>\n<tr>\n<td width=\"450\">Series Temporales Financieras<\/td>\n<td width=\"76\">MMAE12<\/td>\n<\/tr>\n<tr>\n<td width=\"450\">Funciones de Matrices<\/td>\n<td width=\"76\">MMAE13<\/td>\n<\/tr>\n<tr>\n<td width=\"450\">Soluci\u00f3n Num\u00e9rica de ODEs<\/td>\n<td width=\"76\">MMAE14<\/td>\n<\/tr>\n<tr>\n<td width=\"450\">Modelos Cuantitativos<\/td>\n<td width=\"76\">MMAE15<\/td>\n<\/tr>\n<tr>\n<td width=\"450\">Teor\u00eda de Colas<\/td>\n<td width=\"76\">MMAE16<\/td>\n<\/tr>\n<tr>\n<td width=\"450\">M\u00e9todos Matem\u00e1ticos de la F\u00edsica Te\u00f3rica<\/td>\n<td width=\"76\">MMAE17<\/td>\n<\/tr>\n<tr>\n<td width=\"450\">T\u00f3picos de Estad\u00edstica<\/td>\n<td width=\"76\">MMAE18<\/td>\n<\/tr>\n<tr>\n<td width=\"450\">An\u00e1lisis de Datos Multivariantes<\/td>\n<td width=\"76\">MMAE19<\/td>\n<\/tr>\n<tr>\n<td width=\"450\">T\u00e9cnicas de Asimilaci\u00f3n de Datos<\/td>\n<td width=\"76\">MMAE20<\/td>\n<\/tr>\n<tr>\n<td width=\"450\">Modelos Deformables<\/td>\n<td width=\"76\">MMAE21<\/td>\n<\/tr>\n<tr>\n<td width=\"450\">Optimizaci\u00f3n Num\u00e9rica<\/td>\n<td width=\"76\">MMAE22<\/td>\n<\/tr>\n<tr>\n<td width=\"450\">Optimizaci\u00f3n Combinatoria<\/td>\n<td width=\"76\">MMAE23<\/td>\n<\/tr>\n<tr>\n<td width=\"450\">Modelado Matem\u00e1tico<\/td>\n<td width=\"76\">MMAE24<\/td>\n<\/tr>\n<tr>\n<td width=\"450\">Programaci\u00f3n Lineal Entera<\/td>\n<td width=\"76\">MMAE25<\/td>\n<\/tr>\n<tr>\n<td width=\"450\">Programaci\u00f3n Polar<\/td>\n<td width=\"76\">MMAE26<\/td>\n<\/tr>\n<tr>\n<td width=\"450\">Estad\u00edstica Bayesiana<\/td>\n<td width=\"76\">MMAE27<\/td>\n<\/tr>\n<\/tbody>\n<\/table>\n<p>[\/vc_column_text][\/vc_tta_section][vc_tta_section title=\u00bbListado de Trabajo Especial de Grado\u00bb tab_id=\u00bb1631222759798-1c74a49f-3220&#8243;][vc_column_text css=\u00bb\u00bb]<\/p>\n<table border=\"1\" width=\"528\">\n<tbody>\n<tr>\n<td width=\"424\"><strong>TRABAJOS DE GRADO<\/strong><\/td>\n<td width=\"104\"><strong>A\u00d1O<\/strong><\/td>\n<\/tr>\n<tr>\n<td width=\"424\">Din\u00e1mica de una Familia Uniparam\u00e9trica de Tercer Orden para resolver Ecuaciones No Lineales Con Ra\u00edces Simples y\/o M\u00faltiples<\/td>\n<td width=\"104\">2017<\/td>\n<\/tr>\n<tr>\n<td width=\"424\">Estudio Din\u00e1mico de M\u00e9todos de Tres Puntos Opt\u00edmales para la Resoluci\u00f3n de Ecuaciones No Lineales con Ra\u00edces Simples<\/td>\n<td width=\"104\">2017<\/td>\n<\/tr>\n<tr>\n<td width=\"424\">Una interpretaci\u00f3n geom\u00e9trica del algoritmo de Levison a valores operadores<\/td>\n<td width=\"104\">2017<\/td>\n<\/tr>\n<tr>\n<td width=\"424\">Aproximaciones de las soluciones de una ecuaci\u00f3n diferencial estoc\u00e1stica utilizando filtros bayesianos param\u00e9tricos y no param\u00e9tricos<\/td>\n<td width=\"104\">2017<\/td>\n<\/tr>\n<tr>\n<td width=\"424\">Un estudio de la Familia A para resolver ecuaciones no lineales basado en la Din\u00e1mica<\/td>\n<td width=\"104\">2017<\/td>\n<\/tr>\n<tr>\n<td width=\"424\">Sobre una Familia de M\u00e9todos para resolver Ecuaciones No Lineales, basada en el promedio de dos M\u00e9todos Del Tipo Newton-Halley<\/td>\n<td width=\"104\">2017<\/td>\n<\/tr>\n<tr>\n<td width=\"424\">Un modelo SIR-network con r\u00e9gimen de Markov oculto para simular la din\u00e1mica de una enfermedad infecciosa<\/td>\n<td width=\"104\">2017<\/td>\n<\/tr>\n<tr>\n<td width=\"424\">Propiedades de los Espacios S y L<\/td>\n<td width=\"104\">2017<\/td>\n<\/tr>\n<tr>\n<td width=\"424\">Evaluar la Efectividad de Gr\u00e1ficos de Control Multivariados en Procesos Autocorrelacionados y Procesos No Normales<\/td>\n<td width=\"104\">2018<\/td>\n<\/tr>\n<tr>\n<td width=\"424\">Dise\u00f1o de una clase de m\u00e9todos de tres puntos para resolver ecuaciones no lineales con ra\u00edces m\u00faltiples<\/td>\n<td width=\"104\">2018<\/td>\n<\/tr>\n<tr>\n<td width=\"424\">Construcci\u00f3n y an\u00e1lisis de un m\u00e9todo de tres puntos para resolver sistemas de ecuaciones no lineales<\/td>\n<td width=\"104\">2019<\/td>\n<\/tr>\n<tr>\n<td width=\"424\">Resoluci\u00f3n de una ecuaci\u00f3n en derivadas parciales semilineal de tercer orden usando m\u00e9todos num\u00e9ricos<\/td>\n<td width=\"104\">2023<\/td>\n<\/tr>\n<tr>\n<td width=\"424\">Estudio y simulaci\u00f3n de la ecuaci\u00f3n de calor estoc\u00e1stica con ruido aditivo<\/td>\n<td width=\"104\">2024<\/td>\n<\/tr>\n<\/tbody>\n<\/table>\n<p>[\/vc_column_text][\/vc_tta_section][\/vc_tta_accordion][\/vc_column][\/vc_row][vc_row][vc_column][vc_single_image image=\u00bb2853&#8243; img_size=\u00bbfull\u00bb alignment=\u00bbcenter\u00bb css=\u00bb\u00bb][\/vc_column][\/vc_row]<\/p>\n<\/div>","protected":false},"excerpt":{"rendered":"<p>[vc_row][vc_column][vc_column_text css=\u00bb\u00bb] PROGRAMA MAESTRIA EN MATEMATICAS APLICADAS Contribuir con la capacidad de operar con lenguaje matem\u00e1tico y fortalecer las capacidades de pensar ordenadamente, razonar, argumentar, comunicarse con otros c\u00f3digos, modelar situaciones problem\u00e1ticas, interpretar el lenguaje formal y simb\u00f3lico y resolver problemas. MISI\u00d3N La Maestr\u00eda en Matem\u00e1ticas Aplicadas, formar profesionales altamente calificados para resolver problemas en&hellip;<\/p>\n","protected":false},"author":5,"featured_media":0,"parent":0,"menu_order":0,"comment_status":"closed","ping_status":"closed","template":"","meta":{"footnotes":""},"class_list":["post-2825","page","type-page","status-publish","hentry"],"yoast_head":"<!-- This site is optimized with the Yoast SEO plugin v27.1.1 - https:\/\/yoast.com\/product\/yoast-seo-wordpress\/ -->\n<title>Maestr\u00eda En Matem\u00e1ticas Aplicadas - Facultad Experimental de Ciencias y Tecnolog\u00eda<\/title>\n<meta name=\"robots\" content=\"index, follow, max-snippet:-1, max-image-preview:large, max-video-preview:-1\" \/>\n<link rel=\"canonical\" href=\"https:\/\/www.facyt.uc.edu.ve\/web\/maestria-en-matematicas-aplicadas\/\" \/>\n<meta property=\"og:locale\" content=\"es_ES\" \/>\n<meta property=\"og:type\" content=\"article\" \/>\n<meta property=\"og:title\" content=\"Maestr\u00eda En Matem\u00e1ticas Aplicadas - Facultad Experimental de Ciencias y Tecnolog\u00eda\" \/>\n<meta property=\"og:description\" content=\"[vc_row][vc_column][vc_column_text css=\u00bb\u00bb] PROGRAMA MAESTRIA EN MATEMATICAS APLICADAS Contribuir con la capacidad de operar con lenguaje matem\u00e1tico y fortalecer las capacidades de pensar ordenadamente, razonar, argumentar, comunicarse con otros c\u00f3digos, modelar situaciones problem\u00e1ticas, interpretar el lenguaje formal y simb\u00f3lico y resolver problemas. MISI\u00d3N La Maestr\u00eda en Matem\u00e1ticas Aplicadas, formar profesionales altamente calificados para resolver problemas en&hellip;\" \/>\n<meta property=\"og:url\" content=\"https:\/\/www.facyt.uc.edu.ve\/web\/maestria-en-matematicas-aplicadas\/\" \/>\n<meta property=\"og:site_name\" content=\"Facultad Experimental de Ciencias y Tecnolog\u00eda\" \/>\n<meta property=\"article:modified_time\" content=\"2024-06-01T16:38:01+00:00\" \/>\n<meta name=\"twitter:card\" content=\"summary_large_image\" \/>\n<meta name=\"twitter:label1\" content=\"Tiempo estimado de lectura\" \/>\n\t<meta name=\"twitter:data1\" content=\"5 minutos\" \/>\n<script type=\"application\/ld+json\" class=\"yoast-schema-graph\">{\"@context\":\"https:\/\/schema.org\",\"@graph\":[{\"@type\":\"WebPage\",\"@id\":\"https:\/\/www.facyt.uc.edu.ve\/web\/maestria-en-matematicas-aplicadas\/\",\"url\":\"https:\/\/www.facyt.uc.edu.ve\/web\/maestria-en-matematicas-aplicadas\/\",\"name\":\"Maestr\u00eda En Matem\u00e1ticas Aplicadas - Facultad Experimental de Ciencias y Tecnolog\u00eda\",\"isPartOf\":{\"@id\":\"https:\/\/www.facyt.uc.edu.ve\/web\/#website\"},\"datePublished\":\"2024-05-24T22:08:28+00:00\",\"dateModified\":\"2024-06-01T16:38:01+00:00\",\"breadcrumb\":{\"@id\":\"https:\/\/www.facyt.uc.edu.ve\/web\/maestria-en-matematicas-aplicadas\/#breadcrumb\"},\"inLanguage\":\"es\",\"potentialAction\":[{\"@type\":\"ReadAction\",\"target\":[\"https:\/\/www.facyt.uc.edu.ve\/web\/maestria-en-matematicas-aplicadas\/\"]}]},{\"@type\":\"BreadcrumbList\",\"@id\":\"https:\/\/www.facyt.uc.edu.ve\/web\/maestria-en-matematicas-aplicadas\/#breadcrumb\",\"itemListElement\":[{\"@type\":\"ListItem\",\"position\":1,\"name\":\"Portada\",\"item\":\"https:\/\/www.facyt.uc.edu.ve\/web\/\"},{\"@type\":\"ListItem\",\"position\":2,\"name\":\"Maestr\u00eda En Matem\u00e1ticas Aplicadas\"}]},{\"@type\":\"WebSite\",\"@id\":\"https:\/\/www.facyt.uc.edu.ve\/web\/#website\",\"url\":\"https:\/\/www.facyt.uc.edu.ve\/web\/\",\"name\":\"Facultad Experimental de Ciencias y Tecnolog\u00eda\",\"description\":\"FaCyT UC\",\"publisher\":{\"@id\":\"https:\/\/www.facyt.uc.edu.ve\/web\/#organization\"},\"alternateName\":\"FaCyT\",\"potentialAction\":[{\"@type\":\"SearchAction\",\"target\":{\"@type\":\"EntryPoint\",\"urlTemplate\":\"https:\/\/www.facyt.uc.edu.ve\/web\/?s={search_term_string}\"},\"query-input\":{\"@type\":\"PropertyValueSpecification\",\"valueRequired\":true,\"valueName\":\"search_term_string\"}}],\"inLanguage\":\"es\"},{\"@type\":\"Organization\",\"@id\":\"https:\/\/www.facyt.uc.edu.ve\/web\/#organization\",\"name\":\"Facultad Experimental de Ciencias y Tecnolog\u00eda\",\"url\":\"https:\/\/www.facyt.uc.edu.ve\/web\/\",\"logo\":{\"@type\":\"ImageObject\",\"inLanguage\":\"es\",\"@id\":\"https:\/\/www.facyt.uc.edu.ve\/web\/#\/schema\/logo\/image\/\",\"url\":\"https:\/\/www.facyt.uc.edu.ve\/web\/wp-content\/uploads\/2025\/11\/Logo_de_la_Facultad_Experimental_de_Ciencia_y_Tecnologia-scaled.jpg\",\"contentUrl\":\"https:\/\/www.facyt.uc.edu.ve\/web\/wp-content\/uploads\/2025\/11\/Logo_de_la_Facultad_Experimental_de_Ciencia_y_Tecnologia-scaled.jpg\",\"width\":2560,\"height\":2560,\"caption\":\"Facultad Experimental de Ciencias y Tecnolog\u00eda\"},\"image\":{\"@id\":\"https:\/\/www.facyt.uc.edu.ve\/web\/#\/schema\/logo\/image\/\"},\"sameAs\":[\"https:\/\/instagram.com\/facytuc.oficial\/yoast\"]}]}<\/script>\n<!-- \/ Yoast SEO plugin. -->","yoast_head_json":{"title":"Maestr\u00eda En Matem\u00e1ticas Aplicadas - Facultad Experimental de Ciencias y Tecnolog\u00eda","robots":{"index":"index","follow":"follow","max-snippet":"max-snippet:-1","max-image-preview":"max-image-preview:large","max-video-preview":"max-video-preview:-1"},"canonical":"https:\/\/www.facyt.uc.edu.ve\/web\/maestria-en-matematicas-aplicadas\/","og_locale":"es_ES","og_type":"article","og_title":"Maestr\u00eda En Matem\u00e1ticas Aplicadas - Facultad Experimental de Ciencias y Tecnolog\u00eda","og_description":"[vc_row][vc_column][vc_column_text css=\u00bb\u00bb] PROGRAMA MAESTRIA EN MATEMATICAS APLICADAS Contribuir con la capacidad de operar con lenguaje matem\u00e1tico y fortalecer las capacidades de pensar ordenadamente, razonar, argumentar, comunicarse con otros c\u00f3digos, modelar situaciones problem\u00e1ticas, interpretar el lenguaje formal y simb\u00f3lico y resolver problemas. MISI\u00d3N La Maestr\u00eda en Matem\u00e1ticas Aplicadas, formar profesionales altamente calificados para resolver problemas en&hellip;","og_url":"https:\/\/www.facyt.uc.edu.ve\/web\/maestria-en-matematicas-aplicadas\/","og_site_name":"Facultad Experimental de Ciencias y Tecnolog\u00eda","article_modified_time":"2024-06-01T16:38:01+00:00","twitter_card":"summary_large_image","twitter_misc":{"Tiempo estimado de lectura":"5 minutos"},"schema":{"@context":"https:\/\/schema.org","@graph":[{"@type":"WebPage","@id":"https:\/\/www.facyt.uc.edu.ve\/web\/maestria-en-matematicas-aplicadas\/","url":"https:\/\/www.facyt.uc.edu.ve\/web\/maestria-en-matematicas-aplicadas\/","name":"Maestr\u00eda En Matem\u00e1ticas Aplicadas - Facultad Experimental de Ciencias y Tecnolog\u00eda","isPartOf":{"@id":"https:\/\/www.facyt.uc.edu.ve\/web\/#website"},"datePublished":"2024-05-24T22:08:28+00:00","dateModified":"2024-06-01T16:38:01+00:00","breadcrumb":{"@id":"https:\/\/www.facyt.uc.edu.ve\/web\/maestria-en-matematicas-aplicadas\/#breadcrumb"},"inLanguage":"es","potentialAction":[{"@type":"ReadAction","target":["https:\/\/www.facyt.uc.edu.ve\/web\/maestria-en-matematicas-aplicadas\/"]}]},{"@type":"BreadcrumbList","@id":"https:\/\/www.facyt.uc.edu.ve\/web\/maestria-en-matematicas-aplicadas\/#breadcrumb","itemListElement":[{"@type":"ListItem","position":1,"name":"Portada","item":"https:\/\/www.facyt.uc.edu.ve\/web\/"},{"@type":"ListItem","position":2,"name":"Maestr\u00eda En Matem\u00e1ticas Aplicadas"}]},{"@type":"WebSite","@id":"https:\/\/www.facyt.uc.edu.ve\/web\/#website","url":"https:\/\/www.facyt.uc.edu.ve\/web\/","name":"Facultad Experimental de Ciencias y Tecnolog\u00eda","description":"FaCyT UC","publisher":{"@id":"https:\/\/www.facyt.uc.edu.ve\/web\/#organization"},"alternateName":"FaCyT","potentialAction":[{"@type":"SearchAction","target":{"@type":"EntryPoint","urlTemplate":"https:\/\/www.facyt.uc.edu.ve\/web\/?s={search_term_string}"},"query-input":{"@type":"PropertyValueSpecification","valueRequired":true,"valueName":"search_term_string"}}],"inLanguage":"es"},{"@type":"Organization","@id":"https:\/\/www.facyt.uc.edu.ve\/web\/#organization","name":"Facultad Experimental de Ciencias y Tecnolog\u00eda","url":"https:\/\/www.facyt.uc.edu.ve\/web\/","logo":{"@type":"ImageObject","inLanguage":"es","@id":"https:\/\/www.facyt.uc.edu.ve\/web\/#\/schema\/logo\/image\/","url":"https:\/\/www.facyt.uc.edu.ve\/web\/wp-content\/uploads\/2025\/11\/Logo_de_la_Facultad_Experimental_de_Ciencia_y_Tecnologia-scaled.jpg","contentUrl":"https:\/\/www.facyt.uc.edu.ve\/web\/wp-content\/uploads\/2025\/11\/Logo_de_la_Facultad_Experimental_de_Ciencia_y_Tecnologia-scaled.jpg","width":2560,"height":2560,"caption":"Facultad Experimental de Ciencias y Tecnolog\u00eda"},"image":{"@id":"https:\/\/www.facyt.uc.edu.ve\/web\/#\/schema\/logo\/image\/"},"sameAs":["https:\/\/instagram.com\/facytuc.oficial\/yoast"]}]}},"_links":{"self":[{"href":"https:\/\/www.facyt.uc.edu.ve\/web\/wp-json\/wp\/v2\/pages\/2825","targetHints":{"allow":["GET"]}}],"collection":[{"href":"https:\/\/www.facyt.uc.edu.ve\/web\/wp-json\/wp\/v2\/pages"}],"about":[{"href":"https:\/\/www.facyt.uc.edu.ve\/web\/wp-json\/wp\/v2\/types\/page"}],"author":[{"embeddable":true,"href":"https:\/\/www.facyt.uc.edu.ve\/web\/wp-json\/wp\/v2\/users\/5"}],"replies":[{"embeddable":true,"href":"https:\/\/www.facyt.uc.edu.ve\/web\/wp-json\/wp\/v2\/comments?post=2825"}],"version-history":[{"count":5,"href":"https:\/\/www.facyt.uc.edu.ve\/web\/wp-json\/wp\/v2\/pages\/2825\/revisions"}],"predecessor-version":[{"id":2857,"href":"https:\/\/www.facyt.uc.edu.ve\/web\/wp-json\/wp\/v2\/pages\/2825\/revisions\/2857"}],"wp:attachment":[{"href":"https:\/\/www.facyt.uc.edu.ve\/web\/wp-json\/wp\/v2\/media?parent=2825"}],"curies":[{"name":"wp","href":"https:\/\/api.w.org\/{rel}","templated":true}]}}