{"id":2821,"date":"2024-05-24T17:34:04","date_gmt":"2024-05-24T21:34:04","guid":{"rendered":"http:\/\/vps1.facyt.uc.edu.ve\/web\/?page_id=2821"},"modified":"2024-06-01T12:38:56","modified_gmt":"2024-06-01T16:38:56","slug":"especializacion-desarrollo-de-software","status":"publish","type":"page","link":"https:\/\/www.facyt.uc.edu.ve\/web\/especializacion-desarrollo-de-software\/","title":{"rendered":"Especializaci\u00f3n Desarrollo de Software"},"content":{"rendered":"<div class=\"wpb-content-wrapper\"><p>[vc_row][vc_column][vc_column_text css=\u00bb\u00bb]<\/p>\n<h3 style=\"text-align: center;\"><span style=\"color: #0088cc;\"><strong>PROGRAMA ESPECIALIZACION EN DESARROLLO DE SOFTWARE<\/strong><\/span><\/h3>\n<p style=\"text-align: justify;\">Contribuir a la formaci\u00f3n de personal calificado para el desempe\u00f1o en actividades relacionadas con el Desarrollo de Software utilizando m\u00e9todos, t\u00e9cnicas y herramientas que faciliten la sistematizaci\u00f3n de la producci\u00f3n del software.<\/p>\n<h3><strong>MISI\u00d3N<\/strong><\/h3>\n<p style=\"text-align: justify;\">La Especializaci\u00f3n en Ingenier\u00eda de Software de la Universidad de Carabobo tiene como objetivo formar desarrolladores de software altamente competentes y apegados a est\u00e1ndares de calidad y principios \u00e9ticos. El programa enfatiza la investigaci\u00f3n, el desarrollo y la innovaci\u00f3n (I+D) como herramientas para el ejercicio profesional y contribuye a la independencia tecnol\u00f3gica. Los graduados ser\u00e1n estudiantes proactivos, autodirigidos, visionarios y comprometidos con el cambio social.<\/p>\n<h3><strong>VISI\u00d3N<\/strong><\/h3>\n<p style=\"text-align: justify;\">El Programa de Especializaci\u00f3n en Desarrollo de Software pretende la formaci\u00f3n de profesionales en desarrollo de software de alta calidad. El programa se enfoca en actualizar a los egresados \u200b\u200ben el uso de tecnolog\u00edas de punta que les permitan apoyar el an\u00e1lisis, dise\u00f1o e implementaci\u00f3n de aplicaciones y gesti\u00f3n de proyectos de software, utilizando la I+D (Investigaci\u00f3n, Desarrollo e Innovaci\u00f3n) como herramientas para su ejercicio profesional<\/p>\n<p>[\/vc_column_text][\/vc_column][\/vc_row][vc_row][vc_column][vc_tta_accordion color=\u00bbsky\u00bb c_align=\u00bbcenter\u00bb active_section=\u00bb1&#8243; title=\u00bbPrograma Especializaci\u00f3n en Desarrollo de Software\u00bb][vc_tta_section title=\u00bbEspecializaci\u00f3n en Desarrollo de Software\u00bb tab_id=\u00bb1631222340626-71756ea3-4ea3&#8243;][vc_column_text css=\u00bb\u00bb]<strong>Grado acad\u00e9mico: <\/strong>Especialista en desarrollo de software<\/p>\n<p><strong>L\u00edneas de Investigaci\u00f3n<\/strong>: Ingenier\u00eda de Software y Sistemas de Informaci\u00f3n,\u00a0 Multimedia e Interacci\u00f3n Humano-Computador,\u00a0 E-learning,\u00a0 Base de Datos, Bioingenier\u00eda.<\/p>\n<p><strong>Publicado en <\/strong>Gaceta Oficial No. 40048 de fecha 12-11-2012<\/p>\n<p><strong>Coordinadora: <\/strong>Dra. Dinarle ORTEGA.\u00a0 <a href=\"mailto:dortega@uc.edu.ve\">dortega@uc.edu.ve<\/a><\/p>\n<p><strong>Contacto: <\/strong>Direcci\u00f3n de Postgrado FaCyT-UC<\/p>\n<p><strong>Direcci\u00f3n<\/strong><strong>: <\/strong>Universidad de Carabobo, Facultad Experimental de Ciencias y Tecnolog\u00eda, Ciudad Universitaria- Campus B\u00e1rbula, Adyacente al Arco de B\u00e1rbula, Apartado Postal 2005<\/p>\n<p><strong>Tel\u00e9fono<\/strong><strong>: <\/strong>+58 0412-1639953<\/p>\n<p><strong><em>e-<\/em><\/strong><strong>mail: <\/strong><a href=\"mailto:postgrado.facyt@uc.edu.ve\"><strong>postgrado<\/strong><strong>.facyt@uc.edu.ve<\/strong><\/a><\/p>\n<p><strong>Pa\u00eds<\/strong><strong>: <\/strong>Venezuela &#8211;\u00a0 Valencia, Estado Carabobo[\/vc_column_text][\/vc_tta_section][vc_tta_section title=\u00bbPlan de Estudio\u00bb tab_id=\u00bb1631222340626-c064051e-4222&#8243;][vc_column_text css=\u00bb\u00bb]<\/p>\n<table width=\"86%\">\n<tbody>\n<tr>\n<td width=\"14%\"><strong>C\u00f3digo<\/strong><\/td>\n<td width=\"43%\"><strong>Asignatura<\/strong><\/td>\n<td width=\"4%\"><strong>UC<\/strong><\/td>\n<td width=\"3%\"><strong>T<\/strong><\/td>\n<td width=\"3%\"><strong>P<\/strong><\/td>\n<td width=\"4%\"><strong>HT<\/strong><\/td>\n<td width=\"28%\"><strong>Prelaciones<\/strong><\/td>\n<\/tr>\n<tr>\n<td width=\"14%\"><\/td>\n<td width=\"43%\"><strong>Primer Trimestre<\/strong><\/td>\n<td colspan=\"5\" width=\"42%\"><\/td>\n<\/tr>\n<tr>\n<td width=\"14%\">EDS-101<\/td>\n<td width=\"43%\">Ingenier\u00eda de Software<\/td>\n<td width=\"4%\">3<\/td>\n<td width=\"3%\">2<\/td>\n<td width=\"3%\">2<\/td>\n<td width=\"4%\">4<\/td>\n<td rowspan=\"2\" width=\"28%\">\n<p>&nbsp;<\/p>\n<p>Ninguna<\/td>\n<\/tr>\n<tr>\n<td width=\"14%\">EDS-102<\/td>\n<td width=\"43%\">Procesos de Desarrollo de Software<\/td>\n<td width=\"4%\">3<\/td>\n<td width=\"3%\">2<\/td>\n<td width=\"3%\">2<\/td>\n<td width=\"4%\">4<\/td>\n<\/tr>\n<tr>\n<td width=\"14%\"><\/td>\n<td width=\"43%\"><strong>Segundo Trimestre<\/strong><\/td>\n<td colspan=\"5\" width=\"42%\"><\/td>\n<\/tr>\n<tr>\n<td width=\"14%\">EDS-201<\/td>\n<td width=\"43%\">Arquitectura del Software<\/td>\n<td width=\"4%\">3<\/td>\n<td width=\"3%\">2<\/td>\n<td width=\"3%\">2<\/td>\n<td width=\"4%\">4<\/td>\n<td rowspan=\"2\" width=\"28%\">Haber cursado 06 Unidades Cr\u00e9dito (UC)<\/td>\n<\/tr>\n<tr>\n<td width=\"14%\">EDS-202<\/td>\n<td width=\"43%\">Seminario de Investigaci\u00f3n<\/td>\n<td width=\"4%\">3<\/td>\n<td width=\"3%\">2<\/td>\n<td width=\"3%\">2<\/td>\n<td width=\"4%\">4<\/td>\n<\/tr>\n<tr>\n<td width=\"14%\"><\/td>\n<td width=\"43%\"><strong>Tercer Trimestre<\/strong><\/td>\n<td colspan=\"5\" width=\"42%\"><\/td>\n<\/tr>\n<tr>\n<td width=\"14%\"><\/td>\n<td width=\"43%\">Electiva I<\/td>\n<td width=\"4%\">3<\/td>\n<td width=\"3%\">2<\/td>\n<td width=\"3%\">2<\/td>\n<td width=\"4%\">4<\/td>\n<td rowspan=\"2\" width=\"28%\">Haber cursado 12 Unidades Cr\u00e9dito (UC)<\/td>\n<\/tr>\n<tr>\n<td width=\"14%\">EDS-302<\/td>\n<td width=\"43%\">Software y Sociedad<\/td>\n<td width=\"4%\">3<\/td>\n<td width=\"3%\">3<\/td>\n<td width=\"3%\">&#8211;<\/td>\n<td width=\"4%\">3<\/td>\n<\/tr>\n<tr>\n<td width=\"14%\"><\/td>\n<td width=\"43%\"><strong>Cuarto Trimestre<\/strong><\/td>\n<td colspan=\"5\" width=\"42%\"><\/td>\n<\/tr>\n<tr>\n<td width=\"14%\"><\/td>\n<td width=\"43%\">Electiva II<\/td>\n<td width=\"4%\">3<\/td>\n<td width=\"3%\">2<\/td>\n<td width=\"3%\">2<\/td>\n<td width=\"4%\">4<\/td>\n<td rowspan=\"2\" width=\"28%\">\u00a0Haber cursado 18 Unidades Cr\u00e9dito (UC)<\/td>\n<\/tr>\n<tr>\n<td width=\"14%\"><\/td>\n<td width=\"43%\">Electiva III<\/td>\n<td width=\"4%\">3<\/td>\n<td width=\"3%\">2<\/td>\n<td width=\"3%\">2<\/td>\n<td width=\"4%\">4<\/td>\n<\/tr>\n<tr>\n<td width=\"14%\"><\/td>\n<td width=\"43%\"><strong>Quinto Trimestre<\/strong><\/td>\n<td width=\"4%\"><\/td>\n<td width=\"3%\"><\/td>\n<td width=\"3%\"><\/td>\n<td width=\"4%\"><\/td>\n<td width=\"28%\"><\/td>\n<\/tr>\n<tr>\n<td width=\"14%\">EDS-501<\/td>\n<td width=\"43%\">Trabajo de Especializaci\u00f3n<\/td>\n<td width=\"4%\">3<\/td>\n<td width=\"3%\">2<\/td>\n<td width=\"3%\">2<\/td>\n<td width=\"4%\">4<\/td>\n<td width=\"28%\"><\/td>\n<\/tr>\n<\/tbody>\n<\/table>\n<p><strong>Total cr\u00e9ditos<\/strong>:\u00a0 \u00a0<strong>27<\/strong>[\/vc_column_text][\/vc_tta_section][vc_tta_section title=\u00bbEstructura del Plan de Estudio\u00bb tab_id=\u00bb1631222632628-d4d2e5a6-eae6&#8243;][vc_column_text css=\u00bb\u00bb]<\/p>\n<table>\n<tbody>\n<tr>\n<td width=\"103\"><strong><u>Componente<\/u><\/strong><\/td>\n<td width=\"314\"><strong><u>Asignatura<\/u><\/strong><\/td>\n<td width=\"121\"><strong><u>C\u00f3digo<\/u><\/strong><\/td>\n<\/tr>\n<tr>\n<td rowspan=\"5\" width=\"103\"><strong>General<\/strong><\/td>\n<td width=\"314\">Software y Sociedad<\/td>\n<td width=\"121\">EDS-302<\/td>\n<\/tr>\n<tr>\n<td width=\"314\">Seminario de Investigaci\u00f3n<\/td>\n<td width=\"121\">EDS-202<\/td>\n<\/tr>\n<tr>\n<td width=\"314\">Ingenier\u00eda de Software<\/td>\n<td width=\"121\">EDS-101<\/td>\n<\/tr>\n<tr>\n<td width=\"314\">Procesos de Desarrollo de Software<\/td>\n<td width=\"121\">EDS-102<\/td>\n<\/tr>\n<tr>\n<td width=\"314\">Arquitectura del Software<\/td>\n<td width=\"121\">EDS-201<\/td>\n<\/tr>\n<tr>\n<td rowspan=\"4\" width=\"103\"><strong>Investigaci\u00f3n<\/strong><\/td>\n<td width=\"314\">Electiva I<\/td>\n<td width=\"121\">&nbsp;<\/td>\n<\/tr>\n<tr>\n<td width=\"314\">Electiva II<\/td>\n<td width=\"121\">&nbsp;<\/td>\n<\/tr>\n<tr>\n<td width=\"314\">Electiva III<\/td>\n<td width=\"121\">&nbsp;<\/td>\n<\/tr>\n<tr>\n<td width=\"314\">Trabajo de Especializaci\u00f3n<\/td>\n<td width=\"121\">EDS-501<\/td>\n<\/tr>\n<tr>\n<td rowspan=\"20\" width=\"103\">\n<p><strong>\u00a0<\/strong><\/p>\n<p><strong>\u00a0<\/strong><\/p>\n<p><strong>\u00a0<\/strong><\/p>\n<p><strong>\u00a0<\/strong><\/p>\n<p><strong>\u00a0<\/strong><\/p>\n<p><strong>\u00a0<\/strong><\/p>\n<p><strong>\u00a0<\/strong><\/p>\n<p><strong>Electivas<\/strong><\/td>\n<td width=\"314\">Gesti\u00f3n de Proyectos de Software<\/td>\n<td width=\"121\">EDS301<\/td>\n<\/tr>\n<tr>\n<td width=\"314\">Calidad del Software<\/td>\n<td width=\"121\">EDS401<\/td>\n<\/tr>\n<tr>\n<td width=\"314\">Ergonom\u00eda del Software<\/td>\n<td width=\"121\">EDS402<\/td>\n<\/tr>\n<tr>\n<td width=\"314\">T\u00f3pico Especial en Ingenier\u00eda de Software<\/td>\n<td width=\"121\">EDS403<\/td>\n<\/tr>\n<tr>\n<td width=\"314\">T\u00f3picos Especiales en Sistemas de Informaci\u00f3n<\/td>\n<td width=\"121\">EDS404<\/td>\n<\/tr>\n<tr>\n<td width=\"314\">Gesti\u00f3n de Datos Multiprop\u00f3sito<\/td>\n<td width=\"121\">EDS405<\/td>\n<\/tr>\n<tr>\n<td width=\"314\">Arquitecturas Empresariales<\/td>\n<td width=\"121\">EDS406<\/td>\n<\/tr>\n<tr>\n<td width=\"314\">Fundamentos de Ingenier\u00eda de Requisitos<\/td>\n<td width=\"121\">EDS407<\/td>\n<\/tr>\n<tr>\n<td width=\"314\">Fundamentos de Prueba de Software<\/td>\n<td width=\"121\">EDS408<\/td>\n<\/tr>\n<tr>\n<td width=\"314\">Sistemas Multimedia<\/td>\n<td width=\"121\">EDS409<\/td>\n<\/tr>\n<tr>\n<td width=\"314\">Competencias Blandas en Equipos de Desarrollo<\/td>\n<td width=\"121\">EDS410<\/td>\n<\/tr>\n<tr>\n<td width=\"314\">Ambiente de Desarrollo de Software<\/td>\n<td width=\"121\">EDS411<\/td>\n<\/tr>\n<tr>\n<td width=\"314\">Modelaci\u00f3n de Negocios<\/td>\n<td width=\"121\">EDS412<\/td>\n<\/tr>\n<tr>\n<td width=\"314\">Sistemas Hipermedia Adaptativos SHA<\/td>\n<td width=\"121\">EDS413<\/td>\n<\/tr>\n<tr>\n<td width=\"314\">Desarrollo de Aplicaciones Web<\/td>\n<td width=\"121\">EDS414<\/td>\n<\/tr>\n<tr>\n<td width=\"314\">Filosof\u00eda del Software Libre<\/td>\n<td width=\"121\">EDS415<\/td>\n<\/tr>\n<tr>\n<td width=\"314\">Bases para la Creaci\u00f3n de Empresas de Desarrollo<\/td>\n<td width=\"121\">EDS416<\/td>\n<\/tr>\n<tr>\n<td width=\"314\">Estrategias para la extracci\u00f3n de datos desde redes sociales virtuales para el estudio de fen\u00f3menos sociales<\/td>\n<td width=\"121\">EDS417<\/td>\n<\/tr>\n<tr>\n<td width=\"314\">Tecnolog\u00eda de Servicios Web<\/td>\n<td width=\"121\">EDS418<\/td>\n<\/tr>\n<tr>\n<td width=\"314\">Arquitecturas Empresariales en las Nubes<\/td>\n<td width=\"121\">EDS419<\/td>\n<\/tr>\n<\/tbody>\n<\/table>\n<p>[\/vc_column_text][\/vc_tta_section][vc_tta_section title=\u00bbListado de Trabajo Especial de Grado\u00bb tab_id=\u00bb1631222759798-1c74a49f-3220&#8243;][vc_column_text css=\u00bb\u00bb]<\/p>\n<table border=\"1\" width=\"652\">\n<tbody>\n<tr>\n<td width=\"558\"><strong>TRABAJO ESPECIAL DE GRADO<\/strong><\/td>\n<td width=\"94\"><strong>A\u00d1O<\/strong><\/td>\n<\/tr>\n<tr>\n<td width=\"558\">Desarrollo de un sistema de gesti\u00f3n colectiva para mesas de trabajo en ambientes virtuales. Caso de estudio: centro nacional de tecnolog\u00edas y el manejo de interoperabilidad<\/td>\n<td width=\"94\">2015<\/td>\n<\/tr>\n<tr>\n<td width=\"558\">Desarrollo de una aplicaci\u00f3n m\u00f3vil orientada a la formaci\u00f3n sobre interoperabilidad de Venezuela seg\u00fan el marco jur\u00eddico vigente al 2015\u201d<\/td>\n<td width=\"94\">2015<\/td>\n<\/tr>\n<tr>\n<td width=\"558\">Sistema hipermedia adaptativo para la formaci\u00f3n. Caso de estudio: administradores y desarrolladores de sistemas<\/td>\n<td width=\"94\">2015<\/td>\n<\/tr>\n<tr>\n<td width=\"558\">Implementaci\u00f3n de una aplicaci\u00f3n multiplataforma para la microformaci\u00f3n en la empresa<\/td>\n<td width=\"94\">2018<\/td>\n<\/tr>\n<tr>\n<td width=\"558\">Sistema de gesti\u00f3n de asignaciones de carga de trabajo del capital humano de inform\u00e1tica. Caso de estudio: direcci\u00f3n de inform\u00e1tica\u201d<\/td>\n<td width=\"94\">2018<\/td>\n<\/tr>\n<tr>\n<td width=\"558\">Desarrollo de un sistema de gesti\u00f3n para el dise\u00f1o de aplicaciones. Caso: direcci\u00f3n de inform\u00e1tica de la Universidad de Carabobo (DIUC)\u201d<\/td>\n<td width=\"94\">2018<\/td>\n<\/tr>\n<tr>\n<td width=\"558\">\u201cDesarrollo de aplicaci\u00f3n standalone para la gesti\u00f3n de peso automatizado en b\u00e1sculas camioneras con raspberry pi 3<\/td>\n<td width=\"94\">2019<\/td>\n<\/tr>\n<tr>\n<td width=\"558\">Ingenier\u00eda de m\u00e9todos para desarrollar aplicaciones web<\/td>\n<td width=\"94\">2021<\/td>\n<\/tr>\n<tr>\n<td width=\"558\">Desarrollo de un prototipo de aplicaci\u00f3n multiplataforma para pagos y transacciones financieras, utilizando una arquitectura dirigida por modelos. Caso de estudio: aplicaciones pm, c.a.<\/td>\n<td width=\"94\">2021<\/td>\n<\/tr>\n<tr>\n<td width=\"558\">\u00bfSoftware para eficiencia energ\u00e9tica? Un aliado para el desarrollo sostenible.<\/td>\n<td width=\"94\">2021<\/td>\n<\/tr>\n<tr>\n<td width=\"558\">Sistema de recolecci\u00f3n y procesamiento de datos en twitter para el an\u00e1lisis de sentimiento<\/td>\n<td width=\"94\">2022<\/td>\n<\/tr>\n<tr>\n<td width=\"558\">Marco referencial de medici\u00f3n de la ux en un lms considerando la neurociencia, contexto pand\u00e9mico<\/td>\n<td width=\"94\">2022<\/td>\n<\/tr>\n<tr>\n<td width=\"558\">Especificaci\u00f3n de requisitos para reducir costos de un proyecto de software. Caso: empresa de telecomunicaciones<\/td>\n<td width=\"94\">2022<\/td>\n<\/tr>\n<tr>\n<td width=\"558\">Aplicaci\u00f3n de soft skills en ingenier\u00eda de requisitos para generar softwares ajustados a las necesidades del usuario final: Mapeo sistem\u00e1tico de literatura<\/td>\n<td width=\"94\">2022<\/td>\n<\/tr>\n<tr>\n<td width=\"558\">Servidor de desarrollo para programaci\u00f3n web Utilizando para virtualizaci\u00f3n y tecnolog\u00eda xen<\/td>\n<td width=\"94\">2023<\/td>\n<\/tr>\n<tr>\n<td width=\"558\">Herramientas de prueba de software. Automatizaci\u00f3n de pruebas de carga con Flood.io, AWS y Element<\/td>\n<td width=\"94\">2024<\/td>\n<\/tr>\n<\/tbody>\n<\/table>\n<p>[\/vc_column_text][\/vc_tta_section][\/vc_tta_accordion][\/vc_column][\/vc_row][vc_row][vc_column][vc_single_image image=\u00bb2858&#8243; img_size=\u00bbfull\u00bb alignment=\u00bbcenter\u00bb css=\u00bb\u00bb][\/vc_column][\/vc_row]<\/p>\n<\/div>","protected":false},"excerpt":{"rendered":"<p>[vc_row][vc_column][vc_column_text css=\u00bb\u00bb] PROGRAMA ESPECIALIZACION EN DESARROLLO DE SOFTWARE Contribuir a la formaci\u00f3n de personal calificado para el desempe\u00f1o en actividades relacionadas con el Desarrollo de Software utilizando m\u00e9todos, t\u00e9cnicas y herramientas que faciliten la sistematizaci\u00f3n de la producci\u00f3n del software. MISI\u00d3N La Especializaci\u00f3n en Ingenier\u00eda de Software de la Universidad de Carabobo tiene como objetivo&hellip;<\/p>\n","protected":false},"author":5,"featured_media":0,"parent":0,"menu_order":0,"comment_status":"closed","ping_status":"closed","template":"","meta":{"footnotes":""},"class_list":["post-2821","page","type-page","status-publish","hentry"],"yoast_head":"<!-- This site is optimized with the Yoast SEO plugin v27.1.1 - https:\/\/yoast.com\/product\/yoast-seo-wordpress\/ -->\n<title>Especializaci\u00f3n Desarrollo de Software - Facultad Experimental de Ciencias y Tecnolog\u00eda<\/title>\n<meta name=\"robots\" content=\"index, follow, max-snippet:-1, max-image-preview:large, max-video-preview:-1\" \/>\n<link rel=\"canonical\" href=\"https:\/\/www.facyt.uc.edu.ve\/web\/especializacion-desarrollo-de-software\/\" \/>\n<meta property=\"og:locale\" content=\"es_ES\" \/>\n<meta property=\"og:type\" content=\"article\" \/>\n<meta property=\"og:title\" content=\"Especializaci\u00f3n Desarrollo de Software - Facultad Experimental de Ciencias y Tecnolog\u00eda\" \/>\n<meta property=\"og:description\" content=\"[vc_row][vc_column][vc_column_text css=\u00bb\u00bb] PROGRAMA ESPECIALIZACION EN DESARROLLO DE SOFTWARE Contribuir a la formaci\u00f3n de personal calificado para el desempe\u00f1o en actividades relacionadas con el Desarrollo de Software utilizando m\u00e9todos, t\u00e9cnicas y herramientas que faciliten la sistematizaci\u00f3n de la producci\u00f3n del software. MISI\u00d3N La Especializaci\u00f3n en Ingenier\u00eda de Software de la Universidad de Carabobo tiene como objetivo&hellip;\" \/>\n<meta property=\"og:url\" content=\"https:\/\/www.facyt.uc.edu.ve\/web\/especializacion-desarrollo-de-software\/\" \/>\n<meta property=\"og:site_name\" content=\"Facultad Experimental de Ciencias y Tecnolog\u00eda\" \/>\n<meta property=\"article:modified_time\" content=\"2024-06-01T16:38:56+00:00\" \/>\n<meta name=\"twitter:card\" content=\"summary_large_image\" \/>\n<meta name=\"twitter:label1\" content=\"Tiempo estimado de lectura\" \/>\n\t<meta name=\"twitter:data1\" content=\"5 minutos\" \/>\n<script type=\"application\/ld+json\" class=\"yoast-schema-graph\">{\"@context\":\"https:\/\/schema.org\",\"@graph\":[{\"@type\":\"WebPage\",\"@id\":\"https:\/\/www.facyt.uc.edu.ve\/web\/especializacion-desarrollo-de-software\/\",\"url\":\"https:\/\/www.facyt.uc.edu.ve\/web\/especializacion-desarrollo-de-software\/\",\"name\":\"Especializaci\u00f3n Desarrollo de Software - Facultad Experimental de Ciencias y Tecnolog\u00eda\",\"isPartOf\":{\"@id\":\"https:\/\/www.facyt.uc.edu.ve\/web\/#website\"},\"datePublished\":\"2024-05-24T21:34:04+00:00\",\"dateModified\":\"2024-06-01T16:38:56+00:00\",\"breadcrumb\":{\"@id\":\"https:\/\/www.facyt.uc.edu.ve\/web\/especializacion-desarrollo-de-software\/#breadcrumb\"},\"inLanguage\":\"es\",\"potentialAction\":[{\"@type\":\"ReadAction\",\"target\":[\"https:\/\/www.facyt.uc.edu.ve\/web\/especializacion-desarrollo-de-software\/\"]}]},{\"@type\":\"BreadcrumbList\",\"@id\":\"https:\/\/www.facyt.uc.edu.ve\/web\/especializacion-desarrollo-de-software\/#breadcrumb\",\"itemListElement\":[{\"@type\":\"ListItem\",\"position\":1,\"name\":\"Portada\",\"item\":\"https:\/\/www.facyt.uc.edu.ve\/web\/\"},{\"@type\":\"ListItem\",\"position\":2,\"name\":\"Especializaci\u00f3n Desarrollo de Software\"}]},{\"@type\":\"WebSite\",\"@id\":\"https:\/\/www.facyt.uc.edu.ve\/web\/#website\",\"url\":\"https:\/\/www.facyt.uc.edu.ve\/web\/\",\"name\":\"Facultad Experimental de Ciencias y Tecnolog\u00eda\",\"description\":\"FaCyT UC\",\"publisher\":{\"@id\":\"https:\/\/www.facyt.uc.edu.ve\/web\/#organization\"},\"alternateName\":\"FaCyT\",\"potentialAction\":[{\"@type\":\"SearchAction\",\"target\":{\"@type\":\"EntryPoint\",\"urlTemplate\":\"https:\/\/www.facyt.uc.edu.ve\/web\/?s={search_term_string}\"},\"query-input\":{\"@type\":\"PropertyValueSpecification\",\"valueRequired\":true,\"valueName\":\"search_term_string\"}}],\"inLanguage\":\"es\"},{\"@type\":\"Organization\",\"@id\":\"https:\/\/www.facyt.uc.edu.ve\/web\/#organization\",\"name\":\"Facultad Experimental de Ciencias y Tecnolog\u00eda\",\"url\":\"https:\/\/www.facyt.uc.edu.ve\/web\/\",\"logo\":{\"@type\":\"ImageObject\",\"inLanguage\":\"es\",\"@id\":\"https:\/\/www.facyt.uc.edu.ve\/web\/#\/schema\/logo\/image\/\",\"url\":\"https:\/\/www.facyt.uc.edu.ve\/web\/wp-content\/uploads\/2025\/11\/Logo_de_la_Facultad_Experimental_de_Ciencia_y_Tecnologia-scaled.jpg\",\"contentUrl\":\"https:\/\/www.facyt.uc.edu.ve\/web\/wp-content\/uploads\/2025\/11\/Logo_de_la_Facultad_Experimental_de_Ciencia_y_Tecnologia-scaled.jpg\",\"width\":2560,\"height\":2560,\"caption\":\"Facultad Experimental de Ciencias y Tecnolog\u00eda\"},\"image\":{\"@id\":\"https:\/\/www.facyt.uc.edu.ve\/web\/#\/schema\/logo\/image\/\"},\"sameAs\":[\"https:\/\/instagram.com\/facytuc.oficial\/yoast\"]}]}<\/script>\n<!-- \/ Yoast SEO plugin. -->","yoast_head_json":{"title":"Especializaci\u00f3n Desarrollo de Software - Facultad Experimental de Ciencias y Tecnolog\u00eda","robots":{"index":"index","follow":"follow","max-snippet":"max-snippet:-1","max-image-preview":"max-image-preview:large","max-video-preview":"max-video-preview:-1"},"canonical":"https:\/\/www.facyt.uc.edu.ve\/web\/especializacion-desarrollo-de-software\/","og_locale":"es_ES","og_type":"article","og_title":"Especializaci\u00f3n Desarrollo de Software - Facultad Experimental de Ciencias y Tecnolog\u00eda","og_description":"[vc_row][vc_column][vc_column_text css=\u00bb\u00bb] PROGRAMA ESPECIALIZACION EN DESARROLLO DE SOFTWARE Contribuir a la formaci\u00f3n de personal calificado para el desempe\u00f1o en actividades relacionadas con el Desarrollo de Software utilizando m\u00e9todos, t\u00e9cnicas y herramientas que faciliten la sistematizaci\u00f3n de la producci\u00f3n del software. MISI\u00d3N La Especializaci\u00f3n en Ingenier\u00eda de Software de la Universidad de Carabobo tiene como objetivo&hellip;","og_url":"https:\/\/www.facyt.uc.edu.ve\/web\/especializacion-desarrollo-de-software\/","og_site_name":"Facultad Experimental de Ciencias y Tecnolog\u00eda","article_modified_time":"2024-06-01T16:38:56+00:00","twitter_card":"summary_large_image","twitter_misc":{"Tiempo estimado de lectura":"5 minutos"},"schema":{"@context":"https:\/\/schema.org","@graph":[{"@type":"WebPage","@id":"https:\/\/www.facyt.uc.edu.ve\/web\/especializacion-desarrollo-de-software\/","url":"https:\/\/www.facyt.uc.edu.ve\/web\/especializacion-desarrollo-de-software\/","name":"Especializaci\u00f3n Desarrollo de Software - Facultad Experimental de Ciencias y Tecnolog\u00eda","isPartOf":{"@id":"https:\/\/www.facyt.uc.edu.ve\/web\/#website"},"datePublished":"2024-05-24T21:34:04+00:00","dateModified":"2024-06-01T16:38:56+00:00","breadcrumb":{"@id":"https:\/\/www.facyt.uc.edu.ve\/web\/especializacion-desarrollo-de-software\/#breadcrumb"},"inLanguage":"es","potentialAction":[{"@type":"ReadAction","target":["https:\/\/www.facyt.uc.edu.ve\/web\/especializacion-desarrollo-de-software\/"]}]},{"@type":"BreadcrumbList","@id":"https:\/\/www.facyt.uc.edu.ve\/web\/especializacion-desarrollo-de-software\/#breadcrumb","itemListElement":[{"@type":"ListItem","position":1,"name":"Portada","item":"https:\/\/www.facyt.uc.edu.ve\/web\/"},{"@type":"ListItem","position":2,"name":"Especializaci\u00f3n Desarrollo de Software"}]},{"@type":"WebSite","@id":"https:\/\/www.facyt.uc.edu.ve\/web\/#website","url":"https:\/\/www.facyt.uc.edu.ve\/web\/","name":"Facultad Experimental de Ciencias y Tecnolog\u00eda","description":"FaCyT UC","publisher":{"@id":"https:\/\/www.facyt.uc.edu.ve\/web\/#organization"},"alternateName":"FaCyT","potentialAction":[{"@type":"SearchAction","target":{"@type":"EntryPoint","urlTemplate":"https:\/\/www.facyt.uc.edu.ve\/web\/?s={search_term_string}"},"query-input":{"@type":"PropertyValueSpecification","valueRequired":true,"valueName":"search_term_string"}}],"inLanguage":"es"},{"@type":"Organization","@id":"https:\/\/www.facyt.uc.edu.ve\/web\/#organization","name":"Facultad Experimental de Ciencias y Tecnolog\u00eda","url":"https:\/\/www.facyt.uc.edu.ve\/web\/","logo":{"@type":"ImageObject","inLanguage":"es","@id":"https:\/\/www.facyt.uc.edu.ve\/web\/#\/schema\/logo\/image\/","url":"https:\/\/www.facyt.uc.edu.ve\/web\/wp-content\/uploads\/2025\/11\/Logo_de_la_Facultad_Experimental_de_Ciencia_y_Tecnologia-scaled.jpg","contentUrl":"https:\/\/www.facyt.uc.edu.ve\/web\/wp-content\/uploads\/2025\/11\/Logo_de_la_Facultad_Experimental_de_Ciencia_y_Tecnologia-scaled.jpg","width":2560,"height":2560,"caption":"Facultad Experimental de Ciencias y Tecnolog\u00eda"},"image":{"@id":"https:\/\/www.facyt.uc.edu.ve\/web\/#\/schema\/logo\/image\/"},"sameAs":["https:\/\/instagram.com\/facytuc.oficial\/yoast"]}]}},"_links":{"self":[{"href":"https:\/\/www.facyt.uc.edu.ve\/web\/wp-json\/wp\/v2\/pages\/2821","targetHints":{"allow":["GET"]}}],"collection":[{"href":"https:\/\/www.facyt.uc.edu.ve\/web\/wp-json\/wp\/v2\/pages"}],"about":[{"href":"https:\/\/www.facyt.uc.edu.ve\/web\/wp-json\/wp\/v2\/types\/page"}],"author":[{"embeddable":true,"href":"https:\/\/www.facyt.uc.edu.ve\/web\/wp-json\/wp\/v2\/users\/5"}],"replies":[{"embeddable":true,"href":"https:\/\/www.facyt.uc.edu.ve\/web\/wp-json\/wp\/v2\/comments?post=2821"}],"version-history":[{"count":8,"href":"https:\/\/www.facyt.uc.edu.ve\/web\/wp-json\/wp\/v2\/pages\/2821\/revisions"}],"predecessor-version":[{"id":2859,"href":"https:\/\/www.facyt.uc.edu.ve\/web\/wp-json\/wp\/v2\/pages\/2821\/revisions\/2859"}],"wp:attachment":[{"href":"https:\/\/www.facyt.uc.edu.ve\/web\/wp-json\/wp\/v2\/media?parent=2821"}],"curies":[{"name":"wp","href":"https:\/\/api.w.org\/{rel}","templated":true}]}}