{"id":260,"date":"2021-05-11T06:54:16","date_gmt":"2021-05-11T10:54:16","guid":{"rendered":"http:\/\/vps1.facyt.uc.edu.ve\/web\/?page_id=260"},"modified":"2021-09-17T18:14:06","modified_gmt":"2021-09-17T22:14:06","slug":"historia","status":"publish","type":"page","link":"https:\/\/www.facyt.uc.edu.ve\/web\/historia\/","title":{"rendered":"Historia"},"content":{"rendered":"<div class=\"wpb-content-wrapper\"><p>[vc_row][vc_column width=\u00bb1\/4&#8243;][vc_single_image image=\u00bb179&#8243; img_size=\u00bbfull\u00bb alignment=\u00bbcenter\u00bb css_animation=\u00bbnone\u00bb][vc_single_image image=\u00bb349&#8243; img_size=\u00bbfull\u00bb alignment=\u00bbcenter\u00bb css_animation=\u00bbnone\u00bb][vc_single_image image=\u00bb1215&#8243; img_size=\u00bbfull\u00bb alignment=\u00bbcenter\u00bb css_animation=\u00bbnone\u00bb][vc_single_image image=\u00bb1216&#8243; img_size=\u00bbfull\u00bb alignment=\u00bbcenter\u00bb css_animation=\u00bbnone\u00bb][\/vc_column][vc_column width=\u00bb3\/4&#8243;][vc_column_text]<\/p>\n<p style=\"text-align: justify;\">En el a\u00f1o 1974 el Rector An\u00edbal Rueda design\u00f3 una Comisi\u00f3n para estudiar la factibilidad de crear una Facultad de Ciencias en la Universidad de Carabobo. Posteriormente, a instancias del Secretario Rub\u00e9n Ballesteros y el Rector Gustavo Hidalgo design\u00f3 otra Comisi\u00f3n para el mismo fin. La primera Comisi\u00f3n, presidida por el Prof. Alonso Gamero a comienzos de la d\u00e9cada de los setenta, trabaj\u00f3 intensamente presentando varios informes, que al final no fueron considerados por los organismos de la direcci\u00f3n universitaria, en particular el Consejo Universitario. No obstante, algunos lineamientos fundamentales de los que ser\u00eda m\u00e1s tarde el proyecto definitivo para la Facultad de Ciencias quedaron establecidos como consecuencia del trabajo de esta Comisi\u00f3n.<\/p>\n<p style=\"text-align: justify;\">El proyecto de creaci\u00f3n fue presentado al Consejo Nacional de Universidades (CNU), luego de su aprobaci\u00f3n por el Consejo Universitario de la Universidad de Carabobo en el a\u00f1o 1987, previ\u00e9ndose la estructuraci\u00f3n de una Facultad con car\u00e1cter EXPERIMENTAL, con el objetivo de simplificar su estructura y darle m\u00e1s flexibilidad al proceso de desarrollo y consolidaci\u00f3n de sus dependencias.<\/p>\n<p style=\"text-align: justify;\">La Comisi\u00f3n designada por el Rector Hidalgo a mediados de 1985 se conform\u00f3 inicialmente con representantes de varias Facultades, y qued\u00f3 integrada de manera definitiva por profesores de las Facultades de Ingenier\u00eda y de Ciencias de la Salud, muchos de ellos egresados en Ciencias (qu\u00edmicos, f\u00edsicos, matem\u00e1ticos y bi\u00f3logos). Esta Comisi\u00f3n recibi\u00f3 la asesor\u00eda de funcionarios de la Oficina de Planificaci\u00f3n del Sector Universitario (OPSU), orientando su trabajo hacia la elaboraci\u00f3n de un proyecto para una Facultad de Ciencias y Tecnolog\u00eda.<\/p>\n<p style=\"text-align: justify;\">Finalmente, el 02 de julio de 1993 en reuni\u00f3n realizada en la Universidad Nacional Experimental R\u00f3mulo Gallegos, en San Juan de los Morros, el Consejo Nacional de Universidades, aprob\u00f3 la creaci\u00f3n de la Facultad Experimental de Ciencias y Tecnolog\u00eda de la Universidad de Carabobo, con estructura departamental y tres carreras iniciales: Qu\u00edmica, Computaci\u00f3n y F\u00edsica.<\/p>\n<p style=\"text-align: justify;\">La Facultad Experimental de Ciencias y Tecnolog\u00eda tuvo como su primer Decano electo y fundador al Dr. Jos\u00e9 Miguel Vegas Castej\u00f3n, luego es sucedido por la Dra. Mar\u00eda Luisa Mart\u00edn de Armando, seguida de la Dra. Yaquelin Loyo de Sardi, y finalmente el Dr. Jos\u00e9 Marcano, quien actualmente es la Decano de la Facultad.<\/p>\n<p style=\"text-align: justify;\">La Facultad Experimental de Ciencias y Tecnolog\u00eda es la m\u00e1s joven de las siete Facultades que conforman la Universidad de Carabobo. Las carreras que se ofrecen empezaron bajo un r\u00e9gimen de estudio anual, el cual cambi\u00f3 a semestral a partir de marzo del 2011.<\/p>\n<p>[\/vc_column_text][\/vc_column][\/vc_row]<\/p>\n<\/div>","protected":false},"excerpt":{"rendered":"<p>[vc_row][vc_column width=\u00bb1\/4&#8243;][vc_single_image image=\u00bb179&#8243; img_size=\u00bbfull\u00bb alignment=\u00bbcenter\u00bb css_animation=\u00bbnone\u00bb][vc_single_image image=\u00bb349&#8243; img_size=\u00bbfull\u00bb alignment=\u00bbcenter\u00bb css_animation=\u00bbnone\u00bb][vc_single_image image=\u00bb1215&#8243; img_size=\u00bbfull\u00bb alignment=\u00bbcenter\u00bb css_animation=\u00bbnone\u00bb][vc_single_image image=\u00bb1216&#8243; img_size=\u00bbfull\u00bb alignment=\u00bbcenter\u00bb css_animation=\u00bbnone\u00bb][\/vc_column][vc_column width=\u00bb3\/4&#8243;][vc_column_text] En el a\u00f1o 1974 el Rector An\u00edbal Rueda design\u00f3 una Comisi\u00f3n para estudiar la factibilidad de crear una Facultad de Ciencias en la Universidad de Carabobo. Posteriormente, a instancias del Secretario Rub\u00e9n Ballesteros y el Rector&hellip;<\/p>\n","protected":false},"author":1,"featured_media":0,"parent":0,"menu_order":0,"comment_status":"closed","ping_status":"closed","template":"","meta":{"footnotes":""},"class_list":["post-260","page","type-page","status-publish","hentry"],"yoast_head":"<!-- This site is optimized with the Yoast SEO plugin v27.1.1 - https:\/\/yoast.com\/product\/yoast-seo-wordpress\/ -->\n<title>Historia - Facultad Experimental de Ciencias y Tecnolog\u00eda<\/title>\n<meta name=\"robots\" content=\"index, follow, max-snippet:-1, max-image-preview:large, max-video-preview:-1\" \/>\n<link rel=\"canonical\" href=\"https:\/\/www.facyt.uc.edu.ve\/web\/historia\/\" \/>\n<meta property=\"og:locale\" content=\"es_ES\" \/>\n<meta property=\"og:type\" content=\"article\" \/>\n<meta property=\"og:title\" content=\"Historia - Facultad Experimental de Ciencias y Tecnolog\u00eda\" \/>\n<meta property=\"og:description\" content=\"[vc_row][vc_column width=\u00bb1\/4&#8243;][vc_single_image image=\u00bb179&#8243; img_size=\u00bbfull\u00bb alignment=\u00bbcenter\u00bb css_animation=\u00bbnone\u00bb][vc_single_image image=\u00bb349&#8243; img_size=\u00bbfull\u00bb alignment=\u00bbcenter\u00bb css_animation=\u00bbnone\u00bb][vc_single_image image=\u00bb1215&#8243; img_size=\u00bbfull\u00bb alignment=\u00bbcenter\u00bb css_animation=\u00bbnone\u00bb][vc_single_image image=\u00bb1216&#8243; img_size=\u00bbfull\u00bb alignment=\u00bbcenter\u00bb css_animation=\u00bbnone\u00bb][\/vc_column][vc_column width=\u00bb3\/4&#8243;][vc_column_text] En el a\u00f1o 1974 el Rector An\u00edbal Rueda design\u00f3 una Comisi\u00f3n para estudiar la factibilidad de crear una Facultad de Ciencias en la Universidad de Carabobo. Posteriormente, a instancias del Secretario Rub\u00e9n Ballesteros y el Rector&hellip;\" \/>\n<meta property=\"og:url\" content=\"https:\/\/www.facyt.uc.edu.ve\/web\/historia\/\" \/>\n<meta property=\"og:site_name\" content=\"Facultad Experimental de Ciencias y Tecnolog\u00eda\" \/>\n<meta property=\"article:modified_time\" content=\"2021-09-17T22:14:06+00:00\" \/>\n<meta name=\"twitter:card\" content=\"summary_large_image\" \/>\n<meta name=\"twitter:label1\" content=\"Tiempo estimado de lectura\" \/>\n\t<meta name=\"twitter:data1\" content=\"3 minutos\" \/>\n<script type=\"application\/ld+json\" class=\"yoast-schema-graph\">{\"@context\":\"https:\/\/schema.org\",\"@graph\":[{\"@type\":\"WebPage\",\"@id\":\"https:\/\/www.facyt.uc.edu.ve\/web\/historia\/\",\"url\":\"https:\/\/www.facyt.uc.edu.ve\/web\/historia\/\",\"name\":\"Historia - Facultad Experimental de Ciencias y Tecnolog\u00eda\",\"isPartOf\":{\"@id\":\"https:\/\/www.facyt.uc.edu.ve\/web\/#website\"},\"datePublished\":\"2021-05-11T10:54:16+00:00\",\"dateModified\":\"2021-09-17T22:14:06+00:00\",\"breadcrumb\":{\"@id\":\"https:\/\/www.facyt.uc.edu.ve\/web\/historia\/#breadcrumb\"},\"inLanguage\":\"es\",\"potentialAction\":[{\"@type\":\"ReadAction\",\"target\":[\"https:\/\/www.facyt.uc.edu.ve\/web\/historia\/\"]}]},{\"@type\":\"BreadcrumbList\",\"@id\":\"https:\/\/www.facyt.uc.edu.ve\/web\/historia\/#breadcrumb\",\"itemListElement\":[{\"@type\":\"ListItem\",\"position\":1,\"name\":\"Portada\",\"item\":\"https:\/\/www.facyt.uc.edu.ve\/web\/\"},{\"@type\":\"ListItem\",\"position\":2,\"name\":\"Historia\"}]},{\"@type\":\"WebSite\",\"@id\":\"https:\/\/www.facyt.uc.edu.ve\/web\/#website\",\"url\":\"https:\/\/www.facyt.uc.edu.ve\/web\/\",\"name\":\"Facultad Experimental de Ciencias y Tecnolog\u00eda\",\"description\":\"FaCyT UC\",\"publisher\":{\"@id\":\"https:\/\/www.facyt.uc.edu.ve\/web\/#organization\"},\"alternateName\":\"FaCyT\",\"potentialAction\":[{\"@type\":\"SearchAction\",\"target\":{\"@type\":\"EntryPoint\",\"urlTemplate\":\"https:\/\/www.facyt.uc.edu.ve\/web\/?s={search_term_string}\"},\"query-input\":{\"@type\":\"PropertyValueSpecification\",\"valueRequired\":true,\"valueName\":\"search_term_string\"}}],\"inLanguage\":\"es\"},{\"@type\":\"Organization\",\"@id\":\"https:\/\/www.facyt.uc.edu.ve\/web\/#organization\",\"name\":\"Facultad Experimental de Ciencias y Tecnolog\u00eda\",\"url\":\"https:\/\/www.facyt.uc.edu.ve\/web\/\",\"logo\":{\"@type\":\"ImageObject\",\"inLanguage\":\"es\",\"@id\":\"https:\/\/www.facyt.uc.edu.ve\/web\/#\/schema\/logo\/image\/\",\"url\":\"https:\/\/www.facyt.uc.edu.ve\/web\/wp-content\/uploads\/2025\/11\/Logo_de_la_Facultad_Experimental_de_Ciencia_y_Tecnologia-scaled.jpg\",\"contentUrl\":\"https:\/\/www.facyt.uc.edu.ve\/web\/wp-content\/uploads\/2025\/11\/Logo_de_la_Facultad_Experimental_de_Ciencia_y_Tecnologia-scaled.jpg\",\"width\":2560,\"height\":2560,\"caption\":\"Facultad Experimental de Ciencias y Tecnolog\u00eda\"},\"image\":{\"@id\":\"https:\/\/www.facyt.uc.edu.ve\/web\/#\/schema\/logo\/image\/\"},\"sameAs\":[\"https:\/\/instagram.com\/facytuc.oficial\/yoast\"]}]}<\/script>\n<!-- \/ Yoast SEO plugin. -->","yoast_head_json":{"title":"Historia - Facultad Experimental de Ciencias y Tecnolog\u00eda","robots":{"index":"index","follow":"follow","max-snippet":"max-snippet:-1","max-image-preview":"max-image-preview:large","max-video-preview":"max-video-preview:-1"},"canonical":"https:\/\/www.facyt.uc.edu.ve\/web\/historia\/","og_locale":"es_ES","og_type":"article","og_title":"Historia - Facultad Experimental de Ciencias y Tecnolog\u00eda","og_description":"[vc_row][vc_column width=\u00bb1\/4&#8243;][vc_single_image image=\u00bb179&#8243; img_size=\u00bbfull\u00bb alignment=\u00bbcenter\u00bb css_animation=\u00bbnone\u00bb][vc_single_image image=\u00bb349&#8243; img_size=\u00bbfull\u00bb alignment=\u00bbcenter\u00bb css_animation=\u00bbnone\u00bb][vc_single_image image=\u00bb1215&#8243; img_size=\u00bbfull\u00bb alignment=\u00bbcenter\u00bb css_animation=\u00bbnone\u00bb][vc_single_image image=\u00bb1216&#8243; img_size=\u00bbfull\u00bb alignment=\u00bbcenter\u00bb css_animation=\u00bbnone\u00bb][\/vc_column][vc_column width=\u00bb3\/4&#8243;][vc_column_text] En el a\u00f1o 1974 el Rector An\u00edbal Rueda design\u00f3 una Comisi\u00f3n para estudiar la factibilidad de crear una Facultad de Ciencias en la Universidad de Carabobo. Posteriormente, a instancias del Secretario Rub\u00e9n Ballesteros y el Rector&hellip;","og_url":"https:\/\/www.facyt.uc.edu.ve\/web\/historia\/","og_site_name":"Facultad Experimental de Ciencias y Tecnolog\u00eda","article_modified_time":"2021-09-17T22:14:06+00:00","twitter_card":"summary_large_image","twitter_misc":{"Tiempo estimado de lectura":"3 minutos"},"schema":{"@context":"https:\/\/schema.org","@graph":[{"@type":"WebPage","@id":"https:\/\/www.facyt.uc.edu.ve\/web\/historia\/","url":"https:\/\/www.facyt.uc.edu.ve\/web\/historia\/","name":"Historia - Facultad Experimental de Ciencias y Tecnolog\u00eda","isPartOf":{"@id":"https:\/\/www.facyt.uc.edu.ve\/web\/#website"},"datePublished":"2021-05-11T10:54:16+00:00","dateModified":"2021-09-17T22:14:06+00:00","breadcrumb":{"@id":"https:\/\/www.facyt.uc.edu.ve\/web\/historia\/#breadcrumb"},"inLanguage":"es","potentialAction":[{"@type":"ReadAction","target":["https:\/\/www.facyt.uc.edu.ve\/web\/historia\/"]}]},{"@type":"BreadcrumbList","@id":"https:\/\/www.facyt.uc.edu.ve\/web\/historia\/#breadcrumb","itemListElement":[{"@type":"ListItem","position":1,"name":"Portada","item":"https:\/\/www.facyt.uc.edu.ve\/web\/"},{"@type":"ListItem","position":2,"name":"Historia"}]},{"@type":"WebSite","@id":"https:\/\/www.facyt.uc.edu.ve\/web\/#website","url":"https:\/\/www.facyt.uc.edu.ve\/web\/","name":"Facultad Experimental de Ciencias y Tecnolog\u00eda","description":"FaCyT UC","publisher":{"@id":"https:\/\/www.facyt.uc.edu.ve\/web\/#organization"},"alternateName":"FaCyT","potentialAction":[{"@type":"SearchAction","target":{"@type":"EntryPoint","urlTemplate":"https:\/\/www.facyt.uc.edu.ve\/web\/?s={search_term_string}"},"query-input":{"@type":"PropertyValueSpecification","valueRequired":true,"valueName":"search_term_string"}}],"inLanguage":"es"},{"@type":"Organization","@id":"https:\/\/www.facyt.uc.edu.ve\/web\/#organization","name":"Facultad Experimental de Ciencias y Tecnolog\u00eda","url":"https:\/\/www.facyt.uc.edu.ve\/web\/","logo":{"@type":"ImageObject","inLanguage":"es","@id":"https:\/\/www.facyt.uc.edu.ve\/web\/#\/schema\/logo\/image\/","url":"https:\/\/www.facyt.uc.edu.ve\/web\/wp-content\/uploads\/2025\/11\/Logo_de_la_Facultad_Experimental_de_Ciencia_y_Tecnologia-scaled.jpg","contentUrl":"https:\/\/www.facyt.uc.edu.ve\/web\/wp-content\/uploads\/2025\/11\/Logo_de_la_Facultad_Experimental_de_Ciencia_y_Tecnologia-scaled.jpg","width":2560,"height":2560,"caption":"Facultad Experimental de Ciencias y Tecnolog\u00eda"},"image":{"@id":"https:\/\/www.facyt.uc.edu.ve\/web\/#\/schema\/logo\/image\/"},"sameAs":["https:\/\/instagram.com\/facytuc.oficial\/yoast"]}]}},"_links":{"self":[{"href":"https:\/\/www.facyt.uc.edu.ve\/web\/wp-json\/wp\/v2\/pages\/260","targetHints":{"allow":["GET"]}}],"collection":[{"href":"https:\/\/www.facyt.uc.edu.ve\/web\/wp-json\/wp\/v2\/pages"}],"about":[{"href":"https:\/\/www.facyt.uc.edu.ve\/web\/wp-json\/wp\/v2\/types\/page"}],"author":[{"embeddable":true,"href":"https:\/\/www.facyt.uc.edu.ve\/web\/wp-json\/wp\/v2\/users\/1"}],"replies":[{"embeddable":true,"href":"https:\/\/www.facyt.uc.edu.ve\/web\/wp-json\/wp\/v2\/comments?post=260"}],"version-history":[{"count":7,"href":"https:\/\/www.facyt.uc.edu.ve\/web\/wp-json\/wp\/v2\/pages\/260\/revisions"}],"predecessor-version":[{"id":1221,"href":"https:\/\/www.facyt.uc.edu.ve\/web\/wp-json\/wp\/v2\/pages\/260\/revisions\/1221"}],"wp:attachment":[{"href":"https:\/\/www.facyt.uc.edu.ve\/web\/wp-json\/wp\/v2\/media?parent=260"}],"curies":[{"name":"wp","href":"https:\/\/api.w.org\/{rel}","templated":true}]}}