{"id":248,"date":"2021-05-11T06:38:28","date_gmt":"2021-05-11T10:38:28","guid":{"rendered":"http:\/\/vps1.facyt.uc.edu.ve\/web\/?page_id=248"},"modified":"2023-07-06T11:22:12","modified_gmt":"2023-07-06T15:22:12","slug":"matematicas","status":"publish","type":"page","link":"https:\/\/www.facyt.uc.edu.ve\/web\/matematicas\/","title":{"rendered":"Matem\u00e1ticas"},"content":{"rendered":"<div class=\"wpb-content-wrapper\"><p>[vc_row][vc_column][vc_column_text]<\/p>\n<p style=\"text-align: justify;\">El Licenciado en Matem\u00e1tica, resuelve problemas matem\u00e1ticos complejos e incidentales en las investigaciones cient\u00edficas y en las actividades econ\u00f3micas. Ejerce funciones de asesor sobre diversas aplicaciones del an\u00e1lisis matem\u00e1tico. Efect\u00faa investigaciones para descubrir nuevos m\u00e9todos para aplicar la teor\u00eda o el an\u00e1lisis matem\u00e1tico a sectores existentes <!--more-->o desconocidos de la investigaci\u00f3n cient\u00edfica o de los problemas econ\u00f3micos. Crea nuevos conceptos, v\u00edas de soluci\u00f3n y teor\u00edas matem\u00e1ticas cuando trabaja en investigaci\u00f3n. Resuelve problemas cient\u00edficos y pr\u00e1cticos en la industria, la computaci\u00f3n y la estad\u00edstica, entre otros.<\/p>\n<p>.<\/p>\n<h3>MERCADO OCUPACIONAL<\/h3>\n<ul>\n<li>Instituciones de educaci\u00f3n a todos los niveles.<\/li>\n<li>Centros de investigaci\u00f3n.<\/li>\n<li>Instituciones financieras.<\/li>\n<li>Empresas de telecomunicaciones y petroleras.<\/li>\n<\/ul>\n<p>&nbsp;<\/p>\n<h3>CARRERAS AFINES<\/h3>\n<p style=\"text-align: justify;\">Ciencias Actuariales, Ciencias Estad\u00edsticas, Computaci\u00f3n, Educaci\u00f3n Menci\u00f3n Matem\u00e1tica, F\u00edsica, Ingenier\u00eda en Computaci\u00f3n.<\/p>\n<p>&nbsp;<\/p>\n<p><img fetchpriority=\"high\" decoding=\"async\" class=\"size-medium wp-image-313 aligncenter\" src=\"https:\/\/www.facyt.uc.edu.ve\/web\/wp-content\/uploads\/2021\/05\/matematica-300x225.jpg\" alt=\"\" width=\"300\" height=\"225\" srcset=\"https:\/\/www.facyt.uc.edu.ve\/web\/wp-content\/uploads\/2021\/05\/matematica-300x225.jpg 300w, https:\/\/www.facyt.uc.edu.ve\/web\/wp-content\/uploads\/2021\/05\/matematica-768x575.jpg 768w, https:\/\/www.facyt.uc.edu.ve\/web\/wp-content\/uploads\/2021\/05\/matematica.jpg 999w\" sizes=\"(max-width: 300px) 100vw, 300px\" \/>[\/vc_column_text][\/vc_column][\/vc_row]<\/p>\n<\/div>","protected":false},"excerpt":{"rendered":"<p>[vc_row][vc_column][vc_column_text] El Licenciado en Matem\u00e1tica, resuelve problemas matem\u00e1ticos complejos e incidentales en las investigaciones cient\u00edficas y en las actividades econ\u00f3micas. Ejerce funciones de asesor sobre diversas aplicaciones del an\u00e1lisis matem\u00e1tico. Efect\u00faa investigaciones para descubrir nuevos m\u00e9todos para aplicar la teor\u00eda o el an\u00e1lisis matem\u00e1tico a sectores existentes<\/p>\n","protected":false},"author":1,"featured_media":0,"parent":0,"menu_order":0,"comment_status":"closed","ping_status":"closed","template":"","meta":{"footnotes":""},"class_list":["post-248","page","type-page","status-publish","hentry"],"yoast_head":"<!-- This site is optimized with the Yoast SEO plugin v27.1.1 - https:\/\/yoast.com\/product\/yoast-seo-wordpress\/ -->\n<title>Matem\u00e1ticas - Facultad Experimental de Ciencias y Tecnolog\u00eda<\/title>\n<meta name=\"robots\" content=\"index, follow, max-snippet:-1, max-image-preview:large, max-video-preview:-1\" \/>\n<link rel=\"canonical\" href=\"https:\/\/www.facyt.uc.edu.ve\/web\/matematicas\/\" \/>\n<meta property=\"og:locale\" content=\"es_ES\" \/>\n<meta property=\"og:type\" content=\"article\" \/>\n<meta property=\"og:title\" content=\"Matem\u00e1ticas - Facultad Experimental de Ciencias y Tecnolog\u00eda\" \/>\n<meta property=\"og:description\" content=\"[vc_row][vc_column][vc_column_text] El Licenciado en Matem\u00e1tica, resuelve problemas matem\u00e1ticos complejos e incidentales en las investigaciones cient\u00edficas y en las actividades econ\u00f3micas. Ejerce funciones de asesor sobre diversas aplicaciones del an\u00e1lisis matem\u00e1tico. Efect\u00faa investigaciones para descubrir nuevos m\u00e9todos para aplicar la teor\u00eda o el an\u00e1lisis matem\u00e1tico a sectores existentes\" \/>\n<meta property=\"og:url\" content=\"https:\/\/www.facyt.uc.edu.ve\/web\/matematicas\/\" \/>\n<meta property=\"og:site_name\" content=\"Facultad Experimental de Ciencias y Tecnolog\u00eda\" \/>\n<meta property=\"article:modified_time\" content=\"2023-07-06T15:22:12+00:00\" \/>\n<meta property=\"og:image\" content=\"http:\/\/www.facyt.uc.edu.ve\/web\/wp-content\/uploads\/2021\/05\/matematica-300x225.jpg\" \/>\n<meta name=\"twitter:card\" content=\"summary_large_image\" \/>\n<meta name=\"twitter:label1\" content=\"Tiempo estimado de lectura\" \/>\n\t<meta name=\"twitter:data1\" content=\"1 minuto\" \/>\n<script type=\"application\/ld+json\" class=\"yoast-schema-graph\">{\"@context\":\"https:\/\/schema.org\",\"@graph\":[{\"@type\":\"WebPage\",\"@id\":\"https:\/\/www.facyt.uc.edu.ve\/web\/matematicas\/\",\"url\":\"https:\/\/www.facyt.uc.edu.ve\/web\/matematicas\/\",\"name\":\"Matem\u00e1ticas - Facultad Experimental de Ciencias y Tecnolog\u00eda\",\"isPartOf\":{\"@id\":\"https:\/\/www.facyt.uc.edu.ve\/web\/#website\"},\"primaryImageOfPage\":{\"@id\":\"https:\/\/www.facyt.uc.edu.ve\/web\/matematicas\/#primaryimage\"},\"image\":{\"@id\":\"https:\/\/www.facyt.uc.edu.ve\/web\/matematicas\/#primaryimage\"},\"thumbnailUrl\":\"http:\/\/www.facyt.uc.edu.ve\/web\/wp-content\/uploads\/2021\/05\/matematica-300x225.jpg\",\"datePublished\":\"2021-05-11T10:38:28+00:00\",\"dateModified\":\"2023-07-06T15:22:12+00:00\",\"breadcrumb\":{\"@id\":\"https:\/\/www.facyt.uc.edu.ve\/web\/matematicas\/#breadcrumb\"},\"inLanguage\":\"es\",\"potentialAction\":[{\"@type\":\"ReadAction\",\"target\":[\"https:\/\/www.facyt.uc.edu.ve\/web\/matematicas\/\"]}]},{\"@type\":\"ImageObject\",\"inLanguage\":\"es\",\"@id\":\"https:\/\/www.facyt.uc.edu.ve\/web\/matematicas\/#primaryimage\",\"url\":\"http:\/\/www.facyt.uc.edu.ve\/web\/wp-content\/uploads\/2021\/05\/matematica-300x225.jpg\",\"contentUrl\":\"http:\/\/www.facyt.uc.edu.ve\/web\/wp-content\/uploads\/2021\/05\/matematica-300x225.jpg\"},{\"@type\":\"BreadcrumbList\",\"@id\":\"https:\/\/www.facyt.uc.edu.ve\/web\/matematicas\/#breadcrumb\",\"itemListElement\":[{\"@type\":\"ListItem\",\"position\":1,\"name\":\"Portada\",\"item\":\"https:\/\/www.facyt.uc.edu.ve\/web\/\"},{\"@type\":\"ListItem\",\"position\":2,\"name\":\"Matem\u00e1ticas\"}]},{\"@type\":\"WebSite\",\"@id\":\"https:\/\/www.facyt.uc.edu.ve\/web\/#website\",\"url\":\"https:\/\/www.facyt.uc.edu.ve\/web\/\",\"name\":\"Facultad Experimental de Ciencias y Tecnolog\u00eda\",\"description\":\"FaCyT UC\",\"publisher\":{\"@id\":\"https:\/\/www.facyt.uc.edu.ve\/web\/#organization\"},\"alternateName\":\"FaCyT\",\"potentialAction\":[{\"@type\":\"SearchAction\",\"target\":{\"@type\":\"EntryPoint\",\"urlTemplate\":\"https:\/\/www.facyt.uc.edu.ve\/web\/?s={search_term_string}\"},\"query-input\":{\"@type\":\"PropertyValueSpecification\",\"valueRequired\":true,\"valueName\":\"search_term_string\"}}],\"inLanguage\":\"es\"},{\"@type\":\"Organization\",\"@id\":\"https:\/\/www.facyt.uc.edu.ve\/web\/#organization\",\"name\":\"Facultad Experimental de Ciencias y Tecnolog\u00eda\",\"url\":\"https:\/\/www.facyt.uc.edu.ve\/web\/\",\"logo\":{\"@type\":\"ImageObject\",\"inLanguage\":\"es\",\"@id\":\"https:\/\/www.facyt.uc.edu.ve\/web\/#\/schema\/logo\/image\/\",\"url\":\"https:\/\/www.facyt.uc.edu.ve\/web\/wp-content\/uploads\/2025\/11\/Logo_de_la_Facultad_Experimental_de_Ciencia_y_Tecnologia-scaled.jpg\",\"contentUrl\":\"https:\/\/www.facyt.uc.edu.ve\/web\/wp-content\/uploads\/2025\/11\/Logo_de_la_Facultad_Experimental_de_Ciencia_y_Tecnologia-scaled.jpg\",\"width\":2560,\"height\":2560,\"caption\":\"Facultad Experimental de Ciencias y Tecnolog\u00eda\"},\"image\":{\"@id\":\"https:\/\/www.facyt.uc.edu.ve\/web\/#\/schema\/logo\/image\/\"},\"sameAs\":[\"https:\/\/instagram.com\/facytuc.oficial\/yoast\"]}]}<\/script>\n<!-- \/ Yoast SEO plugin. -->","yoast_head_json":{"title":"Matem\u00e1ticas - Facultad Experimental de Ciencias y Tecnolog\u00eda","robots":{"index":"index","follow":"follow","max-snippet":"max-snippet:-1","max-image-preview":"max-image-preview:large","max-video-preview":"max-video-preview:-1"},"canonical":"https:\/\/www.facyt.uc.edu.ve\/web\/matematicas\/","og_locale":"es_ES","og_type":"article","og_title":"Matem\u00e1ticas - Facultad Experimental de Ciencias y Tecnolog\u00eda","og_description":"[vc_row][vc_column][vc_column_text] El Licenciado en Matem\u00e1tica, resuelve problemas matem\u00e1ticos complejos e incidentales en las investigaciones cient\u00edficas y en las actividades econ\u00f3micas. Ejerce funciones de asesor sobre diversas aplicaciones del an\u00e1lisis matem\u00e1tico. Efect\u00faa investigaciones para descubrir nuevos m\u00e9todos para aplicar la teor\u00eda o el an\u00e1lisis matem\u00e1tico a sectores existentes","og_url":"https:\/\/www.facyt.uc.edu.ve\/web\/matematicas\/","og_site_name":"Facultad Experimental de Ciencias y Tecnolog\u00eda","article_modified_time":"2023-07-06T15:22:12+00:00","og_image":[{"url":"http:\/\/www.facyt.uc.edu.ve\/web\/wp-content\/uploads\/2021\/05\/matematica-300x225.jpg","type":"","width":"","height":""}],"twitter_card":"summary_large_image","twitter_misc":{"Tiempo estimado de lectura":"1 minuto"},"schema":{"@context":"https:\/\/schema.org","@graph":[{"@type":"WebPage","@id":"https:\/\/www.facyt.uc.edu.ve\/web\/matematicas\/","url":"https:\/\/www.facyt.uc.edu.ve\/web\/matematicas\/","name":"Matem\u00e1ticas - Facultad Experimental de Ciencias y Tecnolog\u00eda","isPartOf":{"@id":"https:\/\/www.facyt.uc.edu.ve\/web\/#website"},"primaryImageOfPage":{"@id":"https:\/\/www.facyt.uc.edu.ve\/web\/matematicas\/#primaryimage"},"image":{"@id":"https:\/\/www.facyt.uc.edu.ve\/web\/matematicas\/#primaryimage"},"thumbnailUrl":"http:\/\/www.facyt.uc.edu.ve\/web\/wp-content\/uploads\/2021\/05\/matematica-300x225.jpg","datePublished":"2021-05-11T10:38:28+00:00","dateModified":"2023-07-06T15:22:12+00:00","breadcrumb":{"@id":"https:\/\/www.facyt.uc.edu.ve\/web\/matematicas\/#breadcrumb"},"inLanguage":"es","potentialAction":[{"@type":"ReadAction","target":["https:\/\/www.facyt.uc.edu.ve\/web\/matematicas\/"]}]},{"@type":"ImageObject","inLanguage":"es","@id":"https:\/\/www.facyt.uc.edu.ve\/web\/matematicas\/#primaryimage","url":"http:\/\/www.facyt.uc.edu.ve\/web\/wp-content\/uploads\/2021\/05\/matematica-300x225.jpg","contentUrl":"http:\/\/www.facyt.uc.edu.ve\/web\/wp-content\/uploads\/2021\/05\/matematica-300x225.jpg"},{"@type":"BreadcrumbList","@id":"https:\/\/www.facyt.uc.edu.ve\/web\/matematicas\/#breadcrumb","itemListElement":[{"@type":"ListItem","position":1,"name":"Portada","item":"https:\/\/www.facyt.uc.edu.ve\/web\/"},{"@type":"ListItem","position":2,"name":"Matem\u00e1ticas"}]},{"@type":"WebSite","@id":"https:\/\/www.facyt.uc.edu.ve\/web\/#website","url":"https:\/\/www.facyt.uc.edu.ve\/web\/","name":"Facultad Experimental de Ciencias y Tecnolog\u00eda","description":"FaCyT UC","publisher":{"@id":"https:\/\/www.facyt.uc.edu.ve\/web\/#organization"},"alternateName":"FaCyT","potentialAction":[{"@type":"SearchAction","target":{"@type":"EntryPoint","urlTemplate":"https:\/\/www.facyt.uc.edu.ve\/web\/?s={search_term_string}"},"query-input":{"@type":"PropertyValueSpecification","valueRequired":true,"valueName":"search_term_string"}}],"inLanguage":"es"},{"@type":"Organization","@id":"https:\/\/www.facyt.uc.edu.ve\/web\/#organization","name":"Facultad Experimental de Ciencias y Tecnolog\u00eda","url":"https:\/\/www.facyt.uc.edu.ve\/web\/","logo":{"@type":"ImageObject","inLanguage":"es","@id":"https:\/\/www.facyt.uc.edu.ve\/web\/#\/schema\/logo\/image\/","url":"https:\/\/www.facyt.uc.edu.ve\/web\/wp-content\/uploads\/2025\/11\/Logo_de_la_Facultad_Experimental_de_Ciencia_y_Tecnologia-scaled.jpg","contentUrl":"https:\/\/www.facyt.uc.edu.ve\/web\/wp-content\/uploads\/2025\/11\/Logo_de_la_Facultad_Experimental_de_Ciencia_y_Tecnologia-scaled.jpg","width":2560,"height":2560,"caption":"Facultad Experimental de Ciencias y Tecnolog\u00eda"},"image":{"@id":"https:\/\/www.facyt.uc.edu.ve\/web\/#\/schema\/logo\/image\/"},"sameAs":["https:\/\/instagram.com\/facytuc.oficial\/yoast"]}]}},"_links":{"self":[{"href":"https:\/\/www.facyt.uc.edu.ve\/web\/wp-json\/wp\/v2\/pages\/248","targetHints":{"allow":["GET"]}}],"collection":[{"href":"https:\/\/www.facyt.uc.edu.ve\/web\/wp-json\/wp\/v2\/pages"}],"about":[{"href":"https:\/\/www.facyt.uc.edu.ve\/web\/wp-json\/wp\/v2\/types\/page"}],"author":[{"embeddable":true,"href":"https:\/\/www.facyt.uc.edu.ve\/web\/wp-json\/wp\/v2\/users\/1"}],"replies":[{"embeddable":true,"href":"https:\/\/www.facyt.uc.edu.ve\/web\/wp-json\/wp\/v2\/comments?post=248"}],"version-history":[{"count":7,"href":"https:\/\/www.facyt.uc.edu.ve\/web\/wp-json\/wp\/v2\/pages\/248\/revisions"}],"predecessor-version":[{"id":2653,"href":"https:\/\/www.facyt.uc.edu.ve\/web\/wp-json\/wp\/v2\/pages\/248\/revisions\/2653"}],"wp:attachment":[{"href":"https:\/\/www.facyt.uc.edu.ve\/web\/wp-json\/wp\/v2\/media?parent=248"}],"curies":[{"name":"wp","href":"https:\/\/api.w.org\/{rel}","templated":true}]}}