{"id":244,"date":"2021-05-11T06:37:40","date_gmt":"2021-05-11T10:37:40","guid":{"rendered":"http:\/\/vps1.facyt.uc.edu.ve\/web\/?page_id=244"},"modified":"2023-07-06T11:20:38","modified_gmt":"2023-07-06T15:20:38","slug":"computacion","status":"publish","type":"page","link":"https:\/\/www.facyt.uc.edu.ve\/web\/computacion\/","title":{"rendered":"Computaci\u00f3n"},"content":{"rendered":"<div class=\"wpb-content-wrapper\"><p>[vc_row][vc_column][vc_column_text]<\/p>\n<p style=\"text-align: justify;\">El Licenciado en Computaci\u00f3n se ocupa de plantear y de resolver problemas que requieren la utilizaci\u00f3n del computador con una orientaci\u00f3n cient\u00edfica. Domina las t\u00e9cnicas del uso de las computadoras, programaci\u00f3n de c\u00e1lculos, programaci\u00f3n de problemas no num\u00e9ricos, m\u00e9todos de administraci\u00f3n interna de la m\u00e1quina, m\u00e9todos de simulaci\u00f3n, tratamientos de informaci\u00f3n. <!--more-->Resuelve problemas de utilizaci\u00f3n de los sistemas de computaci\u00f3n en el campo de las ciencias exactas, ciencias naturales y ciencias humanas.<\/p>\n<p>.<\/p>\n<h3>FUNCIONES<\/h3>\n<ul>\n<li>Selecci\u00f3n y Evaluaci\u00f3n de plataformas computacionales y formular esquemas de interconexi\u00f3n y comunicaci\u00f3n.<\/li>\n<li>Construcci\u00f3n y Mantenimiento de sistema de software.<\/li>\n<li>Resoluci\u00f3n de problemas tecnol\u00f3gicos con enfoque cient\u00edfico y Desarrollo de Investigaci\u00f3n aplicada a la Computaci\u00f3n y a la Inform\u00e1tica.<\/li>\n<\/ul>\n<p>&nbsp;<\/p>\n<h3>MERCADO OCUPACIONAL<\/h3>\n<p style=\"text-align: justify;\">Empresas manufactureras: distribuidoras de equipos de computaci\u00f3n; compa\u00f1\u00edas petroleras; ministerios; banca; organismos financieros; toda empresa u organizaci\u00f3n que utilice equipos de computaci\u00f3n.<\/p>\n<p>&nbsp;<\/p>\n<p><img fetchpriority=\"high\" decoding=\"async\" class=\"size-medium wp-image-304 aligncenter\" src=\"https:\/\/www.facyt.uc.edu.ve\/web\/wp-content\/uploads\/2021\/05\/computacion-300x225.jpg\" alt=\"\" width=\"300\" height=\"225\" srcset=\"https:\/\/www.facyt.uc.edu.ve\/web\/wp-content\/uploads\/2021\/05\/computacion-300x225.jpg 300w, https:\/\/www.facyt.uc.edu.ve\/web\/wp-content\/uploads\/2021\/05\/computacion-768x575.jpg 768w, https:\/\/www.facyt.uc.edu.ve\/web\/wp-content\/uploads\/2021\/05\/computacion.jpg 999w\" sizes=\"(max-width: 300px) 100vw, 300px\" \/>[\/vc_column_text][\/vc_column][\/vc_row]<\/p>\n<\/div>","protected":false},"excerpt":{"rendered":"<p>[vc_row][vc_column][vc_column_text] El Licenciado en Computaci\u00f3n se ocupa de plantear y de resolver problemas que requieren la utilizaci\u00f3n del computador con una orientaci\u00f3n cient\u00edfica. Domina las t\u00e9cnicas del uso de las computadoras, programaci\u00f3n de c\u00e1lculos, programaci\u00f3n de problemas no num\u00e9ricos, m\u00e9todos de administraci\u00f3n interna de la m\u00e1quina, m\u00e9todos de simulaci\u00f3n, tratamientos de informaci\u00f3n.<\/p>\n","protected":false},"author":1,"featured_media":0,"parent":0,"menu_order":0,"comment_status":"closed","ping_status":"closed","template":"","meta":{"footnotes":""},"class_list":["post-244","page","type-page","status-publish","hentry"],"yoast_head":"<!-- This site is optimized with the Yoast SEO plugin v27.1.1 - https:\/\/yoast.com\/product\/yoast-seo-wordpress\/ -->\n<title>Computaci\u00f3n - Facultad Experimental de Ciencias y Tecnolog\u00eda<\/title>\n<meta name=\"robots\" content=\"index, follow, max-snippet:-1, max-image-preview:large, max-video-preview:-1\" \/>\n<link rel=\"canonical\" href=\"https:\/\/www.facyt.uc.edu.ve\/web\/computacion\/\" \/>\n<meta property=\"og:locale\" content=\"es_ES\" \/>\n<meta property=\"og:type\" content=\"article\" \/>\n<meta property=\"og:title\" content=\"Computaci\u00f3n - Facultad Experimental de Ciencias y Tecnolog\u00eda\" \/>\n<meta property=\"og:description\" content=\"[vc_row][vc_column][vc_column_text] El Licenciado en Computaci\u00f3n se ocupa de plantear y de resolver problemas que requieren la utilizaci\u00f3n del computador con una orientaci\u00f3n cient\u00edfica. Domina las t\u00e9cnicas del uso de las computadoras, programaci\u00f3n de c\u00e1lculos, programaci\u00f3n de problemas no num\u00e9ricos, m\u00e9todos de administraci\u00f3n interna de la m\u00e1quina, m\u00e9todos de simulaci\u00f3n, tratamientos de informaci\u00f3n.\" \/>\n<meta property=\"og:url\" content=\"https:\/\/www.facyt.uc.edu.ve\/web\/computacion\/\" \/>\n<meta property=\"og:site_name\" content=\"Facultad Experimental de Ciencias y Tecnolog\u00eda\" \/>\n<meta property=\"article:modified_time\" content=\"2023-07-06T15:20:38+00:00\" \/>\n<meta property=\"og:image\" content=\"http:\/\/www.facyt.uc.edu.ve\/web\/wp-content\/uploads\/2021\/05\/computacion-300x225.jpg\" \/>\n<meta name=\"twitter:card\" content=\"summary_large_image\" \/>\n<meta name=\"twitter:label1\" content=\"Tiempo estimado de lectura\" \/>\n\t<meta name=\"twitter:data1\" content=\"1 minuto\" \/>\n<script type=\"application\/ld+json\" class=\"yoast-schema-graph\">{\"@context\":\"https:\/\/schema.org\",\"@graph\":[{\"@type\":\"WebPage\",\"@id\":\"https:\/\/www.facyt.uc.edu.ve\/web\/computacion\/\",\"url\":\"https:\/\/www.facyt.uc.edu.ve\/web\/computacion\/\",\"name\":\"Computaci\u00f3n - Facultad Experimental de Ciencias y Tecnolog\u00eda\",\"isPartOf\":{\"@id\":\"https:\/\/www.facyt.uc.edu.ve\/web\/#website\"},\"primaryImageOfPage\":{\"@id\":\"https:\/\/www.facyt.uc.edu.ve\/web\/computacion\/#primaryimage\"},\"image\":{\"@id\":\"https:\/\/www.facyt.uc.edu.ve\/web\/computacion\/#primaryimage\"},\"thumbnailUrl\":\"http:\/\/www.facyt.uc.edu.ve\/web\/wp-content\/uploads\/2021\/05\/computacion-300x225.jpg\",\"datePublished\":\"2021-05-11T10:37:40+00:00\",\"dateModified\":\"2023-07-06T15:20:38+00:00\",\"breadcrumb\":{\"@id\":\"https:\/\/www.facyt.uc.edu.ve\/web\/computacion\/#breadcrumb\"},\"inLanguage\":\"es\",\"potentialAction\":[{\"@type\":\"ReadAction\",\"target\":[\"https:\/\/www.facyt.uc.edu.ve\/web\/computacion\/\"]}]},{\"@type\":\"ImageObject\",\"inLanguage\":\"es\",\"@id\":\"https:\/\/www.facyt.uc.edu.ve\/web\/computacion\/#primaryimage\",\"url\":\"http:\/\/www.facyt.uc.edu.ve\/web\/wp-content\/uploads\/2021\/05\/computacion-300x225.jpg\",\"contentUrl\":\"http:\/\/www.facyt.uc.edu.ve\/web\/wp-content\/uploads\/2021\/05\/computacion-300x225.jpg\"},{\"@type\":\"BreadcrumbList\",\"@id\":\"https:\/\/www.facyt.uc.edu.ve\/web\/computacion\/#breadcrumb\",\"itemListElement\":[{\"@type\":\"ListItem\",\"position\":1,\"name\":\"Portada\",\"item\":\"https:\/\/www.facyt.uc.edu.ve\/web\/\"},{\"@type\":\"ListItem\",\"position\":2,\"name\":\"Computaci\u00f3n\"}]},{\"@type\":\"WebSite\",\"@id\":\"https:\/\/www.facyt.uc.edu.ve\/web\/#website\",\"url\":\"https:\/\/www.facyt.uc.edu.ve\/web\/\",\"name\":\"Facultad Experimental de Ciencias y Tecnolog\u00eda\",\"description\":\"FaCyT UC\",\"publisher\":{\"@id\":\"https:\/\/www.facyt.uc.edu.ve\/web\/#organization\"},\"alternateName\":\"FaCyT\",\"potentialAction\":[{\"@type\":\"SearchAction\",\"target\":{\"@type\":\"EntryPoint\",\"urlTemplate\":\"https:\/\/www.facyt.uc.edu.ve\/web\/?s={search_term_string}\"},\"query-input\":{\"@type\":\"PropertyValueSpecification\",\"valueRequired\":true,\"valueName\":\"search_term_string\"}}],\"inLanguage\":\"es\"},{\"@type\":\"Organization\",\"@id\":\"https:\/\/www.facyt.uc.edu.ve\/web\/#organization\",\"name\":\"Facultad Experimental de Ciencias y Tecnolog\u00eda\",\"url\":\"https:\/\/www.facyt.uc.edu.ve\/web\/\",\"logo\":{\"@type\":\"ImageObject\",\"inLanguage\":\"es\",\"@id\":\"https:\/\/www.facyt.uc.edu.ve\/web\/#\/schema\/logo\/image\/\",\"url\":\"https:\/\/www.facyt.uc.edu.ve\/web\/wp-content\/uploads\/2025\/11\/Logo_de_la_Facultad_Experimental_de_Ciencia_y_Tecnologia-scaled.jpg\",\"contentUrl\":\"https:\/\/www.facyt.uc.edu.ve\/web\/wp-content\/uploads\/2025\/11\/Logo_de_la_Facultad_Experimental_de_Ciencia_y_Tecnologia-scaled.jpg\",\"width\":2560,\"height\":2560,\"caption\":\"Facultad Experimental de Ciencias y Tecnolog\u00eda\"},\"image\":{\"@id\":\"https:\/\/www.facyt.uc.edu.ve\/web\/#\/schema\/logo\/image\/\"},\"sameAs\":[\"https:\/\/instagram.com\/facytuc.oficial\/yoast\"]}]}<\/script>\n<!-- \/ Yoast SEO plugin. -->","yoast_head_json":{"title":"Computaci\u00f3n - Facultad Experimental de Ciencias y Tecnolog\u00eda","robots":{"index":"index","follow":"follow","max-snippet":"max-snippet:-1","max-image-preview":"max-image-preview:large","max-video-preview":"max-video-preview:-1"},"canonical":"https:\/\/www.facyt.uc.edu.ve\/web\/computacion\/","og_locale":"es_ES","og_type":"article","og_title":"Computaci\u00f3n - Facultad Experimental de Ciencias y Tecnolog\u00eda","og_description":"[vc_row][vc_column][vc_column_text] El Licenciado en Computaci\u00f3n se ocupa de plantear y de resolver problemas que requieren la utilizaci\u00f3n del computador con una orientaci\u00f3n cient\u00edfica. Domina las t\u00e9cnicas del uso de las computadoras, programaci\u00f3n de c\u00e1lculos, programaci\u00f3n de problemas no num\u00e9ricos, m\u00e9todos de administraci\u00f3n interna de la m\u00e1quina, m\u00e9todos de simulaci\u00f3n, tratamientos de informaci\u00f3n.","og_url":"https:\/\/www.facyt.uc.edu.ve\/web\/computacion\/","og_site_name":"Facultad Experimental de Ciencias y Tecnolog\u00eda","article_modified_time":"2023-07-06T15:20:38+00:00","og_image":[{"url":"http:\/\/www.facyt.uc.edu.ve\/web\/wp-content\/uploads\/2021\/05\/computacion-300x225.jpg","type":"","width":"","height":""}],"twitter_card":"summary_large_image","twitter_misc":{"Tiempo estimado de lectura":"1 minuto"},"schema":{"@context":"https:\/\/schema.org","@graph":[{"@type":"WebPage","@id":"https:\/\/www.facyt.uc.edu.ve\/web\/computacion\/","url":"https:\/\/www.facyt.uc.edu.ve\/web\/computacion\/","name":"Computaci\u00f3n - Facultad Experimental de Ciencias y Tecnolog\u00eda","isPartOf":{"@id":"https:\/\/www.facyt.uc.edu.ve\/web\/#website"},"primaryImageOfPage":{"@id":"https:\/\/www.facyt.uc.edu.ve\/web\/computacion\/#primaryimage"},"image":{"@id":"https:\/\/www.facyt.uc.edu.ve\/web\/computacion\/#primaryimage"},"thumbnailUrl":"http:\/\/www.facyt.uc.edu.ve\/web\/wp-content\/uploads\/2021\/05\/computacion-300x225.jpg","datePublished":"2021-05-11T10:37:40+00:00","dateModified":"2023-07-06T15:20:38+00:00","breadcrumb":{"@id":"https:\/\/www.facyt.uc.edu.ve\/web\/computacion\/#breadcrumb"},"inLanguage":"es","potentialAction":[{"@type":"ReadAction","target":["https:\/\/www.facyt.uc.edu.ve\/web\/computacion\/"]}]},{"@type":"ImageObject","inLanguage":"es","@id":"https:\/\/www.facyt.uc.edu.ve\/web\/computacion\/#primaryimage","url":"http:\/\/www.facyt.uc.edu.ve\/web\/wp-content\/uploads\/2021\/05\/computacion-300x225.jpg","contentUrl":"http:\/\/www.facyt.uc.edu.ve\/web\/wp-content\/uploads\/2021\/05\/computacion-300x225.jpg"},{"@type":"BreadcrumbList","@id":"https:\/\/www.facyt.uc.edu.ve\/web\/computacion\/#breadcrumb","itemListElement":[{"@type":"ListItem","position":1,"name":"Portada","item":"https:\/\/www.facyt.uc.edu.ve\/web\/"},{"@type":"ListItem","position":2,"name":"Computaci\u00f3n"}]},{"@type":"WebSite","@id":"https:\/\/www.facyt.uc.edu.ve\/web\/#website","url":"https:\/\/www.facyt.uc.edu.ve\/web\/","name":"Facultad Experimental de Ciencias y Tecnolog\u00eda","description":"FaCyT UC","publisher":{"@id":"https:\/\/www.facyt.uc.edu.ve\/web\/#organization"},"alternateName":"FaCyT","potentialAction":[{"@type":"SearchAction","target":{"@type":"EntryPoint","urlTemplate":"https:\/\/www.facyt.uc.edu.ve\/web\/?s={search_term_string}"},"query-input":{"@type":"PropertyValueSpecification","valueRequired":true,"valueName":"search_term_string"}}],"inLanguage":"es"},{"@type":"Organization","@id":"https:\/\/www.facyt.uc.edu.ve\/web\/#organization","name":"Facultad Experimental de Ciencias y Tecnolog\u00eda","url":"https:\/\/www.facyt.uc.edu.ve\/web\/","logo":{"@type":"ImageObject","inLanguage":"es","@id":"https:\/\/www.facyt.uc.edu.ve\/web\/#\/schema\/logo\/image\/","url":"https:\/\/www.facyt.uc.edu.ve\/web\/wp-content\/uploads\/2025\/11\/Logo_de_la_Facultad_Experimental_de_Ciencia_y_Tecnologia-scaled.jpg","contentUrl":"https:\/\/www.facyt.uc.edu.ve\/web\/wp-content\/uploads\/2025\/11\/Logo_de_la_Facultad_Experimental_de_Ciencia_y_Tecnologia-scaled.jpg","width":2560,"height":2560,"caption":"Facultad Experimental de Ciencias y Tecnolog\u00eda"},"image":{"@id":"https:\/\/www.facyt.uc.edu.ve\/web\/#\/schema\/logo\/image\/"},"sameAs":["https:\/\/instagram.com\/facytuc.oficial\/yoast"]}]}},"_links":{"self":[{"href":"https:\/\/www.facyt.uc.edu.ve\/web\/wp-json\/wp\/v2\/pages\/244","targetHints":{"allow":["GET"]}}],"collection":[{"href":"https:\/\/www.facyt.uc.edu.ve\/web\/wp-json\/wp\/v2\/pages"}],"about":[{"href":"https:\/\/www.facyt.uc.edu.ve\/web\/wp-json\/wp\/v2\/types\/page"}],"author":[{"embeddable":true,"href":"https:\/\/www.facyt.uc.edu.ve\/web\/wp-json\/wp\/v2\/users\/1"}],"replies":[{"embeddable":true,"href":"https:\/\/www.facyt.uc.edu.ve\/web\/wp-json\/wp\/v2\/comments?post=244"}],"version-history":[{"count":5,"href":"https:\/\/www.facyt.uc.edu.ve\/web\/wp-json\/wp\/v2\/pages\/244\/revisions"}],"predecessor-version":[{"id":2651,"href":"https:\/\/www.facyt.uc.edu.ve\/web\/wp-json\/wp\/v2\/pages\/244\/revisions\/2651"}],"wp:attachment":[{"href":"https:\/\/www.facyt.uc.edu.ve\/web\/wp-json\/wp\/v2\/media?parent=244"}],"curies":[{"name":"wp","href":"https:\/\/api.w.org\/{rel}","templated":true}]}}