{"id":242,"date":"2021-05-11T06:37:20","date_gmt":"2021-05-11T10:37:20","guid":{"rendered":"http:\/\/vps1.facyt.uc.edu.ve\/web\/?page_id=242"},"modified":"2023-07-06T11:19:40","modified_gmt":"2023-07-06T15:19:40","slug":"quimica","status":"publish","type":"page","link":"https:\/\/www.facyt.uc.edu.ve\/web\/quimica\/","title":{"rendered":"Qu\u00edmica"},"content":{"rendered":"<div class=\"wpb-content-wrapper\"><p>[vc_row][vc_column][vc_column_text]<\/p>\n<p style=\"text-align: justify;\">El Licenciado en Qu\u00edmica, estudia la materia, sus propiedades, composici\u00f3n, transformaciones en su estructura celular, molecular y at\u00f3mica. Realiza investigaciones, estudios, experimentos y an\u00e1lisis relacionados con la composici\u00f3n, propiedades y transformaciones de las sustancias; hace estudios de aislamiento, extracci\u00f3n o s\u00edntesis de productos qu\u00edmicos, <!--more-->investiga sus propiedades y como modificarlas; busca nuevos usos para los productos existentes; recomienda m\u00e9todos m\u00e1s eficaces de producci\u00f3n y supervisa el control de calidad de materias primas y productos. Asesora t\u00e9cnicamente a la industria para mejorar productos confeccionados en la rama de Bioqu\u00edmica: alimentos, fertilizantes, antibi\u00f3ticos y sueros. Su participaci\u00f3n es importante en las industrias extractivas (petr\u00f3leo), termo-din\u00e1mica, el\u00e9ctrica y de la Qu\u00edmica Coloidal. Se dedica a la investigaci\u00f3n dentro del campo de la Qu\u00edmica Org\u00e1nica, Inorg\u00e1nica, Fisicoqu\u00edmica y Qu\u00edmica Anal\u00edtica.<\/p>\n<h3>CAMPO DE TRABAJO<\/h3>\n<ul>\n<li>Industria petroqu\u00edmica (pl\u00e1sticos, productos qu\u00edmicos y derivados del petr\u00f3leo).<\/li>\n<li>Industria minera y metal\u00fargica (hierro, acero, aluminio, carb\u00f3n, entre otros).<\/li>\n<li>Industria de alimentos.<\/li>\n<li>F\u00e1bricas de pinturas.<\/li>\n<li>Colorantes.<\/li>\n<li>Empresas relacionadas con instrumentaci\u00f3n qu\u00edmica.<\/li>\n<li>Industrias textiles.<\/li>\n<li>Centros de investigaci\u00f3n, instituciones de educaci\u00f3n universitaria..<\/li>\n<\/ul>\n<p>&nbsp;<\/p>\n<h3>CARRERAS AFINES<\/h3>\n<p style=\"text-align: justify;\">Biolog\u00eda, Educaci\u00f3n Menci\u00f3n Qu\u00edmica, Farmacia, Geoqu\u00edmica, Ingenier\u00eda Metal\u00fargica, Ingenier\u00eda Qu\u00edmica.<\/p>\n<p>&nbsp;<\/p>\n<p><img fetchpriority=\"high\" decoding=\"async\" class=\"size-medium wp-image-302 aligncenter\" src=\"https:\/\/www.facyt.uc.edu.ve\/web\/wp-content\/uploads\/2021\/05\/quimica1-300x225.jpg\" alt=\"\" width=\"300\" height=\"225\" srcset=\"https:\/\/www.facyt.uc.edu.ve\/web\/wp-content\/uploads\/2021\/05\/quimica1-300x225.jpg 300w, https:\/\/www.facyt.uc.edu.ve\/web\/wp-content\/uploads\/2021\/05\/quimica1-768x575.jpg 768w, https:\/\/www.facyt.uc.edu.ve\/web\/wp-content\/uploads\/2021\/05\/quimica1.jpg 999w\" sizes=\"(max-width: 300px) 100vw, 300px\" \/>[\/vc_column_text][\/vc_column][\/vc_row]<\/p>\n<\/div>","protected":false},"excerpt":{"rendered":"<p>[vc_row][vc_column][vc_column_text] El Licenciado en Qu\u00edmica, estudia la materia, sus propiedades, composici\u00f3n, transformaciones en su estructura celular, molecular y at\u00f3mica. Realiza investigaciones, estudios, experimentos y an\u00e1lisis relacionados con la composici\u00f3n, propiedades y transformaciones de las sustancias; hace estudios de aislamiento, extracci\u00f3n o s\u00edntesis de productos qu\u00edmicos,<\/p>\n","protected":false},"author":1,"featured_media":0,"parent":0,"menu_order":0,"comment_status":"closed","ping_status":"closed","template":"","meta":{"footnotes":""},"class_list":["post-242","page","type-page","status-publish","hentry"],"yoast_head":"<!-- This site is optimized with the Yoast SEO plugin v27.1.1 - https:\/\/yoast.com\/product\/yoast-seo-wordpress\/ -->\n<title>Qu\u00edmica - Facultad Experimental de Ciencias y Tecnolog\u00eda<\/title>\n<meta name=\"robots\" content=\"index, follow, max-snippet:-1, max-image-preview:large, max-video-preview:-1\" \/>\n<link rel=\"canonical\" href=\"https:\/\/www.facyt.uc.edu.ve\/web\/quimica\/\" \/>\n<meta property=\"og:locale\" content=\"es_ES\" \/>\n<meta property=\"og:type\" content=\"article\" \/>\n<meta property=\"og:title\" content=\"Qu\u00edmica - Facultad Experimental de Ciencias y Tecnolog\u00eda\" \/>\n<meta property=\"og:description\" content=\"[vc_row][vc_column][vc_column_text] El Licenciado en Qu\u00edmica, estudia la materia, sus propiedades, composici\u00f3n, transformaciones en su estructura celular, molecular y at\u00f3mica. Realiza investigaciones, estudios, experimentos y an\u00e1lisis relacionados con la composici\u00f3n, propiedades y transformaciones de las sustancias; hace estudios de aislamiento, extracci\u00f3n o s\u00edntesis de productos qu\u00edmicos,\" \/>\n<meta property=\"og:url\" content=\"https:\/\/www.facyt.uc.edu.ve\/web\/quimica\/\" \/>\n<meta property=\"og:site_name\" content=\"Facultad Experimental de Ciencias y Tecnolog\u00eda\" \/>\n<meta property=\"article:modified_time\" content=\"2023-07-06T15:19:40+00:00\" \/>\n<meta property=\"og:image\" content=\"http:\/\/www.facyt.uc.edu.ve\/web\/wp-content\/uploads\/2021\/05\/quimica1-300x225.jpg\" \/>\n<meta name=\"twitter:card\" content=\"summary_large_image\" \/>\n<meta name=\"twitter:label1\" content=\"Tiempo estimado de lectura\" \/>\n\t<meta name=\"twitter:data1\" content=\"1 minuto\" \/>\n<script type=\"application\/ld+json\" class=\"yoast-schema-graph\">{\"@context\":\"https:\/\/schema.org\",\"@graph\":[{\"@type\":\"WebPage\",\"@id\":\"https:\/\/www.facyt.uc.edu.ve\/web\/quimica\/\",\"url\":\"https:\/\/www.facyt.uc.edu.ve\/web\/quimica\/\",\"name\":\"Qu\u00edmica - Facultad Experimental de Ciencias y Tecnolog\u00eda\",\"isPartOf\":{\"@id\":\"https:\/\/www.facyt.uc.edu.ve\/web\/#website\"},\"primaryImageOfPage\":{\"@id\":\"https:\/\/www.facyt.uc.edu.ve\/web\/quimica\/#primaryimage\"},\"image\":{\"@id\":\"https:\/\/www.facyt.uc.edu.ve\/web\/quimica\/#primaryimage\"},\"thumbnailUrl\":\"http:\/\/www.facyt.uc.edu.ve\/web\/wp-content\/uploads\/2021\/05\/quimica1-300x225.jpg\",\"datePublished\":\"2021-05-11T10:37:20+00:00\",\"dateModified\":\"2023-07-06T15:19:40+00:00\",\"breadcrumb\":{\"@id\":\"https:\/\/www.facyt.uc.edu.ve\/web\/quimica\/#breadcrumb\"},\"inLanguage\":\"es\",\"potentialAction\":[{\"@type\":\"ReadAction\",\"target\":[\"https:\/\/www.facyt.uc.edu.ve\/web\/quimica\/\"]}]},{\"@type\":\"ImageObject\",\"inLanguage\":\"es\",\"@id\":\"https:\/\/www.facyt.uc.edu.ve\/web\/quimica\/#primaryimage\",\"url\":\"http:\/\/www.facyt.uc.edu.ve\/web\/wp-content\/uploads\/2021\/05\/quimica1-300x225.jpg\",\"contentUrl\":\"http:\/\/www.facyt.uc.edu.ve\/web\/wp-content\/uploads\/2021\/05\/quimica1-300x225.jpg\"},{\"@type\":\"BreadcrumbList\",\"@id\":\"https:\/\/www.facyt.uc.edu.ve\/web\/quimica\/#breadcrumb\",\"itemListElement\":[{\"@type\":\"ListItem\",\"position\":1,\"name\":\"Portada\",\"item\":\"https:\/\/www.facyt.uc.edu.ve\/web\/\"},{\"@type\":\"ListItem\",\"position\":2,\"name\":\"Qu\u00edmica\"}]},{\"@type\":\"WebSite\",\"@id\":\"https:\/\/www.facyt.uc.edu.ve\/web\/#website\",\"url\":\"https:\/\/www.facyt.uc.edu.ve\/web\/\",\"name\":\"Facultad Experimental de Ciencias y Tecnolog\u00eda\",\"description\":\"FaCyT UC\",\"publisher\":{\"@id\":\"https:\/\/www.facyt.uc.edu.ve\/web\/#organization\"},\"alternateName\":\"FaCyT\",\"potentialAction\":[{\"@type\":\"SearchAction\",\"target\":{\"@type\":\"EntryPoint\",\"urlTemplate\":\"https:\/\/www.facyt.uc.edu.ve\/web\/?s={search_term_string}\"},\"query-input\":{\"@type\":\"PropertyValueSpecification\",\"valueRequired\":true,\"valueName\":\"search_term_string\"}}],\"inLanguage\":\"es\"},{\"@type\":\"Organization\",\"@id\":\"https:\/\/www.facyt.uc.edu.ve\/web\/#organization\",\"name\":\"Facultad Experimental de Ciencias y Tecnolog\u00eda\",\"url\":\"https:\/\/www.facyt.uc.edu.ve\/web\/\",\"logo\":{\"@type\":\"ImageObject\",\"inLanguage\":\"es\",\"@id\":\"https:\/\/www.facyt.uc.edu.ve\/web\/#\/schema\/logo\/image\/\",\"url\":\"https:\/\/www.facyt.uc.edu.ve\/web\/wp-content\/uploads\/2025\/11\/Logo_de_la_Facultad_Experimental_de_Ciencia_y_Tecnologia-scaled.jpg\",\"contentUrl\":\"https:\/\/www.facyt.uc.edu.ve\/web\/wp-content\/uploads\/2025\/11\/Logo_de_la_Facultad_Experimental_de_Ciencia_y_Tecnologia-scaled.jpg\",\"width\":2560,\"height\":2560,\"caption\":\"Facultad Experimental de Ciencias y Tecnolog\u00eda\"},\"image\":{\"@id\":\"https:\/\/www.facyt.uc.edu.ve\/web\/#\/schema\/logo\/image\/\"},\"sameAs\":[\"https:\/\/instagram.com\/facytuc.oficial\/yoast\"]}]}<\/script>\n<!-- \/ Yoast SEO plugin. -->","yoast_head_json":{"title":"Qu\u00edmica - Facultad Experimental de Ciencias y Tecnolog\u00eda","robots":{"index":"index","follow":"follow","max-snippet":"max-snippet:-1","max-image-preview":"max-image-preview:large","max-video-preview":"max-video-preview:-1"},"canonical":"https:\/\/www.facyt.uc.edu.ve\/web\/quimica\/","og_locale":"es_ES","og_type":"article","og_title":"Qu\u00edmica - Facultad Experimental de Ciencias y Tecnolog\u00eda","og_description":"[vc_row][vc_column][vc_column_text] El Licenciado en Qu\u00edmica, estudia la materia, sus propiedades, composici\u00f3n, transformaciones en su estructura celular, molecular y at\u00f3mica. Realiza investigaciones, estudios, experimentos y an\u00e1lisis relacionados con la composici\u00f3n, propiedades y transformaciones de las sustancias; hace estudios de aislamiento, extracci\u00f3n o s\u00edntesis de productos qu\u00edmicos,","og_url":"https:\/\/www.facyt.uc.edu.ve\/web\/quimica\/","og_site_name":"Facultad Experimental de Ciencias y Tecnolog\u00eda","article_modified_time":"2023-07-06T15:19:40+00:00","og_image":[{"url":"http:\/\/www.facyt.uc.edu.ve\/web\/wp-content\/uploads\/2021\/05\/quimica1-300x225.jpg","type":"","width":"","height":""}],"twitter_card":"summary_large_image","twitter_misc":{"Tiempo estimado de lectura":"1 minuto"},"schema":{"@context":"https:\/\/schema.org","@graph":[{"@type":"WebPage","@id":"https:\/\/www.facyt.uc.edu.ve\/web\/quimica\/","url":"https:\/\/www.facyt.uc.edu.ve\/web\/quimica\/","name":"Qu\u00edmica - Facultad Experimental de Ciencias y Tecnolog\u00eda","isPartOf":{"@id":"https:\/\/www.facyt.uc.edu.ve\/web\/#website"},"primaryImageOfPage":{"@id":"https:\/\/www.facyt.uc.edu.ve\/web\/quimica\/#primaryimage"},"image":{"@id":"https:\/\/www.facyt.uc.edu.ve\/web\/quimica\/#primaryimage"},"thumbnailUrl":"http:\/\/www.facyt.uc.edu.ve\/web\/wp-content\/uploads\/2021\/05\/quimica1-300x225.jpg","datePublished":"2021-05-11T10:37:20+00:00","dateModified":"2023-07-06T15:19:40+00:00","breadcrumb":{"@id":"https:\/\/www.facyt.uc.edu.ve\/web\/quimica\/#breadcrumb"},"inLanguage":"es","potentialAction":[{"@type":"ReadAction","target":["https:\/\/www.facyt.uc.edu.ve\/web\/quimica\/"]}]},{"@type":"ImageObject","inLanguage":"es","@id":"https:\/\/www.facyt.uc.edu.ve\/web\/quimica\/#primaryimage","url":"http:\/\/www.facyt.uc.edu.ve\/web\/wp-content\/uploads\/2021\/05\/quimica1-300x225.jpg","contentUrl":"http:\/\/www.facyt.uc.edu.ve\/web\/wp-content\/uploads\/2021\/05\/quimica1-300x225.jpg"},{"@type":"BreadcrumbList","@id":"https:\/\/www.facyt.uc.edu.ve\/web\/quimica\/#breadcrumb","itemListElement":[{"@type":"ListItem","position":1,"name":"Portada","item":"https:\/\/www.facyt.uc.edu.ve\/web\/"},{"@type":"ListItem","position":2,"name":"Qu\u00edmica"}]},{"@type":"WebSite","@id":"https:\/\/www.facyt.uc.edu.ve\/web\/#website","url":"https:\/\/www.facyt.uc.edu.ve\/web\/","name":"Facultad Experimental de Ciencias y Tecnolog\u00eda","description":"FaCyT UC","publisher":{"@id":"https:\/\/www.facyt.uc.edu.ve\/web\/#organization"},"alternateName":"FaCyT","potentialAction":[{"@type":"SearchAction","target":{"@type":"EntryPoint","urlTemplate":"https:\/\/www.facyt.uc.edu.ve\/web\/?s={search_term_string}"},"query-input":{"@type":"PropertyValueSpecification","valueRequired":true,"valueName":"search_term_string"}}],"inLanguage":"es"},{"@type":"Organization","@id":"https:\/\/www.facyt.uc.edu.ve\/web\/#organization","name":"Facultad Experimental de Ciencias y Tecnolog\u00eda","url":"https:\/\/www.facyt.uc.edu.ve\/web\/","logo":{"@type":"ImageObject","inLanguage":"es","@id":"https:\/\/www.facyt.uc.edu.ve\/web\/#\/schema\/logo\/image\/","url":"https:\/\/www.facyt.uc.edu.ve\/web\/wp-content\/uploads\/2025\/11\/Logo_de_la_Facultad_Experimental_de_Ciencia_y_Tecnologia-scaled.jpg","contentUrl":"https:\/\/www.facyt.uc.edu.ve\/web\/wp-content\/uploads\/2025\/11\/Logo_de_la_Facultad_Experimental_de_Ciencia_y_Tecnologia-scaled.jpg","width":2560,"height":2560,"caption":"Facultad Experimental de Ciencias y Tecnolog\u00eda"},"image":{"@id":"https:\/\/www.facyt.uc.edu.ve\/web\/#\/schema\/logo\/image\/"},"sameAs":["https:\/\/instagram.com\/facytuc.oficial\/yoast"]}]}},"_links":{"self":[{"href":"https:\/\/www.facyt.uc.edu.ve\/web\/wp-json\/wp\/v2\/pages\/242","targetHints":{"allow":["GET"]}}],"collection":[{"href":"https:\/\/www.facyt.uc.edu.ve\/web\/wp-json\/wp\/v2\/pages"}],"about":[{"href":"https:\/\/www.facyt.uc.edu.ve\/web\/wp-json\/wp\/v2\/types\/page"}],"author":[{"embeddable":true,"href":"https:\/\/www.facyt.uc.edu.ve\/web\/wp-json\/wp\/v2\/users\/1"}],"replies":[{"embeddable":true,"href":"https:\/\/www.facyt.uc.edu.ve\/web\/wp-json\/wp\/v2\/comments?post=242"}],"version-history":[{"count":4,"href":"https:\/\/www.facyt.uc.edu.ve\/web\/wp-json\/wp\/v2\/pages\/242\/revisions"}],"predecessor-version":[{"id":2650,"href":"https:\/\/www.facyt.uc.edu.ve\/web\/wp-json\/wp\/v2\/pages\/242\/revisions\/2650"}],"wp:attachment":[{"href":"https:\/\/www.facyt.uc.edu.ve\/web\/wp-json\/wp\/v2\/media?parent=242"}],"curies":[{"name":"wp","href":"https:\/\/api.w.org\/{rel}","templated":true}]}}