{"id":2386,"date":"2023-02-16T16:04:56","date_gmt":"2023-02-16T20:04:56","guid":{"rendered":"http:\/\/vps1.facyt.uc.edu.ve\/web\/?page_id=2386"},"modified":"2023-05-11T11:14:59","modified_gmt":"2023-05-11T15:14:59","slug":"informacion-de-interes","status":"publish","type":"page","link":"https:\/\/www.facyt.uc.edu.ve\/web\/informacion-de-interes\/","title":{"rendered":"Informaci\u00f3n de Inter\u00e9s"},"content":{"rendered":"<div class=\"wpb-content-wrapper\"><p>[vc_row][vc_column width=\u00bb1\/3&#8243;][vc_single_image image=\u00bb2356&#8243; img_size=\u00bb300&#215;200&#8243; alignment=\u00bbcenter\u00bb css=\u00bb.vc_custom_1676578167133{margin-bottom: 0px !important;border-top-width: 5px !important;border-right-width: 5px !important;border-bottom-width: 5px !important;border-left-width: 5px !important;border-left-color: #0092d0 !important;border-left-style: solid !important;border-right-color: #0092d0 !important;border-right-style: solid !important;border-top-color: #0092d0 !important;border-top-style: solid !important;border-bottom-color: #0092d0 !important;border-bottom-style: solid !important;}\u00bb][vc_btn title=\u00bbRecepci\u00f3n de Credenciales\u00bb shape=\u00bbsquare\u00bb color=\u00bbsky\u00bb size=\u00bbxs\u00bb align=\u00bbcenter\u00bb button_block=\u00bbtrue\u00bb el_class=\u00bbcarreras__boton\u00bb css=\u00bb.vc_custom_1677246986775{margin-top: -40px !important;border-top-width: 0px !important;border-right-width: 0px !important;border-bottom-width: 0px !important;border-left-width: 0px !important;}\u00bb link=\u00bburl:https%3A%2F%2Fwww.facytuc.com%2Fdescargas%2Frecepcion.docx|target:_blank\u00bb][\/vc_column][vc_column width=\u00bb1\/3&#8243;][vc_single_image image=\u00bb2352&#8243; img_size=\u00bbmedium\u00bb alignment=\u00bbcenter\u00bb css=\u00bb.vc_custom_1677160432277{margin-bottom: 0px !important;border-top-width: 5px !important;border-right-width: 5px !important;border-bottom-width: 5px !important;border-left-width: 5px !important;border-left-color: #0092d0 !important;border-left-style: solid !important;border-right-color: #0092d0 !important;border-right-style: solid !important;border-top-color: #0092d0 !important;border-top-style: solid !important;border-bottom-color: #0092d0 !important;border-bottom-style: solid !important;}\u00bb][vc_btn title=\u00bbCarta de Manifestaci\u00f3n de Voluntad\u00bb shape=\u00bbsquare\u00bb color=\u00bbsky\u00bb size=\u00bbxs\u00bb align=\u00bbcenter\u00bb button_block=\u00bbtrue\u00bb el_class=\u00bbcarreras__boton\u00bb css=\u00bb.vc_custom_1677246975621{margin-top: -40px !important;}\u00bb link=\u00bburl:https%3A%2F%2Fwww.facytuc.com%2Fdescargas%2Fmanifvolunt.docx|target:_blank\u00bb][\/vc_column][vc_column width=\u00bb1\/3&#8243;][vc_single_image image=\u00bb2446&#8243; img_size=\u00bb150&#215;150&#8243; alignment=\u00bbcenter\u00bb css=\u00bb.vc_custom_1677162781399{margin-bottom: 0px !important;border-top-width: 5px !important;border-right-width: 5px !important;border-bottom-width: 5px !important;border-left-width: 5px !important;border-left-color: #0092d0 !important;border-left-style: solid !important;border-right-color: #0092d0 !important;border-right-style: solid !important;border-top-color: #0092d0 !important;border-top-style: solid !important;border-bottom-color: #0092d0 !important;border-bottom-style: solid !important;}\u00bb][vc_btn title=\u00bbInstructivo\u00bb shape=\u00bbsquare\u00bb color=\u00bbsky\u00bb size=\u00bbxs\u00bb align=\u00bbcenter\u00bb button_block=\u00bbtrue\u00bb el_class=\u00bbcarreras__boton\u00bb css=\u00bb.vc_custom_1677246775757{margin-top: -40px !important;}\u00bb link=\u00bburl:https%3A%2F%2Fwww.facytuc.com%2Fdescargas%2Flineamientos.docx|target:_blank\u00bb][\/vc_column][\/vc_row][vc_row][vc_column width=\u00bb1\/3&#8243;][vc_single_image image=\u00bb1503&#8243; img_size=\u00bb300&#215;200&#8243; alignment=\u00bbcenter\u00bb css=\u00bb.vc_custom_1677169444652{margin-bottom: 0px !important;border-top-width: 5px !important;border-right-width: 5px !important;border-bottom-width: 5px !important;border-left-width: 5px !important;border-left-color: #0092d0 !important;border-left-style: solid !important;border-right-color: #0092d0 !important;border-right-style: solid !important;border-top-color: #0092d0 !important;border-top-style: solid !important;border-bottom-color: #0092d0 !important;border-bottom-style: solid !important;}\u00bb][vc_btn title=\u00bbExoneraci\u00f3n Arancelaria\u00bb shape=\u00bbsquare\u00bb color=\u00bbsky\u00bb size=\u00bbxs\u00bb align=\u00bbcenter\u00bb button_block=\u00bbtrue\u00bb el_class=\u00bbcarreras__boton\u00bb css=\u00bb.vc_custom_1677844809132{margin-top: -40px !important;border-top-width: 0px !important;border-right-width: 0px !important;border-bottom-width: 0px !important;border-left-width: 0px !important;}\u00bb link=\u00bburl:https%3A%2F%2Fwww.facytuc.com%2Fdescargas%2Fexoneracion.docx|target:_blank\u00bb][\/vc_column][vc_column width=\u00bb1\/3&#8243;][vc_single_image image=\u00bb2469&#8243; img_size=\u00bb150&#215;150&#8243; alignment=\u00bbcenter\u00bb css=\u00bb.vc_custom_1677844277918{margin-bottom: 0px !important;border-top-width: 5px !important;border-right-width: 5px !important;border-bottom-width: 5px !important;border-left-width: 5px !important;border-left-color: #0092d0 !important;border-left-style: solid !important;border-right-color: #0092d0 !important;border-right-style: solid !important;border-top-color: #0092d0 !important;border-top-style: solid !important;border-bottom-color: #0092d0 !important;border-bottom-style: solid !important;}\u00bb][vc_btn title=\u00bbJurados Concurso\u00bb shape=\u00bbsquare\u00bb color=\u00bbsky\u00bb size=\u00bbxs\u00bb align=\u00bbcenter\u00bb button_block=\u00bbtrue\u00bb el_class=\u00bbcarreras__boton\u00bb css=\u00bb.vc_custom_1677844467458{margin-top: -40px !important;border-top-width: 0px !important;border-right-width: 0px !important;border-bottom-width: 0px !important;border-left-width: 0px !important;}\u00bb link=\u00bburl:http%3A%2F%2Fwww.facyt.uc.edu.ve%2Fweb%2F%3Fpage_id%3D2478&#8243;][\/vc_column][vc_column width=\u00bb1\/3&#8243;][vc_single_image image=\u00bb2476&#8243; img_size=\u00bb150&#215;150&#8243; alignment=\u00bbcenter\u00bb css=\u00bb.vc_custom_1677844334470{margin-bottom: 0px !important;border-top-width: 5px !important;border-right-width: 5px !important;border-bottom-width: 5px !important;border-left-width: 5px !important;border-left-color: #0092d0 !important;border-left-style: solid !important;border-right-color: #0092d0 !important;border-right-style: solid !important;border-top-color: #0092d0 !important;border-top-style: solid !important;border-bottom-color: #0092d0 !important;border-bottom-style: solid !important;}\u00bb][vc_btn title=\u00bbComisi\u00f3n Credenciales\u00bb shape=\u00bbsquare\u00bb color=\u00bbsky\u00bb size=\u00bbxs\u00bb align=\u00bbcenter\u00bb button_block=\u00bbtrue\u00bb el_class=\u00bbcarreras__boton\u00bb css=\u00bb.vc_custom_1677844533323{margin-top: -40px !important;border-top-width: 0px !important;border-right-width: 0px !important;border-bottom-width: 0px !important;border-left-width: 0px !important;}\u00bb link=\u00bburl:http%3A%2F%2Fwww.facyt.uc.edu.ve%2Fweb%2F%3Fpage_id%3D2481&#8243;][\/vc_column][\/vc_row][vc_row][vc_column width=\u00bb1\/3&#8243;][vc_single_image image=\u00bb2551&#8243; img_size=\u00bb150&#215;150&#8243; alignment=\u00bbcenter\u00bb css=\u00bb.vc_custom_1679596753560{margin-bottom: 0px !important;border-top-width: 5px !important;border-right-width: 5px !important;border-bottom-width: 5px !important;border-left-width: 5px !important;border-left-color: #0092d0 !important;border-left-style: solid !important;border-right-color: #0092d0 !important;border-right-style: solid !important;border-top-color: #0092d0 !important;border-top-style: solid !important;border-bottom-color: #0092d0 !important;border-bottom-style: solid !important;}\u00bb][vc_btn title=\u00bbLista de Concursantes\u00bb shape=\u00bbsquare\u00bb color=\u00bbsky\u00bb size=\u00bbxs\u00bb align=\u00bbcenter\u00bb button_block=\u00bbtrue\u00bb el_class=\u00bbcarreras__boton\u00bb css=\u00bb.vc_custom_1679609406910{margin-top: -40px !important;border-top-width: 0px !important;border-right-width: 0px !important;border-bottom-width: 0px !important;border-left-width: 0px !important;}\u00bb link=\u00bburl:http%3A%2F%2Fwww.facyt.uc.edu.ve%2Fweb%2Fwp-content%2Fuploads%2F2023%2F03%2FLISTA-DE-CONCURSANTES_CORREG.pdf|target:_blank\u00bb][\/vc_column][vc_column width=\u00bb1\/3&#8243;][vc_single_image image=\u00bb2567&#8243; img_size=\u00bb150&#215;150&#8243; alignment=\u00bbcenter\u00bb css=\u00bb.vc_custom_1681388689751{margin-bottom: 0px !important;border-top-width: 5px !important;border-right-width: 5px !important;border-bottom-width: 5px !important;border-left-width: 5px !important;border-left-color: #0092d0 !important;border-left-style: solid !important;border-right-color: #0092d0 !important;border-right-style: solid !important;border-top-color: #0092d0 !important;border-top-style: solid !important;border-bottom-color: #0092d0 !important;border-bottom-style: solid !important;}\u00bb][vc_btn title=\u00bbPartcipantes que cumplen el perfil\u00bb shape=\u00bbsquare\u00bb color=\u00bbsky\u00bb size=\u00bbxs\u00bb align=\u00bbcenter\u00bb button_block=\u00bbtrue\u00bb el_class=\u00bbcarreras__boton\u00bb css=\u00bb.vc_custom_1681388753244{margin-top: -40px !important;border-top-width: 0px !important;border-right-width: 0px !important;border-bottom-width: 0px !important;border-left-width: 0px !important;}\u00bb link=\u00bburl:http%3A%2F%2Fwww.facyt.uc.edu.ve%2Fweb%2Fwp-content%2Fuploads%2F2023%2F04%2FListado.pdf|target:_blank\u00bb][\/vc_column][vc_column width=\u00bb1\/3&#8243;][vc_single_image image=\u00bb2551&#8243; img_size=\u00bb150&#215;150&#8243; alignment=\u00bbcenter\u00bb css=\u00bb.vc_custom_1679596753560{margin-bottom: 0px !important;border-top-width: 5px !important;border-right-width: 5px !important;border-bottom-width: 5px !important;border-left-width: 5px !important;border-left-color: #0092d0 !important;border-left-style: solid !important;border-right-color: #0092d0 !important;border-right-style: solid !important;border-top-color: #0092d0 !important;border-top-style: solid !important;border-bottom-color: #0092d0 !important;border-bottom-style: solid !important;}\u00bb][vc_btn title=\u00bbNotas al 09\/05\/2023&#8243; shape=\u00bbsquare\u00bb color=\u00bbsky\u00bb size=\u00bbxs\u00bb align=\u00bbcenter\u00bb button_block=\u00bbtrue\u00bb el_class=\u00bbcarreras__boton\u00bb css=\u00bb.vc_custom_1683818097638{margin-top: -40px !important;border-top-width: 0px !important;border-right-width: 0px !important;border-bottom-width: 0px !important;border-left-width: 0px !important;}\u00bb link=\u00bburl:http%3A%2F%2Fwww.facyt.uc.edu.ve%2Fweb%2Fwp-content%2Fuploads%2F2023%2F05%2Fnotas09052023.pdf|target:_blank\u00bb][\/vc_column][\/vc_row]<\/p>\n<\/div>","protected":false},"excerpt":{"rendered":"<p>[vc_row][vc_column width=\u00bb1\/3&#8243;][vc_single_image image=\u00bb2356&#8243; img_size=\u00bb300&#215;200&#8243; alignment=\u00bbcenter\u00bb css=\u00bb.vc_custom_1676578167133{margin-bottom: 0px !important;border-top-width: 5px !important;border-right-width: 5px !important;border-bottom-width: 5px !important;border-left-width: 5px !important;border-left-color: #0092d0 !important;border-left-style: solid !important;border-right-color: #0092d0 !important;border-right-style: solid !important;border-top-color: #0092d0 !important;border-top-style: solid !important;border-bottom-color: #0092d0 !important;border-bottom-style: solid !important;}\u00bb][vc_btn title=\u00bbRecepci\u00f3n de Credenciales\u00bb shape=\u00bbsquare\u00bb color=\u00bbsky\u00bb size=\u00bbxs\u00bb align=\u00bbcenter\u00bb button_block=\u00bbtrue\u00bb el_class=\u00bbcarreras__boton\u00bb css=\u00bb.vc_custom_1677246986775{margin-top: -40px !important;border-top-width: 0px !important;border-right-width: 0px !important;border-bottom-width: 0px !important;border-left-width: 0px !important;}\u00bb link=\u00bburl:https%3A%2F%2Fwww.facytuc.com%2Fdescargas%2Frecepcion.docx|target:_blank\u00bb][\/vc_column][vc_column width=\u00bb1\/3&#8243;][vc_single_image image=\u00bb2352&#8243;&hellip;<\/p>\n","protected":false},"author":5,"featured_media":0,"parent":0,"menu_order":0,"comment_status":"closed","ping_status":"closed","template":"","meta":{"footnotes":""},"class_list":["post-2386","page","type-page","status-publish","hentry"],"yoast_head":"<!-- This site is optimized with the Yoast SEO plugin v27.1.1 - https:\/\/yoast.com\/product\/yoast-seo-wordpress\/ -->\n<title>Informaci\u00f3n de Inter\u00e9s - Facultad Experimental de Ciencias y Tecnolog\u00eda<\/title>\n<meta name=\"robots\" content=\"index, follow, max-snippet:-1, max-image-preview:large, max-video-preview:-1\" \/>\n<link rel=\"canonical\" href=\"https:\/\/www.facyt.uc.edu.ve\/web\/informacion-de-interes\/\" \/>\n<meta property=\"og:locale\" content=\"es_ES\" \/>\n<meta property=\"og:type\" content=\"article\" \/>\n<meta property=\"og:title\" content=\"Informaci\u00f3n de Inter\u00e9s - Facultad Experimental de Ciencias y Tecnolog\u00eda\" \/>\n<meta property=\"og:description\" content=\"[vc_row][vc_column width=\u00bb1\/3&#8243;][vc_single_image image=\u00bb2356&#8243; img_size=\u00bb300&#215;200&#8243; alignment=\u00bbcenter\u00bb css=\u00bb.vc_custom_1676578167133{margin-bottom: 0px !important;border-top-width: 5px !important;border-right-width: 5px !important;border-bottom-width: 5px !important;border-left-width: 5px !important;border-left-color: #0092d0 !important;border-left-style: solid !important;border-right-color: #0092d0 !important;border-right-style: solid !important;border-top-color: #0092d0 !important;border-top-style: solid !important;border-bottom-color: #0092d0 !important;border-bottom-style: solid !important;}\u00bb][vc_btn title=\u00bbRecepci\u00f3n de Credenciales\u00bb shape=\u00bbsquare\u00bb color=\u00bbsky\u00bb size=\u00bbxs\u00bb align=\u00bbcenter\u00bb button_block=\u00bbtrue\u00bb el_class=\u00bbcarreras__boton\u00bb css=\u00bb.vc_custom_1677246986775{margin-top: -40px !important;border-top-width: 0px !important;border-right-width: 0px !important;border-bottom-width: 0px !important;border-left-width: 0px !important;}\u00bb link=\u00bburl:https%3A%2F%2Fwww.facytuc.com%2Fdescargas%2Frecepcion.docx|target:_blank\u00bb][\/vc_column][vc_column width=\u00bb1\/3&#8243;][vc_single_image image=\u00bb2352&#8243;&hellip;\" \/>\n<meta property=\"og:url\" content=\"https:\/\/www.facyt.uc.edu.ve\/web\/informacion-de-interes\/\" \/>\n<meta property=\"og:site_name\" content=\"Facultad Experimental de Ciencias y Tecnolog\u00eda\" \/>\n<meta property=\"article:modified_time\" content=\"2023-05-11T15:14:59+00:00\" \/>\n<meta name=\"twitter:card\" content=\"summary_large_image\" \/>\n<meta name=\"twitter:label1\" content=\"Tiempo estimado de lectura\" \/>\n\t<meta name=\"twitter:data1\" content=\"5 minutos\" \/>\n<script type=\"application\/ld+json\" class=\"yoast-schema-graph\">{\"@context\":\"https:\/\/schema.org\",\"@graph\":[{\"@type\":\"WebPage\",\"@id\":\"https:\/\/www.facyt.uc.edu.ve\/web\/informacion-de-interes\/\",\"url\":\"https:\/\/www.facyt.uc.edu.ve\/web\/informacion-de-interes\/\",\"name\":\"Informaci\u00f3n de Inter\u00e9s - Facultad Experimental de Ciencias y Tecnolog\u00eda\",\"isPartOf\":{\"@id\":\"https:\/\/www.facyt.uc.edu.ve\/web\/#website\"},\"datePublished\":\"2023-02-16T20:04:56+00:00\",\"dateModified\":\"2023-05-11T15:14:59+00:00\",\"breadcrumb\":{\"@id\":\"https:\/\/www.facyt.uc.edu.ve\/web\/informacion-de-interes\/#breadcrumb\"},\"inLanguage\":\"es\",\"potentialAction\":[{\"@type\":\"ReadAction\",\"target\":[\"https:\/\/www.facyt.uc.edu.ve\/web\/informacion-de-interes\/\"]}]},{\"@type\":\"BreadcrumbList\",\"@id\":\"https:\/\/www.facyt.uc.edu.ve\/web\/informacion-de-interes\/#breadcrumb\",\"itemListElement\":[{\"@type\":\"ListItem\",\"position\":1,\"name\":\"Portada\",\"item\":\"https:\/\/www.facyt.uc.edu.ve\/web\/\"},{\"@type\":\"ListItem\",\"position\":2,\"name\":\"Informaci\u00f3n de Inter\u00e9s\"}]},{\"@type\":\"WebSite\",\"@id\":\"https:\/\/www.facyt.uc.edu.ve\/web\/#website\",\"url\":\"https:\/\/www.facyt.uc.edu.ve\/web\/\",\"name\":\"Facultad Experimental de Ciencias y Tecnolog\u00eda\",\"description\":\"FaCyT UC\",\"publisher\":{\"@id\":\"https:\/\/www.facyt.uc.edu.ve\/web\/#organization\"},\"alternateName\":\"FaCyT\",\"potentialAction\":[{\"@type\":\"SearchAction\",\"target\":{\"@type\":\"EntryPoint\",\"urlTemplate\":\"https:\/\/www.facyt.uc.edu.ve\/web\/?s={search_term_string}\"},\"query-input\":{\"@type\":\"PropertyValueSpecification\",\"valueRequired\":true,\"valueName\":\"search_term_string\"}}],\"inLanguage\":\"es\"},{\"@type\":\"Organization\",\"@id\":\"https:\/\/www.facyt.uc.edu.ve\/web\/#organization\",\"name\":\"Facultad Experimental de Ciencias y Tecnolog\u00eda\",\"url\":\"https:\/\/www.facyt.uc.edu.ve\/web\/\",\"logo\":{\"@type\":\"ImageObject\",\"inLanguage\":\"es\",\"@id\":\"https:\/\/www.facyt.uc.edu.ve\/web\/#\/schema\/logo\/image\/\",\"url\":\"https:\/\/www.facyt.uc.edu.ve\/web\/wp-content\/uploads\/2025\/11\/Logo_de_la_Facultad_Experimental_de_Ciencia_y_Tecnologia-scaled.jpg\",\"contentUrl\":\"https:\/\/www.facyt.uc.edu.ve\/web\/wp-content\/uploads\/2025\/11\/Logo_de_la_Facultad_Experimental_de_Ciencia_y_Tecnologia-scaled.jpg\",\"width\":2560,\"height\":2560,\"caption\":\"Facultad Experimental de Ciencias y Tecnolog\u00eda\"},\"image\":{\"@id\":\"https:\/\/www.facyt.uc.edu.ve\/web\/#\/schema\/logo\/image\/\"},\"sameAs\":[\"https:\/\/instagram.com\/facytuc.oficial\/yoast\"]}]}<\/script>\n<!-- \/ Yoast SEO plugin. -->","yoast_head_json":{"title":"Informaci\u00f3n de Inter\u00e9s - Facultad Experimental de Ciencias y Tecnolog\u00eda","robots":{"index":"index","follow":"follow","max-snippet":"max-snippet:-1","max-image-preview":"max-image-preview:large","max-video-preview":"max-video-preview:-1"},"canonical":"https:\/\/www.facyt.uc.edu.ve\/web\/informacion-de-interes\/","og_locale":"es_ES","og_type":"article","og_title":"Informaci\u00f3n de Inter\u00e9s - Facultad Experimental de Ciencias y Tecnolog\u00eda","og_description":"[vc_row][vc_column width=\u00bb1\/3&#8243;][vc_single_image image=\u00bb2356&#8243; img_size=\u00bb300&#215;200&#8243; alignment=\u00bbcenter\u00bb css=\u00bb.vc_custom_1676578167133{margin-bottom: 0px !important;border-top-width: 5px !important;border-right-width: 5px !important;border-bottom-width: 5px !important;border-left-width: 5px !important;border-left-color: #0092d0 !important;border-left-style: solid !important;border-right-color: #0092d0 !important;border-right-style: solid !important;border-top-color: #0092d0 !important;border-top-style: solid !important;border-bottom-color: #0092d0 !important;border-bottom-style: solid !important;}\u00bb][vc_btn title=\u00bbRecepci\u00f3n de Credenciales\u00bb shape=\u00bbsquare\u00bb color=\u00bbsky\u00bb size=\u00bbxs\u00bb align=\u00bbcenter\u00bb button_block=\u00bbtrue\u00bb el_class=\u00bbcarreras__boton\u00bb css=\u00bb.vc_custom_1677246986775{margin-top: -40px !important;border-top-width: 0px !important;border-right-width: 0px !important;border-bottom-width: 0px !important;border-left-width: 0px !important;}\u00bb link=\u00bburl:https%3A%2F%2Fwww.facytuc.com%2Fdescargas%2Frecepcion.docx|target:_blank\u00bb][\/vc_column][vc_column width=\u00bb1\/3&#8243;][vc_single_image image=\u00bb2352&#8243;&hellip;","og_url":"https:\/\/www.facyt.uc.edu.ve\/web\/informacion-de-interes\/","og_site_name":"Facultad Experimental de Ciencias y Tecnolog\u00eda","article_modified_time":"2023-05-11T15:14:59+00:00","twitter_card":"summary_large_image","twitter_misc":{"Tiempo estimado de lectura":"5 minutos"},"schema":{"@context":"https:\/\/schema.org","@graph":[{"@type":"WebPage","@id":"https:\/\/www.facyt.uc.edu.ve\/web\/informacion-de-interes\/","url":"https:\/\/www.facyt.uc.edu.ve\/web\/informacion-de-interes\/","name":"Informaci\u00f3n de Inter\u00e9s - Facultad Experimental de Ciencias y Tecnolog\u00eda","isPartOf":{"@id":"https:\/\/www.facyt.uc.edu.ve\/web\/#website"},"datePublished":"2023-02-16T20:04:56+00:00","dateModified":"2023-05-11T15:14:59+00:00","breadcrumb":{"@id":"https:\/\/www.facyt.uc.edu.ve\/web\/informacion-de-interes\/#breadcrumb"},"inLanguage":"es","potentialAction":[{"@type":"ReadAction","target":["https:\/\/www.facyt.uc.edu.ve\/web\/informacion-de-interes\/"]}]},{"@type":"BreadcrumbList","@id":"https:\/\/www.facyt.uc.edu.ve\/web\/informacion-de-interes\/#breadcrumb","itemListElement":[{"@type":"ListItem","position":1,"name":"Portada","item":"https:\/\/www.facyt.uc.edu.ve\/web\/"},{"@type":"ListItem","position":2,"name":"Informaci\u00f3n de Inter\u00e9s"}]},{"@type":"WebSite","@id":"https:\/\/www.facyt.uc.edu.ve\/web\/#website","url":"https:\/\/www.facyt.uc.edu.ve\/web\/","name":"Facultad Experimental de Ciencias y Tecnolog\u00eda","description":"FaCyT UC","publisher":{"@id":"https:\/\/www.facyt.uc.edu.ve\/web\/#organization"},"alternateName":"FaCyT","potentialAction":[{"@type":"SearchAction","target":{"@type":"EntryPoint","urlTemplate":"https:\/\/www.facyt.uc.edu.ve\/web\/?s={search_term_string}"},"query-input":{"@type":"PropertyValueSpecification","valueRequired":true,"valueName":"search_term_string"}}],"inLanguage":"es"},{"@type":"Organization","@id":"https:\/\/www.facyt.uc.edu.ve\/web\/#organization","name":"Facultad Experimental de Ciencias y Tecnolog\u00eda","url":"https:\/\/www.facyt.uc.edu.ve\/web\/","logo":{"@type":"ImageObject","inLanguage":"es","@id":"https:\/\/www.facyt.uc.edu.ve\/web\/#\/schema\/logo\/image\/","url":"https:\/\/www.facyt.uc.edu.ve\/web\/wp-content\/uploads\/2025\/11\/Logo_de_la_Facultad_Experimental_de_Ciencia_y_Tecnologia-scaled.jpg","contentUrl":"https:\/\/www.facyt.uc.edu.ve\/web\/wp-content\/uploads\/2025\/11\/Logo_de_la_Facultad_Experimental_de_Ciencia_y_Tecnologia-scaled.jpg","width":2560,"height":2560,"caption":"Facultad Experimental de Ciencias y Tecnolog\u00eda"},"image":{"@id":"https:\/\/www.facyt.uc.edu.ve\/web\/#\/schema\/logo\/image\/"},"sameAs":["https:\/\/instagram.com\/facytuc.oficial\/yoast"]}]}},"_links":{"self":[{"href":"https:\/\/www.facyt.uc.edu.ve\/web\/wp-json\/wp\/v2\/pages\/2386","targetHints":{"allow":["GET"]}}],"collection":[{"href":"https:\/\/www.facyt.uc.edu.ve\/web\/wp-json\/wp\/v2\/pages"}],"about":[{"href":"https:\/\/www.facyt.uc.edu.ve\/web\/wp-json\/wp\/v2\/types\/page"}],"author":[{"embeddable":true,"href":"https:\/\/www.facyt.uc.edu.ve\/web\/wp-json\/wp\/v2\/users\/5"}],"replies":[{"embeddable":true,"href":"https:\/\/www.facyt.uc.edu.ve\/web\/wp-json\/wp\/v2\/comments?post=2386"}],"version-history":[{"count":31,"href":"https:\/\/www.facyt.uc.edu.ve\/web\/wp-json\/wp\/v2\/pages\/2386\/revisions"}],"predecessor-version":[{"id":2572,"href":"https:\/\/www.facyt.uc.edu.ve\/web\/wp-json\/wp\/v2\/pages\/2386\/revisions\/2572"}],"wp:attachment":[{"href":"https:\/\/www.facyt.uc.edu.ve\/web\/wp-json\/wp\/v2\/media?parent=2386"}],"curies":[{"name":"wp","href":"https:\/\/api.w.org\/{rel}","templated":true}]}}