{"id":2214,"date":"2022-05-03T11:03:05","date_gmt":"2022-05-03T15:03:05","guid":{"rendered":"http:\/\/vps1.facyt.uc.edu.ve\/web\/?page_id=2214"},"modified":"2022-05-03T11:03:59","modified_gmt":"2022-05-03T15:03:59","slug":"el-metodo-de-halley-el-metodo-mas-redescubierto-del-mundo","status":"publish","type":"page","link":"https:\/\/www.facyt.uc.edu.ve\/web\/seminarios\/el-metodo-de-halley-el-metodo-mas-redescubierto-del-mundo\/","title":{"rendered":"el m\u00e9todo de halley el m\u00e9todo m\u00e1s redescubierto del mundo"},"content":{"rendered":"<div class=\"wpb-content-wrapper\"><p>[vc_row][vc_column][vc_column_text]<\/p>\n<div class=\"field field-name-body field-type-text-with-summary field-label-hidden\">\n<div class=\"field-items\">\n<div class=\"field-item even\">\n<p style=\"text-align: justify;\">Basado en el articulo de Jos\u00e9 Ezquerro, Jos\u00e9 Gutierrez, Miguel Hernandez y Amparo Salanova. Servicio de Publicaciones, Universidad de La Rioja, Logro\u00f1o, Espa\u00f1a, 2001.\u00a0El m\u00e9todo de Halley es un m\u00e9todo de tercer orden para resolver ecuaciones no lineales. Muchos autores lo han deducido de forma independiente. En el articulo citado se muestran diversas formas de construir este m\u00e9todo, por lo que se considera uno de los m\u00e9todos m\u00e1s redescubiertos en la literatura matem\u00e1tica. En el seminario\u00a0se dar\u00e1 un resumen de la informaci\u00f3n contenida en dicho articulo.<\/p>\n<\/div>\n<\/div>\n<\/div>\n<p><strong>Ponente:\u00a0<\/strong>Prof(a). Dora Jimenez<br \/>\n<strong>Fecha:\u00a0<\/strong><span class=\"date-display-single\">Martes, Noviembre 29, 2016<\/span><br \/>\n<strong>Hora:\u00a0<\/strong>10:30 am<br \/>\n<strong>Lugar:\u00a0<\/strong>Departamento de Matem\u00e1ticas[\/vc_column_text][\/vc_column][\/vc_row]<\/p>\n<\/div>","protected":false},"excerpt":{"rendered":"<p>[vc_row][vc_column][vc_column_text] Basado en el articulo de Jos\u00e9 Ezquerro, Jos\u00e9 Gutierrez, Miguel Hernandez y Amparo Salanova. Servicio de Publicaciones, Universidad de La Rioja, Logro\u00f1o, Espa\u00f1a, 2001.\u00a0El m\u00e9todo de Halley es un m\u00e9todo de tercer orden para resolver ecuaciones no lineales. Muchos autores lo han deducido de forma independiente. En el articulo citado se muestran diversas formas&hellip;<\/p>\n","protected":false},"author":5,"featured_media":0,"parent":537,"menu_order":0,"comment_status":"closed","ping_status":"closed","template":"","meta":{"footnotes":""},"class_list":["post-2214","page","type-page","status-publish","hentry"],"yoast_head":"<!-- This site is optimized with the Yoast SEO plugin v27.1.1 - https:\/\/yoast.com\/product\/yoast-seo-wordpress\/ -->\n<title>el m\u00e9todo de halley el m\u00e9todo m\u00e1s redescubierto del mundo - Facultad Experimental de Ciencias y Tecnolog\u00eda<\/title>\n<meta name=\"robots\" content=\"index, follow, max-snippet:-1, max-image-preview:large, max-video-preview:-1\" \/>\n<link rel=\"canonical\" href=\"https:\/\/www.facyt.uc.edu.ve\/web\/seminarios\/el-metodo-de-halley-el-metodo-mas-redescubierto-del-mundo\/\" \/>\n<meta property=\"og:locale\" content=\"es_ES\" \/>\n<meta property=\"og:type\" content=\"article\" \/>\n<meta property=\"og:title\" content=\"el m\u00e9todo de halley el m\u00e9todo m\u00e1s redescubierto del mundo - Facultad Experimental de Ciencias y Tecnolog\u00eda\" \/>\n<meta property=\"og:description\" content=\"[vc_row][vc_column][vc_column_text] Basado en el articulo de Jos\u00e9 Ezquerro, Jos\u00e9 Gutierrez, Miguel Hernandez y Amparo Salanova. Servicio de Publicaciones, Universidad de La Rioja, Logro\u00f1o, Espa\u00f1a, 2001.\u00a0El m\u00e9todo de Halley es un m\u00e9todo de tercer orden para resolver ecuaciones no lineales. Muchos autores lo han deducido de forma independiente. En el articulo citado se muestran diversas formas&hellip;\" \/>\n<meta property=\"og:url\" content=\"https:\/\/www.facyt.uc.edu.ve\/web\/seminarios\/el-metodo-de-halley-el-metodo-mas-redescubierto-del-mundo\/\" \/>\n<meta property=\"og:site_name\" content=\"Facultad Experimental de Ciencias y Tecnolog\u00eda\" \/>\n<meta property=\"article:modified_time\" content=\"2022-05-03T15:03:59+00:00\" \/>\n<meta name=\"twitter:card\" content=\"summary_large_image\" \/>\n<meta name=\"twitter:label1\" content=\"Tiempo estimado de lectura\" \/>\n\t<meta name=\"twitter:data1\" content=\"1 minuto\" \/>\n<script type=\"application\/ld+json\" class=\"yoast-schema-graph\">{\"@context\":\"https:\/\/schema.org\",\"@graph\":[{\"@type\":\"WebPage\",\"@id\":\"https:\/\/www.facyt.uc.edu.ve\/web\/seminarios\/el-metodo-de-halley-el-metodo-mas-redescubierto-del-mundo\/\",\"url\":\"https:\/\/www.facyt.uc.edu.ve\/web\/seminarios\/el-metodo-de-halley-el-metodo-mas-redescubierto-del-mundo\/\",\"name\":\"el m\u00e9todo de halley el m\u00e9todo m\u00e1s redescubierto del mundo - Facultad Experimental de Ciencias y Tecnolog\u00eda\",\"isPartOf\":{\"@id\":\"https:\/\/www.facyt.uc.edu.ve\/web\/#website\"},\"datePublished\":\"2022-05-03T15:03:05+00:00\",\"dateModified\":\"2022-05-03T15:03:59+00:00\",\"breadcrumb\":{\"@id\":\"https:\/\/www.facyt.uc.edu.ve\/web\/seminarios\/el-metodo-de-halley-el-metodo-mas-redescubierto-del-mundo\/#breadcrumb\"},\"inLanguage\":\"es\",\"potentialAction\":[{\"@type\":\"ReadAction\",\"target\":[\"https:\/\/www.facyt.uc.edu.ve\/web\/seminarios\/el-metodo-de-halley-el-metodo-mas-redescubierto-del-mundo\/\"]}]},{\"@type\":\"BreadcrumbList\",\"@id\":\"https:\/\/www.facyt.uc.edu.ve\/web\/seminarios\/el-metodo-de-halley-el-metodo-mas-redescubierto-del-mundo\/#breadcrumb\",\"itemListElement\":[{\"@type\":\"ListItem\",\"position\":1,\"name\":\"Portada\",\"item\":\"https:\/\/www.facyt.uc.edu.ve\/web\/\"},{\"@type\":\"ListItem\",\"position\":2,\"name\":\"Seminarios\",\"item\":\"https:\/\/www.facyt.uc.edu.ve\/web\/seminarios\/\"},{\"@type\":\"ListItem\",\"position\":3,\"name\":\"el m\u00e9todo de halley el m\u00e9todo m\u00e1s redescubierto del mundo\"}]},{\"@type\":\"WebSite\",\"@id\":\"https:\/\/www.facyt.uc.edu.ve\/web\/#website\",\"url\":\"https:\/\/www.facyt.uc.edu.ve\/web\/\",\"name\":\"Facultad Experimental de Ciencias y Tecnolog\u00eda\",\"description\":\"FaCyT UC\",\"publisher\":{\"@id\":\"https:\/\/www.facyt.uc.edu.ve\/web\/#organization\"},\"alternateName\":\"FaCyT\",\"potentialAction\":[{\"@type\":\"SearchAction\",\"target\":{\"@type\":\"EntryPoint\",\"urlTemplate\":\"https:\/\/www.facyt.uc.edu.ve\/web\/?s={search_term_string}\"},\"query-input\":{\"@type\":\"PropertyValueSpecification\",\"valueRequired\":true,\"valueName\":\"search_term_string\"}}],\"inLanguage\":\"es\"},{\"@type\":\"Organization\",\"@id\":\"https:\/\/www.facyt.uc.edu.ve\/web\/#organization\",\"name\":\"Facultad Experimental de Ciencias y Tecnolog\u00eda\",\"url\":\"https:\/\/www.facyt.uc.edu.ve\/web\/\",\"logo\":{\"@type\":\"ImageObject\",\"inLanguage\":\"es\",\"@id\":\"https:\/\/www.facyt.uc.edu.ve\/web\/#\/schema\/logo\/image\/\",\"url\":\"https:\/\/www.facyt.uc.edu.ve\/web\/wp-content\/uploads\/2025\/11\/Logo_de_la_Facultad_Experimental_de_Ciencia_y_Tecnologia-scaled.jpg\",\"contentUrl\":\"https:\/\/www.facyt.uc.edu.ve\/web\/wp-content\/uploads\/2025\/11\/Logo_de_la_Facultad_Experimental_de_Ciencia_y_Tecnologia-scaled.jpg\",\"width\":2560,\"height\":2560,\"caption\":\"Facultad Experimental de Ciencias y Tecnolog\u00eda\"},\"image\":{\"@id\":\"https:\/\/www.facyt.uc.edu.ve\/web\/#\/schema\/logo\/image\/\"},\"sameAs\":[\"https:\/\/instagram.com\/facytuc.oficial\/yoast\"]}]}<\/script>\n<!-- \/ Yoast SEO plugin. -->","yoast_head_json":{"title":"el m\u00e9todo de halley el m\u00e9todo m\u00e1s redescubierto del mundo - Facultad Experimental de Ciencias y Tecnolog\u00eda","robots":{"index":"index","follow":"follow","max-snippet":"max-snippet:-1","max-image-preview":"max-image-preview:large","max-video-preview":"max-video-preview:-1"},"canonical":"https:\/\/www.facyt.uc.edu.ve\/web\/seminarios\/el-metodo-de-halley-el-metodo-mas-redescubierto-del-mundo\/","og_locale":"es_ES","og_type":"article","og_title":"el m\u00e9todo de halley el m\u00e9todo m\u00e1s redescubierto del mundo - Facultad Experimental de Ciencias y Tecnolog\u00eda","og_description":"[vc_row][vc_column][vc_column_text] Basado en el articulo de Jos\u00e9 Ezquerro, Jos\u00e9 Gutierrez, Miguel Hernandez y Amparo Salanova. Servicio de Publicaciones, Universidad de La Rioja, Logro\u00f1o, Espa\u00f1a, 2001.\u00a0El m\u00e9todo de Halley es un m\u00e9todo de tercer orden para resolver ecuaciones no lineales. Muchos autores lo han deducido de forma independiente. En el articulo citado se muestran diversas formas&hellip;","og_url":"https:\/\/www.facyt.uc.edu.ve\/web\/seminarios\/el-metodo-de-halley-el-metodo-mas-redescubierto-del-mundo\/","og_site_name":"Facultad Experimental de Ciencias y Tecnolog\u00eda","article_modified_time":"2022-05-03T15:03:59+00:00","twitter_card":"summary_large_image","twitter_misc":{"Tiempo estimado de lectura":"1 minuto"},"schema":{"@context":"https:\/\/schema.org","@graph":[{"@type":"WebPage","@id":"https:\/\/www.facyt.uc.edu.ve\/web\/seminarios\/el-metodo-de-halley-el-metodo-mas-redescubierto-del-mundo\/","url":"https:\/\/www.facyt.uc.edu.ve\/web\/seminarios\/el-metodo-de-halley-el-metodo-mas-redescubierto-del-mundo\/","name":"el m\u00e9todo de halley el m\u00e9todo m\u00e1s redescubierto del mundo - Facultad Experimental de Ciencias y Tecnolog\u00eda","isPartOf":{"@id":"https:\/\/www.facyt.uc.edu.ve\/web\/#website"},"datePublished":"2022-05-03T15:03:05+00:00","dateModified":"2022-05-03T15:03:59+00:00","breadcrumb":{"@id":"https:\/\/www.facyt.uc.edu.ve\/web\/seminarios\/el-metodo-de-halley-el-metodo-mas-redescubierto-del-mundo\/#breadcrumb"},"inLanguage":"es","potentialAction":[{"@type":"ReadAction","target":["https:\/\/www.facyt.uc.edu.ve\/web\/seminarios\/el-metodo-de-halley-el-metodo-mas-redescubierto-del-mundo\/"]}]},{"@type":"BreadcrumbList","@id":"https:\/\/www.facyt.uc.edu.ve\/web\/seminarios\/el-metodo-de-halley-el-metodo-mas-redescubierto-del-mundo\/#breadcrumb","itemListElement":[{"@type":"ListItem","position":1,"name":"Portada","item":"https:\/\/www.facyt.uc.edu.ve\/web\/"},{"@type":"ListItem","position":2,"name":"Seminarios","item":"https:\/\/www.facyt.uc.edu.ve\/web\/seminarios\/"},{"@type":"ListItem","position":3,"name":"el m\u00e9todo de halley el m\u00e9todo m\u00e1s redescubierto del mundo"}]},{"@type":"WebSite","@id":"https:\/\/www.facyt.uc.edu.ve\/web\/#website","url":"https:\/\/www.facyt.uc.edu.ve\/web\/","name":"Facultad Experimental de Ciencias y Tecnolog\u00eda","description":"FaCyT UC","publisher":{"@id":"https:\/\/www.facyt.uc.edu.ve\/web\/#organization"},"alternateName":"FaCyT","potentialAction":[{"@type":"SearchAction","target":{"@type":"EntryPoint","urlTemplate":"https:\/\/www.facyt.uc.edu.ve\/web\/?s={search_term_string}"},"query-input":{"@type":"PropertyValueSpecification","valueRequired":true,"valueName":"search_term_string"}}],"inLanguage":"es"},{"@type":"Organization","@id":"https:\/\/www.facyt.uc.edu.ve\/web\/#organization","name":"Facultad Experimental de Ciencias y Tecnolog\u00eda","url":"https:\/\/www.facyt.uc.edu.ve\/web\/","logo":{"@type":"ImageObject","inLanguage":"es","@id":"https:\/\/www.facyt.uc.edu.ve\/web\/#\/schema\/logo\/image\/","url":"https:\/\/www.facyt.uc.edu.ve\/web\/wp-content\/uploads\/2025\/11\/Logo_de_la_Facultad_Experimental_de_Ciencia_y_Tecnologia-scaled.jpg","contentUrl":"https:\/\/www.facyt.uc.edu.ve\/web\/wp-content\/uploads\/2025\/11\/Logo_de_la_Facultad_Experimental_de_Ciencia_y_Tecnologia-scaled.jpg","width":2560,"height":2560,"caption":"Facultad Experimental de Ciencias y Tecnolog\u00eda"},"image":{"@id":"https:\/\/www.facyt.uc.edu.ve\/web\/#\/schema\/logo\/image\/"},"sameAs":["https:\/\/instagram.com\/facytuc.oficial\/yoast"]}]}},"_links":{"self":[{"href":"https:\/\/www.facyt.uc.edu.ve\/web\/wp-json\/wp\/v2\/pages\/2214","targetHints":{"allow":["GET"]}}],"collection":[{"href":"https:\/\/www.facyt.uc.edu.ve\/web\/wp-json\/wp\/v2\/pages"}],"about":[{"href":"https:\/\/www.facyt.uc.edu.ve\/web\/wp-json\/wp\/v2\/types\/page"}],"author":[{"embeddable":true,"href":"https:\/\/www.facyt.uc.edu.ve\/web\/wp-json\/wp\/v2\/users\/5"}],"replies":[{"embeddable":true,"href":"https:\/\/www.facyt.uc.edu.ve\/web\/wp-json\/wp\/v2\/comments?post=2214"}],"version-history":[{"count":2,"href":"https:\/\/www.facyt.uc.edu.ve\/web\/wp-json\/wp\/v2\/pages\/2214\/revisions"}],"predecessor-version":[{"id":2216,"href":"https:\/\/www.facyt.uc.edu.ve\/web\/wp-json\/wp\/v2\/pages\/2214\/revisions\/2216"}],"up":[{"embeddable":true,"href":"https:\/\/www.facyt.uc.edu.ve\/web\/wp-json\/wp\/v2\/pages\/537"}],"wp:attachment":[{"href":"https:\/\/www.facyt.uc.edu.ve\/web\/wp-json\/wp\/v2\/media?parent=2214"}],"curies":[{"name":"wp","href":"https:\/\/api.w.org\/{rel}","templated":true}]}}