{"id":2187,"date":"2022-05-03T10:45:05","date_gmt":"2022-05-03T14:45:05","guid":{"rendered":"http:\/\/vps1.facyt.uc.edu.ve\/web\/?page_id=2187"},"modified":"2022-05-03T10:47:17","modified_gmt":"2022-05-03T14:47:17","slug":"diversidad-de-serpientes-y-estrategias-para-su-prevencion-y-conservacion","status":"publish","type":"page","link":"https:\/\/www.facyt.uc.edu.ve\/web\/seminarios\/diversidad-de-serpientes-y-estrategias-para-su-prevencion-y-conservacion\/","title":{"rendered":"diversidad de serpientes y estrategias para su prevenci\u00f3n y conservaci\u00f3n"},"content":{"rendered":"<div class=\"wpb-content-wrapper\"><p>[vc_row][vc_column width=\u00bb1\/2&#8243;][vc_single_image image=\u00bb2190&#8243; img_size=\u00bbfull\u00bb alignment=\u00bbcenter\u00bb][\/vc_column][vc_column width=\u00bb1\/2&#8243;][vc_column_text]<strong>Ponente:\u00a0<\/strong>An\u00edbal Salcedo, Eduard Jim\u00e9nez<br \/>\n<strong>Fecha:\u00a0<\/strong><span class=\"date-display-single\">Jueves, Febrero 20, 2020<\/span><br \/>\n<strong>Hora:\u00a0<\/strong>11:00 am<br \/>\n<strong>Lugar:\u00a0<\/strong>Sala de Seminarios del Departamento de F\u00edsica FACYT[\/vc_column_text][\/vc_column][\/vc_row]<\/p>\n<\/div>","protected":false},"excerpt":{"rendered":"<p>[vc_row][vc_column width=\u00bb1\/2&#8243;][vc_single_image image=\u00bb2190&#8243; img_size=\u00bbfull\u00bb alignment=\u00bbcenter\u00bb][\/vc_column][vc_column width=\u00bb1\/2&#8243;][vc_column_text]Ponente:\u00a0An\u00edbal Salcedo, Eduard Jim\u00e9nez Fecha:\u00a0Jueves, Febrero 20, 2020 Hora:\u00a011:00 am Lugar:\u00a0Sala de Seminarios del Departamento de F\u00edsica FACYT[\/vc_column_text][\/vc_column][\/vc_row]<\/p>\n","protected":false},"author":5,"featured_media":0,"parent":537,"menu_order":0,"comment_status":"closed","ping_status":"closed","template":"","meta":{"footnotes":""},"class_list":["post-2187","page","type-page","status-publish","hentry"],"yoast_head":"<!-- This site is optimized with the Yoast SEO plugin v27.1.1 - https:\/\/yoast.com\/product\/yoast-seo-wordpress\/ -->\n<title>diversidad de serpientes y estrategias para su prevenci\u00f3n y conservaci\u00f3n - Facultad Experimental de Ciencias y Tecnolog\u00eda<\/title>\n<meta name=\"robots\" content=\"index, follow, max-snippet:-1, max-image-preview:large, max-video-preview:-1\" \/>\n<link rel=\"canonical\" href=\"https:\/\/www.facyt.uc.edu.ve\/web\/seminarios\/diversidad-de-serpientes-y-estrategias-para-su-prevencion-y-conservacion\/\" \/>\n<meta property=\"og:locale\" content=\"es_ES\" \/>\n<meta property=\"og:type\" content=\"article\" \/>\n<meta property=\"og:title\" content=\"diversidad de serpientes y estrategias para su prevenci\u00f3n y conservaci\u00f3n - Facultad Experimental de Ciencias y Tecnolog\u00eda\" \/>\n<meta property=\"og:description\" content=\"[vc_row][vc_column width=\u00bb1\/2&#8243;][vc_single_image image=\u00bb2190&#8243; img_size=\u00bbfull\u00bb alignment=\u00bbcenter\u00bb][\/vc_column][vc_column width=\u00bb1\/2&#8243;][vc_column_text]Ponente:\u00a0An\u00edbal Salcedo, Eduard Jim\u00e9nez Fecha:\u00a0Jueves, Febrero 20, 2020 Hora:\u00a011:00 am Lugar:\u00a0Sala de Seminarios del Departamento de F\u00edsica FACYT[\/vc_column_text][\/vc_column][\/vc_row]\" \/>\n<meta property=\"og:url\" content=\"https:\/\/www.facyt.uc.edu.ve\/web\/seminarios\/diversidad-de-serpientes-y-estrategias-para-su-prevencion-y-conservacion\/\" \/>\n<meta property=\"og:site_name\" content=\"Facultad Experimental de Ciencias y Tecnolog\u00eda\" \/>\n<meta property=\"article:modified_time\" content=\"2022-05-03T14:47:17+00:00\" \/>\n<meta name=\"twitter:card\" content=\"summary_large_image\" \/>\n<script type=\"application\/ld+json\" class=\"yoast-schema-graph\">{\"@context\":\"https:\/\/schema.org\",\"@graph\":[{\"@type\":\"WebPage\",\"@id\":\"https:\/\/www.facyt.uc.edu.ve\/web\/seminarios\/diversidad-de-serpientes-y-estrategias-para-su-prevencion-y-conservacion\/\",\"url\":\"https:\/\/www.facyt.uc.edu.ve\/web\/seminarios\/diversidad-de-serpientes-y-estrategias-para-su-prevencion-y-conservacion\/\",\"name\":\"diversidad de serpientes y estrategias para su prevenci\u00f3n y conservaci\u00f3n - Facultad Experimental de Ciencias y Tecnolog\u00eda\",\"isPartOf\":{\"@id\":\"https:\/\/www.facyt.uc.edu.ve\/web\/#website\"},\"datePublished\":\"2022-05-03T14:45:05+00:00\",\"dateModified\":\"2022-05-03T14:47:17+00:00\",\"breadcrumb\":{\"@id\":\"https:\/\/www.facyt.uc.edu.ve\/web\/seminarios\/diversidad-de-serpientes-y-estrategias-para-su-prevencion-y-conservacion\/#breadcrumb\"},\"inLanguage\":\"es\",\"potentialAction\":[{\"@type\":\"ReadAction\",\"target\":[\"https:\/\/www.facyt.uc.edu.ve\/web\/seminarios\/diversidad-de-serpientes-y-estrategias-para-su-prevencion-y-conservacion\/\"]}]},{\"@type\":\"BreadcrumbList\",\"@id\":\"https:\/\/www.facyt.uc.edu.ve\/web\/seminarios\/diversidad-de-serpientes-y-estrategias-para-su-prevencion-y-conservacion\/#breadcrumb\",\"itemListElement\":[{\"@type\":\"ListItem\",\"position\":1,\"name\":\"Portada\",\"item\":\"https:\/\/www.facyt.uc.edu.ve\/web\/\"},{\"@type\":\"ListItem\",\"position\":2,\"name\":\"Seminarios\",\"item\":\"https:\/\/www.facyt.uc.edu.ve\/web\/seminarios\/\"},{\"@type\":\"ListItem\",\"position\":3,\"name\":\"diversidad de serpientes y estrategias para su prevenci\u00f3n y conservaci\u00f3n\"}]},{\"@type\":\"WebSite\",\"@id\":\"https:\/\/www.facyt.uc.edu.ve\/web\/#website\",\"url\":\"https:\/\/www.facyt.uc.edu.ve\/web\/\",\"name\":\"Facultad Experimental de Ciencias y Tecnolog\u00eda\",\"description\":\"FaCyT UC\",\"publisher\":{\"@id\":\"https:\/\/www.facyt.uc.edu.ve\/web\/#organization\"},\"alternateName\":\"FaCyT\",\"potentialAction\":[{\"@type\":\"SearchAction\",\"target\":{\"@type\":\"EntryPoint\",\"urlTemplate\":\"https:\/\/www.facyt.uc.edu.ve\/web\/?s={search_term_string}\"},\"query-input\":{\"@type\":\"PropertyValueSpecification\",\"valueRequired\":true,\"valueName\":\"search_term_string\"}}],\"inLanguage\":\"es\"},{\"@type\":\"Organization\",\"@id\":\"https:\/\/www.facyt.uc.edu.ve\/web\/#organization\",\"name\":\"Facultad Experimental de Ciencias y Tecnolog\u00eda\",\"url\":\"https:\/\/www.facyt.uc.edu.ve\/web\/\",\"logo\":{\"@type\":\"ImageObject\",\"inLanguage\":\"es\",\"@id\":\"https:\/\/www.facyt.uc.edu.ve\/web\/#\/schema\/logo\/image\/\",\"url\":\"https:\/\/www.facyt.uc.edu.ve\/web\/wp-content\/uploads\/2025\/11\/Logo_de_la_Facultad_Experimental_de_Ciencia_y_Tecnologia-scaled.jpg\",\"contentUrl\":\"https:\/\/www.facyt.uc.edu.ve\/web\/wp-content\/uploads\/2025\/11\/Logo_de_la_Facultad_Experimental_de_Ciencia_y_Tecnologia-scaled.jpg\",\"width\":2560,\"height\":2560,\"caption\":\"Facultad Experimental de Ciencias y Tecnolog\u00eda\"},\"image\":{\"@id\":\"https:\/\/www.facyt.uc.edu.ve\/web\/#\/schema\/logo\/image\/\"},\"sameAs\":[\"https:\/\/instagram.com\/facytuc.oficial\/yoast\"]}]}<\/script>\n<!-- \/ Yoast SEO plugin. -->","yoast_head_json":{"title":"diversidad de serpientes y estrategias para su prevenci\u00f3n y conservaci\u00f3n - Facultad Experimental de Ciencias y Tecnolog\u00eda","robots":{"index":"index","follow":"follow","max-snippet":"max-snippet:-1","max-image-preview":"max-image-preview:large","max-video-preview":"max-video-preview:-1"},"canonical":"https:\/\/www.facyt.uc.edu.ve\/web\/seminarios\/diversidad-de-serpientes-y-estrategias-para-su-prevencion-y-conservacion\/","og_locale":"es_ES","og_type":"article","og_title":"diversidad de serpientes y estrategias para su prevenci\u00f3n y conservaci\u00f3n - Facultad Experimental de Ciencias y Tecnolog\u00eda","og_description":"[vc_row][vc_column width=\u00bb1\/2&#8243;][vc_single_image image=\u00bb2190&#8243; img_size=\u00bbfull\u00bb alignment=\u00bbcenter\u00bb][\/vc_column][vc_column width=\u00bb1\/2&#8243;][vc_column_text]Ponente:\u00a0An\u00edbal Salcedo, Eduard Jim\u00e9nez Fecha:\u00a0Jueves, Febrero 20, 2020 Hora:\u00a011:00 am Lugar:\u00a0Sala de Seminarios del Departamento de F\u00edsica FACYT[\/vc_column_text][\/vc_column][\/vc_row]","og_url":"https:\/\/www.facyt.uc.edu.ve\/web\/seminarios\/diversidad-de-serpientes-y-estrategias-para-su-prevencion-y-conservacion\/","og_site_name":"Facultad Experimental de Ciencias y Tecnolog\u00eda","article_modified_time":"2022-05-03T14:47:17+00:00","twitter_card":"summary_large_image","schema":{"@context":"https:\/\/schema.org","@graph":[{"@type":"WebPage","@id":"https:\/\/www.facyt.uc.edu.ve\/web\/seminarios\/diversidad-de-serpientes-y-estrategias-para-su-prevencion-y-conservacion\/","url":"https:\/\/www.facyt.uc.edu.ve\/web\/seminarios\/diversidad-de-serpientes-y-estrategias-para-su-prevencion-y-conservacion\/","name":"diversidad de serpientes y estrategias para su prevenci\u00f3n y conservaci\u00f3n - Facultad Experimental de Ciencias y Tecnolog\u00eda","isPartOf":{"@id":"https:\/\/www.facyt.uc.edu.ve\/web\/#website"},"datePublished":"2022-05-03T14:45:05+00:00","dateModified":"2022-05-03T14:47:17+00:00","breadcrumb":{"@id":"https:\/\/www.facyt.uc.edu.ve\/web\/seminarios\/diversidad-de-serpientes-y-estrategias-para-su-prevencion-y-conservacion\/#breadcrumb"},"inLanguage":"es","potentialAction":[{"@type":"ReadAction","target":["https:\/\/www.facyt.uc.edu.ve\/web\/seminarios\/diversidad-de-serpientes-y-estrategias-para-su-prevencion-y-conservacion\/"]}]},{"@type":"BreadcrumbList","@id":"https:\/\/www.facyt.uc.edu.ve\/web\/seminarios\/diversidad-de-serpientes-y-estrategias-para-su-prevencion-y-conservacion\/#breadcrumb","itemListElement":[{"@type":"ListItem","position":1,"name":"Portada","item":"https:\/\/www.facyt.uc.edu.ve\/web\/"},{"@type":"ListItem","position":2,"name":"Seminarios","item":"https:\/\/www.facyt.uc.edu.ve\/web\/seminarios\/"},{"@type":"ListItem","position":3,"name":"diversidad de serpientes y estrategias para su prevenci\u00f3n y conservaci\u00f3n"}]},{"@type":"WebSite","@id":"https:\/\/www.facyt.uc.edu.ve\/web\/#website","url":"https:\/\/www.facyt.uc.edu.ve\/web\/","name":"Facultad Experimental de Ciencias y Tecnolog\u00eda","description":"FaCyT UC","publisher":{"@id":"https:\/\/www.facyt.uc.edu.ve\/web\/#organization"},"alternateName":"FaCyT","potentialAction":[{"@type":"SearchAction","target":{"@type":"EntryPoint","urlTemplate":"https:\/\/www.facyt.uc.edu.ve\/web\/?s={search_term_string}"},"query-input":{"@type":"PropertyValueSpecification","valueRequired":true,"valueName":"search_term_string"}}],"inLanguage":"es"},{"@type":"Organization","@id":"https:\/\/www.facyt.uc.edu.ve\/web\/#organization","name":"Facultad Experimental de Ciencias y Tecnolog\u00eda","url":"https:\/\/www.facyt.uc.edu.ve\/web\/","logo":{"@type":"ImageObject","inLanguage":"es","@id":"https:\/\/www.facyt.uc.edu.ve\/web\/#\/schema\/logo\/image\/","url":"https:\/\/www.facyt.uc.edu.ve\/web\/wp-content\/uploads\/2025\/11\/Logo_de_la_Facultad_Experimental_de_Ciencia_y_Tecnologia-scaled.jpg","contentUrl":"https:\/\/www.facyt.uc.edu.ve\/web\/wp-content\/uploads\/2025\/11\/Logo_de_la_Facultad_Experimental_de_Ciencia_y_Tecnologia-scaled.jpg","width":2560,"height":2560,"caption":"Facultad Experimental de Ciencias y Tecnolog\u00eda"},"image":{"@id":"https:\/\/www.facyt.uc.edu.ve\/web\/#\/schema\/logo\/image\/"},"sameAs":["https:\/\/instagram.com\/facytuc.oficial\/yoast"]}]}},"_links":{"self":[{"href":"https:\/\/www.facyt.uc.edu.ve\/web\/wp-json\/wp\/v2\/pages\/2187","targetHints":{"allow":["GET"]}}],"collection":[{"href":"https:\/\/www.facyt.uc.edu.ve\/web\/wp-json\/wp\/v2\/pages"}],"about":[{"href":"https:\/\/www.facyt.uc.edu.ve\/web\/wp-json\/wp\/v2\/types\/page"}],"author":[{"embeddable":true,"href":"https:\/\/www.facyt.uc.edu.ve\/web\/wp-json\/wp\/v2\/users\/5"}],"replies":[{"embeddable":true,"href":"https:\/\/www.facyt.uc.edu.ve\/web\/wp-json\/wp\/v2\/comments?post=2187"}],"version-history":[{"count":2,"href":"https:\/\/www.facyt.uc.edu.ve\/web\/wp-json\/wp\/v2\/pages\/2187\/revisions"}],"predecessor-version":[{"id":2191,"href":"https:\/\/www.facyt.uc.edu.ve\/web\/wp-json\/wp\/v2\/pages\/2187\/revisions\/2191"}],"up":[{"embeddable":true,"href":"https:\/\/www.facyt.uc.edu.ve\/web\/wp-json\/wp\/v2\/pages\/537"}],"wp:attachment":[{"href":"https:\/\/www.facyt.uc.edu.ve\/web\/wp-json\/wp\/v2\/media?parent=2187"}],"curies":[{"name":"wp","href":"https:\/\/api.w.org\/{rel}","templated":true}]}}