{"id":2162,"date":"2022-05-03T09:42:13","date_gmt":"2022-05-03T13:42:13","guid":{"rendered":"http:\/\/vps1.facyt.uc.edu.ve\/web\/?page_id=2162"},"modified":"2025-04-24T09:29:57","modified_gmt":"2025-04-24T13:29:57","slug":"laboratorio-de-investigacion-biologia-marino-costera","status":"publish","type":"page","link":"https:\/\/www.facyt.uc.edu.ve\/web\/estructuras-de-investigacion\/laboratorio-de-investigacion-biologia-marino-costera\/","title":{"rendered":"laboratorio de investigaci\u00f3n biolog\u00eda marino costera"},"content":{"rendered":"<div class=\"wpb-content-wrapper\"><p>[vc_row][vc_column width=\u00bb1\/2&#8243;][vc_single_image image=\u00bb2146&#8243; img_size=\u00bbfull\u00bb alignment=\u00bbcenter\u00bb][\/vc_column][vc_column width=\u00bb1\/2&#8243;][vc_column_text]<\/p>\n<div class=\"field field-name-field-siglas field-type-text field-label-hidden\">\n<div class=\"field-items\">\n<h3 class=\"field-item even\">BioMac-UC<\/h3>\n<\/div>\n<\/div>\n<div class=\"field field-name-body field-type-text-with-summary field-label-hidden\">\n<div class=\"field-items\">\n<div class=\"field-item even\">\n<p style=\"text-align: justify;\">El prop\u00f3sito de este Laboratorio de investigaci\u00f3n es generar informaci\u00f3n de l\u00ednea base en ambientes marinos costeros, tanto en fondos duros como blandos, incluyendo los organismos asociados, representados por el plancton, el necton y el bentos. As\u00ed\u00a0 mismo esperamos obtener informaci\u00f3n de la estructura y din\u00e1mica de dichas comunidades, con el fin de puntualizar su estatus\u00a0 actual en cuanto a nivel de salud o deterioro se refiere, bien sea por factores naturales o antr\u00f3picos.<\/p>\n<\/div>\n<\/div>\n<\/div>\n<p style=\"text-align: left;\">\n<h5 style=\"text-align: left;\">PROF. RESPONSABLE:<\/h5>\n<div class=\"field field-name-field-directora field-type-text field-label-hidden\">\n<div class=\"field-items\">\n<div class=\"field-item even\" style=\"text-align: left;\">Dr. Jos\u00e9 Gregorio Rodr\u00edguez<\/div>\n<\/div>\n<\/div>\n<p>[\/vc_column_text][vc_btn title=\u00bbSitio Web\u00bb color=\u00bbsky\u00bb css=\u00bb\u00bb link=\u00bburl:http%3A%2F%2Fbiomac.facyt.uc.edu.ve%2F|target:_blank\u00bb][\/vc_column][\/vc_row]<\/p>\n<\/div>","protected":false},"excerpt":{"rendered":"<p>[vc_row][vc_column width=\u00bb1\/2&#8243;][vc_single_image image=\u00bb2146&#8243; img_size=\u00bbfull\u00bb alignment=\u00bbcenter\u00bb][\/vc_column][vc_column width=\u00bb1\/2&#8243;][vc_column_text] BioMac-UC El prop\u00f3sito de este Laboratorio de investigaci\u00f3n es generar informaci\u00f3n de l\u00ednea base en ambientes marinos costeros, tanto en fondos duros como blandos, incluyendo los organismos asociados, representados por el plancton, el necton y el bentos. As\u00ed\u00a0 mismo esperamos obtener informaci\u00f3n de la estructura y din\u00e1mica de dichas&hellip;<\/p>\n","protected":false},"author":5,"featured_media":0,"parent":536,"menu_order":0,"comment_status":"closed","ping_status":"closed","template":"","meta":{"footnotes":""},"class_list":["post-2162","page","type-page","status-publish","hentry"],"yoast_head":"<!-- This site is optimized with the Yoast SEO plugin v27.1.1 - https:\/\/yoast.com\/product\/yoast-seo-wordpress\/ -->\n<title>laboratorio de investigaci\u00f3n biolog\u00eda marino costera - Facultad Experimental de Ciencias y Tecnolog\u00eda<\/title>\n<meta name=\"robots\" content=\"index, follow, max-snippet:-1, max-image-preview:large, max-video-preview:-1\" \/>\n<link rel=\"canonical\" href=\"https:\/\/www.facyt.uc.edu.ve\/web\/estructuras-de-investigacion\/laboratorio-de-investigacion-biologia-marino-costera\/\" \/>\n<meta property=\"og:locale\" content=\"es_ES\" \/>\n<meta property=\"og:type\" content=\"article\" \/>\n<meta property=\"og:title\" content=\"laboratorio de investigaci\u00f3n biolog\u00eda marino costera - Facultad Experimental de Ciencias y Tecnolog\u00eda\" \/>\n<meta property=\"og:description\" content=\"[vc_row][vc_column width=\u00bb1\/2&#8243;][vc_single_image image=\u00bb2146&#8243; img_size=\u00bbfull\u00bb alignment=\u00bbcenter\u00bb][\/vc_column][vc_column width=\u00bb1\/2&#8243;][vc_column_text] BioMac-UC El prop\u00f3sito de este Laboratorio de investigaci\u00f3n es generar informaci\u00f3n de l\u00ednea base en ambientes marinos costeros, tanto en fondos duros como blandos, incluyendo los organismos asociados, representados por el plancton, el necton y el bentos. As\u00ed\u00a0 mismo esperamos obtener informaci\u00f3n de la estructura y din\u00e1mica de dichas&hellip;\" \/>\n<meta property=\"og:url\" content=\"https:\/\/www.facyt.uc.edu.ve\/web\/estructuras-de-investigacion\/laboratorio-de-investigacion-biologia-marino-costera\/\" \/>\n<meta property=\"og:site_name\" content=\"Facultad Experimental de Ciencias y Tecnolog\u00eda\" \/>\n<meta property=\"article:modified_time\" content=\"2025-04-24T13:29:57+00:00\" \/>\n<meta name=\"twitter:card\" content=\"summary_large_image\" \/>\n<meta name=\"twitter:label1\" content=\"Tiempo estimado de lectura\" \/>\n\t<meta name=\"twitter:data1\" content=\"1 minuto\" \/>\n<script type=\"application\/ld+json\" class=\"yoast-schema-graph\">{\"@context\":\"https:\/\/schema.org\",\"@graph\":[{\"@type\":\"WebPage\",\"@id\":\"https:\/\/www.facyt.uc.edu.ve\/web\/estructuras-de-investigacion\/laboratorio-de-investigacion-biologia-marino-costera\/\",\"url\":\"https:\/\/www.facyt.uc.edu.ve\/web\/estructuras-de-investigacion\/laboratorio-de-investigacion-biologia-marino-costera\/\",\"name\":\"laboratorio de investigaci\u00f3n biolog\u00eda marino costera - Facultad Experimental de Ciencias y Tecnolog\u00eda\",\"isPartOf\":{\"@id\":\"https:\/\/www.facyt.uc.edu.ve\/web\/#website\"},\"datePublished\":\"2022-05-03T13:42:13+00:00\",\"dateModified\":\"2025-04-24T13:29:57+00:00\",\"breadcrumb\":{\"@id\":\"https:\/\/www.facyt.uc.edu.ve\/web\/estructuras-de-investigacion\/laboratorio-de-investigacion-biologia-marino-costera\/#breadcrumb\"},\"inLanguage\":\"es\",\"potentialAction\":[{\"@type\":\"ReadAction\",\"target\":[\"https:\/\/www.facyt.uc.edu.ve\/web\/estructuras-de-investigacion\/laboratorio-de-investigacion-biologia-marino-costera\/\"]}]},{\"@type\":\"BreadcrumbList\",\"@id\":\"https:\/\/www.facyt.uc.edu.ve\/web\/estructuras-de-investigacion\/laboratorio-de-investigacion-biologia-marino-costera\/#breadcrumb\",\"itemListElement\":[{\"@type\":\"ListItem\",\"position\":1,\"name\":\"Portada\",\"item\":\"https:\/\/www.facyt.uc.edu.ve\/web\/\"},{\"@type\":\"ListItem\",\"position\":2,\"name\":\"Estructuras de Investigaci\u00f3n\",\"item\":\"https:\/\/www.facyt.uc.edu.ve\/web\/estructuras-de-investigacion\/\"},{\"@type\":\"ListItem\",\"position\":3,\"name\":\"laboratorio de investigaci\u00f3n biolog\u00eda marino costera\"}]},{\"@type\":\"WebSite\",\"@id\":\"https:\/\/www.facyt.uc.edu.ve\/web\/#website\",\"url\":\"https:\/\/www.facyt.uc.edu.ve\/web\/\",\"name\":\"Facultad Experimental de Ciencias y Tecnolog\u00eda\",\"description\":\"FaCyT UC\",\"publisher\":{\"@id\":\"https:\/\/www.facyt.uc.edu.ve\/web\/#organization\"},\"alternateName\":\"FaCyT\",\"potentialAction\":[{\"@type\":\"SearchAction\",\"target\":{\"@type\":\"EntryPoint\",\"urlTemplate\":\"https:\/\/www.facyt.uc.edu.ve\/web\/?s={search_term_string}\"},\"query-input\":{\"@type\":\"PropertyValueSpecification\",\"valueRequired\":true,\"valueName\":\"search_term_string\"}}],\"inLanguage\":\"es\"},{\"@type\":\"Organization\",\"@id\":\"https:\/\/www.facyt.uc.edu.ve\/web\/#organization\",\"name\":\"Facultad Experimental de Ciencias y Tecnolog\u00eda\",\"url\":\"https:\/\/www.facyt.uc.edu.ve\/web\/\",\"logo\":{\"@type\":\"ImageObject\",\"inLanguage\":\"es\",\"@id\":\"https:\/\/www.facyt.uc.edu.ve\/web\/#\/schema\/logo\/image\/\",\"url\":\"https:\/\/www.facyt.uc.edu.ve\/web\/wp-content\/uploads\/2025\/11\/Logo_de_la_Facultad_Experimental_de_Ciencia_y_Tecnologia-scaled.jpg\",\"contentUrl\":\"https:\/\/www.facyt.uc.edu.ve\/web\/wp-content\/uploads\/2025\/11\/Logo_de_la_Facultad_Experimental_de_Ciencia_y_Tecnologia-scaled.jpg\",\"width\":2560,\"height\":2560,\"caption\":\"Facultad Experimental de Ciencias y Tecnolog\u00eda\"},\"image\":{\"@id\":\"https:\/\/www.facyt.uc.edu.ve\/web\/#\/schema\/logo\/image\/\"},\"sameAs\":[\"https:\/\/instagram.com\/facytuc.oficial\/yoast\"]}]}<\/script>\n<!-- \/ Yoast SEO plugin. -->","yoast_head_json":{"title":"laboratorio de investigaci\u00f3n biolog\u00eda marino costera - Facultad Experimental de Ciencias y Tecnolog\u00eda","robots":{"index":"index","follow":"follow","max-snippet":"max-snippet:-1","max-image-preview":"max-image-preview:large","max-video-preview":"max-video-preview:-1"},"canonical":"https:\/\/www.facyt.uc.edu.ve\/web\/estructuras-de-investigacion\/laboratorio-de-investigacion-biologia-marino-costera\/","og_locale":"es_ES","og_type":"article","og_title":"laboratorio de investigaci\u00f3n biolog\u00eda marino costera - Facultad Experimental de Ciencias y Tecnolog\u00eda","og_description":"[vc_row][vc_column width=\u00bb1\/2&#8243;][vc_single_image image=\u00bb2146&#8243; img_size=\u00bbfull\u00bb alignment=\u00bbcenter\u00bb][\/vc_column][vc_column width=\u00bb1\/2&#8243;][vc_column_text] BioMac-UC El prop\u00f3sito de este Laboratorio de investigaci\u00f3n es generar informaci\u00f3n de l\u00ednea base en ambientes marinos costeros, tanto en fondos duros como blandos, incluyendo los organismos asociados, representados por el plancton, el necton y el bentos. As\u00ed\u00a0 mismo esperamos obtener informaci\u00f3n de la estructura y din\u00e1mica de dichas&hellip;","og_url":"https:\/\/www.facyt.uc.edu.ve\/web\/estructuras-de-investigacion\/laboratorio-de-investigacion-biologia-marino-costera\/","og_site_name":"Facultad Experimental de Ciencias y Tecnolog\u00eda","article_modified_time":"2025-04-24T13:29:57+00:00","twitter_card":"summary_large_image","twitter_misc":{"Tiempo estimado de lectura":"1 minuto"},"schema":{"@context":"https:\/\/schema.org","@graph":[{"@type":"WebPage","@id":"https:\/\/www.facyt.uc.edu.ve\/web\/estructuras-de-investigacion\/laboratorio-de-investigacion-biologia-marino-costera\/","url":"https:\/\/www.facyt.uc.edu.ve\/web\/estructuras-de-investigacion\/laboratorio-de-investigacion-biologia-marino-costera\/","name":"laboratorio de investigaci\u00f3n biolog\u00eda marino costera - Facultad Experimental de Ciencias y Tecnolog\u00eda","isPartOf":{"@id":"https:\/\/www.facyt.uc.edu.ve\/web\/#website"},"datePublished":"2022-05-03T13:42:13+00:00","dateModified":"2025-04-24T13:29:57+00:00","breadcrumb":{"@id":"https:\/\/www.facyt.uc.edu.ve\/web\/estructuras-de-investigacion\/laboratorio-de-investigacion-biologia-marino-costera\/#breadcrumb"},"inLanguage":"es","potentialAction":[{"@type":"ReadAction","target":["https:\/\/www.facyt.uc.edu.ve\/web\/estructuras-de-investigacion\/laboratorio-de-investigacion-biologia-marino-costera\/"]}]},{"@type":"BreadcrumbList","@id":"https:\/\/www.facyt.uc.edu.ve\/web\/estructuras-de-investigacion\/laboratorio-de-investigacion-biologia-marino-costera\/#breadcrumb","itemListElement":[{"@type":"ListItem","position":1,"name":"Portada","item":"https:\/\/www.facyt.uc.edu.ve\/web\/"},{"@type":"ListItem","position":2,"name":"Estructuras de Investigaci\u00f3n","item":"https:\/\/www.facyt.uc.edu.ve\/web\/estructuras-de-investigacion\/"},{"@type":"ListItem","position":3,"name":"laboratorio de investigaci\u00f3n biolog\u00eda marino costera"}]},{"@type":"WebSite","@id":"https:\/\/www.facyt.uc.edu.ve\/web\/#website","url":"https:\/\/www.facyt.uc.edu.ve\/web\/","name":"Facultad Experimental de Ciencias y Tecnolog\u00eda","description":"FaCyT UC","publisher":{"@id":"https:\/\/www.facyt.uc.edu.ve\/web\/#organization"},"alternateName":"FaCyT","potentialAction":[{"@type":"SearchAction","target":{"@type":"EntryPoint","urlTemplate":"https:\/\/www.facyt.uc.edu.ve\/web\/?s={search_term_string}"},"query-input":{"@type":"PropertyValueSpecification","valueRequired":true,"valueName":"search_term_string"}}],"inLanguage":"es"},{"@type":"Organization","@id":"https:\/\/www.facyt.uc.edu.ve\/web\/#organization","name":"Facultad Experimental de Ciencias y Tecnolog\u00eda","url":"https:\/\/www.facyt.uc.edu.ve\/web\/","logo":{"@type":"ImageObject","inLanguage":"es","@id":"https:\/\/www.facyt.uc.edu.ve\/web\/#\/schema\/logo\/image\/","url":"https:\/\/www.facyt.uc.edu.ve\/web\/wp-content\/uploads\/2025\/11\/Logo_de_la_Facultad_Experimental_de_Ciencia_y_Tecnologia-scaled.jpg","contentUrl":"https:\/\/www.facyt.uc.edu.ve\/web\/wp-content\/uploads\/2025\/11\/Logo_de_la_Facultad_Experimental_de_Ciencia_y_Tecnologia-scaled.jpg","width":2560,"height":2560,"caption":"Facultad Experimental de Ciencias y Tecnolog\u00eda"},"image":{"@id":"https:\/\/www.facyt.uc.edu.ve\/web\/#\/schema\/logo\/image\/"},"sameAs":["https:\/\/instagram.com\/facytuc.oficial\/yoast"]}]}},"_links":{"self":[{"href":"https:\/\/www.facyt.uc.edu.ve\/web\/wp-json\/wp\/v2\/pages\/2162","targetHints":{"allow":["GET"]}}],"collection":[{"href":"https:\/\/www.facyt.uc.edu.ve\/web\/wp-json\/wp\/v2\/pages"}],"about":[{"href":"https:\/\/www.facyt.uc.edu.ve\/web\/wp-json\/wp\/v2\/types\/page"}],"author":[{"embeddable":true,"href":"https:\/\/www.facyt.uc.edu.ve\/web\/wp-json\/wp\/v2\/users\/5"}],"replies":[{"embeddable":true,"href":"https:\/\/www.facyt.uc.edu.ve\/web\/wp-json\/wp\/v2\/comments?post=2162"}],"version-history":[{"count":3,"href":"https:\/\/www.facyt.uc.edu.ve\/web\/wp-json\/wp\/v2\/pages\/2162\/revisions"}],"predecessor-version":[{"id":3072,"href":"https:\/\/www.facyt.uc.edu.ve\/web\/wp-json\/wp\/v2\/pages\/2162\/revisions\/3072"}],"up":[{"embeddable":true,"href":"https:\/\/www.facyt.uc.edu.ve\/web\/wp-json\/wp\/v2\/pages\/536"}],"wp:attachment":[{"href":"https:\/\/www.facyt.uc.edu.ve\/web\/wp-json\/wp\/v2\/media?parent=2162"}],"curies":[{"name":"wp","href":"https:\/\/api.w.org\/{rel}","templated":true}]}}