{"id":1626,"date":"2021-12-14T14:03:01","date_gmt":"2021-12-14T18:03:01","guid":{"rendered":"http:\/\/vps1.facyt.uc.edu.ve\/web\/?page_id=1626"},"modified":"2021-12-14T14:11:28","modified_gmt":"2021-12-14T18:11:28","slug":"xiii-jornadas-de-investigacion-y-ix-jornadas-de-pasantias-de-la-facyt","status":"publish","type":"page","link":"https:\/\/www.facyt.uc.edu.ve\/web\/eventos\/xiii-jornadas-de-investigacion-y-ix-jornadas-de-pasantias-de-la-facyt\/","title":{"rendered":"XIII Jornadas de Investigaci\u00f3n y IX Jornadas de Pasant\u00edas de la FACYT"},"content":{"rendered":"<div class=\"wpb-content-wrapper\"><p>[vc_row][vc_column][vc_column_text]<\/p>\n<p style=\"text-align: justify;\">Con el principal objetivo de visibilizar los productos de la FACYT, en\u00a0el Auditorio Mariana Souto (MS) y el \u00e1rea del edificio de Computaci\u00f3n y de Aulas, se realizaron estas Jornadas de Investigaci\u00f3n y de Pasantias el pasado 2 de Diciembre del 2015.<\/p>\n<p style=\"text-align: left;\">2 Charlas Magistrales, con temas actuales de cambio climatico, a cargo de los profesores Rafael Rodriguez y Nelson Falc\u00f3n, as\u00ed como un Conservatorio de la Investigaci\u00f3n en la FACyT.<\/p>\n<p style=\"text-align: left;\">En el Edificio de Aulas se realizaron las Jornadas de Pasant\u00edas, con m\u00e1s de 35 informes finales.<\/p>\n<p style=\"text-align: left;\">Se presentaron mas de 40 Trabajos de Investigaci\u00f3n, de los \u00faltimos 2 a\u00f1os entre carteles y orales.<\/p>\n<p style=\"text-align: left;\">Para los estudiantes de nuevos ingresos se cont\u00f3 un ExpoCarrera en las zonas aleda\u00f1as al Cafetin.<\/p>\n<p style=\"text-align: left;\">Un compromiso por la investigaci\u00f3n y la divulgaci\u00f3n desde la FACyT para la Naci\u00f3n.<\/p>\n<p>[\/vc_column_text][\/vc_column][\/vc_row][vc_row][vc_column][vc_images_carousel images=\u00bb1631,1630,1633,1634,1629,1635,1632&#8243; img_size=\u00bbfull\u00bb autoplay=\u00bbyes\u00bb hide_pagination_control=\u00bbyes\u00bb hide_prev_next_buttons=\u00bbyes\u00bb][\/vc_column][\/vc_row]<\/p>\n<\/div>","protected":false},"excerpt":{"rendered":"<p>[vc_row][vc_column][vc_column_text] Con el principal objetivo de visibilizar los productos de la FACYT, en\u00a0el Auditorio Mariana Souto (MS) y el \u00e1rea del edificio de Computaci\u00f3n y de Aulas, se realizaron estas Jornadas de Investigaci\u00f3n y de Pasantias el pasado 2 de Diciembre del 2015. 2 Charlas Magistrales, con temas actuales de cambio climatico, a cargo de&hellip;<\/p>\n","protected":false},"author":5,"featured_media":0,"parent":522,"menu_order":0,"comment_status":"closed","ping_status":"closed","template":"","meta":{"footnotes":""},"class_list":["post-1626","page","type-page","status-publish","hentry"],"yoast_head":"<!-- This site is optimized with the Yoast SEO plugin v27.1.1 - https:\/\/yoast.com\/product\/yoast-seo-wordpress\/ -->\n<title>XIII Jornadas de Investigaci\u00f3n y IX Jornadas de Pasant\u00edas de la FACYT - Facultad Experimental de Ciencias y Tecnolog\u00eda<\/title>\n<meta name=\"robots\" content=\"index, follow, max-snippet:-1, max-image-preview:large, max-video-preview:-1\" \/>\n<link rel=\"canonical\" href=\"https:\/\/www.facyt.uc.edu.ve\/web\/eventos\/xiii-jornadas-de-investigacion-y-ix-jornadas-de-pasantias-de-la-facyt\/\" \/>\n<meta property=\"og:locale\" content=\"es_ES\" \/>\n<meta property=\"og:type\" content=\"article\" \/>\n<meta property=\"og:title\" content=\"XIII Jornadas de Investigaci\u00f3n y IX Jornadas de Pasant\u00edas de la FACYT - Facultad Experimental de Ciencias y Tecnolog\u00eda\" \/>\n<meta property=\"og:description\" content=\"[vc_row][vc_column][vc_column_text] Con el principal objetivo de visibilizar los productos de la FACYT, en\u00a0el Auditorio Mariana Souto (MS) y el \u00e1rea del edificio de Computaci\u00f3n y de Aulas, se realizaron estas Jornadas de Investigaci\u00f3n y de Pasantias el pasado 2 de Diciembre del 2015. 2 Charlas Magistrales, con temas actuales de cambio climatico, a cargo de&hellip;\" \/>\n<meta property=\"og:url\" content=\"https:\/\/www.facyt.uc.edu.ve\/web\/eventos\/xiii-jornadas-de-investigacion-y-ix-jornadas-de-pasantias-de-la-facyt\/\" \/>\n<meta property=\"og:site_name\" content=\"Facultad Experimental de Ciencias y Tecnolog\u00eda\" \/>\n<meta property=\"article:modified_time\" content=\"2021-12-14T18:11:28+00:00\" \/>\n<meta name=\"twitter:card\" content=\"summary_large_image\" \/>\n<meta name=\"twitter:label1\" content=\"Tiempo estimado de lectura\" \/>\n\t<meta name=\"twitter:data1\" content=\"1 minuto\" \/>\n<script type=\"application\/ld+json\" class=\"yoast-schema-graph\">{\"@context\":\"https:\/\/schema.org\",\"@graph\":[{\"@type\":\"WebPage\",\"@id\":\"https:\/\/www.facyt.uc.edu.ve\/web\/eventos\/xiii-jornadas-de-investigacion-y-ix-jornadas-de-pasantias-de-la-facyt\/\",\"url\":\"https:\/\/www.facyt.uc.edu.ve\/web\/eventos\/xiii-jornadas-de-investigacion-y-ix-jornadas-de-pasantias-de-la-facyt\/\",\"name\":\"XIII Jornadas de Investigaci\u00f3n y IX Jornadas de Pasant\u00edas de la FACYT - Facultad Experimental de Ciencias y Tecnolog\u00eda\",\"isPartOf\":{\"@id\":\"https:\/\/www.facyt.uc.edu.ve\/web\/#website\"},\"datePublished\":\"2021-12-14T18:03:01+00:00\",\"dateModified\":\"2021-12-14T18:11:28+00:00\",\"breadcrumb\":{\"@id\":\"https:\/\/www.facyt.uc.edu.ve\/web\/eventos\/xiii-jornadas-de-investigacion-y-ix-jornadas-de-pasantias-de-la-facyt\/#breadcrumb\"},\"inLanguage\":\"es\",\"potentialAction\":[{\"@type\":\"ReadAction\",\"target\":[\"https:\/\/www.facyt.uc.edu.ve\/web\/eventos\/xiii-jornadas-de-investigacion-y-ix-jornadas-de-pasantias-de-la-facyt\/\"]}]},{\"@type\":\"BreadcrumbList\",\"@id\":\"https:\/\/www.facyt.uc.edu.ve\/web\/eventos\/xiii-jornadas-de-investigacion-y-ix-jornadas-de-pasantias-de-la-facyt\/#breadcrumb\",\"itemListElement\":[{\"@type\":\"ListItem\",\"position\":1,\"name\":\"Portada\",\"item\":\"https:\/\/www.facyt.uc.edu.ve\/web\/\"},{\"@type\":\"ListItem\",\"position\":2,\"name\":\"Eventos\",\"item\":\"https:\/\/www.facyt.uc.edu.ve\/web\/eventos\/\"},{\"@type\":\"ListItem\",\"position\":3,\"name\":\"XIII Jornadas de Investigaci\u00f3n y IX Jornadas de Pasant\u00edas de la FACYT\"}]},{\"@type\":\"WebSite\",\"@id\":\"https:\/\/www.facyt.uc.edu.ve\/web\/#website\",\"url\":\"https:\/\/www.facyt.uc.edu.ve\/web\/\",\"name\":\"Facultad Experimental de Ciencias y Tecnolog\u00eda\",\"description\":\"FaCyT UC\",\"publisher\":{\"@id\":\"https:\/\/www.facyt.uc.edu.ve\/web\/#organization\"},\"alternateName\":\"FaCyT\",\"potentialAction\":[{\"@type\":\"SearchAction\",\"target\":{\"@type\":\"EntryPoint\",\"urlTemplate\":\"https:\/\/www.facyt.uc.edu.ve\/web\/?s={search_term_string}\"},\"query-input\":{\"@type\":\"PropertyValueSpecification\",\"valueRequired\":true,\"valueName\":\"search_term_string\"}}],\"inLanguage\":\"es\"},{\"@type\":\"Organization\",\"@id\":\"https:\/\/www.facyt.uc.edu.ve\/web\/#organization\",\"name\":\"Facultad Experimental de Ciencias y Tecnolog\u00eda\",\"url\":\"https:\/\/www.facyt.uc.edu.ve\/web\/\",\"logo\":{\"@type\":\"ImageObject\",\"inLanguage\":\"es\",\"@id\":\"https:\/\/www.facyt.uc.edu.ve\/web\/#\/schema\/logo\/image\/\",\"url\":\"https:\/\/www.facyt.uc.edu.ve\/web\/wp-content\/uploads\/2025\/11\/Logo_de_la_Facultad_Experimental_de_Ciencia_y_Tecnologia-scaled.jpg\",\"contentUrl\":\"https:\/\/www.facyt.uc.edu.ve\/web\/wp-content\/uploads\/2025\/11\/Logo_de_la_Facultad_Experimental_de_Ciencia_y_Tecnologia-scaled.jpg\",\"width\":2560,\"height\":2560,\"caption\":\"Facultad Experimental de Ciencias y Tecnolog\u00eda\"},\"image\":{\"@id\":\"https:\/\/www.facyt.uc.edu.ve\/web\/#\/schema\/logo\/image\/\"},\"sameAs\":[\"https:\/\/instagram.com\/facytuc.oficial\/yoast\"]}]}<\/script>\n<!-- \/ Yoast SEO plugin. -->","yoast_head_json":{"title":"XIII Jornadas de Investigaci\u00f3n y IX Jornadas de Pasant\u00edas de la FACYT - Facultad Experimental de Ciencias y Tecnolog\u00eda","robots":{"index":"index","follow":"follow","max-snippet":"max-snippet:-1","max-image-preview":"max-image-preview:large","max-video-preview":"max-video-preview:-1"},"canonical":"https:\/\/www.facyt.uc.edu.ve\/web\/eventos\/xiii-jornadas-de-investigacion-y-ix-jornadas-de-pasantias-de-la-facyt\/","og_locale":"es_ES","og_type":"article","og_title":"XIII Jornadas de Investigaci\u00f3n y IX Jornadas de Pasant\u00edas de la FACYT - Facultad Experimental de Ciencias y Tecnolog\u00eda","og_description":"[vc_row][vc_column][vc_column_text] Con el principal objetivo de visibilizar los productos de la FACYT, en\u00a0el Auditorio Mariana Souto (MS) y el \u00e1rea del edificio de Computaci\u00f3n y de Aulas, se realizaron estas Jornadas de Investigaci\u00f3n y de Pasantias el pasado 2 de Diciembre del 2015. 2 Charlas Magistrales, con temas actuales de cambio climatico, a cargo de&hellip;","og_url":"https:\/\/www.facyt.uc.edu.ve\/web\/eventos\/xiii-jornadas-de-investigacion-y-ix-jornadas-de-pasantias-de-la-facyt\/","og_site_name":"Facultad Experimental de Ciencias y Tecnolog\u00eda","article_modified_time":"2021-12-14T18:11:28+00:00","twitter_card":"summary_large_image","twitter_misc":{"Tiempo estimado de lectura":"1 minuto"},"schema":{"@context":"https:\/\/schema.org","@graph":[{"@type":"WebPage","@id":"https:\/\/www.facyt.uc.edu.ve\/web\/eventos\/xiii-jornadas-de-investigacion-y-ix-jornadas-de-pasantias-de-la-facyt\/","url":"https:\/\/www.facyt.uc.edu.ve\/web\/eventos\/xiii-jornadas-de-investigacion-y-ix-jornadas-de-pasantias-de-la-facyt\/","name":"XIII Jornadas de Investigaci\u00f3n y IX Jornadas de Pasant\u00edas de la FACYT - Facultad Experimental de Ciencias y Tecnolog\u00eda","isPartOf":{"@id":"https:\/\/www.facyt.uc.edu.ve\/web\/#website"},"datePublished":"2021-12-14T18:03:01+00:00","dateModified":"2021-12-14T18:11:28+00:00","breadcrumb":{"@id":"https:\/\/www.facyt.uc.edu.ve\/web\/eventos\/xiii-jornadas-de-investigacion-y-ix-jornadas-de-pasantias-de-la-facyt\/#breadcrumb"},"inLanguage":"es","potentialAction":[{"@type":"ReadAction","target":["https:\/\/www.facyt.uc.edu.ve\/web\/eventos\/xiii-jornadas-de-investigacion-y-ix-jornadas-de-pasantias-de-la-facyt\/"]}]},{"@type":"BreadcrumbList","@id":"https:\/\/www.facyt.uc.edu.ve\/web\/eventos\/xiii-jornadas-de-investigacion-y-ix-jornadas-de-pasantias-de-la-facyt\/#breadcrumb","itemListElement":[{"@type":"ListItem","position":1,"name":"Portada","item":"https:\/\/www.facyt.uc.edu.ve\/web\/"},{"@type":"ListItem","position":2,"name":"Eventos","item":"https:\/\/www.facyt.uc.edu.ve\/web\/eventos\/"},{"@type":"ListItem","position":3,"name":"XIII Jornadas de Investigaci\u00f3n y IX Jornadas de Pasant\u00edas de la FACYT"}]},{"@type":"WebSite","@id":"https:\/\/www.facyt.uc.edu.ve\/web\/#website","url":"https:\/\/www.facyt.uc.edu.ve\/web\/","name":"Facultad Experimental de Ciencias y Tecnolog\u00eda","description":"FaCyT UC","publisher":{"@id":"https:\/\/www.facyt.uc.edu.ve\/web\/#organization"},"alternateName":"FaCyT","potentialAction":[{"@type":"SearchAction","target":{"@type":"EntryPoint","urlTemplate":"https:\/\/www.facyt.uc.edu.ve\/web\/?s={search_term_string}"},"query-input":{"@type":"PropertyValueSpecification","valueRequired":true,"valueName":"search_term_string"}}],"inLanguage":"es"},{"@type":"Organization","@id":"https:\/\/www.facyt.uc.edu.ve\/web\/#organization","name":"Facultad Experimental de Ciencias y Tecnolog\u00eda","url":"https:\/\/www.facyt.uc.edu.ve\/web\/","logo":{"@type":"ImageObject","inLanguage":"es","@id":"https:\/\/www.facyt.uc.edu.ve\/web\/#\/schema\/logo\/image\/","url":"https:\/\/www.facyt.uc.edu.ve\/web\/wp-content\/uploads\/2025\/11\/Logo_de_la_Facultad_Experimental_de_Ciencia_y_Tecnologia-scaled.jpg","contentUrl":"https:\/\/www.facyt.uc.edu.ve\/web\/wp-content\/uploads\/2025\/11\/Logo_de_la_Facultad_Experimental_de_Ciencia_y_Tecnologia-scaled.jpg","width":2560,"height":2560,"caption":"Facultad Experimental de Ciencias y Tecnolog\u00eda"},"image":{"@id":"https:\/\/www.facyt.uc.edu.ve\/web\/#\/schema\/logo\/image\/"},"sameAs":["https:\/\/instagram.com\/facytuc.oficial\/yoast"]}]}},"_links":{"self":[{"href":"https:\/\/www.facyt.uc.edu.ve\/web\/wp-json\/wp\/v2\/pages\/1626","targetHints":{"allow":["GET"]}}],"collection":[{"href":"https:\/\/www.facyt.uc.edu.ve\/web\/wp-json\/wp\/v2\/pages"}],"about":[{"href":"https:\/\/www.facyt.uc.edu.ve\/web\/wp-json\/wp\/v2\/types\/page"}],"author":[{"embeddable":true,"href":"https:\/\/www.facyt.uc.edu.ve\/web\/wp-json\/wp\/v2\/users\/5"}],"replies":[{"embeddable":true,"href":"https:\/\/www.facyt.uc.edu.ve\/web\/wp-json\/wp\/v2\/comments?post=1626"}],"version-history":[{"count":3,"href":"https:\/\/www.facyt.uc.edu.ve\/web\/wp-json\/wp\/v2\/pages\/1626\/revisions"}],"predecessor-version":[{"id":1637,"href":"https:\/\/www.facyt.uc.edu.ve\/web\/wp-json\/wp\/v2\/pages\/1626\/revisions\/1637"}],"up":[{"embeddable":true,"href":"https:\/\/www.facyt.uc.edu.ve\/web\/wp-json\/wp\/v2\/pages\/522"}],"wp:attachment":[{"href":"https:\/\/www.facyt.uc.edu.ve\/web\/wp-json\/wp\/v2\/media?parent=1626"}],"curies":[{"name":"wp","href":"https:\/\/api.w.org\/{rel}","templated":true}]}}