{"id":1606,"date":"2021-12-14T13:40:35","date_gmt":"2021-12-14T17:40:35","guid":{"rendered":"http:\/\/vps1.facyt.uc.edu.ve\/web\/?page_id=1606"},"modified":"2021-12-14T13:56:30","modified_gmt":"2021-12-14T17:56:30","slug":"foro-testigos-del-cambio-climatico-fosa-de-cariaco","status":"publish","type":"page","link":"https:\/\/www.facyt.uc.edu.ve\/web\/eventos\/foro-testigos-del-cambio-climatico-fosa-de-cariaco\/","title":{"rendered":"Foro \u00abTestigos del cambio Climatico: Fosa de Cariaco\u00bb"},"content":{"rendered":"<div class=\"wpb-content-wrapper\"><p>[vc_row][vc_column][vc_column_text]El Pasado 26 de febrero, en el Marco del XV Aniversario del Departamento de Biolog\u00eda, la comunidad universitaria tuvo la interesante oportunidad de disfrutar de la Proyecci\u00f3n del documental de producci\u00f3n Nacional \u00abTestigo del Cambio Clim\u00e1tico: Fosa de Cariaco\u00bb. En esa ocasi\u00f3n contamos con una nutrida asistencia de m\u00e1s de 100 asistentes en el auditorio Ninoska Maneiro.<\/p>\n<p>Luego de la proyecci\u00f3n, se di\u00f3 paso a un conversatorio con investigadores de la Fundaci\u00f3n La Salle, productores de VALE TV y representantes de la Embajada Brit\u00e1nica, patrocinantes del documental. Adicionalmente, el Profesor Rafael Rodriguez del departamento de Biologia dict\u00f3 un charla sobre los acuerdos del COP21, introduciendo con mayor actualidad el tema de Cambio Climatico. El inter\u00e9s y la conexi\u00f3n del publico qued\u00f3 plasmada en una din\u00e1mica y profunda discusi\u00f3n que se extendi\u00f3 por m\u00e1s de hora y media. Sin duda una gran oportunidad para el debate de un tema muy actual.[\/vc_column_text][\/vc_column][\/vc_row][vc_row][vc_column][vc_images_carousel images=\u00bb1609,1610,1612,1611&#8243; img_size=\u00bbfull\u00bb autoplay=\u00bbyes\u00bb hide_pagination_control=\u00bbyes\u00bb hide_prev_next_buttons=\u00bbyes\u00bb][\/vc_column][\/vc_row]<\/p>\n<\/div>","protected":false},"excerpt":{"rendered":"<p>[vc_row][vc_column][vc_column_text]El Pasado 26 de febrero, en el Marco del XV Aniversario del Departamento de Biolog\u00eda, la comunidad universitaria tuvo la interesante oportunidad de disfrutar de la Proyecci\u00f3n del documental de producci\u00f3n Nacional \u00abTestigo del Cambio Clim\u00e1tico: Fosa de Cariaco\u00bb. En esa ocasi\u00f3n contamos con una nutrida asistencia de m\u00e1s de 100 asistentes en el auditorio&hellip;<\/p>\n","protected":false},"author":5,"featured_media":0,"parent":522,"menu_order":0,"comment_status":"closed","ping_status":"closed","template":"","meta":{"footnotes":""},"class_list":["post-1606","page","type-page","status-publish","hentry"],"yoast_head":"<!-- This site is optimized with the Yoast SEO plugin v27.1.1 - https:\/\/yoast.com\/product\/yoast-seo-wordpress\/ -->\n<title>Foro &quot;Testigos del cambio Climatico: Fosa de Cariaco&quot; - Facultad Experimental de Ciencias y Tecnolog\u00eda<\/title>\n<meta name=\"robots\" content=\"index, follow, max-snippet:-1, max-image-preview:large, max-video-preview:-1\" \/>\n<link rel=\"canonical\" href=\"https:\/\/www.facyt.uc.edu.ve\/web\/eventos\/foro-testigos-del-cambio-climatico-fosa-de-cariaco\/\" \/>\n<meta property=\"og:locale\" content=\"es_ES\" \/>\n<meta property=\"og:type\" content=\"article\" \/>\n<meta property=\"og:title\" content=\"Foro &quot;Testigos del cambio Climatico: Fosa de Cariaco&quot; - Facultad Experimental de Ciencias y Tecnolog\u00eda\" \/>\n<meta property=\"og:description\" content=\"[vc_row][vc_column][vc_column_text]El Pasado 26 de febrero, en el Marco del XV Aniversario del Departamento de Biolog\u00eda, la comunidad universitaria tuvo la interesante oportunidad de disfrutar de la Proyecci\u00f3n del documental de producci\u00f3n Nacional \u00abTestigo del Cambio Clim\u00e1tico: Fosa de Cariaco\u00bb. En esa ocasi\u00f3n contamos con una nutrida asistencia de m\u00e1s de 100 asistentes en el auditorio&hellip;\" \/>\n<meta property=\"og:url\" content=\"https:\/\/www.facyt.uc.edu.ve\/web\/eventos\/foro-testigos-del-cambio-climatico-fosa-de-cariaco\/\" \/>\n<meta property=\"og:site_name\" content=\"Facultad Experimental de Ciencias y Tecnolog\u00eda\" \/>\n<meta property=\"article:modified_time\" content=\"2021-12-14T17:56:30+00:00\" \/>\n<meta name=\"twitter:card\" content=\"summary_large_image\" \/>\n<meta name=\"twitter:label1\" content=\"Tiempo estimado de lectura\" \/>\n\t<meta name=\"twitter:data1\" content=\"1 minuto\" \/>\n<script type=\"application\/ld+json\" class=\"yoast-schema-graph\">{\"@context\":\"https:\/\/schema.org\",\"@graph\":[{\"@type\":\"WebPage\",\"@id\":\"https:\/\/www.facyt.uc.edu.ve\/web\/eventos\/foro-testigos-del-cambio-climatico-fosa-de-cariaco\/\",\"url\":\"https:\/\/www.facyt.uc.edu.ve\/web\/eventos\/foro-testigos-del-cambio-climatico-fosa-de-cariaco\/\",\"name\":\"Foro \\\"Testigos del cambio Climatico: Fosa de Cariaco\\\" - Facultad Experimental de Ciencias y Tecnolog\u00eda\",\"isPartOf\":{\"@id\":\"https:\/\/www.facyt.uc.edu.ve\/web\/#website\"},\"datePublished\":\"2021-12-14T17:40:35+00:00\",\"dateModified\":\"2021-12-14T17:56:30+00:00\",\"breadcrumb\":{\"@id\":\"https:\/\/www.facyt.uc.edu.ve\/web\/eventos\/foro-testigos-del-cambio-climatico-fosa-de-cariaco\/#breadcrumb\"},\"inLanguage\":\"es\",\"potentialAction\":[{\"@type\":\"ReadAction\",\"target\":[\"https:\/\/www.facyt.uc.edu.ve\/web\/eventos\/foro-testigos-del-cambio-climatico-fosa-de-cariaco\/\"]}]},{\"@type\":\"BreadcrumbList\",\"@id\":\"https:\/\/www.facyt.uc.edu.ve\/web\/eventos\/foro-testigos-del-cambio-climatico-fosa-de-cariaco\/#breadcrumb\",\"itemListElement\":[{\"@type\":\"ListItem\",\"position\":1,\"name\":\"Portada\",\"item\":\"https:\/\/www.facyt.uc.edu.ve\/web\/\"},{\"@type\":\"ListItem\",\"position\":2,\"name\":\"Eventos\",\"item\":\"https:\/\/www.facyt.uc.edu.ve\/web\/eventos\/\"},{\"@type\":\"ListItem\",\"position\":3,\"name\":\"Foro \u00abTestigos del cambio Climatico: Fosa de Cariaco\u00bb\"}]},{\"@type\":\"WebSite\",\"@id\":\"https:\/\/www.facyt.uc.edu.ve\/web\/#website\",\"url\":\"https:\/\/www.facyt.uc.edu.ve\/web\/\",\"name\":\"Facultad Experimental de Ciencias y Tecnolog\u00eda\",\"description\":\"FaCyT UC\",\"publisher\":{\"@id\":\"https:\/\/www.facyt.uc.edu.ve\/web\/#organization\"},\"alternateName\":\"FaCyT\",\"potentialAction\":[{\"@type\":\"SearchAction\",\"target\":{\"@type\":\"EntryPoint\",\"urlTemplate\":\"https:\/\/www.facyt.uc.edu.ve\/web\/?s={search_term_string}\"},\"query-input\":{\"@type\":\"PropertyValueSpecification\",\"valueRequired\":true,\"valueName\":\"search_term_string\"}}],\"inLanguage\":\"es\"},{\"@type\":\"Organization\",\"@id\":\"https:\/\/www.facyt.uc.edu.ve\/web\/#organization\",\"name\":\"Facultad Experimental de Ciencias y Tecnolog\u00eda\",\"url\":\"https:\/\/www.facyt.uc.edu.ve\/web\/\",\"logo\":{\"@type\":\"ImageObject\",\"inLanguage\":\"es\",\"@id\":\"https:\/\/www.facyt.uc.edu.ve\/web\/#\/schema\/logo\/image\/\",\"url\":\"https:\/\/www.facyt.uc.edu.ve\/web\/wp-content\/uploads\/2025\/11\/Logo_de_la_Facultad_Experimental_de_Ciencia_y_Tecnologia-scaled.jpg\",\"contentUrl\":\"https:\/\/www.facyt.uc.edu.ve\/web\/wp-content\/uploads\/2025\/11\/Logo_de_la_Facultad_Experimental_de_Ciencia_y_Tecnologia-scaled.jpg\",\"width\":2560,\"height\":2560,\"caption\":\"Facultad Experimental de Ciencias y Tecnolog\u00eda\"},\"image\":{\"@id\":\"https:\/\/www.facyt.uc.edu.ve\/web\/#\/schema\/logo\/image\/\"},\"sameAs\":[\"https:\/\/instagram.com\/facytuc.oficial\/yoast\"]}]}<\/script>\n<!-- \/ Yoast SEO plugin. -->","yoast_head_json":{"title":"Foro \"Testigos del cambio Climatico: Fosa de Cariaco\" - Facultad Experimental de Ciencias y Tecnolog\u00eda","robots":{"index":"index","follow":"follow","max-snippet":"max-snippet:-1","max-image-preview":"max-image-preview:large","max-video-preview":"max-video-preview:-1"},"canonical":"https:\/\/www.facyt.uc.edu.ve\/web\/eventos\/foro-testigos-del-cambio-climatico-fosa-de-cariaco\/","og_locale":"es_ES","og_type":"article","og_title":"Foro \"Testigos del cambio Climatico: Fosa de Cariaco\" - Facultad Experimental de Ciencias y Tecnolog\u00eda","og_description":"[vc_row][vc_column][vc_column_text]El Pasado 26 de febrero, en el Marco del XV Aniversario del Departamento de Biolog\u00eda, la comunidad universitaria tuvo la interesante oportunidad de disfrutar de la Proyecci\u00f3n del documental de producci\u00f3n Nacional \u00abTestigo del Cambio Clim\u00e1tico: Fosa de Cariaco\u00bb. En esa ocasi\u00f3n contamos con una nutrida asistencia de m\u00e1s de 100 asistentes en el auditorio&hellip;","og_url":"https:\/\/www.facyt.uc.edu.ve\/web\/eventos\/foro-testigos-del-cambio-climatico-fosa-de-cariaco\/","og_site_name":"Facultad Experimental de Ciencias y Tecnolog\u00eda","article_modified_time":"2021-12-14T17:56:30+00:00","twitter_card":"summary_large_image","twitter_misc":{"Tiempo estimado de lectura":"1 minuto"},"schema":{"@context":"https:\/\/schema.org","@graph":[{"@type":"WebPage","@id":"https:\/\/www.facyt.uc.edu.ve\/web\/eventos\/foro-testigos-del-cambio-climatico-fosa-de-cariaco\/","url":"https:\/\/www.facyt.uc.edu.ve\/web\/eventos\/foro-testigos-del-cambio-climatico-fosa-de-cariaco\/","name":"Foro \"Testigos del cambio Climatico: Fosa de Cariaco\" - Facultad Experimental de Ciencias y Tecnolog\u00eda","isPartOf":{"@id":"https:\/\/www.facyt.uc.edu.ve\/web\/#website"},"datePublished":"2021-12-14T17:40:35+00:00","dateModified":"2021-12-14T17:56:30+00:00","breadcrumb":{"@id":"https:\/\/www.facyt.uc.edu.ve\/web\/eventos\/foro-testigos-del-cambio-climatico-fosa-de-cariaco\/#breadcrumb"},"inLanguage":"es","potentialAction":[{"@type":"ReadAction","target":["https:\/\/www.facyt.uc.edu.ve\/web\/eventos\/foro-testigos-del-cambio-climatico-fosa-de-cariaco\/"]}]},{"@type":"BreadcrumbList","@id":"https:\/\/www.facyt.uc.edu.ve\/web\/eventos\/foro-testigos-del-cambio-climatico-fosa-de-cariaco\/#breadcrumb","itemListElement":[{"@type":"ListItem","position":1,"name":"Portada","item":"https:\/\/www.facyt.uc.edu.ve\/web\/"},{"@type":"ListItem","position":2,"name":"Eventos","item":"https:\/\/www.facyt.uc.edu.ve\/web\/eventos\/"},{"@type":"ListItem","position":3,"name":"Foro \u00abTestigos del cambio Climatico: Fosa de Cariaco\u00bb"}]},{"@type":"WebSite","@id":"https:\/\/www.facyt.uc.edu.ve\/web\/#website","url":"https:\/\/www.facyt.uc.edu.ve\/web\/","name":"Facultad Experimental de Ciencias y Tecnolog\u00eda","description":"FaCyT UC","publisher":{"@id":"https:\/\/www.facyt.uc.edu.ve\/web\/#organization"},"alternateName":"FaCyT","potentialAction":[{"@type":"SearchAction","target":{"@type":"EntryPoint","urlTemplate":"https:\/\/www.facyt.uc.edu.ve\/web\/?s={search_term_string}"},"query-input":{"@type":"PropertyValueSpecification","valueRequired":true,"valueName":"search_term_string"}}],"inLanguage":"es"},{"@type":"Organization","@id":"https:\/\/www.facyt.uc.edu.ve\/web\/#organization","name":"Facultad Experimental de Ciencias y Tecnolog\u00eda","url":"https:\/\/www.facyt.uc.edu.ve\/web\/","logo":{"@type":"ImageObject","inLanguage":"es","@id":"https:\/\/www.facyt.uc.edu.ve\/web\/#\/schema\/logo\/image\/","url":"https:\/\/www.facyt.uc.edu.ve\/web\/wp-content\/uploads\/2025\/11\/Logo_de_la_Facultad_Experimental_de_Ciencia_y_Tecnologia-scaled.jpg","contentUrl":"https:\/\/www.facyt.uc.edu.ve\/web\/wp-content\/uploads\/2025\/11\/Logo_de_la_Facultad_Experimental_de_Ciencia_y_Tecnologia-scaled.jpg","width":2560,"height":2560,"caption":"Facultad Experimental de Ciencias y Tecnolog\u00eda"},"image":{"@id":"https:\/\/www.facyt.uc.edu.ve\/web\/#\/schema\/logo\/image\/"},"sameAs":["https:\/\/instagram.com\/facytuc.oficial\/yoast"]}]}},"_links":{"self":[{"href":"https:\/\/www.facyt.uc.edu.ve\/web\/wp-json\/wp\/v2\/pages\/1606","targetHints":{"allow":["GET"]}}],"collection":[{"href":"https:\/\/www.facyt.uc.edu.ve\/web\/wp-json\/wp\/v2\/pages"}],"about":[{"href":"https:\/\/www.facyt.uc.edu.ve\/web\/wp-json\/wp\/v2\/types\/page"}],"author":[{"embeddable":true,"href":"https:\/\/www.facyt.uc.edu.ve\/web\/wp-json\/wp\/v2\/users\/5"}],"replies":[{"embeddable":true,"href":"https:\/\/www.facyt.uc.edu.ve\/web\/wp-json\/wp\/v2\/comments?post=1606"}],"version-history":[{"count":3,"href":"https:\/\/www.facyt.uc.edu.ve\/web\/wp-json\/wp\/v2\/pages\/1606\/revisions"}],"predecessor-version":[{"id":1613,"href":"https:\/\/www.facyt.uc.edu.ve\/web\/wp-json\/wp\/v2\/pages\/1606\/revisions\/1613"}],"up":[{"embeddable":true,"href":"https:\/\/www.facyt.uc.edu.ve\/web\/wp-json\/wp\/v2\/pages\/522"}],"wp:attachment":[{"href":"https:\/\/www.facyt.uc.edu.ve\/web\/wp-json\/wp\/v2\/media?parent=1606"}],"curies":[{"name":"wp","href":"https:\/\/api.w.org\/{rel}","templated":true}]}}