{"id":1593,"date":"2021-12-14T13:35:44","date_gmt":"2021-12-14T17:35:44","guid":{"rendered":"http:\/\/vps1.facyt.uc.edu.ve\/web\/?page_id=1593"},"modified":"2021-12-14T13:39:26","modified_gmt":"2021-12-14T17:39:26","slug":"foro-crisis-hidrica-en-el-estado-carabobo-marzo-2016","status":"publish","type":"page","link":"https:\/\/www.facyt.uc.edu.ve\/web\/eventos\/foro-crisis-hidrica-en-el-estado-carabobo-marzo-2016\/","title":{"rendered":"Foro \u00abCrisis H\u00eddrica en el Estado Carabobo\u00bb (Marzo 2016)"},"content":{"rendered":"<div class=\"wpb-content-wrapper\"><p>[vc_row][vc_column][vc_column_text]El pasado 2 de marzo nuestra Facultad organiz\u00f3 un evento de gran nivel para la discusi\u00f3n de un tema primordial para la regi\u00f3n carabobe\u00f1a, el \u00abForo sobre las Crisis Hidrica del Estado Carabobo\u00bb. En esta ocasi\u00f3n asistentes de la FACYT, FACE, la Facultad de Ingenier\u00eda y otras dependencias de la UC, as\u00ed como, visitantes de alcald\u00edas y ONGs llenaron el aforo del Ninoska Maneiro para escuchar informaci\u00f3n de especialistas del tema, entre ellos, la Dra. Maritza Rojas (FCS UC), la Dra. Esmeya Diaz (FACES UC), el Dr. Luis Medina (CIMA UC), el Ing. Orson Mora (ex directivo Hidrocentro) y los dirigentes del Movimiento por la Calidad del Agua, el Dr. Lucio Herrera y el Ing. Manuel Perez.<\/p>\n<p>Las charlas y discusi\u00f3n del tema se extendieron desde las 8 am a las 2:30 pm, periodo en el cual los asistentes mostraron gran inter\u00e9s y media docena de medios de comunicaci\u00f3n locales y regionales cubrieron el evento, agradeciendo el aporte de la FACYT en el debate y b\u00fasqueda de soluciones ante un problema ambiental de gran impacto de nuestra poblaci\u00f3n.[\/vc_column_text][\/vc_column][\/vc_row][vc_row][vc_column][vc_images_carousel images=\u00bb1597,1598,1599,1600,1601,1603,1602&#8243; img_size=\u00bbfull\u00bb autoplay=\u00bbyes\u00bb hide_pagination_control=\u00bbyes\u00bb hide_prev_next_buttons=\u00bbyes\u00bb][\/vc_column][\/vc_row]<\/p>\n<\/div>","protected":false},"excerpt":{"rendered":"<p>[vc_row][vc_column][vc_column_text]El pasado 2 de marzo nuestra Facultad organiz\u00f3 un evento de gran nivel para la discusi\u00f3n de un tema primordial para la regi\u00f3n carabobe\u00f1a, el \u00abForo sobre las Crisis Hidrica del Estado Carabobo\u00bb. En esta ocasi\u00f3n asistentes de la FACYT, FACE, la Facultad de Ingenier\u00eda y otras dependencias de la UC, as\u00ed como, visitantes de&hellip;<\/p>\n","protected":false},"author":5,"featured_media":0,"parent":522,"menu_order":0,"comment_status":"closed","ping_status":"closed","template":"","meta":{"footnotes":""},"class_list":["post-1593","page","type-page","status-publish","hentry"],"yoast_head":"<!-- This site is optimized with the Yoast SEO plugin v27.1.1 - https:\/\/yoast.com\/product\/yoast-seo-wordpress\/ -->\n<title>Foro &quot;Crisis H\u00eddrica en el Estado Carabobo&quot; (Marzo 2016) - Facultad Experimental de Ciencias y Tecnolog\u00eda<\/title>\n<meta name=\"robots\" content=\"index, follow, max-snippet:-1, max-image-preview:large, max-video-preview:-1\" \/>\n<link rel=\"canonical\" href=\"https:\/\/www.facyt.uc.edu.ve\/web\/eventos\/foro-crisis-hidrica-en-el-estado-carabobo-marzo-2016\/\" \/>\n<meta property=\"og:locale\" content=\"es_ES\" \/>\n<meta property=\"og:type\" content=\"article\" \/>\n<meta property=\"og:title\" content=\"Foro &quot;Crisis H\u00eddrica en el Estado Carabobo&quot; (Marzo 2016) - Facultad Experimental de Ciencias y Tecnolog\u00eda\" \/>\n<meta property=\"og:description\" content=\"[vc_row][vc_column][vc_column_text]El pasado 2 de marzo nuestra Facultad organiz\u00f3 un evento de gran nivel para la discusi\u00f3n de un tema primordial para la regi\u00f3n carabobe\u00f1a, el \u00abForo sobre las Crisis Hidrica del Estado Carabobo\u00bb. En esta ocasi\u00f3n asistentes de la FACYT, FACE, la Facultad de Ingenier\u00eda y otras dependencias de la UC, as\u00ed como, visitantes de&hellip;\" \/>\n<meta property=\"og:url\" content=\"https:\/\/www.facyt.uc.edu.ve\/web\/eventos\/foro-crisis-hidrica-en-el-estado-carabobo-marzo-2016\/\" \/>\n<meta property=\"og:site_name\" content=\"Facultad Experimental de Ciencias y Tecnolog\u00eda\" \/>\n<meta property=\"article:modified_time\" content=\"2021-12-14T17:39:26+00:00\" \/>\n<meta name=\"twitter:card\" content=\"summary_large_image\" \/>\n<meta name=\"twitter:label1\" content=\"Tiempo estimado de lectura\" \/>\n\t<meta name=\"twitter:data1\" content=\"1 minuto\" \/>\n<script type=\"application\/ld+json\" class=\"yoast-schema-graph\">{\"@context\":\"https:\/\/schema.org\",\"@graph\":[{\"@type\":\"WebPage\",\"@id\":\"https:\/\/www.facyt.uc.edu.ve\/web\/eventos\/foro-crisis-hidrica-en-el-estado-carabobo-marzo-2016\/\",\"url\":\"https:\/\/www.facyt.uc.edu.ve\/web\/eventos\/foro-crisis-hidrica-en-el-estado-carabobo-marzo-2016\/\",\"name\":\"Foro \\\"Crisis H\u00eddrica en el Estado Carabobo\\\" (Marzo 2016) - Facultad Experimental de Ciencias y Tecnolog\u00eda\",\"isPartOf\":{\"@id\":\"https:\/\/www.facyt.uc.edu.ve\/web\/#website\"},\"datePublished\":\"2021-12-14T17:35:44+00:00\",\"dateModified\":\"2021-12-14T17:39:26+00:00\",\"breadcrumb\":{\"@id\":\"https:\/\/www.facyt.uc.edu.ve\/web\/eventos\/foro-crisis-hidrica-en-el-estado-carabobo-marzo-2016\/#breadcrumb\"},\"inLanguage\":\"es\",\"potentialAction\":[{\"@type\":\"ReadAction\",\"target\":[\"https:\/\/www.facyt.uc.edu.ve\/web\/eventos\/foro-crisis-hidrica-en-el-estado-carabobo-marzo-2016\/\"]}]},{\"@type\":\"BreadcrumbList\",\"@id\":\"https:\/\/www.facyt.uc.edu.ve\/web\/eventos\/foro-crisis-hidrica-en-el-estado-carabobo-marzo-2016\/#breadcrumb\",\"itemListElement\":[{\"@type\":\"ListItem\",\"position\":1,\"name\":\"Portada\",\"item\":\"https:\/\/www.facyt.uc.edu.ve\/web\/\"},{\"@type\":\"ListItem\",\"position\":2,\"name\":\"Eventos\",\"item\":\"https:\/\/www.facyt.uc.edu.ve\/web\/eventos\/\"},{\"@type\":\"ListItem\",\"position\":3,\"name\":\"Foro \u00abCrisis H\u00eddrica en el Estado Carabobo\u00bb (Marzo 2016)\"}]},{\"@type\":\"WebSite\",\"@id\":\"https:\/\/www.facyt.uc.edu.ve\/web\/#website\",\"url\":\"https:\/\/www.facyt.uc.edu.ve\/web\/\",\"name\":\"Facultad Experimental de Ciencias y Tecnolog\u00eda\",\"description\":\"FaCyT UC\",\"publisher\":{\"@id\":\"https:\/\/www.facyt.uc.edu.ve\/web\/#organization\"},\"alternateName\":\"FaCyT\",\"potentialAction\":[{\"@type\":\"SearchAction\",\"target\":{\"@type\":\"EntryPoint\",\"urlTemplate\":\"https:\/\/www.facyt.uc.edu.ve\/web\/?s={search_term_string}\"},\"query-input\":{\"@type\":\"PropertyValueSpecification\",\"valueRequired\":true,\"valueName\":\"search_term_string\"}}],\"inLanguage\":\"es\"},{\"@type\":\"Organization\",\"@id\":\"https:\/\/www.facyt.uc.edu.ve\/web\/#organization\",\"name\":\"Facultad Experimental de Ciencias y Tecnolog\u00eda\",\"url\":\"https:\/\/www.facyt.uc.edu.ve\/web\/\",\"logo\":{\"@type\":\"ImageObject\",\"inLanguage\":\"es\",\"@id\":\"https:\/\/www.facyt.uc.edu.ve\/web\/#\/schema\/logo\/image\/\",\"url\":\"https:\/\/www.facyt.uc.edu.ve\/web\/wp-content\/uploads\/2025\/11\/Logo_de_la_Facultad_Experimental_de_Ciencia_y_Tecnologia-scaled.jpg\",\"contentUrl\":\"https:\/\/www.facyt.uc.edu.ve\/web\/wp-content\/uploads\/2025\/11\/Logo_de_la_Facultad_Experimental_de_Ciencia_y_Tecnologia-scaled.jpg\",\"width\":2560,\"height\":2560,\"caption\":\"Facultad Experimental de Ciencias y Tecnolog\u00eda\"},\"image\":{\"@id\":\"https:\/\/www.facyt.uc.edu.ve\/web\/#\/schema\/logo\/image\/\"},\"sameAs\":[\"https:\/\/instagram.com\/facytuc.oficial\/yoast\"]}]}<\/script>\n<!-- \/ Yoast SEO plugin. -->","yoast_head_json":{"title":"Foro \"Crisis H\u00eddrica en el Estado Carabobo\" (Marzo 2016) - Facultad Experimental de Ciencias y Tecnolog\u00eda","robots":{"index":"index","follow":"follow","max-snippet":"max-snippet:-1","max-image-preview":"max-image-preview:large","max-video-preview":"max-video-preview:-1"},"canonical":"https:\/\/www.facyt.uc.edu.ve\/web\/eventos\/foro-crisis-hidrica-en-el-estado-carabobo-marzo-2016\/","og_locale":"es_ES","og_type":"article","og_title":"Foro \"Crisis H\u00eddrica en el Estado Carabobo\" (Marzo 2016) - Facultad Experimental de Ciencias y Tecnolog\u00eda","og_description":"[vc_row][vc_column][vc_column_text]El pasado 2 de marzo nuestra Facultad organiz\u00f3 un evento de gran nivel para la discusi\u00f3n de un tema primordial para la regi\u00f3n carabobe\u00f1a, el \u00abForo sobre las Crisis Hidrica del Estado Carabobo\u00bb. En esta ocasi\u00f3n asistentes de la FACYT, FACE, la Facultad de Ingenier\u00eda y otras dependencias de la UC, as\u00ed como, visitantes de&hellip;","og_url":"https:\/\/www.facyt.uc.edu.ve\/web\/eventos\/foro-crisis-hidrica-en-el-estado-carabobo-marzo-2016\/","og_site_name":"Facultad Experimental de Ciencias y Tecnolog\u00eda","article_modified_time":"2021-12-14T17:39:26+00:00","twitter_card":"summary_large_image","twitter_misc":{"Tiempo estimado de lectura":"1 minuto"},"schema":{"@context":"https:\/\/schema.org","@graph":[{"@type":"WebPage","@id":"https:\/\/www.facyt.uc.edu.ve\/web\/eventos\/foro-crisis-hidrica-en-el-estado-carabobo-marzo-2016\/","url":"https:\/\/www.facyt.uc.edu.ve\/web\/eventos\/foro-crisis-hidrica-en-el-estado-carabobo-marzo-2016\/","name":"Foro \"Crisis H\u00eddrica en el Estado Carabobo\" (Marzo 2016) - Facultad Experimental de Ciencias y Tecnolog\u00eda","isPartOf":{"@id":"https:\/\/www.facyt.uc.edu.ve\/web\/#website"},"datePublished":"2021-12-14T17:35:44+00:00","dateModified":"2021-12-14T17:39:26+00:00","breadcrumb":{"@id":"https:\/\/www.facyt.uc.edu.ve\/web\/eventos\/foro-crisis-hidrica-en-el-estado-carabobo-marzo-2016\/#breadcrumb"},"inLanguage":"es","potentialAction":[{"@type":"ReadAction","target":["https:\/\/www.facyt.uc.edu.ve\/web\/eventos\/foro-crisis-hidrica-en-el-estado-carabobo-marzo-2016\/"]}]},{"@type":"BreadcrumbList","@id":"https:\/\/www.facyt.uc.edu.ve\/web\/eventos\/foro-crisis-hidrica-en-el-estado-carabobo-marzo-2016\/#breadcrumb","itemListElement":[{"@type":"ListItem","position":1,"name":"Portada","item":"https:\/\/www.facyt.uc.edu.ve\/web\/"},{"@type":"ListItem","position":2,"name":"Eventos","item":"https:\/\/www.facyt.uc.edu.ve\/web\/eventos\/"},{"@type":"ListItem","position":3,"name":"Foro \u00abCrisis H\u00eddrica en el Estado Carabobo\u00bb (Marzo 2016)"}]},{"@type":"WebSite","@id":"https:\/\/www.facyt.uc.edu.ve\/web\/#website","url":"https:\/\/www.facyt.uc.edu.ve\/web\/","name":"Facultad Experimental de Ciencias y Tecnolog\u00eda","description":"FaCyT UC","publisher":{"@id":"https:\/\/www.facyt.uc.edu.ve\/web\/#organization"},"alternateName":"FaCyT","potentialAction":[{"@type":"SearchAction","target":{"@type":"EntryPoint","urlTemplate":"https:\/\/www.facyt.uc.edu.ve\/web\/?s={search_term_string}"},"query-input":{"@type":"PropertyValueSpecification","valueRequired":true,"valueName":"search_term_string"}}],"inLanguage":"es"},{"@type":"Organization","@id":"https:\/\/www.facyt.uc.edu.ve\/web\/#organization","name":"Facultad Experimental de Ciencias y Tecnolog\u00eda","url":"https:\/\/www.facyt.uc.edu.ve\/web\/","logo":{"@type":"ImageObject","inLanguage":"es","@id":"https:\/\/www.facyt.uc.edu.ve\/web\/#\/schema\/logo\/image\/","url":"https:\/\/www.facyt.uc.edu.ve\/web\/wp-content\/uploads\/2025\/11\/Logo_de_la_Facultad_Experimental_de_Ciencia_y_Tecnologia-scaled.jpg","contentUrl":"https:\/\/www.facyt.uc.edu.ve\/web\/wp-content\/uploads\/2025\/11\/Logo_de_la_Facultad_Experimental_de_Ciencia_y_Tecnologia-scaled.jpg","width":2560,"height":2560,"caption":"Facultad Experimental de Ciencias y Tecnolog\u00eda"},"image":{"@id":"https:\/\/www.facyt.uc.edu.ve\/web\/#\/schema\/logo\/image\/"},"sameAs":["https:\/\/instagram.com\/facytuc.oficial\/yoast"]}]}},"_links":{"self":[{"href":"https:\/\/www.facyt.uc.edu.ve\/web\/wp-json\/wp\/v2\/pages\/1593","targetHints":{"allow":["GET"]}}],"collection":[{"href":"https:\/\/www.facyt.uc.edu.ve\/web\/wp-json\/wp\/v2\/pages"}],"about":[{"href":"https:\/\/www.facyt.uc.edu.ve\/web\/wp-json\/wp\/v2\/types\/page"}],"author":[{"embeddable":true,"href":"https:\/\/www.facyt.uc.edu.ve\/web\/wp-json\/wp\/v2\/users\/5"}],"replies":[{"embeddable":true,"href":"https:\/\/www.facyt.uc.edu.ve\/web\/wp-json\/wp\/v2\/comments?post=1593"}],"version-history":[{"count":4,"href":"https:\/\/www.facyt.uc.edu.ve\/web\/wp-json\/wp\/v2\/pages\/1593\/revisions"}],"predecessor-version":[{"id":1604,"href":"https:\/\/www.facyt.uc.edu.ve\/web\/wp-json\/wp\/v2\/pages\/1593\/revisions\/1604"}],"up":[{"embeddable":true,"href":"https:\/\/www.facyt.uc.edu.ve\/web\/wp-json\/wp\/v2\/pages\/522"}],"wp:attachment":[{"href":"https:\/\/www.facyt.uc.edu.ve\/web\/wp-json\/wp\/v2\/media?parent=1593"}],"curies":[{"name":"wp","href":"https:\/\/api.w.org\/{rel}","templated":true}]}}