{"id":1569,"date":"2021-12-14T12:45:24","date_gmt":"2021-12-14T16:45:24","guid":{"rendered":"http:\/\/vps1.facyt.uc.edu.ve\/web\/?page_id=1569"},"modified":"2021-12-14T13:27:20","modified_gmt":"2021-12-14T17:27:20","slug":"expocarreras-y-ferias-de-ciencias-en-liceos-de-valencia-marzo-2016","status":"publish","type":"page","link":"https:\/\/www.facyt.uc.edu.ve\/web\/eventos\/expocarreras-y-ferias-de-ciencias-en-liceos-de-valencia-marzo-2016\/","title":{"rendered":"ExpoCarreras y Ferias de Ciencias en Liceos de Valencia Marzo 2016"},"content":{"rendered":"<div class=\"wpb-content-wrapper\"><p>[vc_row][vc_column][vc_column_text]Durante el mes de Marzo, la comunidad de la FACYT sigui\u00f3 desarrollado actividades del Proyecto de Extensi\u00f3n \u201cFerias de Ciencias\u201d y el Programa de Servicio Comunitario de \u201cCentros de Ciencias\u201d, mediante los cuales se desea promover el inter\u00e9s por las ciencias naturales y la tecnolog\u00eda en los j\u00f3venes de la regi\u00f3n Carabobe\u00f1a y sembrando semillas de futuro para nuestro pa\u00eds.<\/p>\n<p>En esta ocasi\u00f3n m\u00e1s de 30 estudiantes y docentes de los cinco Departamentos de la FACYT atendieron a 4 comunidades educativas del Sur de Valencia en dos eventos. El 7 de marzo visitamos el Liceo Bolivariano \u201cAlejo Zuluaga\u201d en la Av. Aranzazu, con la asistencia de m\u00e1s de 400 estudiantes y el 10 de marzo en la Fundaci\u00f3n Mendoza recibimos a casi un millar de estudiantes de las unidades educativas \u201cNeri Pulido\u201d, \u201cLuz de Carabobo\u201d y \u201cAbd\u00f3n Calder\u00f3n\u201d. En estas actividades los estudiantes disfrutaron de demostraciones, charlas y actividades interactivas que los acercaron a las ciencias de una manera sencilla y divertida, as\u00ed mismo, se les prest\u00f3 orientaci\u00f3n sobre las ofertas acad\u00e9micas de la Facultad y la Universidad.<\/p>\n<p>La movilizaci\u00f3n de los participantes cont\u00f3 con el valioso apoyo de unidades de Transcarabobo.[\/vc_column_text][\/vc_column][\/vc_row][vc_row][vc_column][vc_images_carousel images=\u00bb1572,1573,1574,1575,1576,1577,1578,1579,1580,1581&#8243; img_size=\u00bbfull\u00bb autoplay=\u00bbyes\u00bb hide_pagination_control=\u00bbyes\u00bb hide_prev_next_buttons=\u00bbyes\u00bb][\/vc_column][\/vc_row]<\/p>\n<\/div>","protected":false},"excerpt":{"rendered":"<p>[vc_row][vc_column][vc_column_text]Durante el mes de Marzo, la comunidad de la FACYT sigui\u00f3 desarrollado actividades del Proyecto de Extensi\u00f3n \u201cFerias de Ciencias\u201d y el Programa de Servicio Comunitario de \u201cCentros de Ciencias\u201d, mediante los cuales se desea promover el inter\u00e9s por las ciencias naturales y la tecnolog\u00eda en los j\u00f3venes de la regi\u00f3n Carabobe\u00f1a y sembrando semillas&hellip;<\/p>\n","protected":false},"author":5,"featured_media":0,"parent":522,"menu_order":0,"comment_status":"closed","ping_status":"closed","template":"","meta":{"footnotes":""},"class_list":["post-1569","page","type-page","status-publish","hentry"],"yoast_head":"<!-- This site is optimized with the Yoast SEO plugin v27.1.1 - https:\/\/yoast.com\/product\/yoast-seo-wordpress\/ -->\n<title>ExpoCarreras y Ferias de Ciencias en Liceos de Valencia Marzo 2016 - Facultad Experimental de Ciencias y Tecnolog\u00eda<\/title>\n<meta name=\"robots\" content=\"index, follow, max-snippet:-1, max-image-preview:large, max-video-preview:-1\" \/>\n<link rel=\"canonical\" href=\"https:\/\/www.facyt.uc.edu.ve\/web\/eventos\/expocarreras-y-ferias-de-ciencias-en-liceos-de-valencia-marzo-2016\/\" \/>\n<meta property=\"og:locale\" content=\"es_ES\" \/>\n<meta property=\"og:type\" content=\"article\" \/>\n<meta property=\"og:title\" content=\"ExpoCarreras y Ferias de Ciencias en Liceos de Valencia Marzo 2016 - Facultad Experimental de Ciencias y Tecnolog\u00eda\" \/>\n<meta property=\"og:description\" content=\"[vc_row][vc_column][vc_column_text]Durante el mes de Marzo, la comunidad de la FACYT sigui\u00f3 desarrollado actividades del Proyecto de Extensi\u00f3n \u201cFerias de Ciencias\u201d y el Programa de Servicio Comunitario de \u201cCentros de Ciencias\u201d, mediante los cuales se desea promover el inter\u00e9s por las ciencias naturales y la tecnolog\u00eda en los j\u00f3venes de la regi\u00f3n Carabobe\u00f1a y sembrando semillas&hellip;\" \/>\n<meta property=\"og:url\" content=\"https:\/\/www.facyt.uc.edu.ve\/web\/eventos\/expocarreras-y-ferias-de-ciencias-en-liceos-de-valencia-marzo-2016\/\" \/>\n<meta property=\"og:site_name\" content=\"Facultad Experimental de Ciencias y Tecnolog\u00eda\" \/>\n<meta property=\"article:modified_time\" content=\"2021-12-14T17:27:20+00:00\" \/>\n<meta name=\"twitter:card\" content=\"summary_large_image\" \/>\n<meta name=\"twitter:label1\" content=\"Tiempo estimado de lectura\" \/>\n\t<meta name=\"twitter:data1\" content=\"1 minuto\" \/>\n<script type=\"application\/ld+json\" class=\"yoast-schema-graph\">{\"@context\":\"https:\/\/schema.org\",\"@graph\":[{\"@type\":\"WebPage\",\"@id\":\"https:\/\/www.facyt.uc.edu.ve\/web\/eventos\/expocarreras-y-ferias-de-ciencias-en-liceos-de-valencia-marzo-2016\/\",\"url\":\"https:\/\/www.facyt.uc.edu.ve\/web\/eventos\/expocarreras-y-ferias-de-ciencias-en-liceos-de-valencia-marzo-2016\/\",\"name\":\"ExpoCarreras y Ferias de Ciencias en Liceos de Valencia Marzo 2016 - Facultad Experimental de Ciencias y Tecnolog\u00eda\",\"isPartOf\":{\"@id\":\"https:\/\/www.facyt.uc.edu.ve\/web\/#website\"},\"datePublished\":\"2021-12-14T16:45:24+00:00\",\"dateModified\":\"2021-12-14T17:27:20+00:00\",\"breadcrumb\":{\"@id\":\"https:\/\/www.facyt.uc.edu.ve\/web\/eventos\/expocarreras-y-ferias-de-ciencias-en-liceos-de-valencia-marzo-2016\/#breadcrumb\"},\"inLanguage\":\"es\",\"potentialAction\":[{\"@type\":\"ReadAction\",\"target\":[\"https:\/\/www.facyt.uc.edu.ve\/web\/eventos\/expocarreras-y-ferias-de-ciencias-en-liceos-de-valencia-marzo-2016\/\"]}]},{\"@type\":\"BreadcrumbList\",\"@id\":\"https:\/\/www.facyt.uc.edu.ve\/web\/eventos\/expocarreras-y-ferias-de-ciencias-en-liceos-de-valencia-marzo-2016\/#breadcrumb\",\"itemListElement\":[{\"@type\":\"ListItem\",\"position\":1,\"name\":\"Portada\",\"item\":\"https:\/\/www.facyt.uc.edu.ve\/web\/\"},{\"@type\":\"ListItem\",\"position\":2,\"name\":\"Eventos\",\"item\":\"https:\/\/www.facyt.uc.edu.ve\/web\/eventos\/\"},{\"@type\":\"ListItem\",\"position\":3,\"name\":\"ExpoCarreras y Ferias de Ciencias en Liceos de Valencia Marzo 2016\"}]},{\"@type\":\"WebSite\",\"@id\":\"https:\/\/www.facyt.uc.edu.ve\/web\/#website\",\"url\":\"https:\/\/www.facyt.uc.edu.ve\/web\/\",\"name\":\"Facultad Experimental de Ciencias y Tecnolog\u00eda\",\"description\":\"FaCyT UC\",\"publisher\":{\"@id\":\"https:\/\/www.facyt.uc.edu.ve\/web\/#organization\"},\"alternateName\":\"FaCyT\",\"potentialAction\":[{\"@type\":\"SearchAction\",\"target\":{\"@type\":\"EntryPoint\",\"urlTemplate\":\"https:\/\/www.facyt.uc.edu.ve\/web\/?s={search_term_string}\"},\"query-input\":{\"@type\":\"PropertyValueSpecification\",\"valueRequired\":true,\"valueName\":\"search_term_string\"}}],\"inLanguage\":\"es\"},{\"@type\":\"Organization\",\"@id\":\"https:\/\/www.facyt.uc.edu.ve\/web\/#organization\",\"name\":\"Facultad Experimental de Ciencias y Tecnolog\u00eda\",\"url\":\"https:\/\/www.facyt.uc.edu.ve\/web\/\",\"logo\":{\"@type\":\"ImageObject\",\"inLanguage\":\"es\",\"@id\":\"https:\/\/www.facyt.uc.edu.ve\/web\/#\/schema\/logo\/image\/\",\"url\":\"https:\/\/www.facyt.uc.edu.ve\/web\/wp-content\/uploads\/2025\/11\/Logo_de_la_Facultad_Experimental_de_Ciencia_y_Tecnologia-scaled.jpg\",\"contentUrl\":\"https:\/\/www.facyt.uc.edu.ve\/web\/wp-content\/uploads\/2025\/11\/Logo_de_la_Facultad_Experimental_de_Ciencia_y_Tecnologia-scaled.jpg\",\"width\":2560,\"height\":2560,\"caption\":\"Facultad Experimental de Ciencias y Tecnolog\u00eda\"},\"image\":{\"@id\":\"https:\/\/www.facyt.uc.edu.ve\/web\/#\/schema\/logo\/image\/\"},\"sameAs\":[\"https:\/\/instagram.com\/facytuc.oficial\/yoast\"]}]}<\/script>\n<!-- \/ Yoast SEO plugin. -->","yoast_head_json":{"title":"ExpoCarreras y Ferias de Ciencias en Liceos de Valencia Marzo 2016 - Facultad Experimental de Ciencias y Tecnolog\u00eda","robots":{"index":"index","follow":"follow","max-snippet":"max-snippet:-1","max-image-preview":"max-image-preview:large","max-video-preview":"max-video-preview:-1"},"canonical":"https:\/\/www.facyt.uc.edu.ve\/web\/eventos\/expocarreras-y-ferias-de-ciencias-en-liceos-de-valencia-marzo-2016\/","og_locale":"es_ES","og_type":"article","og_title":"ExpoCarreras y Ferias de Ciencias en Liceos de Valencia Marzo 2016 - Facultad Experimental de Ciencias y Tecnolog\u00eda","og_description":"[vc_row][vc_column][vc_column_text]Durante el mes de Marzo, la comunidad de la FACYT sigui\u00f3 desarrollado actividades del Proyecto de Extensi\u00f3n \u201cFerias de Ciencias\u201d y el Programa de Servicio Comunitario de \u201cCentros de Ciencias\u201d, mediante los cuales se desea promover el inter\u00e9s por las ciencias naturales y la tecnolog\u00eda en los j\u00f3venes de la regi\u00f3n Carabobe\u00f1a y sembrando semillas&hellip;","og_url":"https:\/\/www.facyt.uc.edu.ve\/web\/eventos\/expocarreras-y-ferias-de-ciencias-en-liceos-de-valencia-marzo-2016\/","og_site_name":"Facultad Experimental de Ciencias y Tecnolog\u00eda","article_modified_time":"2021-12-14T17:27:20+00:00","twitter_card":"summary_large_image","twitter_misc":{"Tiempo estimado de lectura":"1 minuto"},"schema":{"@context":"https:\/\/schema.org","@graph":[{"@type":"WebPage","@id":"https:\/\/www.facyt.uc.edu.ve\/web\/eventos\/expocarreras-y-ferias-de-ciencias-en-liceos-de-valencia-marzo-2016\/","url":"https:\/\/www.facyt.uc.edu.ve\/web\/eventos\/expocarreras-y-ferias-de-ciencias-en-liceos-de-valencia-marzo-2016\/","name":"ExpoCarreras y Ferias de Ciencias en Liceos de Valencia Marzo 2016 - Facultad Experimental de Ciencias y Tecnolog\u00eda","isPartOf":{"@id":"https:\/\/www.facyt.uc.edu.ve\/web\/#website"},"datePublished":"2021-12-14T16:45:24+00:00","dateModified":"2021-12-14T17:27:20+00:00","breadcrumb":{"@id":"https:\/\/www.facyt.uc.edu.ve\/web\/eventos\/expocarreras-y-ferias-de-ciencias-en-liceos-de-valencia-marzo-2016\/#breadcrumb"},"inLanguage":"es","potentialAction":[{"@type":"ReadAction","target":["https:\/\/www.facyt.uc.edu.ve\/web\/eventos\/expocarreras-y-ferias-de-ciencias-en-liceos-de-valencia-marzo-2016\/"]}]},{"@type":"BreadcrumbList","@id":"https:\/\/www.facyt.uc.edu.ve\/web\/eventos\/expocarreras-y-ferias-de-ciencias-en-liceos-de-valencia-marzo-2016\/#breadcrumb","itemListElement":[{"@type":"ListItem","position":1,"name":"Portada","item":"https:\/\/www.facyt.uc.edu.ve\/web\/"},{"@type":"ListItem","position":2,"name":"Eventos","item":"https:\/\/www.facyt.uc.edu.ve\/web\/eventos\/"},{"@type":"ListItem","position":3,"name":"ExpoCarreras y Ferias de Ciencias en Liceos de Valencia Marzo 2016"}]},{"@type":"WebSite","@id":"https:\/\/www.facyt.uc.edu.ve\/web\/#website","url":"https:\/\/www.facyt.uc.edu.ve\/web\/","name":"Facultad Experimental de Ciencias y Tecnolog\u00eda","description":"FaCyT UC","publisher":{"@id":"https:\/\/www.facyt.uc.edu.ve\/web\/#organization"},"alternateName":"FaCyT","potentialAction":[{"@type":"SearchAction","target":{"@type":"EntryPoint","urlTemplate":"https:\/\/www.facyt.uc.edu.ve\/web\/?s={search_term_string}"},"query-input":{"@type":"PropertyValueSpecification","valueRequired":true,"valueName":"search_term_string"}}],"inLanguage":"es"},{"@type":"Organization","@id":"https:\/\/www.facyt.uc.edu.ve\/web\/#organization","name":"Facultad Experimental de Ciencias y Tecnolog\u00eda","url":"https:\/\/www.facyt.uc.edu.ve\/web\/","logo":{"@type":"ImageObject","inLanguage":"es","@id":"https:\/\/www.facyt.uc.edu.ve\/web\/#\/schema\/logo\/image\/","url":"https:\/\/www.facyt.uc.edu.ve\/web\/wp-content\/uploads\/2025\/11\/Logo_de_la_Facultad_Experimental_de_Ciencia_y_Tecnologia-scaled.jpg","contentUrl":"https:\/\/www.facyt.uc.edu.ve\/web\/wp-content\/uploads\/2025\/11\/Logo_de_la_Facultad_Experimental_de_Ciencia_y_Tecnologia-scaled.jpg","width":2560,"height":2560,"caption":"Facultad Experimental de Ciencias y Tecnolog\u00eda"},"image":{"@id":"https:\/\/www.facyt.uc.edu.ve\/web\/#\/schema\/logo\/image\/"},"sameAs":["https:\/\/instagram.com\/facytuc.oficial\/yoast"]}]}},"_links":{"self":[{"href":"https:\/\/www.facyt.uc.edu.ve\/web\/wp-json\/wp\/v2\/pages\/1569","targetHints":{"allow":["GET"]}}],"collection":[{"href":"https:\/\/www.facyt.uc.edu.ve\/web\/wp-json\/wp\/v2\/pages"}],"about":[{"href":"https:\/\/www.facyt.uc.edu.ve\/web\/wp-json\/wp\/v2\/types\/page"}],"author":[{"embeddable":true,"href":"https:\/\/www.facyt.uc.edu.ve\/web\/wp-json\/wp\/v2\/users\/5"}],"replies":[{"embeddable":true,"href":"https:\/\/www.facyt.uc.edu.ve\/web\/wp-json\/wp\/v2\/comments?post=1569"}],"version-history":[{"count":3,"href":"https:\/\/www.facyt.uc.edu.ve\/web\/wp-json\/wp\/v2\/pages\/1569\/revisions"}],"predecessor-version":[{"id":1582,"href":"https:\/\/www.facyt.uc.edu.ve\/web\/wp-json\/wp\/v2\/pages\/1569\/revisions\/1582"}],"up":[{"embeddable":true,"href":"https:\/\/www.facyt.uc.edu.ve\/web\/wp-json\/wp\/v2\/pages\/522"}],"wp:attachment":[{"href":"https:\/\/www.facyt.uc.edu.ve\/web\/wp-json\/wp\/v2\/media?parent=1569"}],"curies":[{"name":"wp","href":"https:\/\/api.w.org\/{rel}","templated":true}]}}