{"id":1536,"date":"2021-12-14T11:37:22","date_gmt":"2021-12-14T15:37:22","guid":{"rendered":"http:\/\/vps1.facyt.uc.edu.ve\/web\/?page_id=1536"},"modified":"2021-12-14T12:06:58","modified_gmt":"2021-12-14T16:06:58","slug":"jornadas-de-investigacion-y-pasantias-facyt-mayo-2016","status":"publish","type":"page","link":"https:\/\/www.facyt.uc.edu.ve\/web\/eventos\/jornadas-de-investigacion-y-pasantias-facyt-mayo-2016\/","title":{"rendered":"Jornadas de Investigaci\u00f3n y Pasant\u00edas FACYT (Mayo 2016)"},"content":{"rendered":"<div class=\"wpb-content-wrapper\"><p>[vc_row][vc_column][vc_column_text]En el mes de Mayo, se llev\u00f3 a cabo la jornada de investigaci\u00f3n y pasant\u00edas de la FACYT, un taller realizado en dos fechas del pasado mes de mayo donde se transmiti\u00f3 al estudiante de nuestra facultad la inducci\u00f3n de pasant\u00edas la cual se encarga de llevar a cabo la asesor\u00eda y orientaci\u00f3n que optan por la pr\u00e1ctica acad\u00e9mica como requisito de grado.[\/vc_column_text][\/vc_column][\/vc_row][vc_row][vc_column][vc_images_carousel images=\u00bb1538,1539,1540,1541,1542,1543&#8243; img_size=\u00bbfull\u00bb autoplay=\u00bbyes\u00bb hide_pagination_control=\u00bbyes\u00bb hide_prev_next_buttons=\u00bbyes\u00bb][\/vc_column][\/vc_row]<\/p>\n<\/div>","protected":false},"excerpt":{"rendered":"<p>[vc_row][vc_column][vc_column_text]En el mes de Mayo, se llev\u00f3 a cabo la jornada de investigaci\u00f3n y pasant\u00edas de la FACYT, un taller realizado en dos fechas del pasado mes de mayo donde se transmiti\u00f3 al estudiante de nuestra facultad la inducci\u00f3n de pasant\u00edas la cual se encarga de llevar a cabo la asesor\u00eda y orientaci\u00f3n que optan&hellip;<\/p>\n","protected":false},"author":5,"featured_media":0,"parent":522,"menu_order":0,"comment_status":"closed","ping_status":"closed","template":"","meta":{"footnotes":""},"class_list":["post-1536","page","type-page","status-publish","hentry"],"yoast_head":"<!-- This site is optimized with the Yoast SEO plugin v27.1.1 - https:\/\/yoast.com\/product\/yoast-seo-wordpress\/ -->\n<title>Jornadas de Investigaci\u00f3n y Pasant\u00edas FACYT (Mayo 2016) - Facultad Experimental de Ciencias y Tecnolog\u00eda<\/title>\n<meta name=\"robots\" content=\"index, follow, max-snippet:-1, max-image-preview:large, max-video-preview:-1\" \/>\n<link rel=\"canonical\" href=\"https:\/\/www.facyt.uc.edu.ve\/web\/eventos\/jornadas-de-investigacion-y-pasantias-facyt-mayo-2016\/\" \/>\n<meta property=\"og:locale\" content=\"es_ES\" \/>\n<meta property=\"og:type\" content=\"article\" \/>\n<meta property=\"og:title\" content=\"Jornadas de Investigaci\u00f3n y Pasant\u00edas FACYT (Mayo 2016) - Facultad Experimental de Ciencias y Tecnolog\u00eda\" \/>\n<meta property=\"og:description\" content=\"[vc_row][vc_column][vc_column_text]En el mes de Mayo, se llev\u00f3 a cabo la jornada de investigaci\u00f3n y pasant\u00edas de la FACYT, un taller realizado en dos fechas del pasado mes de mayo donde se transmiti\u00f3 al estudiante de nuestra facultad la inducci\u00f3n de pasant\u00edas la cual se encarga de llevar a cabo la asesor\u00eda y orientaci\u00f3n que optan&hellip;\" \/>\n<meta property=\"og:url\" content=\"https:\/\/www.facyt.uc.edu.ve\/web\/eventos\/jornadas-de-investigacion-y-pasantias-facyt-mayo-2016\/\" \/>\n<meta property=\"og:site_name\" content=\"Facultad Experimental de Ciencias y Tecnolog\u00eda\" \/>\n<meta property=\"article:modified_time\" content=\"2021-12-14T16:06:58+00:00\" \/>\n<meta name=\"twitter:card\" content=\"summary_large_image\" \/>\n<meta name=\"twitter:label1\" content=\"Tiempo estimado de lectura\" \/>\n\t<meta name=\"twitter:data1\" content=\"1 minuto\" \/>\n<script type=\"application\/ld+json\" class=\"yoast-schema-graph\">{\"@context\":\"https:\/\/schema.org\",\"@graph\":[{\"@type\":\"WebPage\",\"@id\":\"https:\/\/www.facyt.uc.edu.ve\/web\/eventos\/jornadas-de-investigacion-y-pasantias-facyt-mayo-2016\/\",\"url\":\"https:\/\/www.facyt.uc.edu.ve\/web\/eventos\/jornadas-de-investigacion-y-pasantias-facyt-mayo-2016\/\",\"name\":\"Jornadas de Investigaci\u00f3n y Pasant\u00edas FACYT (Mayo 2016) - Facultad Experimental de Ciencias y Tecnolog\u00eda\",\"isPartOf\":{\"@id\":\"https:\/\/www.facyt.uc.edu.ve\/web\/#website\"},\"datePublished\":\"2021-12-14T15:37:22+00:00\",\"dateModified\":\"2021-12-14T16:06:58+00:00\",\"breadcrumb\":{\"@id\":\"https:\/\/www.facyt.uc.edu.ve\/web\/eventos\/jornadas-de-investigacion-y-pasantias-facyt-mayo-2016\/#breadcrumb\"},\"inLanguage\":\"es\",\"potentialAction\":[{\"@type\":\"ReadAction\",\"target\":[\"https:\/\/www.facyt.uc.edu.ve\/web\/eventos\/jornadas-de-investigacion-y-pasantias-facyt-mayo-2016\/\"]}]},{\"@type\":\"BreadcrumbList\",\"@id\":\"https:\/\/www.facyt.uc.edu.ve\/web\/eventos\/jornadas-de-investigacion-y-pasantias-facyt-mayo-2016\/#breadcrumb\",\"itemListElement\":[{\"@type\":\"ListItem\",\"position\":1,\"name\":\"Portada\",\"item\":\"https:\/\/www.facyt.uc.edu.ve\/web\/\"},{\"@type\":\"ListItem\",\"position\":2,\"name\":\"Eventos\",\"item\":\"https:\/\/www.facyt.uc.edu.ve\/web\/eventos\/\"},{\"@type\":\"ListItem\",\"position\":3,\"name\":\"Jornadas de Investigaci\u00f3n y Pasant\u00edas FACYT (Mayo 2016)\"}]},{\"@type\":\"WebSite\",\"@id\":\"https:\/\/www.facyt.uc.edu.ve\/web\/#website\",\"url\":\"https:\/\/www.facyt.uc.edu.ve\/web\/\",\"name\":\"Facultad Experimental de Ciencias y Tecnolog\u00eda\",\"description\":\"FaCyT UC\",\"publisher\":{\"@id\":\"https:\/\/www.facyt.uc.edu.ve\/web\/#organization\"},\"alternateName\":\"FaCyT\",\"potentialAction\":[{\"@type\":\"SearchAction\",\"target\":{\"@type\":\"EntryPoint\",\"urlTemplate\":\"https:\/\/www.facyt.uc.edu.ve\/web\/?s={search_term_string}\"},\"query-input\":{\"@type\":\"PropertyValueSpecification\",\"valueRequired\":true,\"valueName\":\"search_term_string\"}}],\"inLanguage\":\"es\"},{\"@type\":\"Organization\",\"@id\":\"https:\/\/www.facyt.uc.edu.ve\/web\/#organization\",\"name\":\"Facultad Experimental de Ciencias y Tecnolog\u00eda\",\"url\":\"https:\/\/www.facyt.uc.edu.ve\/web\/\",\"logo\":{\"@type\":\"ImageObject\",\"inLanguage\":\"es\",\"@id\":\"https:\/\/www.facyt.uc.edu.ve\/web\/#\/schema\/logo\/image\/\",\"url\":\"https:\/\/www.facyt.uc.edu.ve\/web\/wp-content\/uploads\/2025\/11\/Logo_de_la_Facultad_Experimental_de_Ciencia_y_Tecnologia-scaled.jpg\",\"contentUrl\":\"https:\/\/www.facyt.uc.edu.ve\/web\/wp-content\/uploads\/2025\/11\/Logo_de_la_Facultad_Experimental_de_Ciencia_y_Tecnologia-scaled.jpg\",\"width\":2560,\"height\":2560,\"caption\":\"Facultad Experimental de Ciencias y Tecnolog\u00eda\"},\"image\":{\"@id\":\"https:\/\/www.facyt.uc.edu.ve\/web\/#\/schema\/logo\/image\/\"},\"sameAs\":[\"https:\/\/instagram.com\/facytuc.oficial\/yoast\"]}]}<\/script>\n<!-- \/ Yoast SEO plugin. -->","yoast_head_json":{"title":"Jornadas de Investigaci\u00f3n y Pasant\u00edas FACYT (Mayo 2016) - Facultad Experimental de Ciencias y Tecnolog\u00eda","robots":{"index":"index","follow":"follow","max-snippet":"max-snippet:-1","max-image-preview":"max-image-preview:large","max-video-preview":"max-video-preview:-1"},"canonical":"https:\/\/www.facyt.uc.edu.ve\/web\/eventos\/jornadas-de-investigacion-y-pasantias-facyt-mayo-2016\/","og_locale":"es_ES","og_type":"article","og_title":"Jornadas de Investigaci\u00f3n y Pasant\u00edas FACYT (Mayo 2016) - Facultad Experimental de Ciencias y Tecnolog\u00eda","og_description":"[vc_row][vc_column][vc_column_text]En el mes de Mayo, se llev\u00f3 a cabo la jornada de investigaci\u00f3n y pasant\u00edas de la FACYT, un taller realizado en dos fechas del pasado mes de mayo donde se transmiti\u00f3 al estudiante de nuestra facultad la inducci\u00f3n de pasant\u00edas la cual se encarga de llevar a cabo la asesor\u00eda y orientaci\u00f3n que optan&hellip;","og_url":"https:\/\/www.facyt.uc.edu.ve\/web\/eventos\/jornadas-de-investigacion-y-pasantias-facyt-mayo-2016\/","og_site_name":"Facultad Experimental de Ciencias y Tecnolog\u00eda","article_modified_time":"2021-12-14T16:06:58+00:00","twitter_card":"summary_large_image","twitter_misc":{"Tiempo estimado de lectura":"1 minuto"},"schema":{"@context":"https:\/\/schema.org","@graph":[{"@type":"WebPage","@id":"https:\/\/www.facyt.uc.edu.ve\/web\/eventos\/jornadas-de-investigacion-y-pasantias-facyt-mayo-2016\/","url":"https:\/\/www.facyt.uc.edu.ve\/web\/eventos\/jornadas-de-investigacion-y-pasantias-facyt-mayo-2016\/","name":"Jornadas de Investigaci\u00f3n y Pasant\u00edas FACYT (Mayo 2016) - Facultad Experimental de Ciencias y Tecnolog\u00eda","isPartOf":{"@id":"https:\/\/www.facyt.uc.edu.ve\/web\/#website"},"datePublished":"2021-12-14T15:37:22+00:00","dateModified":"2021-12-14T16:06:58+00:00","breadcrumb":{"@id":"https:\/\/www.facyt.uc.edu.ve\/web\/eventos\/jornadas-de-investigacion-y-pasantias-facyt-mayo-2016\/#breadcrumb"},"inLanguage":"es","potentialAction":[{"@type":"ReadAction","target":["https:\/\/www.facyt.uc.edu.ve\/web\/eventos\/jornadas-de-investigacion-y-pasantias-facyt-mayo-2016\/"]}]},{"@type":"BreadcrumbList","@id":"https:\/\/www.facyt.uc.edu.ve\/web\/eventos\/jornadas-de-investigacion-y-pasantias-facyt-mayo-2016\/#breadcrumb","itemListElement":[{"@type":"ListItem","position":1,"name":"Portada","item":"https:\/\/www.facyt.uc.edu.ve\/web\/"},{"@type":"ListItem","position":2,"name":"Eventos","item":"https:\/\/www.facyt.uc.edu.ve\/web\/eventos\/"},{"@type":"ListItem","position":3,"name":"Jornadas de Investigaci\u00f3n y Pasant\u00edas FACYT (Mayo 2016)"}]},{"@type":"WebSite","@id":"https:\/\/www.facyt.uc.edu.ve\/web\/#website","url":"https:\/\/www.facyt.uc.edu.ve\/web\/","name":"Facultad Experimental de Ciencias y Tecnolog\u00eda","description":"FaCyT UC","publisher":{"@id":"https:\/\/www.facyt.uc.edu.ve\/web\/#organization"},"alternateName":"FaCyT","potentialAction":[{"@type":"SearchAction","target":{"@type":"EntryPoint","urlTemplate":"https:\/\/www.facyt.uc.edu.ve\/web\/?s={search_term_string}"},"query-input":{"@type":"PropertyValueSpecification","valueRequired":true,"valueName":"search_term_string"}}],"inLanguage":"es"},{"@type":"Organization","@id":"https:\/\/www.facyt.uc.edu.ve\/web\/#organization","name":"Facultad Experimental de Ciencias y Tecnolog\u00eda","url":"https:\/\/www.facyt.uc.edu.ve\/web\/","logo":{"@type":"ImageObject","inLanguage":"es","@id":"https:\/\/www.facyt.uc.edu.ve\/web\/#\/schema\/logo\/image\/","url":"https:\/\/www.facyt.uc.edu.ve\/web\/wp-content\/uploads\/2025\/11\/Logo_de_la_Facultad_Experimental_de_Ciencia_y_Tecnologia-scaled.jpg","contentUrl":"https:\/\/www.facyt.uc.edu.ve\/web\/wp-content\/uploads\/2025\/11\/Logo_de_la_Facultad_Experimental_de_Ciencia_y_Tecnologia-scaled.jpg","width":2560,"height":2560,"caption":"Facultad Experimental de Ciencias y Tecnolog\u00eda"},"image":{"@id":"https:\/\/www.facyt.uc.edu.ve\/web\/#\/schema\/logo\/image\/"},"sameAs":["https:\/\/instagram.com\/facytuc.oficial\/yoast"]}]}},"_links":{"self":[{"href":"https:\/\/www.facyt.uc.edu.ve\/web\/wp-json\/wp\/v2\/pages\/1536","targetHints":{"allow":["GET"]}}],"collection":[{"href":"https:\/\/www.facyt.uc.edu.ve\/web\/wp-json\/wp\/v2\/pages"}],"about":[{"href":"https:\/\/www.facyt.uc.edu.ve\/web\/wp-json\/wp\/v2\/types\/page"}],"author":[{"embeddable":true,"href":"https:\/\/www.facyt.uc.edu.ve\/web\/wp-json\/wp\/v2\/users\/5"}],"replies":[{"embeddable":true,"href":"https:\/\/www.facyt.uc.edu.ve\/web\/wp-json\/wp\/v2\/comments?post=1536"}],"version-history":[{"count":5,"href":"https:\/\/www.facyt.uc.edu.ve\/web\/wp-json\/wp\/v2\/pages\/1536\/revisions"}],"predecessor-version":[{"id":1547,"href":"https:\/\/www.facyt.uc.edu.ve\/web\/wp-json\/wp\/v2\/pages\/1536\/revisions\/1547"}],"up":[{"embeddable":true,"href":"https:\/\/www.facyt.uc.edu.ve\/web\/wp-json\/wp\/v2\/pages\/522"}],"wp:attachment":[{"href":"https:\/\/www.facyt.uc.edu.ve\/web\/wp-json\/wp\/v2\/media?parent=1536"}],"curies":[{"name":"wp","href":"https:\/\/api.w.org\/{rel}","templated":true}]}}