{"id":1499,"date":"2021-11-23T08:38:26","date_gmt":"2021-11-23T12:38:26","guid":{"rendered":"http:\/\/vps1.facyt.uc.edu.ve\/web\/?page_id=1499"},"modified":"2021-11-23T09:25:58","modified_gmt":"2021-11-23T13:25:58","slug":"nuevo-ingreso","status":"publish","type":"page","link":"https:\/\/www.facyt.uc.edu.ve\/web\/nuevo-ingreso\/","title":{"rendered":"Nuevo Ingreso"},"content":{"rendered":"<div class=\"wpb-content-wrapper\"><p>[vc_row][vc_column][vc_column_text]<\/p>\n<h2 align=\"center\">PROCESO DE INSCRIPCI\u00d3N I-2015<\/h2>\n<h2 align=\"center\"><span style=\"color: #0092d0;\">ESTUDIANTES DE NUEVO INGRESO MODALIDAD DE INGRESO: TODAS<\/span><\/h2>\n<p>&nbsp;[\/vc_column_text][vc_tta_accordion][vc_tta_section title=\u00bbPaso 1: Dep\u00f3sito\u00bb tab_id=\u00bb1632851801781-1f04e9cc-cf82&#8243; el_class=\u00bbintroductorio__acordion&#8211;title\u00bb][vc_column_text]<\/p>\n<p style=\"text-align: justify;\">Todas las modalidades de ingreso deben depositar en efectivo la cantidad de\u00a0<strong>Bs. 150,00<\/strong>\u00a0a nombre de\u00a0<strong>DICES-UC<\/strong>, en el\u00a0<strong>Banco de Venezuela, Cuenta corriente, Nro. 01020114400000067205<\/strong>\u00a0y la cantidad de\u00a0<strong>Bs. 150,00<\/strong>\u00a0a nombre de\u00a0<strong>UNIVERSIDAD DE CARABOBO<\/strong>, en\u00a0<strong>Bancaribe, Cuenta corriente, Nro. 01140222492220023187.<\/strong>\u00a0Ambos dep\u00f3sitos se deben realizar 24 horas h\u00e1biles antes de realizar el registro en la web.<\/p>\n<p>[\/vc_column_text][\/vc_tta_section][vc_tta_section title=\u00bbPaso 2: Registro en Web (DIGAE)\u00bb tab_id=\u00bb1632851801782-aef5bf50-b167&#8243; el_class=\u00bbintroductorio__acordion&#8211;title\u00bb][vc_column_text]<\/p>\n<p align=\"justify\">Usted deber\u00e1 realizar el registro en la web para la Direcci\u00f3n General de Asuntos Estudiantiles (DIGAE) desde el d\u00eda\u00a0<strong>Mi\u00e9rcoles 08\/04\/2015 hasta el d\u00eda Viernes 24\/04\/2015<\/strong>\u00a0a trav\u00e9s del enlace\u00a0<a href=\"http:\/\/www.inscripciones.uc.edu.ve\/inscripcion\/\" target=\"_blank\" rel=\"noopener\">http:\/\/www.inscripciones.uc.edu.ve\/inscripcion\/<\/a>. Para tal fin introducir\u00e1 el n\u00famero de la c\u00e9dula de identidad y los diez d\u00edgitos del dep\u00f3sito del Banco de Venezuela (ubicados en la parte superior derecha del mismo) correspondiente a los Bs. 150,00.\u00a0<strong>Una vez finalizado el registro, deber\u00e1 imprimir tres (03) planillas, las cuales deber\u00e1 firmar y enviar como lo especifica el paso 4.<\/strong><\/p>\n<p>&nbsp;[\/vc_column_text][\/vc_tta_section][vc_tta_section title=\u00bbPaso 3: Registro en Web (FACYT-SICE)\u00bb tab_id=\u00bb1637672658110-f5c3b267-67e0&#8243; el_class=\u00bbintroductorio__acordion&#8211;title\u00bb][vc_column_text]<\/p>\n<p align=\"justify\">Usted deber\u00e1 realizar un segundo registro en la web para la Facultad Experimental de Ciencias y Tecnolog\u00eda (FACYT) desde el d\u00eda\u00a0<strong>Mi\u00e9rcoles 08\/04\/2015 hasta el d\u00eda Viernes 24\/04\/2015<\/strong>\u00a0a trav\u00e9s del enlace\u00a0<a href=\"http:\/\/www.facyt.uc.edu.ve\/inscripcion\" target=\"_blank\" rel=\"noopener\">http:\/\/www.facyt.uc.edu.ve\/inscripcion<\/a>\u00a0.Para tal fin introducir\u00e1 el n\u00famero de la c\u00e9dula de identidad y los diez d\u00edgitos del dep\u00f3sito de Bancaribe (ubicados en la parte superior derecha del mismo) correspondiente a los Bs. 150,00. Una vez finalizado el registro, deber\u00e1 imprimir una planilla que deber\u00e1 conservar.<\/p>\n<p>&nbsp;[\/vc_column_text][\/vc_tta_section][vc_tta_section title=\u00bbPaso 4: Consignaci\u00f3n de Documentos\u00bb tab_id=\u00bb1632852346078-3729aa87-7578&#8243; el_class=\u00bbintroductorio__acordion&#8211;title\u00bb][vc_column_text]<\/p>\n<div class=\"toogle toogle-accordion\">\n<section class=\"toggle active\">\n<div class=\"toggle-content\">\n<p align=\"justify\">Una vez que usted realice el paso 1 y 2, a partir del\u00a0<strong>d\u00eda Lunes 20\/04\/2015 hasta el Martes 28\/04\/2015<\/strong>, deber\u00e1 consignar sus documentos; esto puede hacerlo de dos maneras: a) acudir personalmente a la Direcci\u00f3n de Asuntos Estudiantiles de FACYT, en las taquillas de la Oficina de Control de Estudios de lunes a viernes en horario de 8:30 a. m. a 12:00 m. \u00c9stas se encuentran ubicadas en Campus B\u00e1rbula, sede de FACYT, pasando el arco de B\u00e1rbula. b) enviar a trav\u00e9s del\u00a0<strong>servicio MRW<\/strong>\u00a0(Agencia Naguanagua, c\u00f3digo: 0806000) la documentaci\u00f3n requerida para el proceso de inscripci\u00f3n. Ning\u00fan aspirante se considerar\u00e1 inscrito, hasta no consignar la documentaci\u00f3n completa y la misma sea revisada por el personal correspondiente de la Facultad. La referida documentaci\u00f3n ser\u00e1 indicada en el enlace\u00a0<a href=\"http:\/\/www.facyt.uc.edu.ve\/inscripcion\" target=\"_blank\" rel=\"noopener\">http:\/\/www.facyt.uc.edu.ve\/inscripcion<\/a>\u00a0.<\/p>\n<p align=\"justify\">La documentaci\u00f3n antes descrita (en la planilla de requisitos) deber\u00e1 graparse y presentarse en carpeta manila tama\u00f1o oficio. En ning\u00fan caso est\u00e1 permitido perforar la documentaci\u00f3n. La carpeta manila con la documentaci\u00f3n deber\u00e1 identificarse con el n\u00famero de C\u00e9dula de Identidad del estudiante, colocado en el extremo inferior de la cara frontal de la carpeta con marcador negro, tal como se muestra en la imagen.<\/p>\n<div align=\"center\"><img fetchpriority=\"high\" decoding=\"async\" class=\"alignnone size-medium wp-image-1503\" src=\"https:\/\/www.facyt.uc.edu.ve\/web\/wp-content\/uploads\/2021\/11\/carpetaManila-300x209.png\" alt=\"\" width=\"300\" height=\"209\" srcset=\"https:\/\/www.facyt.uc.edu.ve\/web\/wp-content\/uploads\/2021\/11\/carpetaManila-300x209.png 300w, https:\/\/www.facyt.uc.edu.ve\/web\/wp-content\/uploads\/2021\/11\/carpetaManila.png 400w\" sizes=\"(max-width: 300px) 100vw, 300px\" \/><\/div>\n<\/div>\n<\/section>\n<\/div>\n<p>&nbsp;<\/p>\n<hr \/>\n<p align=\"justify\">Dicha documentaci\u00f3n deber\u00e1 ser presentada en la carpeta manila en el mismo orden que se indica a continuaci\u00f3n:<\/p>\n<ol>\n<li>Planillas de Registro con foto tipo carnet reciente del bachiller (no se permiten fotos escaneadas). La planilla\u00a0<strong>deber\u00e1 estar firmada<\/strong>\u00a0por el bachiller.<\/li>\n<li>Comprobante (vaucher) del dep\u00f3sito bancario correspondiente a los Bs. 150,00, el cual deber\u00e1 colocar al reverso del mismo los siguientes datos: Nombres y Apellidos, n\u00famero de c\u00e9dula de identidad, direcci\u00f3n de habitaci\u00f3n, n\u00famero de tel\u00e9fono y carrera.<\/li>\n<li>Fotocopia de la c\u00e9dula de identidad laminada ampliada (requisito indispensable).<\/li>\n<li>Original del Certificado de Participaci\u00f3n (R.U.S.N.I.E.U.) en el Sistema Nacional de Ingreso. No se permiten copias del certificado, s\u00f3lo deber\u00e1 consignar el original descargado de internet y sellado en la oficina de la OPSU. En Carabobo se encuentra ubicada en el sector La Manguita, Zona Educativa, oficina N\u00b0 16.<br \/>\n<img decoding=\"async\" class=\"size-medium wp-image-1504 aligncenter\" src=\"https:\/\/www.facyt.uc.edu.ve\/web\/wp-content\/uploads\/2021\/11\/imagencnu-199x300.png\" alt=\"\" width=\"199\" height=\"300\" srcset=\"https:\/\/www.facyt.uc.edu.ve\/web\/wp-content\/uploads\/2021\/11\/imagencnu-199x300.png 199w, https:\/\/www.facyt.uc.edu.ve\/web\/wp-content\/uploads\/2021\/11\/imagencnu.png 400w\" sizes=\"(max-width: 199px) 100vw, 199px\" \/><\/li>\n<li>Partida de nacimiento original.<\/li>\n<li>T\u00edtulo de bachiller original, con sus respectivos timbres fiscales inutilizados.<\/li>\n<li>Notas certificadas de 1ro. a 5to.A\u00f1o original, con sus respectivos timbres fiscales inutilizados.<\/li>\n<li>Copia del registro militar en caso de ser mayor de edad.<\/li>\n<li>Certificado de salud vigente original.<\/li>\n<\/ol>\n<div class=\"alert alert-warning\">\n<p><strong>OBSERVACIONES:<\/strong><\/p>\n<ol>\n<li>Aquellos bachilleres que tengan sus documentos en DIGAE, UC (antiguo DICES), deben dirigirse a la oficina de Archivo de DIGAE (al lado del anfiteatro Alfredo Celis P\u00e9rez) y solicitar una\u00a0<strong>conformidad de expediente<\/strong>. Esta conformidad debe ser enviada en la carpeta manila antes descrita.<\/li>\n<li>Usted deber\u00e1 conservar el vaucher del dep\u00f3sito bancario correspondiente a los Bs. 150,00 (Banco de Venezuela) para procedimientos posteriores a su inscripci\u00f3n.<\/li>\n<\/ol>\n<\/div>\n<p>[\/vc_column_text][\/vc_tta_section][vc_tta_section title=\u00bbPaso 5: Revisi\u00f3n de Documentos\u00bb tab_id=\u00bb1637673478987-eef7c7eb-f6f9&#8243; el_class=\u00bbintroductorio__acordion&#8211;title\u00bb][vc_column_text]<\/p>\n<div class=\"toogle toogle-accordion\">\n<section class=\"toggle active\">\n<div class=\"toggle-content\">\n<p align=\"justify\">Del\u00a0<strong>(Martes 24\/04\/2015 al Jueves 30\/04\/2015)<\/strong>\u00a0Verifiquen el siguiente enlace\u00a0<a href=\"http:\/\/www.facyt.uc.edu.ve\/inscripcion\" target=\"_blank\" rel=\"noopener\">http:\/\/www.facyt.uc.edu.ve\/inscripcion<\/a>\u00a0el estado de la revisi\u00f3n de sus documentos. Las clases han sido planificadas para que comiencen el d\u00eda\u00a0<strong>Lunes 04 de Mayo de 2015.<\/strong><\/p>\n<\/div>\n<\/section>\n<\/div>\n<div class=\"alert alert-warning\">\n<p><strong>Es importante que:<\/strong><\/p>\n<ol>\n<li>En caso de faltar alg\u00fan documento, deber\u00e1 llenar la Carta de Compromiso de Documentos Faltantes, donde indique la falta del mismo. El referido documento debe ser consignado ante la Direcci\u00f3n General de Asuntos Estudiantiles (DIGAE)en un plazo no mayor de 30 d\u00edas h\u00e1biles.<\/li>\n<li>En ning\u00fan caso deben faltar el T\u00edtulo y las Notas Certificadas simult\u00e1neamente.<br \/>\nEjemplo:<\/li>\n<\/ol>\n<h4>\u00a0 \u00a0 \u00a0 \u00a0 \u00a0 \u00a0 \u00a0 \u00a0 Si falta el T\u00edtulo deber\u00e1 consignar una Constancia de\u00a0 \u00a0 \u00a0 \u00a0 \u00a0 \u00a0 \u00a0 \u00a0 \u00a0 \u00a0 Tramitaci\u00f3n del mismo, con el resto de los\u00a0 \u00a0 \u00a0 \u00a0 \u00a0 \u00a0 \u00a0 \u00a0 \u00a0 \u00a0 \u00a0 \u00a0 \u00a0 \u00a0 \u00a0 \u00a0 \u00a0 \u00a0 \u00a0 \u00a0 \u00a0 \u00a0 documentos.<\/h4>\n<\/div>\n<p>Si faltan las Notas Certificadas deber\u00e1 consignar el resto de los documentos incluyendo el T\u00edtulo.<\/p>\n<p align=\"justify\">En caso de alguna duda usted puede comunicarse a la Direcci\u00f3n de Asuntos Estudiantiles Sectorial de la FACYT a trav\u00e9s del tel\u00e9fono 0426-5439016.<\/p>\n<p align=\"justify\">Cualquier informaci\u00f3n relevante ser\u00e1 publicada \u00fanicamente a trav\u00e9s de esta p\u00e1gina.<\/p>\n<p>&nbsp;[\/vc_column_text][vc_separator css=\u00bb.vc_custom_1632852663950{border-bottom-width: 0px !important;border-bottom-color: #0092d0 !important;border-bottom-style: solid !important;}\u00bb][vc_btn title=\u00bbDescargar toda la informaci\u00f3n.pdf\u00bb align=\u00bbcenter\u00bb css=\u00bb.vc_custom_1637673955317{margin-top: 0px !important;border-top-width: 5px !important;border-right-width: 5px !important;border-bottom-width: 5px !important;border-left-width: 5px !important;}\u00bb el_class=\u00bbboton__descargar&#8211;informacion\u00bb link=\u00bburl:http%3A%2F%2Fwww.facyt.uc.edu.ve%2Fweb%2Fwp-content%2Fuploads%2F2021%2F11%2FInscripcion_1-2015_0.pdf|title:Descargar%20toda%20la%20informaci%C3%B3n.pdf|target:_blank|rel:nofollow\u00bb][\/vc_tta_section][\/vc_tta_accordion][\/vc_column][\/vc_row]<\/p>\n<\/div>","protected":false},"excerpt":{"rendered":"<p>[vc_row][vc_column][vc_column_text] PROCESO DE INSCRIPCI\u00d3N I-2015 ESTUDIANTES DE NUEVO INGRESO MODALIDAD DE INGRESO: TODAS &nbsp;[\/vc_column_text][vc_tta_accordion][vc_tta_section title=\u00bbPaso 1: Dep\u00f3sito\u00bb tab_id=\u00bb1632851801781-1f04e9cc-cf82&#8243; el_class=\u00bbintroductorio__acordion&#8211;title\u00bb][vc_column_text] Todas las modalidades de ingreso deben depositar en efectivo la cantidad de\u00a0Bs. 150,00\u00a0a nombre de\u00a0DICES-UC, en el\u00a0Banco de Venezuela, Cuenta corriente, Nro. 01020114400000067205\u00a0y la cantidad de\u00a0Bs. 150,00\u00a0a nombre de\u00a0UNIVERSIDAD DE CARABOBO, en\u00a0Bancaribe, Cuenta corriente, Nro. 01140222492220023187.\u00a0Ambos&hellip;<\/p>\n","protected":false},"author":5,"featured_media":0,"parent":0,"menu_order":0,"comment_status":"closed","ping_status":"closed","template":"","meta":{"footnotes":""},"class_list":["post-1499","page","type-page","status-publish","hentry"],"yoast_head":"<!-- This site is optimized with the Yoast SEO plugin v27.1.1 - https:\/\/yoast.com\/product\/yoast-seo-wordpress\/ -->\n<title>Nuevo Ingreso - Facultad Experimental de Ciencias y Tecnolog\u00eda<\/title>\n<meta name=\"robots\" content=\"index, follow, max-snippet:-1, max-image-preview:large, max-video-preview:-1\" \/>\n<link rel=\"canonical\" href=\"https:\/\/www.facyt.uc.edu.ve\/web\/nuevo-ingreso\/\" \/>\n<meta property=\"og:locale\" content=\"es_ES\" \/>\n<meta property=\"og:type\" content=\"article\" \/>\n<meta property=\"og:title\" content=\"Nuevo Ingreso - Facultad Experimental de Ciencias y Tecnolog\u00eda\" \/>\n<meta property=\"og:description\" content=\"[vc_row][vc_column][vc_column_text] PROCESO DE INSCRIPCI\u00d3N I-2015 ESTUDIANTES DE NUEVO INGRESO MODALIDAD DE INGRESO: TODAS &nbsp;[\/vc_column_text][vc_tta_accordion][vc_tta_section title=\u00bbPaso 1: Dep\u00f3sito\u00bb tab_id=\u00bb1632851801781-1f04e9cc-cf82&#8243; el_class=\u00bbintroductorio__acordion&#8211;title\u00bb][vc_column_text] Todas las modalidades de ingreso deben depositar en efectivo la cantidad de\u00a0Bs. 150,00\u00a0a nombre de\u00a0DICES-UC, en el\u00a0Banco de Venezuela, Cuenta corriente, Nro. 01020114400000067205\u00a0y la cantidad de\u00a0Bs. 150,00\u00a0a nombre de\u00a0UNIVERSIDAD DE CARABOBO, en\u00a0Bancaribe, Cuenta corriente, Nro. 01140222492220023187.\u00a0Ambos&hellip;\" \/>\n<meta property=\"og:url\" content=\"https:\/\/www.facyt.uc.edu.ve\/web\/nuevo-ingreso\/\" \/>\n<meta property=\"og:site_name\" content=\"Facultad Experimental de Ciencias y Tecnolog\u00eda\" \/>\n<meta property=\"article:modified_time\" content=\"2021-11-23T13:25:58+00:00\" \/>\n<meta property=\"og:image\" content=\"http:\/\/www.facyt.uc.edu.ve\/web\/wp-content\/uploads\/2021\/11\/carpetaManila-300x209.png\" \/>\n<meta name=\"twitter:card\" content=\"summary_large_image\" \/>\n<meta name=\"twitter:label1\" content=\"Tiempo estimado de lectura\" \/>\n\t<meta name=\"twitter:data1\" content=\"6 minutos\" \/>\n<script type=\"application\/ld+json\" class=\"yoast-schema-graph\">{\"@context\":\"https:\/\/schema.org\",\"@graph\":[{\"@type\":\"WebPage\",\"@id\":\"https:\/\/www.facyt.uc.edu.ve\/web\/nuevo-ingreso\/\",\"url\":\"https:\/\/www.facyt.uc.edu.ve\/web\/nuevo-ingreso\/\",\"name\":\"Nuevo Ingreso - Facultad Experimental de Ciencias y Tecnolog\u00eda\",\"isPartOf\":{\"@id\":\"https:\/\/www.facyt.uc.edu.ve\/web\/#website\"},\"primaryImageOfPage\":{\"@id\":\"https:\/\/www.facyt.uc.edu.ve\/web\/nuevo-ingreso\/#primaryimage\"},\"image\":{\"@id\":\"https:\/\/www.facyt.uc.edu.ve\/web\/nuevo-ingreso\/#primaryimage\"},\"thumbnailUrl\":\"http:\/\/www.facyt.uc.edu.ve\/web\/wp-content\/uploads\/2021\/11\/carpetaManila-300x209.png\",\"datePublished\":\"2021-11-23T12:38:26+00:00\",\"dateModified\":\"2021-11-23T13:25:58+00:00\",\"breadcrumb\":{\"@id\":\"https:\/\/www.facyt.uc.edu.ve\/web\/nuevo-ingreso\/#breadcrumb\"},\"inLanguage\":\"es\",\"potentialAction\":[{\"@type\":\"ReadAction\",\"target\":[\"https:\/\/www.facyt.uc.edu.ve\/web\/nuevo-ingreso\/\"]}]},{\"@type\":\"ImageObject\",\"inLanguage\":\"es\",\"@id\":\"https:\/\/www.facyt.uc.edu.ve\/web\/nuevo-ingreso\/#primaryimage\",\"url\":\"http:\/\/www.facyt.uc.edu.ve\/web\/wp-content\/uploads\/2021\/11\/carpetaManila-300x209.png\",\"contentUrl\":\"http:\/\/www.facyt.uc.edu.ve\/web\/wp-content\/uploads\/2021\/11\/carpetaManila-300x209.png\"},{\"@type\":\"BreadcrumbList\",\"@id\":\"https:\/\/www.facyt.uc.edu.ve\/web\/nuevo-ingreso\/#breadcrumb\",\"itemListElement\":[{\"@type\":\"ListItem\",\"position\":1,\"name\":\"Portada\",\"item\":\"https:\/\/www.facyt.uc.edu.ve\/web\/\"},{\"@type\":\"ListItem\",\"position\":2,\"name\":\"Nuevo Ingreso\"}]},{\"@type\":\"WebSite\",\"@id\":\"https:\/\/www.facyt.uc.edu.ve\/web\/#website\",\"url\":\"https:\/\/www.facyt.uc.edu.ve\/web\/\",\"name\":\"Facultad Experimental de Ciencias y Tecnolog\u00eda\",\"description\":\"FaCyT UC\",\"publisher\":{\"@id\":\"https:\/\/www.facyt.uc.edu.ve\/web\/#organization\"},\"alternateName\":\"FaCyT\",\"potentialAction\":[{\"@type\":\"SearchAction\",\"target\":{\"@type\":\"EntryPoint\",\"urlTemplate\":\"https:\/\/www.facyt.uc.edu.ve\/web\/?s={search_term_string}\"},\"query-input\":{\"@type\":\"PropertyValueSpecification\",\"valueRequired\":true,\"valueName\":\"search_term_string\"}}],\"inLanguage\":\"es\"},{\"@type\":\"Organization\",\"@id\":\"https:\/\/www.facyt.uc.edu.ve\/web\/#organization\",\"name\":\"Facultad Experimental de Ciencias y Tecnolog\u00eda\",\"url\":\"https:\/\/www.facyt.uc.edu.ve\/web\/\",\"logo\":{\"@type\":\"ImageObject\",\"inLanguage\":\"es\",\"@id\":\"https:\/\/www.facyt.uc.edu.ve\/web\/#\/schema\/logo\/image\/\",\"url\":\"https:\/\/www.facyt.uc.edu.ve\/web\/wp-content\/uploads\/2025\/11\/Logo_de_la_Facultad_Experimental_de_Ciencia_y_Tecnologia-scaled.jpg\",\"contentUrl\":\"https:\/\/www.facyt.uc.edu.ve\/web\/wp-content\/uploads\/2025\/11\/Logo_de_la_Facultad_Experimental_de_Ciencia_y_Tecnologia-scaled.jpg\",\"width\":2560,\"height\":2560,\"caption\":\"Facultad Experimental de Ciencias y Tecnolog\u00eda\"},\"image\":{\"@id\":\"https:\/\/www.facyt.uc.edu.ve\/web\/#\/schema\/logo\/image\/\"},\"sameAs\":[\"https:\/\/instagram.com\/facytuc.oficial\/yoast\"]}]}<\/script>\n<!-- \/ Yoast SEO plugin. -->","yoast_head_json":{"title":"Nuevo Ingreso - Facultad Experimental de Ciencias y Tecnolog\u00eda","robots":{"index":"index","follow":"follow","max-snippet":"max-snippet:-1","max-image-preview":"max-image-preview:large","max-video-preview":"max-video-preview:-1"},"canonical":"https:\/\/www.facyt.uc.edu.ve\/web\/nuevo-ingreso\/","og_locale":"es_ES","og_type":"article","og_title":"Nuevo Ingreso - Facultad Experimental de Ciencias y Tecnolog\u00eda","og_description":"[vc_row][vc_column][vc_column_text] PROCESO DE INSCRIPCI\u00d3N I-2015 ESTUDIANTES DE NUEVO INGRESO MODALIDAD DE INGRESO: TODAS &nbsp;[\/vc_column_text][vc_tta_accordion][vc_tta_section title=\u00bbPaso 1: Dep\u00f3sito\u00bb tab_id=\u00bb1632851801781-1f04e9cc-cf82&#8243; el_class=\u00bbintroductorio__acordion&#8211;title\u00bb][vc_column_text] Todas las modalidades de ingreso deben depositar en efectivo la cantidad de\u00a0Bs. 150,00\u00a0a nombre de\u00a0DICES-UC, en el\u00a0Banco de Venezuela, Cuenta corriente, Nro. 01020114400000067205\u00a0y la cantidad de\u00a0Bs. 150,00\u00a0a nombre de\u00a0UNIVERSIDAD DE CARABOBO, en\u00a0Bancaribe, Cuenta corriente, Nro. 01140222492220023187.\u00a0Ambos&hellip;","og_url":"https:\/\/www.facyt.uc.edu.ve\/web\/nuevo-ingreso\/","og_site_name":"Facultad Experimental de Ciencias y Tecnolog\u00eda","article_modified_time":"2021-11-23T13:25:58+00:00","og_image":[{"url":"http:\/\/www.facyt.uc.edu.ve\/web\/wp-content\/uploads\/2021\/11\/carpetaManila-300x209.png","type":"","width":"","height":""}],"twitter_card":"summary_large_image","twitter_misc":{"Tiempo estimado de lectura":"6 minutos"},"schema":{"@context":"https:\/\/schema.org","@graph":[{"@type":"WebPage","@id":"https:\/\/www.facyt.uc.edu.ve\/web\/nuevo-ingreso\/","url":"https:\/\/www.facyt.uc.edu.ve\/web\/nuevo-ingreso\/","name":"Nuevo Ingreso - Facultad Experimental de Ciencias y Tecnolog\u00eda","isPartOf":{"@id":"https:\/\/www.facyt.uc.edu.ve\/web\/#website"},"primaryImageOfPage":{"@id":"https:\/\/www.facyt.uc.edu.ve\/web\/nuevo-ingreso\/#primaryimage"},"image":{"@id":"https:\/\/www.facyt.uc.edu.ve\/web\/nuevo-ingreso\/#primaryimage"},"thumbnailUrl":"http:\/\/www.facyt.uc.edu.ve\/web\/wp-content\/uploads\/2021\/11\/carpetaManila-300x209.png","datePublished":"2021-11-23T12:38:26+00:00","dateModified":"2021-11-23T13:25:58+00:00","breadcrumb":{"@id":"https:\/\/www.facyt.uc.edu.ve\/web\/nuevo-ingreso\/#breadcrumb"},"inLanguage":"es","potentialAction":[{"@type":"ReadAction","target":["https:\/\/www.facyt.uc.edu.ve\/web\/nuevo-ingreso\/"]}]},{"@type":"ImageObject","inLanguage":"es","@id":"https:\/\/www.facyt.uc.edu.ve\/web\/nuevo-ingreso\/#primaryimage","url":"http:\/\/www.facyt.uc.edu.ve\/web\/wp-content\/uploads\/2021\/11\/carpetaManila-300x209.png","contentUrl":"http:\/\/www.facyt.uc.edu.ve\/web\/wp-content\/uploads\/2021\/11\/carpetaManila-300x209.png"},{"@type":"BreadcrumbList","@id":"https:\/\/www.facyt.uc.edu.ve\/web\/nuevo-ingreso\/#breadcrumb","itemListElement":[{"@type":"ListItem","position":1,"name":"Portada","item":"https:\/\/www.facyt.uc.edu.ve\/web\/"},{"@type":"ListItem","position":2,"name":"Nuevo Ingreso"}]},{"@type":"WebSite","@id":"https:\/\/www.facyt.uc.edu.ve\/web\/#website","url":"https:\/\/www.facyt.uc.edu.ve\/web\/","name":"Facultad Experimental de Ciencias y Tecnolog\u00eda","description":"FaCyT UC","publisher":{"@id":"https:\/\/www.facyt.uc.edu.ve\/web\/#organization"},"alternateName":"FaCyT","potentialAction":[{"@type":"SearchAction","target":{"@type":"EntryPoint","urlTemplate":"https:\/\/www.facyt.uc.edu.ve\/web\/?s={search_term_string}"},"query-input":{"@type":"PropertyValueSpecification","valueRequired":true,"valueName":"search_term_string"}}],"inLanguage":"es"},{"@type":"Organization","@id":"https:\/\/www.facyt.uc.edu.ve\/web\/#organization","name":"Facultad Experimental de Ciencias y Tecnolog\u00eda","url":"https:\/\/www.facyt.uc.edu.ve\/web\/","logo":{"@type":"ImageObject","inLanguage":"es","@id":"https:\/\/www.facyt.uc.edu.ve\/web\/#\/schema\/logo\/image\/","url":"https:\/\/www.facyt.uc.edu.ve\/web\/wp-content\/uploads\/2025\/11\/Logo_de_la_Facultad_Experimental_de_Ciencia_y_Tecnologia-scaled.jpg","contentUrl":"https:\/\/www.facyt.uc.edu.ve\/web\/wp-content\/uploads\/2025\/11\/Logo_de_la_Facultad_Experimental_de_Ciencia_y_Tecnologia-scaled.jpg","width":2560,"height":2560,"caption":"Facultad Experimental de Ciencias y Tecnolog\u00eda"},"image":{"@id":"https:\/\/www.facyt.uc.edu.ve\/web\/#\/schema\/logo\/image\/"},"sameAs":["https:\/\/instagram.com\/facytuc.oficial\/yoast"]}]}},"_links":{"self":[{"href":"https:\/\/www.facyt.uc.edu.ve\/web\/wp-json\/wp\/v2\/pages\/1499","targetHints":{"allow":["GET"]}}],"collection":[{"href":"https:\/\/www.facyt.uc.edu.ve\/web\/wp-json\/wp\/v2\/pages"}],"about":[{"href":"https:\/\/www.facyt.uc.edu.ve\/web\/wp-json\/wp\/v2\/types\/page"}],"author":[{"embeddable":true,"href":"https:\/\/www.facyt.uc.edu.ve\/web\/wp-json\/wp\/v2\/users\/5"}],"replies":[{"embeddable":true,"href":"https:\/\/www.facyt.uc.edu.ve\/web\/wp-json\/wp\/v2\/comments?post=1499"}],"version-history":[{"count":6,"href":"https:\/\/www.facyt.uc.edu.ve\/web\/wp-json\/wp\/v2\/pages\/1499\/revisions"}],"predecessor-version":[{"id":1508,"href":"https:\/\/www.facyt.uc.edu.ve\/web\/wp-json\/wp\/v2\/pages\/1499\/revisions\/1508"}],"wp:attachment":[{"href":"https:\/\/www.facyt.uc.edu.ve\/web\/wp-json\/wp\/v2\/media?parent=1499"}],"curies":[{"name":"wp","href":"https:\/\/api.w.org\/{rel}","templated":true}]}}